{"id":1013,"date":"2013-05-31T21:43:03","date_gmt":"2013-06-01T00:43:03","guid":{"rendered":"http:\/\/xn--regeneraoplanetria-dsb6a7f.com.br\/?page_id=1013"},"modified":"2013-05-31T21:43:03","modified_gmt":"2013-06-01T00:43:03","slug":"aborto-uma-pratica-impiedosa","status":"publish","type":"page","link":"https:\/\/xn--regeneraoplanetria-dsb6a7f.com.br\/index.php\/aborto\/aborto-uma-pratica-impiedosa\/","title":{"rendered":"Aborto, uma pr\u00e1tica impiedosa"},"content":{"rendered":"<p>Jorge Hessen<\/p>\n<p>Os matadouros de beb\u00eas est\u00e3o espalhados na sociedade (cl\u00ednicas clandestinas) como hediondos balc\u00f5es de trucidamento de nen\u00e9ns. Seus donos est\u00e3o endinheirados na Terra, no entanto indigentes ante o\u00a0 C\u00f3digo Divino. Entre 1995 e 2007, \u201ca curetagem depois do procedimento de aborto foi a cirurgia mais realizada pelo SUS: 3,1 milh\u00f5es de registros, contra 1,8 milh\u00e3o de cirurgias de corre\u00e7\u00e3o de h\u00e9rnia.\u201d(1) Isso significa um tr\u00e1gico impacto na sa\u00fade p\u00fablica de nosso pa\u00eds. Inexiste lei atual que identifique de imediato o abomin\u00e1vel aborto realizado nos redutos dom\u00e9sticos.<\/p>\n<p>A taxa de interrup\u00e7\u00e3o de gravidez supera a taxa de nascimento. Por essas e outras o Brasil ostenta o calamitoso t\u00edtulo de campe\u00e3o mundial da pr\u00e1tica abortista.<\/p>\n<p>Nesse dantesco cen\u00e1rio brota grupos dispostos a convalidar o aborto, torn\u00e1-lo simples, acess\u00edvel, asseado, juridicamente adequado. Todavia, n\u00e3o nos enganemos, \u00a0o aborto ilegal ou legalizado\u00a0<i>ad \u00e6ternum<\/i>\u00a0(para todo o sempre) \u00a0ser\u00e1 um CRIME perante as Leis de Deus! Menos mal \u201co n\u00famero de brasileiros, que acham a pr\u00e1tica do aborto muito grave, aumentou de 61%, para 71% e que, atualmente, apenas 3% dos brasileiros consideram o aborto moralmente aceit\u00e1vel.\u201d(2)<\/p>\n<p>Descriminalizar o aborto, sob quaisquer conjunturas, \u00e9 e sempre ser\u00e1 um significativo marco de estagna\u00e7\u00e3o espiritual na hist\u00f3ria do homem. Ser\u00e1 que todos os obstetras estariam dispon\u00edveis \u00e0 pr\u00e1tica abortiva? Ser\u00e1 poss\u00edvel, no \u00e2mbito da \u00e9tica m\u00e9dica, conciliar uma medicina que prop\u00f5e valorizar a vida com uma medicina homicida? N\u00e3o nos ludibriemos, a medicina que executa o aborto nos pa\u00edses que j\u00e1 legitimaram o trucidamento do beb\u00ea na barriga materna \u00e9 uma medicina criminosa. N\u00e3o h\u00e1 lei na terra que abrande essa situa\u00e7\u00e3o ante a Lei de Deus.<\/p>\n<p><b>Somente num caso a Doutrina Esp\u00edrita admite o aborto: quando a gesta\u00e7\u00e3o coloca em risco a vida da gestante; pois disseram os Esp\u00edritos a Allan Kardec, em \u00a0O Livro dos Esp\u00edritos quest\u00e3o 359, que \u00e9 prefer\u00edvel sacrificar o ser que n\u00e3o existe a sacrificar o que existe.<\/b><\/p>\n<p>No caso espec\u00edfico de uma mulher ser violentada sexualmente redundando na gravidez mas n\u00e3o se sinta com estrutura psicol\u00f3gica para criar o filho, entendemos que a legisla\u00e7\u00e3o precisaria promover e instigar a ado\u00e7\u00e3o do ser que nasce nessas circunst\u00e2ncias, ao inv\u00e9s de agenciar o seu exterm\u00ednio legal. O Espiritismo recomenda a m\u00e3e [violentada] a levar adiante a gravidez e at\u00e9 mesmo a cria\u00e7\u00e3o daquele rebento, suplantando o traumatismo do abuso sofrido, porque o Esp\u00edrito reencarnante ter\u00e1, provavelmente, um endividamento passado com a progenitora.<\/p>\n<p>As Leis naturais atuam inexoravelmente \u00a0sobre os que alucinadamente provocam o aborto. Fixam essas leis no tribunal das pr\u00f3prias consci\u00eancias culpadas os tenebrosos processos de resgate que podem conduzir a dolorosas mol\u00e9stias, como a metrite, o vaginismo, a metralgia, o enfarte uterino ou a tumora\u00e7\u00e3o cancerosa agora ou mais tarde. \u00c9 imperioso tamb\u00e9m reconhecermos nos abortos delituosos um das grandes determinantes das enfermidades de etiologia obscura e das obsess\u00f5es arrol\u00e1veis na patologia da mente (esquizofrenias), atravancando amplos setores de casas de sa\u00fade e pres\u00eddios.<\/p>\n<p>N\u00e3o espalhamos aqui recrimina\u00e7\u00e3o \u00e0queles que jazem submersos no corredor tenebroso do desacerto j\u00e1 consumado, at\u00e9 para que n\u00e3o caiam na sarjeta profunda da desesperan\u00e7a. Apregoamos opini\u00f5es, cujo intuito \u00e9 ilumin\u00e1-los com o farol do esclarecimento, para que divisem mais adiante, elegendo por trabalhar em prol dos necessitados e, sobretudo, numa demonstra\u00e7\u00e3o inconteste de amor ao pr\u00f3ximo, acolhendo filhos abandonados que, hoje em dia, aglomeram-se nos orfanatos. Se j\u00e1 erramos jamais esque\u00e7amos que cometer erro \u00e9 aprender, todavia, ao inv\u00e9s de nos \u00a0atermos na contri\u00e7\u00e3o, necessitamos consagrar a experi\u00eancia, como uma adequada ocasi\u00e3o para discernimento futuro.<\/p>\n<p>A Lei de Deus n\u00e3o \u00e9 caolha e nos seus dispositivos h\u00e1 espa\u00e7os para repara\u00e7\u00f5es, proporcionando ensejo intermin\u00e1vel, para que todos possamos penitenciar-nos dos enganos cometidos.\u00a0 \u201c\u00c9 urgente abandonar o culto ao remorso imobilizador, a culpa autodestrutiva e a ilus\u00f3ria busca de amparo na legisla\u00e7\u00e3o humana, procurando a repara\u00e7\u00e3o, mediante reelabora\u00e7\u00e3o do conte\u00fado traum\u00e1tico e novo direcionamento na a\u00e7\u00e3o comportamental, o que promover\u00e1 a libera\u00e7\u00e3o da consci\u00eancia, atrav\u00e9s do trabalho no bem, da pr\u00e1tica da caridade e da dedica\u00e7\u00e3o ao pr\u00f3ximo necessitado, capazes de edificar a vida em todas as suas dimens\u00f5es.\u201d(3)<\/p>\n<p>Deste modo, atuando assim, desviamo-nos de todas as seq\u00fcelas melanc\u00f3licas que o aborto desencadeia, ainda que acobertado por uma legaliza\u00e7\u00e3o ilus\u00f3ria. Certo \u00e9 que\u00a0 \u201co amor cobre a multid\u00e3o de pecados.\u201d(4)<\/p>\n<p>Jorge Hessen<\/p>\n<p>http:\/\/jorgehessen.net<\/p>\n<p>Refer\u00eancias:<\/p>\n<p>(1)\u00a0\u00a0\u00a0\u00a0\u00a0\u00a0 Pesquisa do Instituto do Cora\u00e7\u00e3o da Universidade de S\u00e3o Paulo.<\/p>\n<p>(2)\u00a0\u00a0\u00a0\u00a0\u00a0\u00a0 Publicado no Jornal Folha de S\u00e3o Paulo, de 07\/10\/2007.<\/p>\n<p>(3)\u00a0\u00a0\u00a0\u00a0\u00a0\u00a0 O Aborto na vis\u00e3o Esp\u00edrita, publicado na Revista Reformador, dispon\u00edvel em a href=&#8221;http:\/\/www.espirito.org.br\/&#8221;&gt;http:\/\/www.espirito.org.br\/portal\/artigos\/diversos\/aborto\/o-aborto-na-visao-espirita.html&gt; acesso em 21\/07\/2011.<\/p>\n<p>(4)\u00a0\u00a0\u00a0\u00a0\u00a0\u00a0 Pedro, I Ep\u00edstola, 4:8<\/p>\n","protected":false},"excerpt":{"rendered":"<p>Jorge Hessen Os matadouros de beb\u00eas est\u00e3o espalhados na sociedade (cl\u00ednicas clandestinas) como hediondos balc\u00f5es de trucidamento de nen\u00e9ns. Seus donos est\u00e3o endinheirados na Terra, no entanto indigentes ante o\u00a0 C\u00f3digo Divino. Entre 1995 e 2007, \u201ca curetagem depois do &hellip; <a href=\"https:\/\/xn--regeneraoplanetria-dsb6a7f.com.br\/index.php\/aborto\/aborto-uma-pratica-impiedosa\/\">Continue lendo <span class=\"meta-nav\">&rarr;<\/span><\/a><\/p>\n","protected":false},"author":1,"featured_media":0,"parent":474,"menu_order":0,"comment_status":"open","ping_status":"open","template":"","meta":{"footnotes":""},"class_list":["post-1013","page","type-page","status-publish","hentry"],"_links":{"self":[{"href":"https:\/\/xn--regeneraoplanetria-dsb6a7f.com.br\/index.php\/wp-json\/wp\/v2\/pages\/1013","targetHints":{"allow":["GET"]}}],"collection":[{"href":"https:\/\/xn--regeneraoplanetria-dsb6a7f.com.br\/index.php\/wp-json\/wp\/v2\/pages"}],"about":[{"href":"https:\/\/xn--regeneraoplanetria-dsb6a7f.com.br\/index.php\/wp-json\/wp\/v2\/types\/page"}],"author":[{"embeddable":true,"href":"https:\/\/xn--regeneraoplanetria-dsb6a7f.com.br\/index.php\/wp-json\/wp\/v2\/users\/1"}],"replies":[{"embeddable":true,"href":"https:\/\/xn--regeneraoplanetria-dsb6a7f.com.br\/index.php\/wp-json\/wp\/v2\/comments?post=1013"}],"version-history":[{"count":0,"href":"https:\/\/xn--regeneraoplanetria-dsb6a7f.com.br\/index.php\/wp-json\/wp\/v2\/pages\/1013\/revisions"}],"up":[{"embeddable":true,"href":"https:\/\/xn--regeneraoplanetria-dsb6a7f.com.br\/index.php\/wp-json\/wp\/v2\/pages\/474"}],"wp:attachment":[{"href":"https:\/\/xn--regeneraoplanetria-dsb6a7f.com.br\/index.php\/wp-json\/wp\/v2\/media?parent=1013"}],"curies":[{"name":"wp","href":"https:\/\/api.w.org\/{rel}","templated":true}]}}