{"id":1019,"date":"2013-06-01T22:05:21","date_gmt":"2013-06-02T01:05:21","guid":{"rendered":"http:\/\/xn--regeneraoplanetria-dsb6a7f.com.br\/?page_id=1019"},"modified":"2013-06-01T22:23:41","modified_gmt":"2013-06-02T01:23:41","slug":"os-vicios","status":"publish","type":"page","link":"https:\/\/xn--regeneraoplanetria-dsb6a7f.com.br\/index.php\/os-vicios\/","title":{"rendered":"Os V\u00edcios"},"content":{"rendered":"<p>TABAGISMO<\/p>\n<p><b>CAMINHANDO PARA O SUIC\u00cdDIO\u00a0<\/b><b>INCONSCIENTE<\/b><\/p>\n<p><i>Ad\u00e9sio Alves Machado<\/i><\/p>\n<p>A invigil\u00e2ncia moral que nasce e se estrutura na ignor\u00e2ncia humana com rela\u00e7\u00e3o ao\u00a0conhecimento da vida espiritual tem dizimado milh\u00f5es de criaturas atrav\u00e9s dos tempos, e\u00a0o pior \u00e9 que continuar\u00e1 sua marcha l\u00fagubre.<\/p>\n<p>O Espiritismo vem tirar da pasmaceira moral os esp\u00edritos aqui reencarnados a fim\u00a0de que melhorem, um pouco que seja, a qualidade de suas vidas, fazendo-os ver e sentir\u00a0as conseq\u00fc\u00eancias de seus v\u00edcios, paix\u00f5es e desatinos cultivados atrav\u00e9s do corpo carnal.<\/p>\n<p>Nessas horas de devaneio a criatura se deixa envolver por esp\u00edritos de baixo astral,\u00a0ou de baixo padr\u00e3o vibrat\u00f3rio, quando o ser perde o dom\u00ednio integral de si mesmo. Criam-se algemas cru\u00e9is, dif\u00edceis de serem abertas. \u00c9 a malha do v\u00edcio que aprisiona, cerceia a liberdade, imp\u00f5e condi\u00e7\u00f5es, passa a dominar.<\/p>\n<p>Queremos nos referir ao tabagismo, esquecendo por enquanto os demais, como por exemplo o alcoolismo, o uso de drogas, a maledic\u00eancia, o h\u00e1bito de caluniar, a glutonaria, o sexo em desregramento, a viol\u00eancia, etc., etc, tudo isso causando s\u00e9rios curtos-circuitos no perisp\u00edrito do viciado, energeticamente desestruturando-o, lamentavelmente, tendo em vista que ele ser\u00e1 o molde do novo corpo f\u00edsico da pr\u00f3xima\u00a0reencarna\u00e7\u00e3o do viciado.<\/p>\n<p>Segundo dados colhidos num trabalho sobre sa\u00fade, da jornalista Magaly Sonia<\/p>\n<p>Gonzales, publicado na revista \u201cIsto \u00c9\u201d, de julho de 2000, \u201co v\u00edcio do fumo foi adquirido\u00a0pelos espanh\u00f3is, junto aos \u00edndios da Am\u00e9rica Central, que o encontraram nas adjac\u00eancias de Tobaco, prov\u00edncia de Yucat\u00e1n. Um dos primeiros a cultivar o tabaco na Europa foi o\u00a0Monsenhor Nicot, embaixador da Fran\u00e7a, em Portugal, de onde se derivou o nome\u00a0nicotina, dado \u00e0 principal toxina nele contida\u201d.<\/p>\n<p>Atrav\u00e9s das constata\u00e7\u00f5es m\u00e9dicas cient\u00edficas, verifica-se que o fumo \u00e9 um veneno\u00a0para o corpo. Como aliado deste princ\u00edpio, encontramos os preceitos m\u00e9dicos\/morais do\u00a0Espiritismo, que mostra o fumo como um destruidor da mente, que provoca tonteiras, que enseja v\u00f4mitos no est\u00f4mago, dispara perturba\u00e7\u00f5es br\u00f4nquicas nos pulm\u00f5es e no sangue; \u00e9 um agente envenenador, com amea\u00e7as de leucemia.<\/p>\n<p>O tabagismo se apodera do viciado em processo lento mas cont\u00ednuo, fazendo-o mais uma \u201cv\u00edtima\u201d, inicialmente de si mesmo, depois dele, fumo. Em verdade, o viciado se torna escravo de sua vontade pusil\u00e2nime. O tabagismo \u00e9 uma doen\u00e7a que, tratada a\u00a0tempo, tem cura, requerendo do viciado, no entanto, muita obstina\u00e7\u00e3o para dele se desvencilhar, determina\u00e7\u00e3o esta que ainda n\u00e3o \u00e9 apan\u00e1gio dos esp\u00edritos aqui residentes.<\/p>\n<p>Para deixar o cigarro \u00e9 preciso readquirir o poder da vontade que se estiolou diante da prepot\u00eancia, do autoritarismo da nicotina e seus sequazes.<\/p>\n<p>O viciado \u00e9 aquele que perde o comando da mente.<\/p>\n<p>A luta do viciado pela recupera\u00e7\u00e3o do controle da vontade torna-se mais acerba pelo fato do v\u00edcio haver encontrado quem lhe insufla maior pot\u00eancia<b>:\u00a0<\/b>os esp\u00edritos desencarnados tabagistas. As mentes de al\u00e9m-t\u00famulo n\u00e3o se desvinculam com facilidade, sem mais nem menos, deste foco que alimenta seus desregramentos: o fumante terreno.<\/p>\n<p>Os efeitos do tabagismo s\u00e3o devastadores, a saber<b>:\u00a0<\/b>afeta o sistema respirat\u00f3rio, provocando bronquite, enfisema, c\u00e2ncer pulmonar, angina do peito, laringite, tuberculose, tosse e rouquid\u00e3o; ataca o sistema digestivo, dificultando o apetite e a digest\u00e3o, al\u00e9m de provocar \u00falcera gastroduodenal, hepatite; aumenta a concentra\u00e7\u00e3o do \u00e1cido \u00farico, instalando a chamada g\u00f4ta; o sistema circulat\u00f3rio sofre com o aparecimento de varizes, flebite, isquemia, \u00falceras varicosas, palpita\u00e7\u00e3o, trombose, acelera\u00e7\u00e3o de doen\u00e7as coronarianas e cardiovasculares; o sistema nervoso, sempre muito sens\u00edvel, leva \u00e0 uremia, mal de Parkinson, vertigem, n\u00e1useas, dores de cabe\u00e7a, nervosismo e opress\u00e3o. A falta do fumo no organismo do viciado gera ansiedade, ang\u00fastia, desencadeando crises, convuls\u00f5es e espasmos. Instala-se, como se depreende, toda uma depend\u00eancia mental, ps\u00edquica e f\u00edsica.<\/p>\n<p>Para os ind\u00edgenas, a fuma\u00e7a afastava os \u201cmaus esp\u00edritos\u201d, da\u00ed o surgimento dos defumadores. Os pag\u00e9s jogavam folhas secas no braseiro, ao mesmo tempo em que invocavam os seus deuses. Com o passar do tempo, habituaram-se a fazer um rolo de folhas secas de tabaco, fumegantes, aspirando e tragando a fuma\u00e7a, o que neles provocava sensa\u00e7\u00f5es de prazer. Nascia a\u00ed, para desgra\u00e7a de tantas pessoas e o enriquecimento despudorado de muitas outras, o v\u00edcio de fumar.<\/p>\n<p>Rogamos a Deus que surjam, cada vez mais, medidas restritivas aos fumantes e aos que propagam o cigarro, como tamb\u00e9m exemplos de abomina\u00e7\u00e3o ao tabagismo nas fam\u00edlias, nas escolas e na sociedade em geral. Com tal procedimento se dar\u00e1 uma demonstra\u00e7\u00e3o de que o tabagismo \u00e9 um suic\u00eddio em processo inconsciente lento, por\u00e9m pertinaz.<\/p>\n<p>A tend\u00eancia do tabagismo \u00e9 desaparecer antes do alcoolismo. Os dois t\u00eam seus dias contados na face da Terra.<\/p>\n<p>Os males de um v\u00edcio altamente destruidor da vida f\u00edsica, como o tabagismo, destroem tamb\u00e9m a vida espiritual pelo fato de lesar o perisp\u00edrito. Acompanhando o esp\u00edrito na erraticidade, n\u00e3o s\u00f3 de imediato aparecem as seq\u00fcelas, mas tamb\u00e9m no seu retorno \u00e0 vida carnal, num novo corpo altamente comprometido, estruturado que se acha em matriz defeituosa \u2013 o perisp\u00edrito.<\/p>\n<p>Largar o tabagismo, dizem os entendidos, tem de ser feito de uma s\u00f3 vez. N\u00e3o concordamos tacitamente com isso, tendo em vista que cada criatura tem suas pr\u00f3prias rea\u00e7\u00f5es org\u00e2nicas. O resultado que se obt\u00e9m em rela\u00e7\u00e3o a um caso pode ser diverso\u00a0daquele que se constata em um outro. Deve-se, entendemos, colocar em a\u00e7\u00e3o todos os recursos existentes e, estando a pessoa determinada a parar com o uso do cigarro, surgir\u00e1 o meio mais eficaz, o que seja mais aconselh\u00e1vel para o seu organismo reagir ao\u00a0ass\u00e9dio do v\u00edcio. Referimo-nos ao fato de que, na hora em que o viciado se predisp\u00f5e a\u00a0deixar o v\u00edcio, logo a Espiritualidade Superior passa a cuidar do caso, a ele se dedicando\u00a0com determina\u00e7\u00e3o e amor. Os resultados s\u00f3 poder\u00e3o ser o melhor \u2013 liberta\u00e7\u00e3o do v\u00edcio.<\/p>\n<p>O Espiritismo analisa o tabagismo como um \u201cinimigo\u201d do ser humano que precisa ser \u201celiminado\u201d. Sendo um gerador de doen\u00e7as e de depend\u00eancias, merece do Espiritismo\u00a0uma batalha sem tr\u00e9gua. Contudo, ele atuar\u00e1 sem violenta\u00e7\u00e3o de consci\u00eancias, somente\u00a0ajudando, com a sua terapia, a quem quer ser ajudado.<\/p>\n<p>O viciado recebe do Espiritismo, al\u00e9m de informa\u00e7\u00f5es fornecidas pela medicina tradicional quanto aos males provocados pelo fumo, o alerta contra as obsess\u00f5es e as desastrosas conseq\u00fc\u00eancias no campo energ\u00e9tico do esp\u00edrito, fator este a exigir aten\u00e7\u00f5es especiais e procedimentos profundos na mentaliza\u00e7\u00e3o do fumante.<\/p>\n<p>Mostra a Doutrina Esp\u00edrita a necessidade n\u00e3o s\u00f3 de se cuidar do corpo, mas, sobretudo, do esp\u00edrito e de seu campo vibratorial, o perisp\u00edrito.<\/p>\n<p>A vis\u00e3o reencarnat\u00f3ria \u00e9 o principal fator que induz reformula\u00e7\u00e3o dos valores \u00e9ticos\/morais de quem se aproxima do Espiritismo, pois ela representa, acima de tudo, o uso da l\u00f3gica e da raz\u00e3o na busca de uma melhor compreens\u00e3o da vida, abrangendo o aspecto dual da exist\u00eancia: o material e o espiritual.<\/p>\n<p>Compete-nos, portanto, ajudar os nossos irm\u00e3os e irm\u00e3s que se encontram sob o jugo do v\u00edcio a fugirem desta forma sub-rept\u00edcia de mergulhar num suic\u00eddio inconsciente.<\/p>\n<p><b><i>(Artigo publicado originalmente em Reformador \/\u00a0<\/i><\/b><b><i>FEB\u00a0<\/i><\/b><b><i>&#8211; abril de 2002)<\/i><\/b><\/p>\n","protected":false},"excerpt":{"rendered":"<p>TABAGISMO CAMINHANDO PARA O SUIC\u00cdDIO\u00a0INCONSCIENTE Ad\u00e9sio Alves Machado A invigil\u00e2ncia moral que nasce e se estrutura na ignor\u00e2ncia humana com rela\u00e7\u00e3o ao\u00a0conhecimento da vida espiritual tem dizimado milh\u00f5es de criaturas atrav\u00e9s dos tempos, e\u00a0o pior \u00e9 que continuar\u00e1 sua marcha &hellip; <a href=\"https:\/\/xn--regeneraoplanetria-dsb6a7f.com.br\/index.php\/os-vicios\/\">Continue lendo <span class=\"meta-nav\">&rarr;<\/span><\/a><\/p>\n","protected":false},"author":1,"featured_media":0,"parent":0,"menu_order":14,"comment_status":"open","ping_status":"open","template":"","meta":{"footnotes":""},"class_list":["post-1019","page","type-page","status-publish","hentry"],"_links":{"self":[{"href":"https:\/\/xn--regeneraoplanetria-dsb6a7f.com.br\/index.php\/wp-json\/wp\/v2\/pages\/1019","targetHints":{"allow":["GET"]}}],"collection":[{"href":"https:\/\/xn--regeneraoplanetria-dsb6a7f.com.br\/index.php\/wp-json\/wp\/v2\/pages"}],"about":[{"href":"https:\/\/xn--regeneraoplanetria-dsb6a7f.com.br\/index.php\/wp-json\/wp\/v2\/types\/page"}],"author":[{"embeddable":true,"href":"https:\/\/xn--regeneraoplanetria-dsb6a7f.com.br\/index.php\/wp-json\/wp\/v2\/users\/1"}],"replies":[{"embeddable":true,"href":"https:\/\/xn--regeneraoplanetria-dsb6a7f.com.br\/index.php\/wp-json\/wp\/v2\/comments?post=1019"}],"version-history":[{"count":0,"href":"https:\/\/xn--regeneraoplanetria-dsb6a7f.com.br\/index.php\/wp-json\/wp\/v2\/pages\/1019\/revisions"}],"wp:attachment":[{"href":"https:\/\/xn--regeneraoplanetria-dsb6a7f.com.br\/index.php\/wp-json\/wp\/v2\/media?parent=1019"}],"curies":[{"name":"wp","href":"https:\/\/api.w.org\/{rel}","templated":true}]}}