{"id":1025,"date":"2013-06-01T22:14:14","date_gmt":"2013-06-02T01:14:14","guid":{"rendered":"http:\/\/xn--regeneraoplanetria-dsb6a7f.com.br\/?page_id=1025"},"modified":"2013-06-01T22:14:14","modified_gmt":"2013-06-02T01:14:14","slug":"a-familia-na-dependencia-quimica","status":"publish","type":"page","link":"https:\/\/xn--regeneraoplanetria-dsb6a7f.com.br\/index.php\/os-vicios\/a-familia-na-dependencia-quimica\/","title":{"rendered":"A fam\u00edlia na depend\u00eancia qu\u00edmica"},"content":{"rendered":"<p>A depend\u00eancia qu\u00edmica \u00e9 um\u00a0dos fatores de disc\u00f3rdia entre familiares. Ter um ente querido pr\u00f3ximo ou parente acometido desta doen\u00e7a, desencadeia uma s\u00e9rie de conflitos inter e intra pessoais.<\/p>\n<p>Primeiro \u00e9 importante ressaltar que se\u00a0deve ter\u00a0claro que depend\u00eancia \u00e9 uma doen\u00e7a. Essa consci\u00eancia \u00e9\u00a0fundamental por parte dos familiares\u00a0para\u00a0que haja uma recupera\u00e7\u00e3o.<\/p>\n<p>Segundo, \u00e9 necess\u00e1rio que haja acompanhamento dos familiares\u00a0pr\u00f3ximos\u00a0a seu parente com depend\u00eancia.<\/p>\n<p>Sem estes dois quesitos tornar-se-\u00e1 dif\u00edcil a qualquer pessoa ter uma recupera\u00e7\u00e3o positiva e integral, isso, porque por mais que esta pessoa more sozinho, possui em algum lugar, membros de uma fam\u00edlia, pr\u00f3ximos ou consangu\u00edneos. E como nenhum ser humano est\u00e1 preparado para viver isolado, em algum momento precisar\u00e1 interagir com este familiar. Inclusive muitas vezes faz-se necess\u00e1rio a representa\u00e7\u00e3o legal de algum familiar, durante o tratamento, para supervis\u00e3o medicamentosa bem como responsabilidade sobre interna\u00e7\u00f5es emergenciais.<\/p>\n<p>Pois bem, detectado quais os membros efetivos de contato direto, a etapa seguinte \u00e9 iniciar processo de orienta\u00e7\u00e3o familiar concomitante ao tratamento espec\u00edfico do membro da fam\u00edlia.<\/p>\n<p>\u00c9 importante mencionar que as fam\u00edlias possuem uma psicodin\u00e2mica pr\u00f3pria, onde os pap\u00e9is desenvolvidos ou desempenhados apresentam-se geralmente em disfun\u00e7\u00e3o, ou seja, cada membro acaba por n\u00e3o desempenhar adequadamente o seu papel, o qual lhe\u00a0est\u00e1 atribu\u00eddo neste cl\u00e3. Um exemplo, um pai que troca papel com a m\u00e3e ou outra figura familiar, deixando de agir como se esperaria em determinadas situa\u00e7\u00f5es. Outro exemplo, uma fam\u00edlia onde um filho adolescente assume o papel de\u00a0cuidador da irm\u00e3 mais nova, porque as figuras parentais n\u00e3o o fazem adequadamente.<\/p>\n<p>As disfun\u00e7\u00f5es familiares podem se apresentar de v\u00e1rias maneiras, em situa\u00e7\u00f5es mais sutis at\u00e9 \u00e0s mais complexas. No caso da depend\u00eancia qu\u00edmica, geralmente est\u00e1 implicada mesmo que indiretamente, no adoecimento do familiar em espec\u00edfico. Como a psicodin\u00e2mica\u00a0familiar est\u00e1 disfuncional, inconscientemente, algum membro da fam\u00edlia acaba por desempenhar papel complementar direto ou o que chamamos de co-depend\u00eancia, assim os membros desta fam\u00edlia alimentam e s\u00e3o alimentados pela doen\u00e7a.<\/p>\n<p>Durante o tratamento desenvolvido, enquanto a figura direta ser\u00e1 tratada integralmente\u00a0havendo intera\u00e7\u00e3o multiprofissional\u00a0para abranger todos os aspectos comprometidos, a fam\u00edlia dever\u00e1 receber orienta\u00e7\u00f5es sistematizadas onde ser\u00e3o trabalhadas n\u00e3o somente, informa\u00e7\u00f5es\u00a0pertinentes sobre a(s) subst\u00e2ncia(s) utilizada(s) e seus efeitos, mas tamb\u00e9m, exatamente a psicodin\u00e2mica familiar, para uma melhor reorganiza\u00e7\u00e3o desta.<\/p>\n<p>\u00c9 comum que haja resist\u00eancia por parte da fam\u00edlia como um todo ou de alguns membros, a partir do momento em que se tornarem evidentes alguns aspectos respons\u00e1veis pelo adoecimento familiar. Mas \u00e9 importante que o profissional tenha habilidade de &#8220;quebrar&#8221; a resist\u00eancia, trazendo a fam\u00edlia cada vez para mais perto do tratamento, chegando se necess\u00e1rio,\u00a0a\u00a0efetuar encaminhamentos de outros membros\u00a0\u00e0 psicoterapia individual, conforme o caso, ou a outros tratamentos paralelos.<\/p>\n<p>Enfim, um tratamento de depend\u00eancia s\u00f3 alcan\u00e7ar\u00e1 o sucesso se atingir n\u00edveis adequados, saud\u00e1veis,\u00a0de resposta do indiv\u00edduo em quest\u00e3o, seja no processo de autoconhecimento\u00a0para reorganiza\u00e7\u00e3o de sua din\u00e2mica com rela\u00e7\u00e3o \u00e0 subst\u00e2ncia,\u00a0seja na\u00a0psicodin\u00e2mica familiar.<\/p>\n<p>Psic\u00f3loga M\u00f4nica Tolomei<\/p>\n","protected":false},"excerpt":{"rendered":"<p>A depend\u00eancia qu\u00edmica \u00e9 um\u00a0dos fatores de disc\u00f3rdia entre familiares. Ter um ente querido pr\u00f3ximo ou parente acometido desta doen\u00e7a, desencadeia uma s\u00e9rie de conflitos inter e intra pessoais. Primeiro \u00e9 importante ressaltar que se\u00a0deve ter\u00a0claro que depend\u00eancia \u00e9 uma &hellip; <a href=\"https:\/\/xn--regeneraoplanetria-dsb6a7f.com.br\/index.php\/os-vicios\/a-familia-na-dependencia-quimica\/\">Continue lendo <span class=\"meta-nav\">&rarr;<\/span><\/a><\/p>\n","protected":false},"author":1,"featured_media":0,"parent":1019,"menu_order":0,"comment_status":"open","ping_status":"open","template":"","meta":{"footnotes":""},"class_list":["post-1025","page","type-page","status-publish","hentry"],"_links":{"self":[{"href":"https:\/\/xn--regeneraoplanetria-dsb6a7f.com.br\/index.php\/wp-json\/wp\/v2\/pages\/1025","targetHints":{"allow":["GET"]}}],"collection":[{"href":"https:\/\/xn--regeneraoplanetria-dsb6a7f.com.br\/index.php\/wp-json\/wp\/v2\/pages"}],"about":[{"href":"https:\/\/xn--regeneraoplanetria-dsb6a7f.com.br\/index.php\/wp-json\/wp\/v2\/types\/page"}],"author":[{"embeddable":true,"href":"https:\/\/xn--regeneraoplanetria-dsb6a7f.com.br\/index.php\/wp-json\/wp\/v2\/users\/1"}],"replies":[{"embeddable":true,"href":"https:\/\/xn--regeneraoplanetria-dsb6a7f.com.br\/index.php\/wp-json\/wp\/v2\/comments?post=1025"}],"version-history":[{"count":0,"href":"https:\/\/xn--regeneraoplanetria-dsb6a7f.com.br\/index.php\/wp-json\/wp\/v2\/pages\/1025\/revisions"}],"up":[{"embeddable":true,"href":"https:\/\/xn--regeneraoplanetria-dsb6a7f.com.br\/index.php\/wp-json\/wp\/v2\/pages\/1019"}],"wp:attachment":[{"href":"https:\/\/xn--regeneraoplanetria-dsb6a7f.com.br\/index.php\/wp-json\/wp\/v2\/media?parent=1025"}],"curies":[{"name":"wp","href":"https:\/\/api.w.org\/{rel}","templated":true}]}}