{"id":1041,"date":"2013-06-04T09:07:52","date_gmt":"2013-06-04T12:07:52","guid":{"rendered":"http:\/\/xn--regeneraoplanetria-dsb6a7f.com.br\/?page_id=1041"},"modified":"2013-06-04T09:07:52","modified_gmt":"2013-06-04T12:07:52","slug":"21-a-licao-da-invigilancia","status":"publish","type":"page","link":"https:\/\/xn--regeneraoplanetria-dsb6a7f.com.br\/index.php\/boa-nova-1\/21-a-licao-da-invigilancia\/","title":{"rendered":"21 &#8211; A Li\u00e7\u00e3o da Invigil\u00e2ncia"},"content":{"rendered":"<p>(Da obra &#8220;Boa Nova&#8221;, de Humberto de Campos, psicografado por Chico Xavier)<\/p>\n<p>Aproximando-se o termo de sua passagem pelos caminhos da Terra, reuniu Jesus os doze disc\u00edpulos, com o fim de lhes consolidar nos cora\u00e7\u00f5es os santificados princ\u00edpios de sua doutrina de reden\u00e7\u00e3o.<\/p>\n<p>Naquele crep\u00fasculo de ouro, por feliz coincid\u00eancia, todos se achavam em Cesar\u00e9ia de Filipe, onde a paisagem maravilhosa descansava sob as b\u00ean\u00e7\u00e3os do c\u00e9u.<\/p>\n<p>Jesus fitou serenamente os companheiros e, ao cabo de longa conversa\u00e7\u00e3o, em que lhes falara confidencialmente dos servi\u00e7os grandiosos do futuro, perguntou com afetuoso interesse:<\/p>\n<p>&#8211; E que dizem os homens a meu respeito? De alguma sorte ter\u00e3o compreendido a subst\u00e2ncia de minhas prega\u00e7\u00f5es?!&#8230;<\/p>\n<p>Jo\u00e3o respondeu que seus amigos o tinham na conta de Elias, que regressara ao cen\u00e1rio do mundo depois de se haver elevado ao c\u00e9u num carro flamejante; Sim\u00e3o, o Zelote, relatou os dizeres de alguns habitantes de Tiber\u00edades, que acreditavam ser o Mestre o mesmo Jo\u00e3o Batista ressuscitado; Tiago, filho de Cleofas, contou o que ouvira dos judeus na Sinagoga, os quais presumiam no Senhor o profeta Jeremias.<\/p>\n<p>Jesus escutou-lhe as observa\u00e7\u00f5es com o habitual carinho e inquiriu:<\/p>\n<p>&#8211; Os homens se dividem nas suas opini\u00f5es; mas, v\u00f3s, os que tendes comungado comigo a todos os instantes, quem dizeis que eu sou? Certa perplexidade abalou a pequena assembleia: Sim\u00e3o Pedro, por\u00e9m, deixando perceber que estava impulsionado por uma energia superior, exclamou, comovidamente:<\/p>\n<p>&#8211; Tu \u00e9s o Cristo, o Salvador, o Filho de Deus Vivo.<\/p>\n<p>&#8211; Bem-aventurado sejas tu, Sim\u00e3o &#8211; disse-lhe Jesus, envolvendo-o num amoroso sorriso -, porque n\u00e3o foi a carne que te revelou estas verdades, mas meu Pai que est\u00e1 nos c\u00e9us. Neste momento, entregaste a Deus o cora\u00e7\u00e3o e falaste a sua voz. Bendito sejas, pois come\u00e7as a edificar no esp\u00edrito a fonte da f\u00e9 viva. Sobre essa f\u00e9, edificarei a minha doutrina de paz e esperan\u00e7a, porque contra ela jamais prevalecer\u00e3o os enganos desastrosos do mundo.<\/p>\n<p>Enquanto Sim\u00e3o sorria, confortado com o que considerava um triunfo espiritual, o Mestre prosseguiu, esclarecendo a comunidade quanto \u00e0 revela\u00e7\u00e3o divina, no santu\u00e1rio interior do esp\u00edrito do homem, sobre cuja grandeza desconhecida o Cristianismo assentaria suas bases no futuro.<\/p>\n<p>No mesmo instante, preparando os companheiros para os acontecimentos pr\u00f3ximos, o Messias continuou, dizendo:<\/p>\n<p>&#8211; Amados, importa que eu vos esclare\u00e7a o cora\u00e7\u00e3o, a fim de que as horas tormentosas que se aproxima n\u00e3o cheguem a vos confundir o entendimento. Atrav\u00e9s da palavra de Sim\u00e3o, tivestes a claridade reveladora. Cumprindo as profecias da Escritura, sou aquele Pastor que vem a Israel com o prop\u00f3sito de reunir as ovelhas tresmalhadas do imenso rebanho. Venho buscar as dracmas perdidas do tesouro de Nosso Pai. E qual o pegureiro que n\u00e3o d\u00e1 testemunho de sua tarefa ao dono do redil? \u00c9 indispens\u00e1vel, pois, que eu sofra. N\u00e3o tardar\u00e1 muito o esc\u00e2ndalo que me h\u00e1 de envolver em suas malhas sombrias. Faz-se mister o cumprimento da palavra dos grandes instrutores da revela\u00e7\u00e3o dos c\u00e9us, que me precederam no caminho! &#8230; Est\u00e1 escrito que eu pade\u00e7a, e n\u00e3o fugirei ao testemunho.<\/p>\n<p>Havendo pequena pausa na sua alocu\u00e7\u00e3o, Filipe aproveitou-a para interrogar, emocionado:<\/p>\n<p>&#8211; Mestre, como pode ser isso, se sois o modelo supremo da bondade? O sofrimento ser\u00e1, ent\u00e3o, o pr\u00eamio \u00e0s vossas obras de amor e sacrif\u00edcio?<\/p>\n<p>Jesus, no entanto, sem trair a serenidade do seu sentimento, retrucou:<\/p>\n<p>&#8211; Vim ao mundo para o bom trabalho e n\u00e3o posso ter outra vontade, sen\u00e3o a que corresponda aos s\u00e1bios des\u00edgnios dAquele que me enviou. Al\u00e9m de tudo, minha a\u00e7\u00e3o se dirige aos que est\u00e3o escravizados, no cativeiro do sofrimento, do pecado, da expia\u00e7\u00e3o. Instituindo na Terra a luta perene contra o mal, tenho de dar o leg\u00edtimo testemunho dos meus esfor\u00e7os. Na considera\u00e7\u00e3o de meus trabalhos, necessitamos ponderar que as palavras dos ensinos somente s\u00e3o justas quando seladas com a plena demonstra\u00e7\u00e3o dos valores \u00edntimos. Acreditais que um n\u00e1ufrago pudesse sentir o conforto de um companheiro que apenas se limitasse a dirigir-lhe a voz amiga, l\u00e1 da praia, em Seguran\u00e7a? Para salv\u00e1-lo, ser\u00e1 indispens\u00e1vel ensinar- lhe o melhor caminho de livrar-se da voragem destruidora, nunca t\u00e3o-s\u00f3 com exorta\u00e7\u00f5es, mas, atirando-se igualmente \u00e0s ondas, partilhando dos mesmos perigos e sofrimentos. O fardo que sobrecarrega os ombros de um amigo ser\u00e1 sempre mais gravado em seu peso, se nos pusermos a examin\u00e1-lo, muitas vezes guiados por observa\u00e7\u00f5es inoportunas; ele, entretanto, se tornar\u00e1 suave e leve para aquele a quem amamos, se o tomarmos com os nossos esfor\u00e7os sinceros, ensinando-lhe como se pode atenuar-lhe o peso nas curvas do caminho.<\/p>\n<p>Os ap\u00f3stolos entreolharam-se, surpresos, e o Messias continuou:<\/p>\n<p>&#8211; N\u00e3o espereis por triunfos, que n\u00e3o os teremos sobre a Terra de agora. Nosso reino ainda n\u00e3o \u00e9, nem pode ser, deste mundo&#8230; Por essa raz\u00e3o, em breves dias, n\u00e3o obstante as minhas aparentes vit\u00f3rias, entrarei em Jerusal\u00e9m para sofrer as mais penosas humilha\u00e7\u00f5es. Os pr\u00edncipes dos sacerdotes me coroar\u00e3o a fronte com suprema ironia; serei arrastado pela turba como um simples ladr\u00e3o! Cuspir\u00e3o nas minhas faces, dar-me-\u00e3o fel e vinagre, quando manifestar sede, para que se cumpram as Escrituras; experimentarei as ang\u00fastias mais dolorosas, mas sentirei, em todas as circunst\u00e2ncias, o amparo dAquele que me enviou! &#8230; Nos derradeiros e mais dif\u00edceis testemunhos, terei meu esp\u00edrito voltado para o seu amor e conquistarei com o sofrimento a vit\u00f3ria sagrada, porque ensinarei aos menos fortes a passagem pela porta estreita da reden\u00e7\u00e3o, revelando a cada criatura que sofre o que \u00e9 preciso fazer, a fim de atravessar as sendas do mundo, demandando as claridades eternas do plano espiritual.<\/p>\n<p>O Mestre calou-se, comovido. A pequena assembleia deixava transparecer sua surpresa indefin\u00edvel, sem compreender a amplitude das advert\u00eancias divinas.<\/p>\n<p>Foi a\u00ed que Sim\u00e3o Pedro, modificando a atitude mental do primeiro momento e deixando-se conduzir na esteira das concep\u00e7\u00f5es fal\u00edveis do seu sentimento de homem, aproximou-se do Messias e lhe falou em particular:<\/p>\n<p>&#8211; Mestre, conv\u00e9m n\u00e3o exagerardes as vossas palavras. N\u00e3o podemos acreditar que tereis de sofrer semelhantes mart\u00edrios&#8230; Onde estaria Deus, ent\u00e3o, com a justi\u00e7a dos c\u00e9us? Os fatos que nos deixais entrever viriam demonstrar que o Pai n\u00e3o \u00e9 t\u00e3o justo! &#8230;<\/p>\n<p>&#8211; Pedro, retira essas palavras! &#8211; exclamou Jesus, com serenidade en\u00e9rgica. &#8211;<\/p>\n<p>Queres tamb\u00e9m tentar-me, como os advers\u00e1rios do Evangelho? Ser\u00e1 que tamb\u00e9m tu n\u00e3o me entendes, compreendendo somente as coisas dos homens, longe das revela\u00e7\u00f5es de Deus?! Aparta-te de mim, pois neste instante falas pelo esp\u00edrito do mal!<\/p>\n<p>Verificando que o pescador se emocionara at\u00e9 \u00e0s l\u00e1grimas, o Mestre preparou-se para a retirada e disse aos companheiros:<\/p>\n<p>&#8211; Se algu\u00e9m quiser vir ap\u00f3s mim, renuncie a si mesmo, tome a sua cruz e siga os meus passos.<\/p>\n<p>No dia seguinte, a pequena comunidade se punha a caminho, vivamente impressionada com as revela\u00e7\u00f5es da v\u00e9spera. Sim\u00e3o seguia humilde e cabisbaixo. N\u00e3o conseguia compreender por que motivo fora Jesus t\u00e3o severo para com ele. Em verdade, ponderara melhor suas express\u00f5es irrefletidas e reconhecera que o Mestre lhe perdoara, pois observava que eram sinceros o sorriso e o olhar com- passivo que o envolviam numa alegria nova. Mas, sem poder sopitar suas emo\u00e7\u00f5es, o velho disc\u00edpulo aproximou-se novamente de Jesus e interrogou:<\/p>\n<p>&#8211; Mestre: por que raz\u00e3o mandastes retirar as palavras em que vos demonstrei o meu zelo de disc\u00edpulo sincero? Alguns minutos antes, n\u00e3o hav\u00edeis afirmado que eu trazia aos companheiros a inspira\u00e7\u00e3o de Deus? Por que motivo, logo ap\u00f3s, me design\u00e1veis como int\u00e9rprete dos inimigos da luz?<\/p>\n<p>&#8211; Sim\u00e3o &#8211; respondeu o Messias, bondosamente -, ainda n\u00e3o aprendeste toda a extens\u00e3o da necessidade de vigil\u00e2ncia. A criatura na Terra precisa aproveitar todas as oportunidades de ilumina\u00e7\u00e3o interior, em sua marcha para Deus. Vigia o teu esp\u00edrito ao longo do caminho. Basta um pensamento de amor para que te eleves ao c\u00e9u; mas, na jornada do mundo, tamb\u00e9m basta, \u00e0s vezes, uma palavra f\u00fatil ou uma considera\u00e7\u00e3o menos digna, para que a alma do homem seja conduzida ao estacionamento e ao desespero das trevas, por sua pr\u00f3pria imprevid\u00eancia! Nesse terreno, Pedro, o disc\u00edpulo do Evangelho ter\u00e1 sempre imenso trabalho a realizar, porque, pelo Reino de Deus, \u00e9 preciso resistir \u00e0s tenta\u00e7\u00f5es dos entes mais amados na Terra, os quais, embora ocupando o nosso cora\u00e7\u00e3o, ainda n\u00e3o podem entender as conquistas santificadas do c\u00e9u.<\/p>\n<p>Acabando o Cristo de falar, Sim\u00e3o Pedro calou-se e passou a meditar.<\/p>\n","protected":false},"excerpt":{"rendered":"<p>(Da obra &#8220;Boa Nova&#8221;, de Humberto de Campos, psicografado por Chico Xavier) Aproximando-se o termo de sua passagem pelos caminhos da Terra, reuniu Jesus os doze disc\u00edpulos, com o fim de lhes consolidar nos cora\u00e7\u00f5es os santificados princ\u00edpios de sua &hellip; <a href=\"https:\/\/xn--regeneraoplanetria-dsb6a7f.com.br\/index.php\/boa-nova-1\/21-a-licao-da-invigilancia\/\">Continue lendo <span class=\"meta-nav\">&rarr;<\/span><\/a><\/p>\n","protected":false},"author":1,"featured_media":0,"parent":548,"menu_order":0,"comment_status":"open","ping_status":"open","template":"","meta":{"footnotes":""},"class_list":["post-1041","page","type-page","status-publish","hentry"],"_links":{"self":[{"href":"https:\/\/xn--regeneraoplanetria-dsb6a7f.com.br\/index.php\/wp-json\/wp\/v2\/pages\/1041","targetHints":{"allow":["GET"]}}],"collection":[{"href":"https:\/\/xn--regeneraoplanetria-dsb6a7f.com.br\/index.php\/wp-json\/wp\/v2\/pages"}],"about":[{"href":"https:\/\/xn--regeneraoplanetria-dsb6a7f.com.br\/index.php\/wp-json\/wp\/v2\/types\/page"}],"author":[{"embeddable":true,"href":"https:\/\/xn--regeneraoplanetria-dsb6a7f.com.br\/index.php\/wp-json\/wp\/v2\/users\/1"}],"replies":[{"embeddable":true,"href":"https:\/\/xn--regeneraoplanetria-dsb6a7f.com.br\/index.php\/wp-json\/wp\/v2\/comments?post=1041"}],"version-history":[{"count":0,"href":"https:\/\/xn--regeneraoplanetria-dsb6a7f.com.br\/index.php\/wp-json\/wp\/v2\/pages\/1041\/revisions"}],"up":[{"embeddable":true,"href":"https:\/\/xn--regeneraoplanetria-dsb6a7f.com.br\/index.php\/wp-json\/wp\/v2\/pages\/548"}],"wp:attachment":[{"href":"https:\/\/xn--regeneraoplanetria-dsb6a7f.com.br\/index.php\/wp-json\/wp\/v2\/media?parent=1041"}],"curies":[{"name":"wp","href":"https:\/\/api.w.org\/{rel}","templated":true}]}}