{"id":1054,"date":"2013-06-05T21:05:33","date_gmt":"2013-06-06T00:05:33","guid":{"rendered":"http:\/\/xn--regeneraoplanetria-dsb6a7f.com.br\/?page_id=1054"},"modified":"2013-06-05T21:05:33","modified_gmt":"2013-06-06T00:05:33","slug":"alucinogenos-toxicomania-e-loucura","status":"publish","type":"page","link":"https:\/\/xn--regeneraoplanetria-dsb6a7f.com.br\/index.php\/os-vicios\/alucinogenos-toxicomania-e-loucura\/","title":{"rendered":"Alucin\u00f3genos, Toxicomania e Loucura"},"content":{"rendered":"<p><i>Joanna de \u00c2ngelis (esp\u00edrito)<\/i><\/p>\n<p>Dentre os gravames infelizes que desorganizam a economia social e moral da Terra atual, as drogas alucin\u00f3genas ocupam lugar de destaque, em considerando a facilidade com que dominam as gera\u00e7\u00f5es novas, estrangulando as esperan\u00e7as humanas em rela\u00e7\u00e3o ao futuro.<\/p>\n<p>Paisagem humana triste, sombria e avassaladora, pelos miasmas venenosos que destilam os grupos vencidos pelo uso desregrado dos t\u00f3xicos, constitui evid\u00eancia do engano a que se permitiram os educadores do passado: pais ou mestres, soci\u00f3logos ou \u00e9ticos, fil\u00f3sofos ou religiosos.<\/p>\n<p>Cultivado e difundido o h\u00e1bito dos entorpecentes entre povos estiolados pela mis\u00e9ria econ\u00f4mica e moral, foi adotado pela Civiliza\u00e7\u00e3o Ocidental quando o \u00eaxito das conquistas tecnol\u00f3gicas n\u00e3o conseguiu preencher as lacunas havidas nas aspira\u00e7\u00f5es humanas\u2014mais ampla e profunda integra\u00e7\u00e3o nos objetivos nobres da vida.<\/p>\n<p>Mais preocupado com o corpo do que com o esp\u00edrito, o homem moderno deixou-se engolfar pela comodidade e prazer, deparando, inesperadamente, o vazio interior que lhe resulta amarga decep\u00e7\u00e3o, ap\u00f3s as secund\u00e1rias conquistas externas.<\/p>\n<p>Acostumado \u00e0s sensa\u00e7\u00f5es fortes, passou a experimentar dificuldade para adaptar-se \u00e0s sutilezas da percep\u00e7\u00e3o ps\u00edquica, do que resultariam aquisi\u00e7\u00f5es relevantes promotoras de plenitude \u00edntima e realiza\u00e7\u00e3o transcendente.<\/p>\n<p>Tabulados, no entanto, programados por aferi\u00e7\u00e3o externa de valores objetivos, preocuparam-se pouco os encarregados da Educa\u00e7\u00e3o em penetrar a problem\u00e1tica intr\u00ednseca dos seres, a fim de, identificando as nascentes das inquieta\u00e7\u00f5es no esp\u00edrito imortal, serem solvidos os efeitos danosos e atormentadores que se exteriorizam como desespero e ang\u00fastia.<\/p>\n<p>Estimulado pelo receio de enfrentar dificuldades, ou motivado pela curiosidade decorrente da falta de madureza emocional, inicia-se o homem no uso dos estimulantes\u2014sempre de efeitos t\u00f3xicos\u2014, a que se entrega, inerme, deixando-se arrastar desde ent\u00e3o, vencido e desditoso.<\/p>\n<p>N\u00e3o bastassem a leviandade e intemperan\u00e7a da maioria das v\u00edtimas potenciais da toxicomania, grassam os traficantes inditosos que se encarregam de arrebanhar catarmas que se lhes submetem ao com\u00e9rcio nefando, aumentando, cada hora, os \u00edndices dos que sucumbem irrecuper\u00e1veis.<\/p>\n<p>A m\u00e1 Imprensa, orientada quase sempre de maneira perturbante, por pessoas atormentadas, colocada para esclarecer o problema, gra\u00e7as \u00e0 falta de valor e de maior conhecimento da quest\u00e3o por n\u00e3o se revestirem os seus respons\u00e1veis da necess\u00e1ria seguran\u00e7a moral, tem contribu\u00eddo mais para torn\u00e1-lo natural do que para libertar os escravizados que n\u00e3o s\u00e3o alcan\u00e7ados pelos &#8220;slogans&#8221; retumbantes, por\u00e9m vazios das mensagens, sem efeito positivo.<\/p>\n<p>O cinema, a televis\u00e3o, o periodismo d\u00e3o destaque desnecess\u00e1rio \u00e0s trag\u00e9dias, aumentam a carga das informa\u00e7\u00f5es que chegam vorazes \u00e0s mentes fracas, aparvalhando-as sem as confortar, empurrando-as para as fugas espetaculares atrav\u00e9s de meandros dos t\u00f3xicos e de processos outros dissolventes ora em voga. . .<\/p>\n<p>L\u00edderes da comunica\u00e7\u00e3o? ases da arte, da cultura, dos esportes n\u00e3o se pejam de revelar que usam estimulantes que os sustentam no \u00e1pice da fama, e, quando sucumbem, em est\u00fapidas cenas de auto-destrui\u00e7\u00e3o consciente ou inconsciente, s\u00e3o transformados em modelos dignos de imitados, lan\u00e7ados como prot\u00f3tipos da nova era, vendendo as imagens que enriquecem os que sobrevivem, de certo modo causadores da sua desgra\u00e7a&#8230;<\/p>\n<p>N\u00e3o pequeno n\u00famero, incapaz de prosseguir, apaga as luzes da gl\u00f3ria mentirosa nas furnas imundas para onde foge: pres\u00eddios, manic\u00f4mios, sarjetas ali expiando, alucinado, a leviandade que o mortificou . . .<\/p>\n<p>As mentes jovens despreparadas para as realidades da guerra que estruge em todo lugar, nos pa\u00edses distantes e nas praias pr\u00f3ximas, como nos intrincados dom\u00ednios do lar onde grassam a viol\u00eancia, o desrespeito, o desamor arrojam-se, voluptuosas, insaci\u00e1veis, ao prazer fugidio, \u00e0 dita de um minuto em detrimento, afirmam, da angustiosa expectativa demorada de uma felicidade que talvez n\u00e3o fruam. . .<\/p>\n<p>Fixando-se nas estruturas mui sutis do perisp\u00edrito, em processo vigoroso, os estupefacientes desagregam a personalidade, porquanto produzem na mem\u00f3ria anterior a libera\u00e7\u00e3o do subconsciente que invade a consci\u00eancia atual com as imagens torpes e delet\u00e9rias das vidas pregressas, que a miseric\u00f3rdia da reencarna\u00e7\u00e3o faz jazer adormecidas&#8230;<\/p>\n<p>De incurs\u00e3o em incurs\u00e3o no conturbado mundo interior, desorganizam-se os comandos da consci\u00eancia, arrojando o viciado nos l\u00f4bregos al\u00e7ap\u00f5es da loucura que os absorve, desarticulando os centros do equil\u00edbrio, da sa\u00fade, da vontade, sem possibilidade reversiva, pela depend\u00eancia que o pr\u00f3prio organismo f\u00edsico e mental passa a sofrer, irresistivelmente&#8230;<\/p>\n<p>Faz-se a apologia de uns alucin\u00f3genos em detrimento de outros e explica-se que povos primitivos de ontem e remanescentes de hoje utilizavam-se e usam alguns vegetais portadores de estimulantes para experi\u00eancias paranormais de incurs\u00e3o no mundo espiritual, olvidando-se que o exerc\u00edcio ps\u00edquico pela concentra\u00e7\u00e3o consciente, medita\u00e7\u00e3o profunda e prece conduz a resultados superiores, sem as conseq\u00fc\u00eancias danosas dos recursos alucinat\u00f3rios.<\/p>\n<p>A quase totalidade que busca desenvolver a percep\u00e7\u00e3o extra- sensorial, atrav\u00e9s da usan\u00e7a do estupefaciente, encontra em si mesmo o substractum do passado espiritual que se transforma em fantasmas, cujas reminisc\u00eancias assomam e persistem, passada a experi\u00eancia, impondo-se a pouco a pouco, colimando na desarmoniza\u00e7\u00e3o mental do ne\u00f3fito irrespons\u00e1vel. Vale, ainda, recordar que, advers\u00e1rios desencarnados, que se demoram \u00e0 espreita das suas v\u00edtimas, utilizam-se dos sonhos e viagens para surgirem na mente do viciado, no aspecto perverso em que se encontram, causando pavor e fixando matrizes ps\u00edquicas para as futuras obsess\u00f5es em que se repletar\u00e3o emocionalmente, fam\u00edlias da infelicidade em que se transformam.<\/p>\n<p>A educa\u00e7\u00e3o moral \u00e0 luz do Evangelho sem disfarces nem distor\u00e7\u00f5es; a conscientiza\u00e7\u00e3o espiritual sem alardes; a liberdade e a orienta\u00e7\u00e3o com bases na responsabilidade; as disciplinas morais desde cedo; a vigil\u00e2ncia carinhosa dos pais e mestres cautelosos; a assist\u00eancia social e m\u00e9dica em contribui\u00e7\u00e3o fraternal constituem ant\u00eddotos eficazes para o aberrante problema dos t\u00f3xicos\u2014auto-flagelo que a Humanidade est\u00e1 sofrendo, por haver trocado os valores reais do amor e da verdade pelos comportamentos irrelevantes qu\u00e3o insensatos da frivolidade.<\/p>\n<p>O problema, portanto, \u00e9 de educa\u00e7\u00e3o na fam\u00edlia cristianizada, na escola enobrecida, na comunidade honrada e n\u00e3o de repress\u00e3o policial&#8230;<\/p>\n<p>Se \u00e9s jovem, n\u00e3o te iludas, contaminando-te, face ao pressuposto de que a cura se d\u00e1 facilmente.<\/p>\n<p>Se atravessas a idade adulta, n\u00e3o te concedas sonhos e viv\u00eancias que pertencem \u00e0 inf\u00e2ncia j\u00e1 passada, ansiando por prazeres que terminam ante a fugaz e enganosa durabilidade do corpo.<\/p>\n<p>Se \u00e9s mestre, orienta com eleva\u00e7\u00e3o abordando a tem\u00e1tica sem preconceito, mas com seriedade.<\/p>\n<p>Se \u00e9s pai ou m\u00e3e n\u00e3o penses que o teu lar estar\u00e1 poupado. Observa o comportamento dos filhos, mant\u00e9m-te, atento, cuida deles desde antes da inger\u00eancia e do comprometimento nos embalos dos estupefacientes e alucin\u00f3genos, em cuja oportunidade podes auxili\u00e1-los e preserv\u00e1-los.<\/p>\n<p>Se, por\u00e9m, te surpreenderes com o drama que se adentrou no lar, n\u00e3o fujas dele, procurando ignor\u00e1-lo em coniv\u00eancia de ingenuidade, nem te rebeles, assumindo atitude hostil. Conversa, esclarece, orienta e assiste os que se hajam tornado v\u00edtimas, procurando os recursos competentes da Medicina como da Doutrina Esp\u00edrita, a fim de conseguires a reeduca\u00e7\u00e3o e a felicidade daqueles que a Lei Divina te confiou para a tua e a ventura deles.<\/p>\n<p>(Ap\u00f3s a Tempestade, psicografia de Divaldo Pereira Franco pelo esp\u00edrito de Joanna de \u00c2ngelis).<\/p>\n<p>Fim.<\/p>\n<p><b>\u00a0<\/b><\/p>\n","protected":false},"excerpt":{"rendered":"<p>Joanna de \u00c2ngelis (esp\u00edrito) Dentre os gravames infelizes que desorganizam a economia social e moral da Terra atual, as drogas alucin\u00f3genas ocupam lugar de destaque, em considerando a facilidade com que dominam as gera\u00e7\u00f5es novas, estrangulando as esperan\u00e7as humanas em &hellip; <a href=\"https:\/\/xn--regeneraoplanetria-dsb6a7f.com.br\/index.php\/os-vicios\/alucinogenos-toxicomania-e-loucura\/\">Continue lendo <span class=\"meta-nav\">&rarr;<\/span><\/a><\/p>\n","protected":false},"author":1,"featured_media":0,"parent":1019,"menu_order":0,"comment_status":"open","ping_status":"open","template":"","meta":{"footnotes":""},"class_list":["post-1054","page","type-page","status-publish","hentry"],"_links":{"self":[{"href":"https:\/\/xn--regeneraoplanetria-dsb6a7f.com.br\/index.php\/wp-json\/wp\/v2\/pages\/1054","targetHints":{"allow":["GET"]}}],"collection":[{"href":"https:\/\/xn--regeneraoplanetria-dsb6a7f.com.br\/index.php\/wp-json\/wp\/v2\/pages"}],"about":[{"href":"https:\/\/xn--regeneraoplanetria-dsb6a7f.com.br\/index.php\/wp-json\/wp\/v2\/types\/page"}],"author":[{"embeddable":true,"href":"https:\/\/xn--regeneraoplanetria-dsb6a7f.com.br\/index.php\/wp-json\/wp\/v2\/users\/1"}],"replies":[{"embeddable":true,"href":"https:\/\/xn--regeneraoplanetria-dsb6a7f.com.br\/index.php\/wp-json\/wp\/v2\/comments?post=1054"}],"version-history":[{"count":0,"href":"https:\/\/xn--regeneraoplanetria-dsb6a7f.com.br\/index.php\/wp-json\/wp\/v2\/pages\/1054\/revisions"}],"up":[{"embeddable":true,"href":"https:\/\/xn--regeneraoplanetria-dsb6a7f.com.br\/index.php\/wp-json\/wp\/v2\/pages\/1019"}],"wp:attachment":[{"href":"https:\/\/xn--regeneraoplanetria-dsb6a7f.com.br\/index.php\/wp-json\/wp\/v2\/media?parent=1054"}],"curies":[{"name":"wp","href":"https:\/\/api.w.org\/{rel}","templated":true}]}}