{"id":1078,"date":"2013-06-08T22:08:06","date_gmt":"2013-06-09T01:08:06","guid":{"rendered":"http:\/\/xn--regeneraoplanetria-dsb6a7f.com.br\/?page_id=1078"},"modified":"2013-06-08T22:08:06","modified_gmt":"2013-06-09T01:08:06","slug":"transicao-planetaria","status":"publish","type":"page","link":"https:\/\/xn--regeneraoplanetria-dsb6a7f.com.br\/index.php\/transicao\/transicao-planetaria\/","title":{"rendered":"Transi\u00e7\u00e3o Planet\u00e1ria"},"content":{"rendered":"<p style=\"text-align: left;\" align=\"center\">Por Al\u00edrio de Cerqueira Filho*<\/p>\n<p style=\"text-align: left;\" align=\"center\">E, estando assentado no monte das Oliveiras, chegaram-se a ele os seus disc\u00edpulos, em particular, dizendo: Dize-nos quando ser\u00e3o essas coisas e que sinal haver\u00e1 da tua vinda e do fim do mundo? Mateus 24:3<\/p>\n<p>Tanto o cap\u00edtulo 24 do Evangelho segundo Mateus, quanto o cap\u00edtulo 13 do Evangelho segundo Marcos, abordam o chamado\u00a0fim do mundo. Se estudarmos esses cap\u00edtulos com aten\u00e7\u00e3o, veremos que eles trazem v\u00e1rias previs\u00f5es que Jesus faz a respeito da\u00a0Grande Transi\u00e7\u00e3o,\u00a0pela qual o planeta Terra esta passando, e estamos vendo acontecer em nossos dias.<\/p>\n<p>V\u00e1rias profecias t\u00eam sido divulgadas abordando o tema do final do planeta. A que est\u00e1 em voga atualmente \u00e9 a profecia maia que traz uma suposta revela\u00e7\u00e3o para o fim do mundo em dezembro de 2012.<\/p>\n<p>Contudo, ser\u00e1 realmente o fim do mundo f\u00edsico que estamos presenciando? N\u00e3o! Os fatos que vivenciamos na atualidade \u00e9 aquilo que a Doutrina Esp\u00edrita nos explica desde a segunda metade do s\u00e9culo XIX, nas chamadas obras b\u00e1sicas do Espiritismo, escritas por Allan Kardec, e que os Benfeitores espirituais, como a Mentora Joanna de \u00c2ngelis, atualmente, tem chamado a\u00a0Grande Transi\u00e7\u00e3o.<\/p>\n<p>O que \u00e9 essa\u00a0Grande Transi\u00e7\u00e3o? \u00c9 a transforma\u00e7\u00e3o do planeta Terra de mundo de expia\u00e7\u00f5es e provas, onde o mal impera, em mundo de regenera\u00e7\u00e3o onde h\u00e1 predomin\u00e2ncia do Bem. Portanto, o fim a que se refere o vers\u00edculo acima citado n\u00e3o \u00e9 o fim do planeta, mas o fim de uma era, a era na qual o mal predominava na Terra.<\/p>\n<p>Como todo momento de transi\u00e7\u00e3o h\u00e1 um tumulto previsto pelo pr\u00f3prio Cristo, relatado por Mateus em 24:21 \u2013 &#8220;Porque haver\u00e1 ent\u00e3o grande afli\u00e7\u00e3o como nunca houve desde o princ\u00edpio do mundo at\u00e9 agora nem tampouco haver\u00e1 jamais&#8221;. \u00c9 este momento de afli\u00e7\u00f5es coletivas que estamos passando, onde a iniquidade tem atingido o auge, gerando desesperan\u00e7a pela pr\u00f3pria dor, e indiferen\u00e7a pela dor do pr\u00f3ximo em muitas pessoas.<\/p>\n<p>Todavia, \u00e9 fundamental que estejamos atentos ao processo de transi\u00e7\u00e3o, pois \u00e9 um momento crucial em nossas vidas, e evitemos a desesperan\u00e7a e a indiferen\u00e7a. Jesus mesmo prediz isso em Mateus 24:12 \u2013 &#8220;E, por se multiplicar a iniquidade, o amor de muitos se esfriar\u00e1&#8221;.<\/p>\n<p>Todos n\u00f3s que estamos vivendo este momento somos convidados a buscar o Reino de Deus e a Sua Justi\u00e7a, como nos ensina Jesus, de modo que cada um desenvolva o amor a si mesmo e ao pr\u00f3ximo como a si mesmo, fazendo aos outros o que gostaria que fizesse a si.<\/p>\n<p>Como a Terra deixar\u00e1 de ser planeta de expia\u00e7\u00f5es e provas, onde o mal predomina, aqueles que n\u00e3o estiverem dispostos a praticar o Amor e o Bem ser\u00e3o exilados em outro planeta, pois caso continuem a viver na Terra, devido \u00e0 pr\u00e1tica contumaz do mal e a capacidade tecnol\u00f3gica alcan\u00e7ada atualmente no planeta, essas pessoas, ainda voltadas ao mal, destruiriam o pr\u00f3prio planeta, fato tamb\u00e9m previsto por Jesus em Mateus 24:22 \u2013 &#8220;E, se aqueles dias n\u00e3o fossem abreviados, nenhuma carne se salvaria; mas, por causa dos escolhidos, ser\u00e3o abreviados aqueles dias&#8221;.<\/p>\n<p>Portanto, este momento de transi\u00e7\u00e3o \u00e9 muito importante para todos aqueles que desejam permanecer nos pr\u00f3ximos mil\u00eanios na Terra regenerada, onde n\u00e3o \u00e9 o planeta que ter\u00e1 fim, e sim o mal.<\/p>\n<p>A Terra, planeta de regenera\u00e7\u00e3o, comparada com o que ela \u00e9 hoje se transformar\u00e1 em um verdadeiro para\u00edso, no qual todo avan\u00e7o cient\u00edfico e tecnol\u00f3gico ser\u00e1 utilizado exclusivamente para o Bem, fazendo com que as doen\u00e7as, a mis\u00e9ria material e a iniq\u00fcidade desapare\u00e7am do planeta, pois a mis\u00e9ria moral ter\u00e1 fim.<\/p>\n<p>\u00c9 fundamental, conforme orienta Jesus, que perseveremos na pr\u00e1tica do Amor e do Bem para que possamos continuar a viver neste planeta aben\u00e7oado, conforme Mateus 24:13 \u2013 &#8220;Mas aquele que perseverar at\u00e9 ao fim ser\u00e1 salvo&#8221; e Mateus 5:5 \u2013 &#8220;Bem-aventurados os mansos, porque eles herdar\u00e3o a Terra&#8221;.<\/p>\n<p>Fonte: Federa\u00e7\u00e3o Esp\u00edrita do Estado de Mato Grosso<\/p>\n","protected":false},"excerpt":{"rendered":"<p>Por Al\u00edrio de Cerqueira Filho* E, estando assentado no monte das Oliveiras, chegaram-se a ele os seus disc\u00edpulos, em particular, dizendo: Dize-nos quando ser\u00e3o essas coisas e que sinal haver\u00e1 da tua vinda e do fim do mundo? Mateus 24:3 &hellip; <a href=\"https:\/\/xn--regeneraoplanetria-dsb6a7f.com.br\/index.php\/transicao\/transicao-planetaria\/\">Continue lendo <span class=\"meta-nav\">&rarr;<\/span><\/a><\/p>\n","protected":false},"author":1,"featured_media":0,"parent":342,"menu_order":0,"comment_status":"open","ping_status":"open","template":"","meta":{"footnotes":""},"class_list":["post-1078","page","type-page","status-publish","hentry"],"_links":{"self":[{"href":"https:\/\/xn--regeneraoplanetria-dsb6a7f.com.br\/index.php\/wp-json\/wp\/v2\/pages\/1078","targetHints":{"allow":["GET"]}}],"collection":[{"href":"https:\/\/xn--regeneraoplanetria-dsb6a7f.com.br\/index.php\/wp-json\/wp\/v2\/pages"}],"about":[{"href":"https:\/\/xn--regeneraoplanetria-dsb6a7f.com.br\/index.php\/wp-json\/wp\/v2\/types\/page"}],"author":[{"embeddable":true,"href":"https:\/\/xn--regeneraoplanetria-dsb6a7f.com.br\/index.php\/wp-json\/wp\/v2\/users\/1"}],"replies":[{"embeddable":true,"href":"https:\/\/xn--regeneraoplanetria-dsb6a7f.com.br\/index.php\/wp-json\/wp\/v2\/comments?post=1078"}],"version-history":[{"count":0,"href":"https:\/\/xn--regeneraoplanetria-dsb6a7f.com.br\/index.php\/wp-json\/wp\/v2\/pages\/1078\/revisions"}],"up":[{"embeddable":true,"href":"https:\/\/xn--regeneraoplanetria-dsb6a7f.com.br\/index.php\/wp-json\/wp\/v2\/pages\/342"}],"wp:attachment":[{"href":"https:\/\/xn--regeneraoplanetria-dsb6a7f.com.br\/index.php\/wp-json\/wp\/v2\/media?parent=1078"}],"curies":[{"name":"wp","href":"https:\/\/api.w.org\/{rel}","templated":true}]}}