{"id":1129,"date":"2013-06-13T21:27:22","date_gmt":"2013-06-14T00:27:22","guid":{"rendered":"http:\/\/xn--regeneraoplanetria-dsb6a7f.com.br\/?page_id=1129"},"modified":"2013-06-13T21:27:22","modified_gmt":"2013-06-14T00:27:22","slug":"causas-do-uso-de-drogas-segundo-a-doutrina-espirita","status":"publish","type":"page","link":"https:\/\/xn--regeneraoplanetria-dsb6a7f.com.br\/index.php\/os-vicios\/causas-do-uso-de-drogas-segundo-a-doutrina-espirita\/","title":{"rendered":"Causas do uso de drogas segundo a doutrina esp\u00edrita."},"content":{"rendered":"<p>Manoel P. Miranda e Joanna de \u00c2ngelis<\/p>\n<p>As causas b\u00e1sicas das evas\u00f5es humanas \u00e0 responsabilidade jazem nos conflitos espirituais do ser, que ainda transita pelas express\u00f5es do primarismo da raz\u00e3o.<\/p>\n<p>&#8220;Espiritualmente atrasado, sem as fixa\u00e7\u00f5es dos valores morais que d\u00e3o resist\u00eancia para a luta, o homem moderno, que conquistou a lua e avan\u00e7a no estudo das origens do Sistema Solar que lhe serve de ber\u00e7o, incursionando pelos outros planetas, n\u00e3o conseguiu conquistar-se a si mesmo. Logrou expressivas vit\u00f3rias, sem alcan\u00e7ar a paz \u00edntima, padecendo os efeitos dos tentames tecnol\u00f3gicos sem os correspondentes valores de suporte moral. Cresceu na horizontal da intelig\u00eancia sem desenvolver a vertical do sentimento elevado. Como efeito, n\u00e3o resiste \u00e0s press\u00f5es, desequilibra-se com facilidade e foge, na busca de alco\u00f3licos, de tabacos, de drogas alucin\u00f3genas de natureza t\u00f3xica&#8230;\u201d<\/p>\n<p>Nas Fronteiras da Loucura \u2013 Manoel P. Miranda \u2013 cap. 9<\/p>\n<p>Mais preocupado com o corpo do que com o esp\u00edrito, o homem moderno deixou-se engolfar pela comodidade e prazer, deparando, inesperadamente, o vazio interior que lhe resulta amarga decep\u00e7\u00e3o, ap\u00f3s as secund\u00e1rias conquistas externas.<\/p>\n<p>Acostumado \u00e0s sensa\u00e7\u00f5es fortes, passou a experimentar dificuldade para adaptar-se \u00e0s sutilezas da percep\u00e7\u00e3o ps\u00edquica, do que resultariam aquisi\u00e7\u00f5es relevantes promotoras de plenitude \u00edntima e realiza\u00e7\u00e3o transcendente.<\/p>\n<p>Tabulados, no entanto, programados por aferi\u00e7\u00e3o externa de valores objetivos, preocuparam-se pouco os encarregados da Educa\u00e7\u00e3o em penetrar a problem\u00e1tica intr\u00ednseca dos seres, a fim de, identificando as nascentes das inquieta\u00e7\u00f5es no esp\u00edrito imortal, serem solvidos os efeitos danosos e atormentadores que se exteriorizam como desespero e ang\u00fastia.<\/p>\n<p>Estimulado pelo receio de enfrentar dificuldades, ou motivado pela curiosidade decorrente da falta de madureza emocional, inicia-se o homem no uso dos estimulantes &#8211; sempre de efeitos t\u00f3xicos -, a que se entrega, inerme, deixando-se arrastar desde ent\u00e3o, vencido e desditoso.<\/p>\n<p>N\u00e3o bastassem a leviandade e intemperan\u00e7a da maioria das v\u00edtimas potenciais da toxicomania, grassam os traficantes inditosos que se encarregam de arrebanhar catarmas que se lhes submetem ao com\u00e9rcio nefando, aumentando, cada hora, os \u00edndices dos que sucumbem irrecuper\u00e1veis.<\/p>\n<p>A m\u00e1 Imprensa, orientada quase sempre de maneira perturbante, por pessoas atormentadas, colocada para esclarecer o problema, gra\u00e7as \u00e0 falta de valor e de maior conhecimento da quest\u00e3o por n\u00e3o se revestirem os seus respons\u00e1veis da necess\u00e1ria seguran\u00e7a moral, tem contribu\u00eddo mais para torn\u00e1-lo natural do que para libertar os escravizados que n\u00e3o s\u00e3o alcan\u00e7ados pelos &#8220;slogans&#8221; retumbantes, por\u00e9m vazios das mensagens, sem efeito positivo.<\/p>\n<p>O cinema, a televis\u00e3o, o periodismo d\u00e3o destaque desnecess\u00e1rio \u00e0s trag\u00e9dias, aumentam a carga das informa\u00e7\u00f5es que chegam vorazes \u00e0s mentes fracas, aparvalhando-as sem as confortar, empurrando-as para as fugas espetaculares atrav\u00e9s de meandros dos t\u00f3xicos e de processos outros dissolventes ora em voga&#8230;<\/p>\n<p>L\u00edderes da comunica\u00e7\u00e3o, ases da arte, da cultura, dos esportes n\u00e3o se pejam de revelar que usam estimulantes que os sustentam no \u00e1pice da fama, e, quando sucumbem, em est\u00fapidas cenas de autodestrui\u00e7\u00e3o consciente ou inconsciente, s\u00e3o transformados em modelos dignos de imitados, lan\u00e7ados como prot\u00f3tipos da nova era, vendendo as imagens que enriquecem os que sobrevivem, de certo modo causadores de sua desgra\u00e7a&#8230;<\/p>\n<p>As mentes jovens despreparadas para as realidades da guerra que estruge em todo lugar, nos pa\u00edses distantes e nas praias pr\u00f3ximas, como nos intrincados dom\u00ednios do lar onde grassam a viol\u00eancia, o desrespeito, o desamor arrojam-se, voluptuosas, insaci\u00e1veis, ao prazer fugidio, \u00e0 dita de um minuto em detrimento, afirmam, da angustiosa expectativa demorada de uma felicidade que talvez n\u00e3o fruam&#8230;<\/p>\n<p>A educa\u00e7\u00e3o moral \u00e0 luz do Evangelho sem disfarces nem distor\u00e7\u00f5es; a conscientiza\u00e7\u00e3o espiritual sem alardes; a liberdade e a orienta\u00e7\u00e3o com bases na responsabilidade; as disciplinas morais desde cedo; a vigil\u00e2ncia carinhosa dos pais e mestres cautelosos; a assist\u00eancia social e m\u00e9dica em contribui\u00e7\u00e3o fraternal constituem ant\u00eddotos eficazes para o aberrante problema dos t\u00f3xicos &#8211; autoflagelo que a Humanidade est\u00e1 sofrendo, por haver trocado os valores reais do amor e da verdade pelos comportamentos irrelevantes qu\u00e3o insensatos na frivolidade.<\/p>\n<p>O problema, portanto, \u00e9 de educa\u00e7\u00e3o na fam\u00edlia cristianizada, na escola enobrecida, na comunidade honrada e n\u00e3o de repress\u00e3o policial&#8230;<\/p>\n<p>Ap\u00f3s a Tempestade \u2013 Joanna de \u00c2ngelis<\/p>\n<p>REFLEX\u00c3O<\/p>\n<p>Joana de \u00c2ngelis nos mostra como podemos agir com a contribui\u00e7\u00e3o esp\u00edrita para minorar a situa\u00e7\u00e3o que muitos vivem com os t\u00f3xicos. Como fundamento destas orienta\u00e7\u00f5es esp\u00edritas, ela aponta a educa\u00e7\u00e3o integral da Humanidade com base no Evangelho, chamando-nos a aten\u00e7\u00e3o para a consci\u00eancia da finalidade da vida que se tem \u00e0 face da Terra no sentido do progresso moral e espiritual aproveitando a exist\u00eancia f\u00edsica para crescer e n\u00e3o apenas pensar em criar artif\u00edcios e meios de gozar a vida material at\u00e9 mesmo com o preju\u00edzo, o sacrif\u00edcio do organismo f\u00edsico. Descendo mais a min\u00facias, Joana de \u00c2ngelis lembra que este trabalho de educa\u00e7\u00e3o moral da criatura deve ter in\u00edcio no lar, prosseguir na escola, ter continuidade na sociedade como um grande todo.<\/p>\n<p>Ap\u00f3s a Tempestade \u2013 Joanna de \u00c2ngelis<\/p>\n","protected":false},"excerpt":{"rendered":"<p>Manoel P. Miranda e Joanna de \u00c2ngelis As causas b\u00e1sicas das evas\u00f5es humanas \u00e0 responsabilidade jazem nos conflitos espirituais do ser, que ainda transita pelas express\u00f5es do primarismo da raz\u00e3o. &#8220;Espiritualmente atrasado, sem as fixa\u00e7\u00f5es dos valores morais que d\u00e3o &hellip; <a href=\"https:\/\/xn--regeneraoplanetria-dsb6a7f.com.br\/index.php\/os-vicios\/causas-do-uso-de-drogas-segundo-a-doutrina-espirita\/\">Continue lendo <span class=\"meta-nav\">&rarr;<\/span><\/a><\/p>\n","protected":false},"author":1,"featured_media":0,"parent":1019,"menu_order":0,"comment_status":"open","ping_status":"open","template":"","meta":{"footnotes":""},"class_list":["post-1129","page","type-page","status-publish","hentry"],"_links":{"self":[{"href":"https:\/\/xn--regeneraoplanetria-dsb6a7f.com.br\/index.php\/wp-json\/wp\/v2\/pages\/1129","targetHints":{"allow":["GET"]}}],"collection":[{"href":"https:\/\/xn--regeneraoplanetria-dsb6a7f.com.br\/index.php\/wp-json\/wp\/v2\/pages"}],"about":[{"href":"https:\/\/xn--regeneraoplanetria-dsb6a7f.com.br\/index.php\/wp-json\/wp\/v2\/types\/page"}],"author":[{"embeddable":true,"href":"https:\/\/xn--regeneraoplanetria-dsb6a7f.com.br\/index.php\/wp-json\/wp\/v2\/users\/1"}],"replies":[{"embeddable":true,"href":"https:\/\/xn--regeneraoplanetria-dsb6a7f.com.br\/index.php\/wp-json\/wp\/v2\/comments?post=1129"}],"version-history":[{"count":0,"href":"https:\/\/xn--regeneraoplanetria-dsb6a7f.com.br\/index.php\/wp-json\/wp\/v2\/pages\/1129\/revisions"}],"up":[{"embeddable":true,"href":"https:\/\/xn--regeneraoplanetria-dsb6a7f.com.br\/index.php\/wp-json\/wp\/v2\/pages\/1019"}],"wp:attachment":[{"href":"https:\/\/xn--regeneraoplanetria-dsb6a7f.com.br\/index.php\/wp-json\/wp\/v2\/media?parent=1129"}],"curies":[{"name":"wp","href":"https:\/\/api.w.org\/{rel}","templated":true}]}}