{"id":1177,"date":"2013-06-20T21:42:33","date_gmt":"2013-06-21T00:42:33","guid":{"rendered":"http:\/\/xn--regeneraoplanetria-dsb6a7f.com.br\/?page_id=1177"},"modified":"2013-06-20T21:42:33","modified_gmt":"2013-06-21T00:42:33","slug":"culto-do-evangelho-no-lar","status":"publish","type":"page","link":"https:\/\/xn--regeneraoplanetria-dsb6a7f.com.br\/index.php\/jesus-no-lar\/culto-do-evangelho-no-lar\/","title":{"rendered":"Culto do Evangelho no Lar"},"content":{"rendered":"<p align=\"center\">Por Warwick Mota<\/p>\n<p>&#8220;Onde que se encontrem duas ou mais pessoas reunidas<br \/>\nem meu nome, eu com elas estarei &#8221; &#8211; Jesus (Mateus 18:20)<\/p>\n<p>Tornou-se not\u00f3rio nos arrai\u00e1s esp\u00edritas, que h\u00e1 duas formas de se conhecer a Doutrina: uma pelo amor, outra pela dor. Levando-se em considera\u00e7\u00e3o o atual est\u00e1gio do Planeta, a dor ainda tem sido a grande respons\u00e1vel pelo aporte de almas aflitas \u00e0s Casas Esp\u00edritas, que vem em busca e respostas que mudem o norte de suas vidas.<\/p>\n<p>Estes irm\u00e3os, ap\u00f3s os primeiros contatos, descobrem que a Doutrina Esp\u00edrita n\u00e3o \u00e9 em absoluto a chave m\u00e1gica que promete girar as engrenagens de suas vidas, modificando-as num piscar de olhos, mas sim que esta promove a modifica\u00e7\u00e3o interior, que \u00e9 uma doutrina de amor e sobretudo de esclarecimento, que viabiliza a liberta\u00e7\u00e3o de posturas equivocadas trazendo como consequente l\u00f3gico a reforma \u00edntima.<\/p>\n<p>\u00c9 com a familiariza\u00e7\u00e3o continua dos postulados esp\u00edritas, que estes irm\u00e3os v\u00e3o descobrindo aos poucos a necessidade de harmonizarem-se, principalmente em fam\u00edlia, pois esta \u00e9 a mola propulsora, o mecanismo renovador para o desenvolvimento de preceitos crist\u00e3os, \u00e9 principalmente no lar que o homem tem a oportunidade maior de reencontro como os companheiros do passado, \u00e9 no lar, no seio da fam\u00edlia que desenvolve-se o mecanismo de reajustamento e amor ao pr\u00f3ximo.<\/p>\n<p>Diante destes primeiros entendimentos, surgem ent\u00e3o as primeiras indaga\u00e7\u00f5es. Onde entra o Culto do Evangelho no Lar neste processo? Como devo faz\u00ea-lo? Toda a fam\u00edlia pode participar?<\/p>\n<p>O estudo do Evangelho de Jesus realizado no ambiente dom\u00e9stico, \u00e9 valiosa ferramenta de aperfei\u00e7oamento, foi sob o aconchego e a simplicidade da casa de Sim\u00e3o Pedro, atrav\u00e9s dos exemplos do cotidiano que o Mestre Jesus exortou a import\u00e2ncia dos valores familiares dando &#8220;a casa do homem a qualidade de legitima exportadora de caracteres da vida comum\u00b9&#8221;.<\/p>\n<p>Nos diz Joanna de Angelis que, &#8220;quando a fam\u00edlia ora, Jesus se demora em casa\u00b2&#8221;. A prece no lar tem um papel fundamental na psicosfera do ambiente dom\u00e9stico, \u00e9 entre outras, a oportunidade de agradecimento, a prece em fam\u00edlia \u00e9 poderoso influxo magn\u00e9tico que envolve o lar em efl\u00favios de luz.<\/p>\n<p>Como toda e qualquer tarefa esp\u00edrita, o Culto do Evangelho no Lar requer disciplina e seriedade, vontade deliberada por si s\u00f3 nas basta, \u00e9 necess\u00e1rio entregar-se ao estudo e ao esclarecimento a fim de que, a reuni\u00e3o ocorra de forma natural, sem os mecanicismos e ritos oriundos de outras cren\u00e7as.<\/p>\n<p>N\u00e3o h\u00e1 necessidade de um manual que normatize esta reuni\u00e3o familiar, contudo, devem existir regras b\u00e1sicas que norteiem o processo, de modo que, este n\u00e3o se perca em procedimentos in\u00fateis. Um dia e hor\u00e1rio fixo deve ser definidos para a realiza\u00e7\u00e3o do Culto, visto que contamos com o concurso do bons esp\u00edritos nesta tarefa enobrecedora e que estes n\u00e3o est\u00e3o a nossa inteira disposi\u00e7\u00e3o quando se trata da quest\u00e3o de hor\u00e1rio.<\/p>\n<p>Chegado ent\u00e3o o dia da realiza\u00e7\u00e3o do Culto, desligue pelo menos uma hora antes, os aparelhos de televis\u00e3o e som, ponha sobre a mesa uma jarra com \u00e1gua pura, fa\u00e7a uma leitura de uma mensagem de car\u00e1ter edificante para a prepara\u00e7\u00e3o do ambiente, ap\u00f3s a leitura fa\u00e7a a prece inicial e na sequ\u00eancia, abra ao &#8220;acaso&#8221; uma p\u00e1gina de O Evangelho Segundo o Espiritismo, ou se preferir estude-o de forma sistematizada.<\/p>\n<p>O tempo de dura\u00e7\u00e3o do Culto deve durar entre trinta e sessenta minutos no m\u00e1ximo, para que n\u00e3o se torne mon\u00f3tono ou desinteressante, se tiver crian\u00e7as em idade de sentarem \u00e0 mesa \u00e9 de essencial relev\u00e2ncia a participa\u00e7\u00e3o destas, n\u00e3o se intimide se chegarem visitas inesperadas, explique a o sentido da reuni\u00e3o e convide-as a participarem, se algu\u00e9m da fam\u00edlia se nega a participar, n\u00e3o desanime, se necess\u00e1rio for fa\u00e7a o estudo sozinho, o tempo \u00e9 senhor da raz\u00e3o e a semente plantada com amor logo dar\u00e1 frutos pela for\u00e7a do exemplo.<\/p>\n<p>Cabe salientar que determinados procedimentos e pr\u00e1ticas cabem apenas \u00e0s Casas Esp\u00edritas e que o ambiente dom\u00e9stico n\u00e3o \u00e9 o lugar prop\u00edcio para irradia\u00e7\u00f5es ou fen\u00f4menos mais ostensivos, como a psicofonia por exemplo, o lar em nenhum momento deve ser confundido com Centro Esp\u00edrita.<\/p>\n<p>Meditar nas palavras do Mestre Jesus pelo menos uma vez por semana junto \u00e0queles que dividem conosco o ambiente familiar, fazer da nossa casa um santu\u00e1rio dom\u00e9stico, onde possamos compartilhar do exame sempre novo dos problemas que inquietam os nossos entes queridos, \u00e9 sem d\u00favida um exerc\u00edcio de sublima\u00e7\u00e3o dos valores que permeiam a mais importante c\u00e9lula da sociedade, que \u00e9 a fam\u00edlia.<\/p>\n<p>____________________<\/p>\n<p>1 Jesus no Lar , Cap. 1 Francisco C\u00e2ndido Xavier, pelo Esp\u00edrito Neio L\u00facio &#8211; FEB<br \/>\n2 SOS Fam\u00edlia p\u00e1g. 59 Divaldo Pereira Franco, pelo Esp\u00edrito Joanna de Angelis<\/p>\n<p>(Artigo Publicado na revista O Esp\u00edrita Set\/Dez 2000 &#8211; n\u00ba 107)<\/p>\n","protected":false},"excerpt":{"rendered":"<p>Por Warwick Mota &#8220;Onde que se encontrem duas ou mais pessoas reunidas em meu nome, eu com elas estarei &#8221; &#8211; Jesus (Mateus 18:20) Tornou-se not\u00f3rio nos arrai\u00e1s esp\u00edritas, que h\u00e1 duas formas de se conhecer a Doutrina: uma pelo &hellip; <a href=\"https:\/\/xn--regeneraoplanetria-dsb6a7f.com.br\/index.php\/jesus-no-lar\/culto-do-evangelho-no-lar\/\">Continue lendo <span class=\"meta-nav\">&rarr;<\/span><\/a><\/p>\n","protected":false},"author":1,"featured_media":0,"parent":178,"menu_order":0,"comment_status":"open","ping_status":"open","template":"","meta":{"footnotes":""},"class_list":["post-1177","page","type-page","status-publish","hentry"],"_links":{"self":[{"href":"https:\/\/xn--regeneraoplanetria-dsb6a7f.com.br\/index.php\/wp-json\/wp\/v2\/pages\/1177","targetHints":{"allow":["GET"]}}],"collection":[{"href":"https:\/\/xn--regeneraoplanetria-dsb6a7f.com.br\/index.php\/wp-json\/wp\/v2\/pages"}],"about":[{"href":"https:\/\/xn--regeneraoplanetria-dsb6a7f.com.br\/index.php\/wp-json\/wp\/v2\/types\/page"}],"author":[{"embeddable":true,"href":"https:\/\/xn--regeneraoplanetria-dsb6a7f.com.br\/index.php\/wp-json\/wp\/v2\/users\/1"}],"replies":[{"embeddable":true,"href":"https:\/\/xn--regeneraoplanetria-dsb6a7f.com.br\/index.php\/wp-json\/wp\/v2\/comments?post=1177"}],"version-history":[{"count":0,"href":"https:\/\/xn--regeneraoplanetria-dsb6a7f.com.br\/index.php\/wp-json\/wp\/v2\/pages\/1177\/revisions"}],"up":[{"embeddable":true,"href":"https:\/\/xn--regeneraoplanetria-dsb6a7f.com.br\/index.php\/wp-json\/wp\/v2\/pages\/178"}],"wp:attachment":[{"href":"https:\/\/xn--regeneraoplanetria-dsb6a7f.com.br\/index.php\/wp-json\/wp\/v2\/media?parent=1177"}],"curies":[{"name":"wp","href":"https:\/\/api.w.org\/{rel}","templated":true}]}}