{"id":1193,"date":"2013-06-23T10:03:07","date_gmt":"2013-06-23T13:03:07","guid":{"rendered":"http:\/\/xn--regeneraoplanetria-dsb6a7f.com.br\/?page_id=1193"},"modified":"2013-06-23T10:03:07","modified_gmt":"2013-06-23T13:03:07","slug":"14-dos-lugares-assombrados","status":"publish","type":"page","link":"https:\/\/xn--regeneraoplanetria-dsb6a7f.com.br\/index.php\/lm\/14-dos-lugares-assombrados\/","title":{"rendered":"14 &#8211; Dos lugares assombrados"},"content":{"rendered":"<p>O LIVRO DOS M\u00c9DIUNS \u2013 SEGUNDA PARTE<\/p>\n<p>CAP\u00cdTULO IX<\/p>\n<p><b>DOS LUGARES ASSOMBRADOS<\/b><\/p>\n<p>132. As manifesta\u00e7\u00f5es espont\u00e2neas, que em todos os tempos se h\u00e3o produzido, e a persist\u00eancia de alguns Esp\u00edritos em darem mostras ostensivas de sua presen\u00e7a em certas localidades, constituem a fonte de origem da cren\u00e7a na exist\u00eancia de lugares mal-assombrados.<\/p>\n<p>As respostas que se seguem foram dadas a perguntas feitas sobre este assunto:<\/p>\n<p>1\u00aa Os Esp\u00edritos se apegam unicamente \u00e0s pessoas, ou tamb\u00e9m \u00e0s coisas?<\/p>\n<p>&#8220;Depende da eleva\u00e7\u00e3o deles. Alguns Esp\u00edritos podem apegar-se aos objetos terrenos. Os avarentos, por exemplo, que esconderam seus tesouros e que ainda n\u00e3o est\u00e3o bastante desmaterializados, muitas vezes se obstinam em vigi\u00e1-los e montar-lhes guarda.&#8221;<\/p>\n<p>2\u00aa T\u00eam os Esp\u00edritos errantes lugares de sua predile\u00e7\u00e3o?<\/p>\n<p>&#8220;O princ\u00edpio ainda \u00e9 aqui o mesmo. Os Esp\u00edritos que j\u00e1 se n\u00e3o acham apegados \u00e0 Terra v\u00e3o para onde se lhes oferece ensejo de praticar o amor. S\u00e3o atra\u00eddos mais pelas pessoas do que pelos objetos materiais. Contudo, pode dar-se que dentre eles alguns tenham, durante certo tempo, prefer\u00eancia por determinados lugares. Esses, por\u00e9m, s\u00e3o sempre Esp\u00edritos inferiores.&#8221;<\/p>\n<p>3\u00aa O apego dos Esp\u00edritos a uma localidade, sendo sinal de inferioridade, constituir\u00e1 igualmente prova de serem eles maus?<\/p>\n<p>&#8220;Certamente que n\u00e3o. Pode um Esp\u00edrito ser pouco adiantado, sem que por isso seja mau. N\u00e3o se observa o mesmo entre os homens?&#8221;<\/p>\n<p>4\u00aa Tem qualquer fundamento a cren\u00e7a de que os Esp\u00edritos frequentam de prefer\u00eancia as ru\u00ednas?<\/p>\n<p>&#8220;Nenhum. Os Esp\u00edritos v\u00e3o a tais lugares, como a todos os outros. A imagina\u00e7\u00e3o dos homens \u00e9 que, despertada pelo aspecto l\u00fagubre de certos s\u00edtios, atribui \u00e0 presen\u00e7a dos Esp\u00edritos o que n\u00e3o passa, quase sempre, de efeito muito natural. Quantas vezes o medo n\u00e3o tem feito que se tome por fantasma a sombra de uma \u00e1rvore e por espectros o grito de um animal, ou o sopro do vento? Os Esp\u00edritos gostam da presen\u00e7a dos homens; da\u00ed o preferirem os lugares habitados, aos lugares desertos.&#8221;<\/p>\n<p>a) Contudo, pelo que sabemos da diversidade dos caracteres entre os Esp\u00edritos, podemos inferir a exist\u00eancia de Esp\u00edritos misantropos, que prefiram a solid\u00e3o. &#8220;Por isso mesmo, n\u00e3o respondi de modo absoluto \u00e0 quest\u00e3o. Disse que eles podem vir aos lugares desertos, como a toda parte. \u00c9 evidente que, se alguns se conservam insulados, \u00e9 porque assim lhes apraz. Isso, por\u00e9m, n\u00e3o constitui motivo para que for\u00e7osamente tenham predile\u00e7\u00e3o pelas ru\u00ednas. Em muito maior n\u00famero os h\u00e1 nas cidades e nos pal\u00e1cios, do que no interior dos bosques.&#8221;<\/p>\n<p>5\u00aa Em geral, as cren\u00e7as populares guardam um fundo de verdade. Qual ter\u00e1 sido a origem da cren\u00e7a em lugares mal-assombrados?<\/p>\n<p>&#8220;O fundo de verdade est\u00e1 na manifesta\u00e7\u00e3o dos Esp\u00edritos, na qual o homem instintivamente acreditou desde todos os tempos. Mas, conforme disse acima, o aspecto l\u00fagubre de certos lugares lhe fere a imagina\u00e7\u00e3o e esta o leva naturalmente a colocar nesses lugares os seres que ele considera sobrenaturais. Demais, a entreter essa cren\u00e7a supersticiosa, a\u00ed est\u00e3o as narrativas po\u00e9ticas e os contos fant\u00e1sticos com que o acalentam na inf\u00e2ncia.&#8221;<\/p>\n<p>6\u00aa H\u00e1, para os Esp\u00edritos que costumam reunir-se, dias e horas em que prefiram faz\u00ea-lo?<\/p>\n<p>&#8220;N\u00e3o. Os dias e as horas s\u00e3o medidas de tempo para uso dos homens e para a vida corp\u00f3rea, das quais os Esp\u00edritos nenhuma necessidade sentem e nenhum caso fazem.&#8221;<\/p>\n<p>7\u00aa Donde nasceu a id\u00e9ia de que os Esp\u00edritos v\u00eam preferentemente durante a noite?<\/p>\n<p>&#8220;Da impress\u00e3o que o sil\u00eancio e a obscuridade produzem na imagina\u00e7\u00e3o. Todas essas cren\u00e7as s\u00e3o supersti\u00e7\u00f5es que o conhecimento racional do Espiritismo destruir\u00e1. O mesmo se d\u00e1 com os dias e as horas que muitos julgam lhes serem mais favor\u00e1veis. Fica certo de que a influ\u00eancia da meia-noite nunca existiu, sen\u00e3o nos contos.&#8221;<\/p>\n<p>a) Sendo assim, por que \u00e9 ent\u00e3o que alguns Esp\u00edritos anunciam sua vinda e suas manifesta\u00e7\u00f5es para certos e determinados dias, como a sexta-feira, por exemplo?<\/p>\n<p>&#8220;Isso fazem Esp\u00edritos que aproveitam a credulidade dos homens para se divertirem. Pela mesma raz\u00e3o, h\u00e1 os que se dizem o diabo, ou d\u00e3o a si mesmos nomes infernais. Mostrai-lhes que n\u00e3o vos deixais enganar e n\u00e3o mais voltar\u00e3o.&#8221;<\/p>\n<p>8\u00aa Preferem os Esp\u00edritos frequentar os t\u00famulos onde repousam seus corpos?<\/p>\n<p>&#8220;O corpo era uma simples vestidura. Do mesmo modo que o prisioneiro nenhuma atra\u00e7\u00e3o sente pelas correntes que o prendem, os Esp\u00edritos nenhuma experimentam pelo envolt\u00f3rio que os fez sofrer. A lembran\u00e7a das pessoas que lhes s\u00e3o caras \u00e9 a \u00fanica coisa que para eles tem valor.&#8221;<\/p>\n<p>a) S\u00e3o-lhes mais agrad\u00e1veis, do que quaisquer outras, as preces que por eles se fa\u00e7am junto dos t\u00famulos de seus corpos?<\/p>\n<p>&#8220;A prece, bem o sabes, \u00e9 uma evoca\u00e7\u00e3o que atrai os Esp\u00edritos. Tanto maior a\u00e7\u00e3o ter\u00e1, quanto mais fervorosa e sincera for. Ora, junto de um t\u00famulo venerado, sempre se est\u00e1 em maior recolhimento, do que algures, e a conserva\u00e7\u00e3o de estimadas rel\u00edquias \u00e9 em testemunho de afei\u00e7\u00e3o dado ao Esp\u00edrito e que nunca deixa de o sensibilizar.<\/p>\n<p>O que atua sobre o Esp\u00edrito \u00e9 sempre o pensamento e n\u00e3o os objetos materiais. Mais influ\u00eancia, do que sobre o Esp\u00edrito, exercem esses objetos sobre aquele que ora, porque lhe fixam a aten\u00e7\u00e3o.&#8221;<\/p>\n<p>9\u00aa A vista disso, parece que n\u00e3o se deve considerar absolutamente falsa a cren\u00e7a em lugares mal-assombrados?<\/p>\n<p>&#8220;Dissemos que certos Esp\u00edritos podem sentir-se atra\u00eddos por coisas materiais. Podem s\u00ea-lo por determinados lugares, onde parecem estabelecer domic\u00edlio, at\u00e9 que desapare\u00e7am as circunst\u00e2ncias que os faziam buscar esses lugares. &#8221;<\/p>\n<p>a) Que circunst\u00e2ncias podem induzi-los a buscar tais lugares?<\/p>\n<p>&#8220;A simpatia por algumas das pessoas que os frequentam, ou o desejo de com elas se comunicarem. Entretanto, nem sempre os animam inten\u00e7\u00f5es louv\u00e1veis. Quando s\u00e3o Esp\u00edritos maus, podem pretender tirar vingan\u00e7a de pessoas de quem guardam queixas. A perman\u00eancia em determinado lugar tamb\u00e9m pode ser, para alguns, uma puni\u00e7\u00e3o que lhes \u00e9 infligida, sobretudo se ali cometeram um crime, a fim de que o tenham constantemente diante dos olhos (1).&#8221; (- (1) Veja-se <b>Revue Spirite<\/b>, de fevereiro de 1860: &#8220;Hist\u00f3ria de um danado&#8221;.) \u2013<\/p>\n<p>10\u00aa Os lugares assombrados sempre o s\u00e3o por antigos habitantes deles?<\/p>\n<p>&#8220;Sempre, n\u00e3o &#8211; \u00e0s vezes, porquanto, se o antigo habitante de um desses lugares \u00e9 Esp\u00edrito elevado, t\u00e3o pouco se preocupar\u00e1 com a sua habita\u00e7\u00e3o terrena, quanto com o seu corpo. Os Esp\u00edritos que assombram certos lugares muitas vezes n\u00e3o t\u00eam, para assim procederem, outro motivo que n\u00e3o simples capricho, a menos que para l\u00e1 sejam atra\u00eddos pela simpatia que lhes inspirem determinadas pessoas.&#8221;<\/p>\n<p>a) Podem estabelecer-se num lugar desses com o fito de protegerem uma pessoa, ou a pr\u00f3pria fam\u00edlia?<\/p>\n<p>&#8220;Certamente, se forem Esp\u00edritos bons; por\u00e9m, neste caso, nunca manifestam sua presen\u00e7a por meios desagrad\u00e1veis.&#8221;<\/p>\n<p>11\u00aa Haver\u00e1 alguma coisa de real na hist\u00f3ria da Dama Branca&#8217;?<\/p>\n<p>&#8220;Mero conto, extra\u00eddo de mil fatos verdadeiros.&#8221;<\/p>\n<p>12\u00aa Ser\u00e1 racional temerem-se os lugares assombrados pelos Esp\u00edritos?<\/p>\n<p>&#8220;N\u00e3o. Os Esp\u00edritos que frequentam certos lugares, produzindo neles desordens, antes querem divertir-se \u00e0 custa da credulidade e da poltronaria dos homens, do que lhes fazer mal. Ali\u00e1s, deveis lembrar-vos de que em toda parte h\u00e1 Esp\u00edritos e de que, assim, onde quer que estejais, os tereis ao vosso lado, ainda mesmo nas mais tranquilas habita\u00e7\u00f5es. Quase sempre, eles s\u00f3 assombram certas casas, porque encontram ensejo de manifestarem sua presen\u00e7a nelas.&#8221;<\/p>\n<p>13\u00aa Haver\u00e1 meios de os expulsar?<\/p>\n<p>&#8220;H\u00e1; por\u00e9m, as mais das vezes o que fazem, para isso, os atrai, em vez de os afastar. O melhor meio de expulsar os maus Esp\u00edritos consiste em atrair os bons. Atra\u00ed, pois, os bons Esp\u00edritos, praticando todo o bem que puderdes, e os maus desaparecer\u00e3o, visto que o bem e o mal s\u00e3o incompat\u00edveis. Sede sempre bons e somente bons Esp\u00edritos tereis junto de v\u00f3s.&#8221;<\/p>\n<p>a) H\u00e1, no entanto, pessoas muito bondosas que vivem \u00e0s voltas com as tropelias dos maus Esp\u00edritos. Por qu\u00ea?<\/p>\n<p>&#8220;Se essas pessoas s\u00e3o realmente boas, isso acontece talvez como prova, para lhes exercitar a paci\u00eancia e concit\u00e1-las a se tornarem ainda melhores. Fica certo, por\u00e9m, de que n\u00e3o s\u00e3o os que continuamente falam das virtudes os que mais as possuem. Aquele que \u00e9 possuidor de qualidades reais quase sempre o ignora, ou delas nunca fala.&#8221;<\/p>\n<p>14\u00aa Que se deve pensar com rela\u00e7\u00e3o \u00e0 efic\u00e1cia dos exorcismos, para expelir dos lugares mal-assombrados os maus Esp\u00edritos?<\/p>\n<p>&#8220;J\u00e1 tiveste ocasi\u00e3o de verificar a efic\u00e1cia desse processo? N\u00e3o tens visto, ao contr\u00e1rio, as tropelias redobrarem de intensidade, depois das cerim\u00f4nias do exorcismo?<\/p>\n<p>\u00c9 que os Esp\u00edritos que as causam se divertem com o serem tomados pelo diabo.<\/p>\n<p>&#8220;Tamb\u00e9m, os que se n\u00e3o apresentam com inten\u00e7\u00f5es mal\u00e9volas podem manifestar sua presen\u00e7a por meio de arru\u00eddos e at\u00e9 tornando-se vis\u00edveis, mas nunca praticam desordens, nem inc\u00f4modos. S\u00e3o, frequentemente, Esp\u00edritos sofredores, cujos sofrimentos podeis aliviar orando por eles. Outras vezes, s\u00e3o mesmo Esp\u00edritos benfazejos, que vos querem provar estarem junto de v\u00f3s, ou, ent\u00e3o, Esp\u00edritos levianos que brincam. Como quase sempre os que perturbam o repouso s\u00e3o Esp\u00edritos que se divertem, o que de melhor t\u00eam a fazer, os que se v\u00eaem perseguidos, \u00e9 rir do que lhes sucede. Os perturbadores se cansam, verificando que n\u00e3o conseguem meter medo, nem impacientar.&#8221; (Veja-se atr\u00e1s o cap\u00edtulo V<i>D<\/i>: <i>as manifesta\u00e7\u00f5es espont\u00e2neas<\/i>)<i>.<\/i><\/p>\n<p>Resulta das explica\u00e7\u00f5es acima haver Esp\u00edritos que se prendem a certos lugares, preferindo permanecer neles, sem que, entretanto, tenham necessidade de manifestar sua presen\u00e7a por meio de efeitos sens\u00edveis. Qualquer lugar pode constituir morada obrigat\u00f3ria, ou predileta de um Esp\u00edrito, embora mau, sem que jamais qualquer manifesta\u00e7\u00e3o se produza.<\/p>\n<p>Os que se prendem a certas localidades, ou a certas coisas materiais nunca s\u00e3o Esp\u00edritos superiores. Contudo, mesmo que n\u00e3o perten\u00e7am a esta categoria, pode dar-se que n\u00e3o sejam maus e nenhuma inten\u00e7\u00e3o m\u00e1 alimentem. N\u00e3o raro, s\u00e3o at\u00e9 comensais mais \u00fateis do que prejudiciais, porquanto, desde que se interessam pelas pessoas, podem protege-las.<\/p>\n","protected":false},"excerpt":{"rendered":"<p>O LIVRO DOS M\u00c9DIUNS \u2013 SEGUNDA PARTE CAP\u00cdTULO IX DOS LUGARES ASSOMBRADOS 132. As manifesta\u00e7\u00f5es espont\u00e2neas, que em todos os tempos se h\u00e3o produzido, e a persist\u00eancia de alguns Esp\u00edritos em darem mostras ostensivas de sua presen\u00e7a em certas localidades, &hellip; <a href=\"https:\/\/xn--regeneraoplanetria-dsb6a7f.com.br\/index.php\/lm\/14-dos-lugares-assombrados\/\">Continue lendo <span class=\"meta-nav\">&rarr;<\/span><\/a><\/p>\n","protected":false},"author":1,"featured_media":0,"parent":893,"menu_order":0,"comment_status":"open","ping_status":"open","template":"","meta":{"footnotes":""},"class_list":["post-1193","page","type-page","status-publish","hentry"],"_links":{"self":[{"href":"https:\/\/xn--regeneraoplanetria-dsb6a7f.com.br\/index.php\/wp-json\/wp\/v2\/pages\/1193","targetHints":{"allow":["GET"]}}],"collection":[{"href":"https:\/\/xn--regeneraoplanetria-dsb6a7f.com.br\/index.php\/wp-json\/wp\/v2\/pages"}],"about":[{"href":"https:\/\/xn--regeneraoplanetria-dsb6a7f.com.br\/index.php\/wp-json\/wp\/v2\/types\/page"}],"author":[{"embeddable":true,"href":"https:\/\/xn--regeneraoplanetria-dsb6a7f.com.br\/index.php\/wp-json\/wp\/v2\/users\/1"}],"replies":[{"embeddable":true,"href":"https:\/\/xn--regeneraoplanetria-dsb6a7f.com.br\/index.php\/wp-json\/wp\/v2\/comments?post=1193"}],"version-history":[{"count":0,"href":"https:\/\/xn--regeneraoplanetria-dsb6a7f.com.br\/index.php\/wp-json\/wp\/v2\/pages\/1193\/revisions"}],"up":[{"embeddable":true,"href":"https:\/\/xn--regeneraoplanetria-dsb6a7f.com.br\/index.php\/wp-json\/wp\/v2\/pages\/893"}],"wp:attachment":[{"href":"https:\/\/xn--regeneraoplanetria-dsb6a7f.com.br\/index.php\/wp-json\/wp\/v2\/media?parent=1193"}],"curies":[{"name":"wp","href":"https:\/\/api.w.org\/{rel}","templated":true}]}}