{"id":1231,"date":"2013-06-29T23:18:48","date_gmt":"2013-06-30T02:18:48","guid":{"rendered":"http:\/\/xn--regeneraoplanetria-dsb6a7f.com.br\/?page_id=1231"},"modified":"2013-06-29T23:18:48","modified_gmt":"2013-06-30T02:18:48","slug":"equilibrando-a-ansiedade","status":"publish","type":"page","link":"https:\/\/xn--regeneraoplanetria-dsb6a7f.com.br\/index.php\/os-vicios\/equilibrando-a-ansiedade\/","title":{"rendered":"Equilibrando a Ansiedade"},"content":{"rendered":"<div>\n<p><b><i><span style=\"text-decoration: underline;\"><a href=\"http:\/\/api.ning.com\/files\/Vkk0tXOVinYH4fhYYLQx1mytO0bP2t*JMxoM0gAiQLgjWf-ZP8gTpguHmI9kZKPKwGEQHqYJYXNB5U3tH*LqS6art-FKdf9J\/HappyWomanInField1.jpg\" target=\"_self\"><img decoding=\"async\" alt=\"\" src=\"http:\/\/api.ning.com\/files\/Vkk0tXOVinYH4fhYYLQx1mytO0bP2t*JMxoM0gAiQLgjWf-ZP8gTpguHmI9kZKPKwGEQHqYJYXNB5U3tH*LqS6art-FKdf9J\/HappyWomanInField1.jpg?width=550\" width=\"550\" \/><\/a>Equilibrando a Ansiedade<\/span><\/i><\/b><\/p>\n<p><b><i><\/i><\/b>\u00a0 \u00a0 \u00a0 \u00a0 \u00a0 \u00a0 A sua vida \u00e9 um perfeito resultado de tudo aquilo que voc\u00ea sente. Todas as quest\u00f5es consequenciais s\u00e3o derivadas da matriz sentimental.<\/p>\n<\/div>\n<div>\n<div data-category-id=\"\">\n<p>\u00a0\u00a0\u00a0\u00a0\u00a0\u00a0\u00a0\u00a0\u00a0\u00a0\u00a0 A problem\u00e1tica que envolve as patologias do hoje, em sua realidade vem do seu passado sentimental negativo e decadente. Onde h\u00e1 um verdadeiro ac\u00famulo nocivo que libera no pr\u00f3prio metabolismo atrav\u00e9s da corrente sangu\u00ednea, altas doses de cortisol e adrenalina, advindo dessa forma os primeiros sintomas, tais como; irritabilidade, impaci\u00eancia, mau humor, ins\u00f4nia etc. etc. etc.<\/p>\n<p>N\u00e3o raro tendo como resultado final um quadro depressivo onde vai se instalando a ansiedade pessimista. A ansiedade em si \u00e9 apenas uma forma de voc\u00ea imaginar\/visualizar aquilo que ora espera que suceda, seja algo muito agrad\u00e1vel ou extremamente desagrad\u00e1vel. Podemos separar a ansiedade em duas vertentes, positiva e negativa ou tamb\u00e9m, como queira, otimista e pessimista.<\/p>\n<p>A ansiedade negativa se caracteriza pela predomin\u00e2ncia sempre daquilo que \u00e9 ruim, ou seja, a pessoa torna-se pessimista e assume isto como se fosse natural, onde cada vez mais passa a cultivar a \u201cs\u00edndrome do negativismo\u201d ficando ref\u00e9m das ideias obscuras do racional em desalinho. A pessoa que sofre da ansiedade pessimista vive carregando problemas por onde quer que ela v\u00e1, tendo como consequ\u00eancia certeira a fadiga mental sucedendo em ondas revoltas que tombam o barco sentimental no mar do estresse. A partir da\u00ed os resultados s\u00e3o cada vez piores pelo fato da pessoa viver contabilizando e vivenciando as trag\u00e9dias pessoais. N\u00e3o conseguindo o patroc\u00ednio do contentamento passa a ter como op\u00e7\u00e3o \u00fanica sen\u00e3o sentimentos de fracasso, assumindo assim a triste persona de pobre coitado. O ansioso negativo quando procura uma ajuda terap\u00eautica sofre muito quando percebe seu quadro emocional em que n\u00edvel se encontra. A realidade lhe deixa ora furioso ou at\u00e9 depressivo&#8230; Mergulhando numa d\u00favida ainda pior, surgindo um entrave doloroso entre prosseguir ou fazer de conta que nada \u00e9 real e que um dia isso tudo ir\u00e1 passar.<\/p>\n<p>Mas com tempo percebe que n\u00e3o \u00e9 bem assim. Geralmente tenta fugir se isolando ao m\u00e1ximo da realidade, procurando situa\u00e7\u00f5es ut\u00f3picas compensadoras, mascarando ou maquiando por fora uma falsa realidade mudando sua apar\u00eancia visual com muita frequ\u00eancia, tentando matar sua \u00faltima imagem por entrar em t\u00e9dio consigo mesmo. A cada nova transforma\u00e7\u00e3o uma nova perspectiva, por\u00e9m t\u00edmida, pois vive o drama do pessimismo. At\u00e9 chegar ao ponto de ver que n\u00e3o d\u00e1 mais para adiar. Chegando ao limite das tentativas frustradas retorna para a ajuda profissional recome\u00e7ando tudo novamente&#8230; Isto depois que j\u00e1 experimentou de tudo at\u00e9 mesmo se viciar nas drogas licitas e il\u00edcitas.<\/p>\n<p>Ap\u00f3s essas decepcionantes fugas, volta para dar continuidade ao tratamento terap\u00eautico, \u00e0 semelhan\u00e7a do filho pr\u00f3digo que retorna de onde nunca deveria ter sa\u00eddo. A ansiedade pode apresentar v\u00e1rias etapas que se misturam ou se divorciam fundamentando dessa forma o \u201cprocesso perturbador.\u201d E \u00e9 este processo que vai se apoderando dos arquivos sentimentais, afetando conseq\u00fcentemente o arquivo racional, onde se manifestam os comportamentos aflitivos. E a essa afli\u00e7\u00e3o se d\u00e1 o nome de \u201cs\u00edndrome do futuro\u201d onde surgem variadas fobias no meio social.<\/p>\n<p>Sem perceber corretamente as causas muitos ficam sem respostas e tombam vacilantes nas consequ\u00eancias dos efeitos. No mundo todo se estima um percentual avassalador de pessoas que vivenciam a ansiedade pessimista. Valendo-se de uma realidade que os meios s\u00e3o sempre os mesmos, por\u00e9m, as op\u00e7\u00f5es buscadas s\u00e3o literalmente paradoxais. O ansioso pessimista sempre espera por resultados sofridos e obscuros visualizados precocemente pelas lentes do sentimental desequilibrado.<\/p>\n<p>A ansiedade pode ser uma \u00f3tima parceira para sua vida, o problema \u00e9 o excessivo meio em que a utilizamos para o lado sempre errado, se voc\u00ea souber us\u00e1-la para o lado correto s\u00f3 ter\u00e1 resultados satisfat\u00f3rios. Utilizando sentimentos e pensamentos positivos voc\u00ea passa a gerenciar a ansiedade. Ao contrario de quando voc\u00ea s\u00f3 t\u00eam sentimentos e pensamentos negativos voc\u00ea \u00e9 gerenciado pela ansiedade negativa.<\/p>\n<p>Voc\u00ea pode ser uma obra prima de entusiasmo, optando pela ansiedade positiva, guarde bem isso que vou lhe dizer: H\u00e1 pessoas que chegam ao fundo do po\u00e7o tristonhas, mas h\u00e1 outras que encontram petr\u00f3leo&#8230;<\/p>\n<p>C\u00e9lio Faria<\/p>\n<p><a href=\"http:\/\/api.ning.com\/files\/AC1iPHFwZ0oxTgyzEoN5DyLhzOuppLN6-tXTfIvSqSSVs56cEb1cLbFrNbZQvD2zuk1WA5IL9BfCHESmD2m-1ErsDPYUmfi5\/clioFaria.jpg\" target=\"_self\"><img decoding=\"async\" alt=\"\" src=\"http:\/\/api.ning.com\/files\/AC1iPHFwZ0oxTgyzEoN5DyLhzOuppLN6-tXTfIvSqSSVs56cEb1cLbFrNbZQvD2zuk1WA5IL9BfCHESmD2m-1ErsDPYUmfi5\/clioFaria.jpg?width=125\" width=\"125\" \/><\/a>*<a href=\"http:\/\/www.redeamigoespirita.com.br\/profile\/celiofariadasilva?xg_source=profiles_memberList\">C\u00e9lio Faria da Silva<\/a>\u00a0\u00e9 Psicoterapeuta Hol\u00edstico, Escritor, Coach, Palestrante Motivacional e pesquisador do comportamento humano.<\/p>\n<p>Orador, escritor e trabalhador esp\u00edrita da Sociedade Guarapari de Estudos Esp\u00edritas.\u00a0Para Solicitar palestras e outros trabalhos realizados pelo autor, escreva para<a href=\"mailto:assessoria.terapeutacelio@gmail.com\">assessoria.terapeutacelio@gmail.com<\/a>\u00a0 ou ligue para (27)3361-3442 ou 3261-0973<\/p>\n<p>Blog:\u00a0<a href=\"http:\/\/www.terapeutacelio.blogspot.com\/\" target=\"_blank\">www.terapeutacelio.blogspot.com<\/a><\/p>\n<\/div>\n<\/div>\n","protected":false},"excerpt":{"rendered":"<p>Equilibrando a Ansiedade \u00a0 \u00a0 \u00a0 \u00a0 \u00a0 \u00a0 A sua vida \u00e9 um perfeito resultado de tudo aquilo que voc\u00ea sente. Todas as quest\u00f5es consequenciais s\u00e3o derivadas da matriz sentimental. \u00a0\u00a0\u00a0\u00a0\u00a0\u00a0\u00a0\u00a0\u00a0\u00a0\u00a0 A problem\u00e1tica que envolve as patologias do hoje, &hellip; <a href=\"https:\/\/xn--regeneraoplanetria-dsb6a7f.com.br\/index.php\/os-vicios\/equilibrando-a-ansiedade\/\">Continue lendo <span class=\"meta-nav\">&rarr;<\/span><\/a><\/p>\n","protected":false},"author":1,"featured_media":0,"parent":1019,"menu_order":0,"comment_status":"open","ping_status":"open","template":"","meta":{"footnotes":""},"class_list":["post-1231","page","type-page","status-publish","hentry"],"_links":{"self":[{"href":"https:\/\/xn--regeneraoplanetria-dsb6a7f.com.br\/index.php\/wp-json\/wp\/v2\/pages\/1231","targetHints":{"allow":["GET"]}}],"collection":[{"href":"https:\/\/xn--regeneraoplanetria-dsb6a7f.com.br\/index.php\/wp-json\/wp\/v2\/pages"}],"about":[{"href":"https:\/\/xn--regeneraoplanetria-dsb6a7f.com.br\/index.php\/wp-json\/wp\/v2\/types\/page"}],"author":[{"embeddable":true,"href":"https:\/\/xn--regeneraoplanetria-dsb6a7f.com.br\/index.php\/wp-json\/wp\/v2\/users\/1"}],"replies":[{"embeddable":true,"href":"https:\/\/xn--regeneraoplanetria-dsb6a7f.com.br\/index.php\/wp-json\/wp\/v2\/comments?post=1231"}],"version-history":[{"count":0,"href":"https:\/\/xn--regeneraoplanetria-dsb6a7f.com.br\/index.php\/wp-json\/wp\/v2\/pages\/1231\/revisions"}],"up":[{"embeddable":true,"href":"https:\/\/xn--regeneraoplanetria-dsb6a7f.com.br\/index.php\/wp-json\/wp\/v2\/pages\/1019"}],"wp:attachment":[{"href":"https:\/\/xn--regeneraoplanetria-dsb6a7f.com.br\/index.php\/wp-json\/wp\/v2\/media?parent=1231"}],"curies":[{"name":"wp","href":"https:\/\/api.w.org\/{rel}","templated":true}]}}