{"id":1242,"date":"2013-07-01T23:09:00","date_gmt":"2013-07-02T02:09:00","guid":{"rendered":"http:\/\/xn--regeneraoplanetria-dsb6a7f.com.br\/?page_id=1242"},"modified":"2013-07-01T23:09:00","modified_gmt":"2013-07-02T02:09:00","slug":"carinho-dos-pais","status":"publish","type":"page","link":"https:\/\/xn--regeneraoplanetria-dsb6a7f.com.br\/index.php\/familia\/carinho-dos-pais\/","title":{"rendered":"Carinho dos Pais"},"content":{"rendered":"<p><b>CARINHO DOS PAIS BENEFICIA C\u00c9REBRO DAS CRIAN\u00c7AS <\/b><\/p>\n<p>O c\u00e9rebro n\u00e3o nasce pron\u00adto. Al\u00e9m da gen\u00e9tica, as experi\u00eancias vivenciadas nos primeiros tr\u00eas anos de vida s\u00e3o determinantes \u2013 at\u00e9 mais do que os genes \u2013 para moldar o fun\u00adcionamento cerebral diante de situa\u00e7\u00f5es estressantes, desafiadoras e frustrantes. A informa\u00e7\u00e3o \u00e9 da neurocientista Suzana Herculano-Houzel, em mat\u00e9ria publicada em 14 de mar\u00e7o no portal IG, sob o t\u00edtulo \u201cCarinho dos pais na inf\u00e2ncia molda o c\u00e9\u00adrebro das crian\u00e7as\u201d, de autoria da jornalis\u00adta Fernanda Aranda.<\/p>\n<p>Em palestra realizada em S\u00e3o Paulo, Suzana explicou como as doses de afe\u00adto s\u00e3o receitas de sucesso para arquitetar um c\u00e9rebro sadio no presente e no futu\u00adro: \u201cTodo e qualquer processo de apren\u00addizado, sendo crian\u00e7a ou adulto, exige a repeti\u00e7\u00e3o, por meio da tentativa e do erro. Mas nos primeiros anos de vida, o c\u00e9re\u00adbro compreende mais r\u00e1pido como reagir. [&#8230;] \u00c9 claro que a gen\u00e9tica influencia em nossas habilidades e caracter\u00edsticas. Mas a viv\u00eancia da crian\u00e7a e os exemplos que ela tem dentro de casa s\u00e3o fundamentais para a cria\u00e7\u00e3o deste comportamento. [&#8230;] S\u00e3o v\u00e1rias pesquisas cient\u00edficas que com\u00adprovam o carinho f\u00edsico, o toque e o con\u00adtato como um moldador cerebral que torna a crian\u00e7a mais h\u00e1bil e com o sistema de prote\u00e7\u00e3o org\u00e2nico mais forte. Isso aconte\u00adce por causa da ocitocina, um horm\u00f4nio altamente influente na forma\u00e7\u00e3o cerebral, que \u00e9 produzido durante a amamenta\u00e7\u00e3o e liberado tamb\u00e9m no abra\u00e7o, no beijo, na massagem. A ocitocina \u00e9 respons\u00e1vel por fazer com que o c\u00e9rebro produza a capa\u00adcidade de v\u00ednculo e acalma todas as partes cerebrais acionadas em situa\u00e7\u00f5es estres\u00adsantes. O que \u00e9 uma \u00f3tima preven\u00e7\u00e3o da ansiedade e outros transtornos de compor\u00adtamento que, \u00e0s vezes, s\u00f3 se manifestam na vida adulta. Receber ou n\u00e3o carinho modifica para sempre como o c\u00e9rebro vai reagir diante do estresse e da frustra\u00e7\u00e3o. Mas, apesar de ser muito mais marcante na inf\u00e2ncia, o carinho sempre influencia. Nunca \u00e9 tarde para come\u00e7ar.\u201d<\/p>\n<p>No livro \u201cMais Luz\u201d (ed. GEEM), psicografado por Chico Xavier, o Esp\u00edrito Batu\u00edra dedica um dos cap\u00edtulos ao \u201cAm\u00adparo \u00e0 crian\u00e7a\u201d:<\/p>\n<p>\u201cSe nos propomos a edificar o futuro com o Cristo de Deus, \u00e9 necess\u00e1rio auxi\u00adliar a crian\u00e7a.<\/p>\n<p>Se desejamos solucionar os proble\u00admas do mundo, de maneira definitiva, \u00e9 indispens\u00e1vel ajudar a crian\u00e7a.<\/p>\n<p>Se buscamos sustentar a dignidade humana, abolindo a perturba\u00e7\u00e3o e imu\u00adnizando o povo contra as calamidades da delinqu\u00eancia, \u00e9 preciso proteger a crian\u00e7a.<\/p>\n<p>Se anelamos a constru\u00e7\u00e3o da Era Nova, na qual as criaturas entrelacem as m\u00e3os na verdadeira fraternidade, em bases de servi\u00e7o e sublima\u00e7\u00e3o espiritual, \u00e9 im\u00adprescind\u00edvel socorrer a crian\u00e7a.<\/p>\n<p>Entretanto, convenhamos que os grandes malfeitores da Terra, os fazedores de guerra e os verdugos das na\u00e7\u00f5es, via de regra, foram crian\u00e7as primorosamente resguardadas contra quaisquer prova\u00e7\u00f5es na inf\u00e2ncia.<\/p>\n<p>E, ainda hoje, os jovens transviados habitualmente procedem de climas do\u00adm\u00e9sticos em que a abastan\u00e7a material n\u00e3o lhes proporcionou ensejo a qualquer disci\u00adplina, pelo conforto excessivo.<\/p>\n<p>Urge, pois, n\u00e3o s\u00f3 amparar a crian\u00e7a, mas educar a crian\u00e7a e induzi-la ao esfor\u00ad\u00e7o de constru\u00e7\u00e3o do Mundo Melhor.\u201d<\/p>\n<p>FONTE: BOLETIM DO SEI \u2013 SERVI\u00c7O ESP\u00cdRITA DE INFORMA\u00c7\u00d5ES \u2013 RJ<\/p>\n<p>(Colabora\u00e7\u00e3o da amiga Marta)<\/p>\n","protected":false},"excerpt":{"rendered":"<p>CARINHO DOS PAIS BENEFICIA C\u00c9REBRO DAS CRIAN\u00c7AS O c\u00e9rebro n\u00e3o nasce pron\u00adto. Al\u00e9m da gen\u00e9tica, as experi\u00eancias vivenciadas nos primeiros tr\u00eas anos de vida s\u00e3o determinantes \u2013 at\u00e9 mais do que os genes \u2013 para moldar o fun\u00adcionamento cerebral diante &hellip; <a href=\"https:\/\/xn--regeneraoplanetria-dsb6a7f.com.br\/index.php\/familia\/carinho-dos-pais\/\">Continue lendo <span class=\"meta-nav\">&rarr;<\/span><\/a><\/p>\n","protected":false},"author":1,"featured_media":0,"parent":1064,"menu_order":0,"comment_status":"open","ping_status":"open","template":"","meta":{"footnotes":""},"class_list":["post-1242","page","type-page","status-publish","hentry"],"_links":{"self":[{"href":"https:\/\/xn--regeneraoplanetria-dsb6a7f.com.br\/index.php\/wp-json\/wp\/v2\/pages\/1242","targetHints":{"allow":["GET"]}}],"collection":[{"href":"https:\/\/xn--regeneraoplanetria-dsb6a7f.com.br\/index.php\/wp-json\/wp\/v2\/pages"}],"about":[{"href":"https:\/\/xn--regeneraoplanetria-dsb6a7f.com.br\/index.php\/wp-json\/wp\/v2\/types\/page"}],"author":[{"embeddable":true,"href":"https:\/\/xn--regeneraoplanetria-dsb6a7f.com.br\/index.php\/wp-json\/wp\/v2\/users\/1"}],"replies":[{"embeddable":true,"href":"https:\/\/xn--regeneraoplanetria-dsb6a7f.com.br\/index.php\/wp-json\/wp\/v2\/comments?post=1242"}],"version-history":[{"count":0,"href":"https:\/\/xn--regeneraoplanetria-dsb6a7f.com.br\/index.php\/wp-json\/wp\/v2\/pages\/1242\/revisions"}],"up":[{"embeddable":true,"href":"https:\/\/xn--regeneraoplanetria-dsb6a7f.com.br\/index.php\/wp-json\/wp\/v2\/pages\/1064"}],"wp:attachment":[{"href":"https:\/\/xn--regeneraoplanetria-dsb6a7f.com.br\/index.php\/wp-json\/wp\/v2\/media?parent=1242"}],"curies":[{"name":"wp","href":"https:\/\/api.w.org\/{rel}","templated":true}]}}