{"id":1360,"date":"2013-07-22T09:55:30","date_gmt":"2013-07-22T12:55:30","guid":{"rendered":"http:\/\/xn--regeneraoplanetria-dsb6a7f.com.br\/?page_id=1360"},"modified":"2013-07-22T09:55:30","modified_gmt":"2013-07-22T12:55:30","slug":"gravidez-sem-espirito","status":"publish","type":"page","link":"https:\/\/xn--regeneraoplanetria-dsb6a7f.com.br\/index.php\/aborto\/gravidez-sem-espirito\/","title":{"rendered":"Gravidez sem esp\u00edrito"},"content":{"rendered":"<div>\n<p>(Do site: www.redeamigoespirita.com.br)<\/p>\n<ul>\n<li><strong><a href=\"http:\/\/api.ning.com\/files\/KZSnfzwheCMB03FjQBoUZbolQVAIbPUxE23cBUax277*GwU8p2ya-LVOxcl-FZ-JC3OyjDTZXsjkI35Xq7Iqbo2cJ5frgUWo\/gravidez1.jpg\" target=\"_self\"><img decoding=\"async\" alt=\"\" src=\"http:\/\/api.ning.com\/files\/KZSnfzwheCMB03FjQBoUZbolQVAIbPUxE23cBUax277*GwU8p2ya-LVOxcl-FZ-JC3OyjDTZXsjkI35Xq7Iqbo2cJ5frgUWo\/gravidez1.jpg?width=300\" width=\"300\" \/><\/a><\/strong><\/li>\n<\/ul>\n<p>GISELLE FACHETTI MACHADO (Goi\u00e2nia\/GO)<\/p>\n<p>Perten\u00e7o a um grupo envolvido em um Projeto chamado Esperan\u00e7a e Luz, que foi elaborado pela equipe espiritual que assiste a Comunidade Esp\u00edrita Ramat\u00eds e que pretende auxiliar esp\u00edritos que se preparam para reencarnar, assim como auxiliar, tamb\u00e9m,\u00a0 as fam\u00edlias que os receber\u00e3o.<\/p>\n<\/div>\n<div>\n<div data-category-id=\"\">\n<p>\u00a0O trabalho \u00e9 realizado em dois momentos. Inicialmente estudamos um trecho instrutivo e \u00e0 seguir passamos ao treinamento medi\u00fanico. Em nossa \u00faltima reuni\u00e3o, eu fui escalada para apresentar o cap\u00edtulo n\u00famero 21 do Livro Gravidez Sublime Interc\u00e2mbio, de Ricardo di Bernardi.<\/p>\n<p>O que li, pesquisei e apresentei sobre o assunto abordado me intrigou. O t\u00edtulo do cap\u00edtulo \u00e9 Gravidez sem reencarna\u00e7\u00e3o. Ricardo di Bernadi abre esse cap\u00edtulo com a transcri\u00e7\u00e3o da quest\u00e3o 356 do Livro dos Esp\u00edritos.<\/p>\n<p><b>&#8211; Entre os natimortos alguns haver\u00e1 que\u00a0<\/b><b>n\u00e3o tenham sido destinados \u00e0 encarna\u00e7\u00e3o de Esp\u00edrito?<\/b><\/p>\n<p><b><\/b><b>\u201cAlguns h\u00e1, efetivamente,\u00a0<\/b><b>a cujos corpos nenhum esp\u00edrito esteve destinado.\u00a0<\/b><b>Nada tinha que se efetuar para eles.\u00a0<\/b><b>Tais crian\u00e7as ent\u00e3o s\u00f3 vem por seus pais.\u201d<\/b><\/p>\n<p align=\"right\">Essa\u00a0 resposta me levou a raciocinar sobre a enormidade de possibilidades relacionadas com o processo reencarnat\u00f3rio. Posso afirmar, sem medo de errar, que nenhum processo reencarnat\u00f3rio \u00e9 igual a outro. Assim como observamos que nenhuma gravidez \u00e9 igual a uma outra.<\/p>\n<p>Entretanto, apesar das varia\u00e7\u00f5es serem imensas, existe um certo grau de padroniza\u00e7\u00e3o entre grupos com maior ou menor afinidade.<\/p>\n<p>Os esp\u00edritos nos esclareceram, naquela oportunidade, que\u00a0 \u00e9 poss\u00edvel ocorrer a situa\u00e7\u00e3o extrema de haver uma gravidez sem que haja esp\u00edrito determinado para aquele corpo em desenvolvimento, todavia, quero crer que o contr\u00e1rio \u00e9 que \u00e9 a regra e esse fato, a exce\u00e7\u00e3o.<\/p>\n<p>Durante o exerc\u00edcio de treinamento medi\u00fanico, realizado naquele dia em particular, in\u00fameras entidades foram atendidas em car\u00e1ter emergencial. Eu, ao contr\u00e1rio da maioria dos meus colegas, n\u00e3o participei desse atendimento, pois fui levada a uma sala do Hospital da Crian\u00e7a (localizado na Col\u00f4nia Espiritual&#8230;..) e ali fui conduzida a uma se\u00e7\u00e3o em que havia aparelhos estranhos, pelo menos sob minha \u00f3tica ainda muito presa aos padr\u00f5es da mat\u00e9ria densa.<\/p>\n<p>Um desses aparelhos foi colocado sobre meu cr\u00e2nio e tive a impress\u00e3o que eles me passavam informa\u00e7\u00f5es para que eu pudesse redigir um artigo sobre esse assunto, tarefa\u00a0 que julguei altamente complexa. Ainda mais que ao pesquisar sobre essa possibilidade, da gravidez sem esp\u00edrito, poucas refer\u00eancias encontrei.<\/p>\n<p>Ap\u00f3s nosso retorno ao corpo f\u00edsico, no ambiente do Centro Esp\u00edrita, uma colega percebeu, ainda, a presen\u00e7a do tal capacete energ\u00e9tico sobre meu cr\u00e2nio.<\/p>\n<p>Ela me alertou sobre o medo que tenho de assumir essa responsabilidade, qual seja, de manifestar-me sobre assuntos pol\u00eamicos dentro da Doutrina Esp\u00edrita. O que n\u00e3o pude deixar de admitir, pois o conforto de escrever sobre assuntos j\u00e1 bem estabelecidos me \u00e9 muito mais convidativo do que navegar em \u00e1guas turbulentas da dial\u00e9tica vanguardista.<\/p>\n<p>Portanto, esfor\u00e7ando-me para superar meus temores me presto a oferecer argumentos para que uma nova concep\u00e7\u00e3o seja constru\u00edda, gradualmente, sobre os s\u00f3lidos pilares Doutrin\u00e1rios codificados por Kardec. Esses argumentos s\u00e3o um am\u00e1lgama do que estudei, raciocinei e recebi por intui\u00e7\u00e3o medi\u00fanica conforme relatado anteriormente. N\u00e3o consigo distingui-los pela origem, quais elaborei e quais me foram sugeridos.<\/p>\n<p>E espero que essa nova an\u00e1lise seja especialmente iluminada pelo exemplo da\u00a0 sistem\u00e1tica de investiga\u00e7\u00e3o cr\u00edtica e racional como a utilizada pelo Mestre Lionez em seu gigantesco trabalho de codifica\u00e7\u00e3o da Nova Revela\u00e7\u00e3o.<\/p>\n<p>Sabemos que o esp\u00edrito imortal, altamente complexo,\u00a0 atua em rela\u00e7\u00e3o ao desenvolvimento embrion\u00e1rio como o Modelo Organizador Biol\u00f3gico descrito por Hernani Guimar\u00e3es j\u00e1 em &#8230;..<\/p>\n<p>Teoria similar veio a ser proposta, apenas recentemente,\u00a0 pelo renomado bi\u00f3logo Rupert Sheldrake que chamou esse sistema imaterial com fun\u00e7\u00e3o modeladora, de H. Guimar\u00e3es, de campo morfogen\u00e9tico.<\/p>\n<p>Inicialmente, ele descreveu os campos m\u00f3rficos que atuam\u00a0 em grupos de seres conectados entre si por inter-rela\u00e7\u00e3o perene e os descreveu como a teoria do 99\u00ba macaco.<\/p>\n<p>Os campos m\u00f3rficos n\u00e3o s\u00e3o campos el\u00e9tricos ou eletromagn\u00e9ticos, n\u00e3o s\u00e3o campos carreadores de\u00a0 energia,\u00a0 por isso eles n\u00e3o perdem pot\u00eancia em rela\u00e7\u00e3o \u00e1 dist\u00e2ncia em que atuam. Isso se reveste de grande import\u00e2ncia quando consideramos os campos m\u00f3rficos que unem popula\u00e7\u00f5es de animais, seres humanos e<br \/>\noutros grupos de seres vivos. Esses campos transportam informa\u00e7\u00e3o, por mais estranho que isso possa parecer.<\/p>\n<p>O campo morfogen\u00e9tico, de a\u00e7\u00e3o individual, atuaria como modelador tridimensional do crescimento de c\u00e9lulas e tecidos espec\u00edficos permitindo uma adequada propor\u00e7\u00e3o som\u00e1tica entre os diversos \u00f3rg\u00e3os e o organismo como um todo. Fun\u00e7\u00e3o essa n\u00e3o cumprida pelos \u00e1cidos nucl\u00e9icos.<\/p>\n<p>Tal pode ser inferido pela adapta\u00e7\u00e3o de um tecido ex\u00f3geno implantado \u00e0s dimens\u00f5es espaciais do receptor, como ocorre nos\u00a0 transplante de f\u00edgado.<\/p>\n<p>A por\u00e7\u00e3o do \u00f3rg\u00e3o recebida mant\u00e9m sua carga gen\u00e9tica original, por\u00e9m cresce e molda-se ao receptor conforme seu tamanho e n\u00e3o conforme as dimens\u00f5es org\u00e2nicas do doador, pois se assim fosse, o doador teria que ter al\u00e9m de carga gen\u00e9tica compat\u00edvel, ter tamb\u00e9m compat\u00edveis o tamanho de seus \u00f3rg\u00e3os e v\u00edsceras pass\u00edveis de doa\u00e7\u00e3o.<\/p>\n<p>\u00c9 claro que essa compatibilidade se faz necess\u00e1ria, em certos graus, em casos de \u00f3rg\u00e3os como o cora\u00e7\u00e3o, cuja dimens\u00e3o influi na capacidade de a\u00e7\u00e3o como bomba ejetora que \u00e9.<\/p>\n<p>Sem o campo morfogen\u00e9tico, limitador e organizador do crescimento celular e tecidual, esse processo ocorre apenas sob as ordens dos \u00e1cidos nucl\u00e9icos, mas sem a possibilidade da organiza\u00e7\u00e3o espacial tridimensional proporcional como \u00e9 encontrada em organismos vivificados por esse principio.<\/p>\n<p>Tratar-se-ia de prolifera\u00e7\u00e3o tissular semelhante \u00e0 que\u00a0 observamos em meios de cultura artificiais. Talvez, algum grau maior de ordem possa ser oferecido pela a\u00e7\u00e3o indireta do sistema modelador pr\u00f3prio do psicossoma materno. E, \u00e9 este o argumento usado por Andr\u00e9 Luiz no livro Evolu\u00e7\u00e3o em Dois Mundos para explicar a quest\u00e3o 356 do livro dos esp\u00edritos.<\/p>\n<p>Quest\u00e3o esta intrigante pela afirma\u00e7\u00e3o da exist\u00eancia de natimortos para os quais n\u00e3o haveriam esp\u00edritos designados. \u00c9 prov\u00e1vel que o termo natimorto n\u00e3o tenha sido usado conforme\u00a0 \u00e9 hoje definido pela medicina moderna.<\/p>\n<p>Natimorto \u00e9 a morte do feto ocorrida ainda dentro do \u00fatero. Trata-se de morte fetal e n\u00e3o embrion\u00e1ria. Quando ocorre morte fetal precoce, antes de 20 semanas de gesta\u00e7\u00e3o ou embrion\u00e1ria, at\u00e9 12 semanas de gesta\u00e7\u00e3o, o processo de\u00a0 perda \u00e9 chamado de abortamento e o\u00a0 produto do abortamento \u00e9 o aborto.<\/p>\n<p>Quando uma gesta\u00e7\u00e3o chega ao per\u00edodo fetal houve necessariamente a forma\u00e7\u00e3o de todos os \u00f3rg\u00e3os da economia sist\u00eamica humana em seus mais minuciosos detalhes.<\/p>\n<p>O feto precisa de um cora\u00e7\u00e3o eficiente no bombeamento sangu\u00edneo e de um sistema circulat\u00f3rio perfeito para que seu adequado crescimento ocorra. Essa precis\u00e3o somente seria\u00a0 obtida sob a dire\u00e7\u00e3o do campo morfogen\u00e9tico, imaterial, mas imprescind\u00edvel para a morfog\u00eanese exata dos seres vivos.<\/p>\n<p>Caso o sistema morfogen\u00e9tico do pisicossoma, ou esp\u00edrito\u00a0 materno, fosse capaz de oferecer\u00a0 esse controle a um outro indiv\u00edduo em processo de desenvolvimento org\u00e2nico na intimidade dos seus pr\u00f3prios tecidos, poder\u00edamos inferir que analogamente existiria, tamb\u00e9m, outra possibilidade ainda mais question\u00e1vel.<\/p>\n<p>A possibilidade de que, pelo mesmo processo, os tumores oriundos das c\u00e9lulas germinativas\u00a0 pudessem se desenvolver com arquitetura mais harm\u00f4nica do que encontramos, por exemplo,\u00a0 em portadoras de teratomas ovarianos.<\/p>\n<p>Os teratomas possuem a capacidade de multiplica\u00e7\u00e3o e diferencia\u00e7\u00e3o tecidual\u00a0 que encontramos nos embri\u00f5es, mas a falta de um modelador de ordem espiritual faz com que, efetivamente, produzam-se\u00a0 apenas tecidos monstruosamente aglomerados.<\/p>\n<p>Argumentariam outros que, neste caso, n\u00e3o existe a vontade materna em gestar e receber um filho em seus bra\u00e7os. O que, de fato,\u00a0 agiria na condu\u00e7\u00e3o da for\u00e7a do campo morfogen\u00e9tico materno para que atuasse indireta e excepcionalmente sobre os tecidos ovulares.<\/p>\n<p>Entretanto se o campo morfogen\u00e9tico materno j\u00e1 \u00e9 o molde para seu pr\u00f3prio organismo, esperar\u00edamos, nesta circunst\u00e2ncia hipot\u00e9tica, que o organismo gestado, atrav\u00e9s dessa influ\u00eancia, preservasse as caracter\u00edsticas som\u00e1ticas maternas. O que nos parece um tanto complexo para se dar freq\u00fcentemente.<\/p>\n<p>Al\u00e9m dessa quest\u00e3o, mais nos mobiliza o fato relatado em diversas publica\u00e7\u00f5es psicografadas atrav\u00e9s de m\u00e9diuns s\u00e9rios, de que a gravidez que termina em aborto \u00e9 um meio terap\u00eautico do\u00a0 qual espiritualidade se utiliza para recupera\u00e7\u00e3o de esp\u00edritos com risco de ovoidiza\u00e7\u00e3o,\u00a0 ou ainda, para a recupera\u00e7\u00e3o daqueles portadores de deformidades severas do per\u00edspirito.<\/p>\n<p>O tr\u00e2nsito pela mat\u00e9ria, ainda que fugaz, permite a reestrutura\u00e7\u00e3o do corpo espiritual. Os mecanismos de miniaturiza\u00e7\u00e3o e amn\u00e9sia envolvidos no processo permitem o reequil\u00edbrio de esp\u00edritos em sofrimento, principalmente naqueles v\u00edtimas de dores de tamanha intensidade que s\u00e3o tomados por estados de desagrega\u00e7\u00e3o mental severa com grande risco de implos\u00e3o do corpo espiritual.<\/p>\n<p>Tal morbidade espiritual \u00e9 tamb\u00e9m chamada de segunda morte, ou ovoidiza\u00e7\u00e3o. \u00c9 descrita tanto por Andr\u00e9 Luiz no Livro Evolu\u00e7\u00e3o em Dois Mundos, quanto por&#8230; no excelente livro, \u00cdcaro redimido.<\/p>\n<p>Outro argumento que se imp\u00f5e que seja considerado \u00e9 que se uma experi\u00eancia aparentemente traum\u00e1tica e frustrante, como o abortamento espont\u00e2neo,\u00a0 pode ser utilizada para benef\u00edcio dos sofredores, por que permitiria Deus, que esse aspecto fosse desprezado, enquanto in\u00fameros esp\u00edritos necessitam da aben\u00e7oada terapia do choque f\u00edsico?<\/p>\n<p>Sabemos que ocorrem 90 milh\u00f5es de nascimentos por ano no mundo e 60 milh\u00f5es de abortamentos entre os espont\u00e2neos e os provocados. A energia mobilizada nesses processos dolorosos\u00a0 \u00e9 imensa e tem utilidade n\u00e3o s\u00f3 para os envolvidos fisicamente\u00a0 no processo, mas tamb\u00e9m,\u00a0 para os que precisam recuperar\u00a0 anatomia do seu perisp\u00edrito.<\/p>\n<p>Nestes casos, mesmo havendo a influencia do campo morfogen\u00e9tico do esp\u00edrito reencarnante, a forma\u00e7\u00e3o do corpo f\u00edsico fica prejudicada pelo grau de deformidade que esse principio estruturador apresenta.<\/p>\n<p>Gravidezes nestas circunst\u00e2ncias geram embri\u00f5es e fetos com deformidades que s\u00e3o incompat\u00edveis com a vida f\u00edsica, muitas vezes mesmo que a carga gen\u00e9tica seja absolutamente normal. Por isso temos cerca de 10 a 20 por cento de abortamentos em gravidezes clinicamente detectadas.<\/p>\n<p>Do ponto de vista m\u00e9dico existir\u00e3o diversas explica\u00e7\u00f5es para o desenvolvimento inadequado do concepto e sua posterior elimina\u00e7\u00e3o. Doen\u00e7as gen\u00e9ticas, teratogenicidade induzida por fatores ambientais, tais como infec\u00e7\u00f5es e medicamentos, altera\u00e7\u00f5es imunol\u00f3gicas, dist\u00farbios do metabolismo enzim\u00e1tico e prot\u00e9ico&#8230;..<\/p>\n<p>Tais explica\u00e7\u00f5es s\u00e3o absolutamente verdadeiras do ponto de vista material, mas sua origem vai al\u00e9m da quest\u00e3o f\u00edsica. O esp\u00edrito, que deveria presidir a forma\u00e7\u00e3o de um novo corpo f\u00edsico, traz em sua complexidade morfol\u00f3gica as deformidades que se transmitir\u00e3o por resson\u00e2ncia m\u00f3rfica ao seu duplo f\u00edsico.<\/p>\n<p>Em algumas entidades tal \u00e9 a deformidade que apresentam que n\u00e3o s\u00e3o capazes de induzir a mat\u00e9ria a mais do que uma prolifera\u00e7\u00e3o desordenada e agressiva de tecido placent\u00e1rio como observamos nos casos de mola hidatiforme.<\/p>\n<p>Os esp\u00edritos parasitas que se habituaram por s\u00e9culos a extrair energias vitais de seus parceiros obssediados, os quais cumpriam sua penosa caminhada terrena, n\u00e3o mais do que esse talento podem oferecer aos tecidos cuja\u00a0 neoforma\u00e7\u00e3o induziram.<\/p>\n<p>Uma vez tratada a doen\u00e7a e eliminadas as c\u00e9lulas agressivas do organismo materno, a fonte de explora\u00e7\u00e3o seca. E, ent\u00e3o, o parasita \u00e9 for\u00e7ado a obter energias da sua pr\u00f3pria economia fisiol\u00f3gica.<\/p>\n<p>Neste momento crucial ele \u00e9 capaz de vislumbrar flashes de consci\u00eancia, que se refor\u00e7ados pela energia amorosa da fam\u00edlia que sofreu a perda com resigna\u00e7\u00e3o e esperan\u00e7a, servir\u00e3o de combust\u00edvel para o seu desabrochar definitivo como esp\u00edrito consciente, o que j\u00e1 foi antes de afundar no charco de seu desespero.<\/p>\n<p>Portanto, apesar de ser poss\u00edvel em situa\u00e7\u00f5es excepcionais, a exist\u00eancia de gesta\u00e7\u00f5es sem que haja esp\u00edritos a elas destinados, essa situa\u00e7\u00e3o \u00e9 rar\u00edssima. Rara, pois que a espiritualidade superior \u00e9 extremamente organizada e procura n\u00e3o perder nenhuma oportunidade de realizar o bem.<\/p>\n<p>E ainda, quando isso excepcionalmente acontece, tenhamos a certeza que n\u00e3o se formar\u00e1 um sistema org\u00e2nico perfeito e funcional, pois tal n\u00e3o \u00e9 poss\u00edvel sem a influ\u00eancia de um esp\u00edrito com sua estrutura fisiol\u00f3gica minimamente adequada.<\/p>\n<p>Ser\u00e3o no m\u00e1ximo as gravidezes anembrionadas e mais freq\u00fcentemente os microabortos, que ocorrem de forma at\u00e9 impercept\u00edvel ao diagn\u00f3stico cl\u00ednico.<\/p>\n<p>Sabemos que cerca de 70 % dos ovos s\u00e3o perdidos sem que cheguem a gerar gravidez clinicamente detect\u00e1vel. Isto sim, ocorre por n\u00e3o haver esp\u00edrito determinado para encarna\u00e7\u00e3o naquela oportunidade.<\/p>\n<p>Hoje, podemos esclarecer melhor, o que foi genericamente abordado no Livro dos Esp\u00edritos. Naquela \u00e9poca sequer se conheciam as diversas possibilidades em termos de causas org\u00e2nicas de abortamento e teratog\u00eanese. Da\u00ed por que houve uma resposta essencialmente gen\u00e9rica. Agora, entretanto, j\u00e1 temos condi\u00e7\u00f5es de nos depararmos com verdades mais profundas.<\/p>\n<p>A utilidade desse conhecimento se faz pelo objetivo primordial de valoriza\u00e7\u00e3o da vida, quer ela progrida, ou n\u00e3o, al\u00e9m das barreiras do ventre materno. Qualquer que seja a dura\u00e7\u00e3o de uma gravidez, ela deve ser vivida com amor.<\/p>\n<p>Os pais devem saber que o amor que transferem ao esp\u00edrito que foi espontaneamente abortado, ao portador de deformidade f\u00edsica incompat\u00edvel com a vida, ao deficiente, \u00e9 o medicamento aben\u00e7oado que os curar\u00e3o da morbidez que longamente carregam, em fun\u00e7\u00e3o de seus pr\u00f3prios delitos,\u00a0 mas que por caridade Divina tem essa oportunidade impar de tratamento reestruturador.<\/p>\n<p>Se o amor e a aceita\u00e7\u00e3o impregnam as entranhas maternas que acolhem o doente fr\u00e1gil em interna\u00e7\u00e3o de car\u00e1ter\u00a0 intensivo, emergencial\u00a0 e, na maioria das vezes, compuls\u00f3ria, o resultado s\u00f3 pode ser\u00a0 o milagre da recupera\u00e7\u00e3o plena da anatomia espiritual.<\/p>\n<p>Repercuss\u00f5es ainda mais significativas ocorrem como resultados dessas experi\u00eancias marcantes. Em um\u00a0 futuro breve a fam\u00edlia que sofreu com a perda inesperada, pode ser presenteada com uma linda crian\u00e7a, para que cres\u00e7a sob sua guarda. Crian\u00e7a esta agradecida e doutrinada para o bem, j\u00e1 que aprendeu pelo exemplo e pelo sentimento.<\/p>\n<p>A redoma de amor que se formou durante a gravidez frustrada permanece incubando o ex-sofredor e protegendo-o em sua nova fase. \u00c9 um reservat\u00f3rio energ\u00e9tico que o conduz firmemente atrav\u00e9s das desventuras que ter\u00e1 que atravessar, ainda no mundo espiritual, para ser digno de uma outra oportunidade reencarnat\u00f3ria, agora pass\u00edvel de\u00a0 \u00eaxito do ponto de vista de realiza\u00e7\u00f5es crist\u00e3s.<\/p>\n<p>Ele, ap\u00f3s essa sublime transfus\u00e3o energ\u00e9tica recuperadora do seu corpo espiritual debilitado, passa a captar as instru\u00e7\u00f5es superiores e consegue, finalmente, fortalecer-se no caminho do bem. Bem que o conquistou nesse breve per\u00edodo de terapia intensiva que denominamos\u00a0 de choque f\u00edsico de amor.<\/p>\n<p>Esperamos ter ajudado voc\u00ea em sua miss\u00e3o e que o medo de se expor sucumba mediante seu objetivo maior, que \u00e9 a plena valoriza\u00e7\u00e3o da vida. Li\u00e7\u00e3o esta que te compete mais aprender do que ensinar, pelo fato de que mais aprendemos quando ensinamos \u00e9 que voc\u00ea foi convidada a atuar nesse minist\u00e9rio&#8230;.<\/p>\n<p><a href=\"http:\/\/api.ning.com\/files\/A3p24tpmWBxm7xlBt57HxrG3hAmwngK*wWusLP4T26ndjPyhmz7NAIacBCz-tgV84VuHh4z71sktq1L8LDDJojCyqrkO3TRq\/andre.jpg\" target=\"_self\"><img decoding=\"async\" alt=\"\" src=\"http:\/\/api.ning.com\/files\/ekILEQPeb2dmLnRzzgZ6lp-zggaCkaxsqyIMMKqHYT*afRP1yw2LZkOfeEsKSnDNlTu4LqE4dmelxehKQTtsSNAtZvsPwwCk\/GiselleFachettiMachado.jpg?width=120\" width=\"120\" \/><\/a><strong>Giselle Fachetti Machado<\/strong>\u00a0<strong>(Goi\u00e2nia\/GO)<\/strong><\/p>\n<p>M\u00e9dica Ginecologista e Obstetra. Graduada pela Faculdade de Medicina da UFG e,\u00a0 Resid\u00eancia m\u00e9dica e especializa\u00e7\u00e3o em Colposcopia no HC da UFMG. \u00c9 respons\u00e1vel pelo Servi\u00e7o de Colposcopia do Laborat\u00f3rio Atalaia de Goi\u00e2nia. \u00c9 membro da Comunidade Esp\u00edrita Ramat\u00eds, em Goi\u00e2nia e atuante no movimento em Defesa da Vida e na AME Goi\u00e1s (Associa\u00e7\u00e3o M\u00e9dico Esp\u00edrita). Nasceu em 20\/05\/1962 em Cianorte, no Paran\u00e1. Reside em Goi\u00e2nia desde os 6 anos de idade. Oriunda de fam\u00edlia esp\u00edrita sendo que seu av\u00f6 Osmany Coelho e Silva foi pesquisador esp\u00edrita na d\u00e9cada de 1940 no Rio de Janeiro.<\/p>\n<p><a href=\"http:\/\/amigoespirita.ning.com\/profiles\/blog\/show?id=2920723%3ABlogPost%3A268275\">gfachettimachado@uol.com.br\/<\/a><\/p>\n<\/div>\n<\/div>\n","protected":false},"excerpt":{"rendered":"<p>(Do site: www.redeamigoespirita.com.br) GISELLE FACHETTI MACHADO (Goi\u00e2nia\/GO) Perten\u00e7o a um grupo envolvido em um Projeto chamado Esperan\u00e7a e Luz, que foi elaborado pela equipe espiritual que assiste a Comunidade Esp\u00edrita Ramat\u00eds e que pretende auxiliar esp\u00edritos que se preparam para &hellip; <a href=\"https:\/\/xn--regeneraoplanetria-dsb6a7f.com.br\/index.php\/aborto\/gravidez-sem-espirito\/\">Continue lendo <span class=\"meta-nav\">&rarr;<\/span><\/a><\/p>\n","protected":false},"author":1,"featured_media":0,"parent":474,"menu_order":0,"comment_status":"open","ping_status":"open","template":"","meta":{"footnotes":""},"class_list":["post-1360","page","type-page","status-publish","hentry"],"_links":{"self":[{"href":"https:\/\/xn--regeneraoplanetria-dsb6a7f.com.br\/index.php\/wp-json\/wp\/v2\/pages\/1360","targetHints":{"allow":["GET"]}}],"collection":[{"href":"https:\/\/xn--regeneraoplanetria-dsb6a7f.com.br\/index.php\/wp-json\/wp\/v2\/pages"}],"about":[{"href":"https:\/\/xn--regeneraoplanetria-dsb6a7f.com.br\/index.php\/wp-json\/wp\/v2\/types\/page"}],"author":[{"embeddable":true,"href":"https:\/\/xn--regeneraoplanetria-dsb6a7f.com.br\/index.php\/wp-json\/wp\/v2\/users\/1"}],"replies":[{"embeddable":true,"href":"https:\/\/xn--regeneraoplanetria-dsb6a7f.com.br\/index.php\/wp-json\/wp\/v2\/comments?post=1360"}],"version-history":[{"count":0,"href":"https:\/\/xn--regeneraoplanetria-dsb6a7f.com.br\/index.php\/wp-json\/wp\/v2\/pages\/1360\/revisions"}],"up":[{"embeddable":true,"href":"https:\/\/xn--regeneraoplanetria-dsb6a7f.com.br\/index.php\/wp-json\/wp\/v2\/pages\/474"}],"wp:attachment":[{"href":"https:\/\/xn--regeneraoplanetria-dsb6a7f.com.br\/index.php\/wp-json\/wp\/v2\/media?parent=1360"}],"curies":[{"name":"wp","href":"https:\/\/api.w.org\/{rel}","templated":true}]}}