{"id":1539,"date":"2013-09-05T06:36:29","date_gmt":"2013-09-05T09:36:29","guid":{"rendered":"http:\/\/xn--regeneraoplanetria-dsb6a7f.com.br\/?page_id=1539"},"modified":"2013-09-05T06:36:29","modified_gmt":"2013-09-05T09:36:29","slug":"criancas-indigo","status":"publish","type":"page","link":"https:\/\/xn--regeneraoplanetria-dsb6a7f.com.br\/index.php\/transicao\/criancas-indigo\/","title":{"rendered":"Crian\u00e7as \u00cdndigo"},"content":{"rendered":"<p>Richard Simonetti<\/p>\n<p>Faz sucesso e tem recebido aprecia\u00e7\u00f5es elogiosas no pr\u00f3prio meio esp\u00edrita o livro Crian\u00e7as \u00cdndigo, de Lee Carroll e Jan Tober, escritores americanos.<br \/>\nAs crian\u00e7as \u00edndigo, ou azuis, seriam, segundo os autores, uma gera\u00e7\u00e3o de Esp\u00edritos enviados por Deus, com a miss\u00e3o de renovar as rela\u00e7\u00f5es humanas, em novos padr\u00f5es de comportamento, sob a \u00e9gide do amor.<br \/>\nO nome \u00edndigo foi cunhado por Nancy Ann Tappe, que, aparentemente dotada de vis\u00e3o medi\u00fanica, observava essas crian\u00e7as envolvidas por uma aura azul.<br \/>\nSua primeira experi\u00eancia nesse sentido teria ocorrido na d\u00e9cada de 70, no s\u00e9culo passado. Pesquisadores americanos, aderindo \u00e0 id\u00e9ia, identificam crian\u00e7as \u00edndigo por um padr\u00e3o de comportamento.<br \/>\nA\u00ed \u00e9 que a tese fica comprometida, porquanto alguns detalhes n\u00e3o s\u00e3o nada animadores nem lisonjeiros, contrariando no\u00e7\u00f5es relacionadas com o que se espera de algu\u00e9m vinculado a um movimento de renova\u00e7\u00e3o da Humanidade.<\/p>\n<p>1 \u2013 O tema \u00e9, realmente, interessante, j\u00e1 que o pr\u00f3prio Espiritismo nos fala de um processo de renova\u00e7\u00e3o da Humanidade, com a vinda de Esp\u00edritos mais evolu\u00eddos.<br \/>\nPor que voc\u00ea acha que essas chamadas crian\u00e7as \u00edndigo n\u00e3o t\u00eam nada a ver com essa renova\u00e7\u00e3o?<\/p>\n<p>\u00c9 f\u00e1cil.<br \/>\nBasta observar algumas caracter\u00edsticas dessas crian\u00e7as, citadas no livro:<br \/>\n\u2022 Sentem-se e agem como nobres.<br \/>\nEssa postura est\u00e1 mais perto do orgulho do que da humildade que caracteriza os Esp\u00edritos que exercem verdadeira influ\u00eancia para o bem da Humanidade. Conscientes da pr\u00f3pria pequenez, jamais se julgam mais importantes ou especiais diante do pr\u00f3ximo.<br \/>\nMarcante em seu comportamento \u00e9 a disposi\u00e7\u00e3o de servir, como destaca Jesus (Marcos, 9:35):<br \/>\n&#8230; Se algu\u00e9m quiser ser o primeiro, ser\u00e1 o \u00faltimo e servo de todos.<\/p>\n<p>\u2022 Tem dificuldade para lidar com autoridades absolutas (sem explica\u00e7\u00e3o ou possibilidade de questionamento).<br \/>\nA defini\u00e7\u00e3o para essa maneira de ser \u00e9 rebeldia. Passa longe da a\u00e7\u00e3o mission\u00e1ria. Os Esp\u00edritos superiores n\u00e3o desrespeitam as leis, embora possam contest\u00e1-las, empenhando-se em reform\u00e1-las.<br \/>\nO respeito \u00e0s regras institu\u00eddas e aos des\u00edgnios divinos est\u00e1 perfeitamente caracterizado na recomenda\u00e7\u00e3o de Jesus (Mateus, 22:21):<br \/>\n\u2026 Dai a C\u00e9sar o que \u00e9 de C\u00e9sar, a Deus o que \u00e9 de Deus.<\/p>\n<p>\u2022 Parecem n\u00e3o se relacionar bem com pessoa alguma que n\u00e3o lhes seja igual. A escola normalmente \u00e9 uma experi\u00eancia dif\u00edcil para eles, em termos sociais.<br \/>\nSem sociabilidade um Esp\u00edrito pode pontificar nas Artes, na Filosofia, na Ci\u00eancia, mas jamais realizar\u00e1 algo de produtivo em se tratando de influenciar o comportamento humano, em favor de um mundo melhor.<br \/>\nJesus revela a f\u00f3rmula ideal de um relacionamento social perfeito. (Mateus, 22:39): \u2026 amar\u00e1s o teu pr\u00f3ximo como a ti mesmo.<\/p>\n<p>\u2022 Frustram-se com sistemas ou tarefas que seguem rotinas ou situa\u00e7\u00f5es repetitivas em que n\u00e3o possam usar a criatividade.<br \/>\nA vida \u00e9 feita de rotinas em todos os setores da atividade humana e, sem a disciplina necess\u00e1ria para observ\u00e1-las, fica dif\u00edcil sustentar alguma estabilidade e contribuir para a melhoria das condi\u00e7\u00f5es de vida na Terra.<br \/>\nOportuno lembrar que a condi\u00e7\u00e3o essencial enfatizada por Emmanuel, o mentor espiritual de Chico Xavier, para que a sua exist\u00eancia e particularmente a pr\u00e1tica medi\u00fanica fossem produtivas, foi a disciplina.<br \/>\nA indisciplina \u00e9 pr\u00f3pria da imaturidade humana, superada pelo crescimento emocional e espiritual, como destaca Paulo (I Cor\u00edntios, 13:11):<br \/>\nQuando eu era menino, falava como menino, pensava como menino, raciocinava como menino. Mas logo que cheguei a ser homem, acabei com as coisas de menino.<\/p>\n<p>2 \u2013 Consta que h\u00e1 uma entrevista de Nancy Ann Tappe, cujo conte\u00fado \u00e9 comprometedor para as crian\u00e7as \u00edndigo.<\/p>\n<p>Eu diria que tem um conte\u00fado estarrecedor. Diz ela:<br \/>\nTodas as crian\u00e7as que mataram colegas da escola, ou os pr\u00f3prios pais com as quais pude ter contato, eram \u00edndigo.<br \/>\nO entrevistador parece concordar com ela:<br \/>\nIsso \u00e9 interessante. Todas essas crian\u00e7as que matam s\u00e3o \u00edndigos? Isso quer dizer que eles tinham uma vis\u00e3o clara de sua miss\u00e3o, mas algo entrou em seu caminho e elas quiseram se livrar do que imaginavam ser o obst\u00e1culo?<br \/>\nResposta de Nancy: Trata-se de um novo conceito de sobreviv\u00eancia. Todos n\u00f3s possu\u00edamos esse tipo de pensamento macabro quando crian\u00e7as, mas t\u00ednhamos medo de coloc\u00e1-lo em pr\u00e1tica. J\u00e1 os \u00edndigos n\u00e3o t\u00eam esse tipo de medo.<\/p>\n<p>3 \u2013 \u00c9 realmente incr\u00edvel! Segundo a entrevistada, voc\u00ea, como eu e toda gente, quando crian\u00e7as, t\u00ednhamos o impulso de matar quem se nos opusesse, e n\u00e3o o fizemos por medo.<\/p>\n<p>Exatamente. E o \u00edndigo n\u00e3o tem medo. Por isso n\u00e3o se constrange em matar, sejam pais ou colegas de escola. \u00c9 uma l\u00e1stima que haja gente aceitando essa ins\u00e2nia.<br \/>\nSegundo os autores do livro e pesquisadores citados, as crian\u00e7as \u00edndigo costumam, n\u00e3o raro, ser rotuladas como portadoras de um dos dois problemas abaixo:<br \/>\n\u2022 DDA, Dist\u00farbio de Defici\u00eancia de Aten\u00e7\u00e3o.<br \/>\n\u2022 TDAH, Transtorno de Defici\u00eancia de Aten\u00e7\u00e3o com Hiperatividade.<br \/>\nCrian\u00e7as com defici\u00eancia de aten\u00e7\u00e3o t\u00eam dificuldade de concentra\u00e7\u00e3o.<\/p>\n<p>4 \u2013 Pelo que se sabe Crian\u00e7as com defeito de aten\u00e7\u00e3o e hiperatividade, n\u00e3o param quietas, t\u00eam \u201cbicho carpinteiro\u201d, como diriam os pais. Seriam crian\u00e7as problema, n\u00e3o crian\u00e7as mission\u00e1rias.<\/p>\n<p>Exatamente. Isso d\u00e1 para perceber, considerando algumas caracter\u00edsticas, envolvendo esses dois d\u00e9ficits.<br \/>\n\u2022 Tem dificuldade em assistir uma aula, ler um livro, ouvir uma palestra. Comete erros por falta de aten\u00e7\u00e3o a detalhes.<br \/>\n\u2022 \u00c9 desorganizado, tanto no pensamento como externamente, envolvendo hor\u00e1rios, arruma\u00e7\u00e3o de objetos de uso pessoal, cumprimento de prazos, disciplina&#8230;<br \/>\n\u2022 Muda com facilidade de metas e planos. \u00c9 comum ter mais de um casamento ou relacionamento est\u00e1vel.<br \/>\nDiz Nancy: Pelo que pude observar, 90% das crian\u00e7as com menos de dez anos no mundo de hoje pertencem \u00e0 categoria \u00edndigo.<\/p>\n<p>5 \u2013 Dando cr\u00e9dito \u00e0 sua estat\u00edstica estar\u00e1 explicada a conturba\u00e7\u00e3o no Mundo, a dificuldade de relacionamento no lar, a indisciplina, os v\u00edcios, os crimes, o descalabro da sociedade\u2026<\/p>\n<p>E h\u00e1 no livro muitos exemplos desse tipo.<br \/>\nCrian\u00e7as \u00edndigo que deram trabalho na inf\u00e2ncia e na adolesc\u00eancia e nenhum registro de alguma que pontificou na idade adulta como pioneiro de um mundo melhor.<\/p>\n<p>6 \u2013 Voc\u00ea poderia citar um desses casos?<\/p>\n<p>Sim. \u00c9 bem ilustrativo o caso relatado no livro por uma m\u00e3e que se diz feliz ao tomar conhecimento das crian\u00e7as \u00edndigo, porquanto seus filhos se enquadrariam nessa condi\u00e7\u00e3o. Num artigo transcrito no livro, com o t\u00edtulo Meus queridos \u00edndigos!, ela relata sua experi\u00eancia com ambos, portadores um deles de DDA e outro de TDAH.<br \/>\nPara n\u00e3o nos estendermos, vamos falar apenas de Mark, perfil DDA.<br \/>\nO menino ia muito mal na escola. N\u00e3o se relacionava com professores e colegas.<br \/>\nO mesmo problema no lar. Aos 15 anos pediu para morar na casa de um amigo.<br \/>\nMark come\u00e7ou a agir de forma t\u00e3o irregular que foi levado para uma institui\u00e7\u00e3o correcional de menores. Praticou v\u00e1rios delitos, dentre eles o roubo de carro do pai de um amigo. Mesmo depois de sair da institui\u00e7\u00e3o manteve um comportamento conturbado.<br \/>\nCerta feita, a m\u00e3e levou-lhe uma cesta de alimentos. Na casa onde Mark morava com alguns colegas, viu uma est\u00e1tua de Jesus, no alto de uma escada. Havia sido roubada de uma igreja. A m\u00e3e deu um prazo de 48 ao filho para que a est\u00e1tua fosse devolvida. A orienta\u00e7\u00e3o n\u00e3o foi observada. Depois de v\u00e1rios dias insistindo, telefonou \u00e0 pol\u00edcia. O menino foi conduzido \u00e0 pris\u00e3o. Como era menor, ficou preso por um ano.<br \/>\nAlgum tempo depois Mark foi novamente preso por dirigir perigosamente, por excesso de velocidade, por fugir ap\u00f3s causar um acidente e por multas n\u00e3o pagas.<br \/>\nHouve problemas semelhantes com o outro filho, Stuart. Mas, aparentemente, ap\u00f3s tantos trabalhos, ambos criaram ju\u00edzo. Fala deles com orgulho. S\u00e3o, agora, pais de netos que fazem sua alegria.<br \/>\nEla tem certeza (como toda a av\u00f3 sobre as virtudes dos netos) de que s\u00e3o crian\u00e7as muito especiais, \u00edndigos em sua opini\u00e3o. A mesma, obviamente, dos autores do livro, porquanto transcreveram sua experi\u00eancia.<\/p>\n<p>7 \u2013 Ao que parece, analisando o assunto \u00e0 luz da Doutrina Esp\u00edrita, \u00e9 que as crian\u00e7as \u00edndigo s\u00e3o Esp\u00edritos dotados de alguma intelectualidade, mas com um descompasso entre a evolu\u00e7\u00e3o mental e prec\u00e1rio desenvolvimento moral.<\/p>\n<p>Exatamente. N\u00e3o constituem novidade. Desde sempre tivemos no Mundo gente assim. Esp\u00edritos que reencarnam com uma grande miss\u00e3o, n\u00e3o em rela\u00e7\u00e3o \u00e0 Humanidade, mas a si mesmos: a miss\u00e3o de se renovarem, de superarem suas mazelas e imperfei\u00e7\u00f5es, o que, de resto, \u00e9 a finalidade prec\u00edpua da exist\u00eancia humana.<br \/>\nA maior parte do conte\u00fado de Crian\u00e7as \u00cdndigo relaciona-se com orienta\u00e7\u00f5es para cuidar delas. Diga-se de passagem, s\u00e3o \u00fateis no cuidado de qualquer crian\u00e7a.<br \/>\nLiberdade vigiada, di\u00e1logo, toler\u00e2ncia e muito amor.<\/p>\n<p>8 \u2013 H\u00e1 quem veja nas crian\u00e7as \u00edndigo a nova gera\u00e7\u00e3o a que se refere Allan Kardec, em A G\u00eanese, no cap\u00edtulo 18.<\/p>\n<p>Isso \u00e9 lament\u00e1vel. Basta evocar algumas caracter\u00edsticas citadas pelo Codificador para desfazer esse engano. Diz Kardec;<br \/>\nPara que na Terra sejam felizes os homens, preciso \u00e9 que somente a povoem Esp\u00edritos bons, encarnados e desencarnados, que somente ao bem se dediquem.<br \/>\nEm cada crian\u00e7a que nascer, em vez de um Esp\u00edrito atrasado e inclinado ao mal, que antes nela encarnaria, vir\u00e1 um Esp\u00edrito mais adiantado e propenso ao bem.<br \/>\nCabendo-lhe fundar a era do progresso moral, a nova gera\u00e7\u00e3o se distingue por intelig\u00eancia e raz\u00e3o geralmente precoces, juntas ao sentido inato do bem e a cren\u00e7as espiritualistas, o que constitui sinal indubit\u00e1vel de certo grau de adiantamento anterior.<\/p>\n<p>9 \u2013 Poder\u00edamos situar essa nova gera\u00e7\u00e3o como homens que se orientam pelo Bem, embora n\u00e3o sejam puros e perfeitos?<\/p>\n<p>\u00c9 o mais l\u00f3gico. E Kardec nos d\u00e1 algumas caracter\u00edsticas de Esp\u00edritos dessa natureza, em O Evangelho segundo o Espiritismo, cap\u00edtulo XVII: Algumas delas:<\/p>\n<p>O verdadeiro homem de bem \u00e9 o que cumpre a lei de justi\u00e7a, de amor e de caridade, na sua maior pureza. Se ele interroga a consci\u00eancia sobre seus pr\u00f3prios atos, a si mesmo perguntar\u00e1 se violou essa lei, se n\u00e3o praticou o mal, se fez todo o bem que podia, se desprezou voluntariamente alguma ocasi\u00e3o de ser \u00fatil, se ningu\u00e9m tem qualquer queixa dele; enfim, se fez a outrem tudo o que desejara lhe fizessem.<br \/>\nDeposita f\u00e9 em Deus, na Sua bondade, na Sua justi\u00e7a e na Sua sabedoria. Sabe que sem a Sua permiss\u00e3o nada acontece e se Lhe submete \u00e0 vontade em todas as coisas.<br \/>\nTem f\u00e9 no futuro, raz\u00e3o por que coloca os bens espirituais acima dos bens temporais.<br \/>\nO homem de bem \u00e9 bom, humano e benevolente para com todos, sem distin\u00e7\u00e3o de ra\u00e7as, nem de cren\u00e7as, porque em todos os homens v\u00ea irm\u00e3os seus.<br \/>\nRespeita nos outros todas as convic\u00e7\u00f5es sinceras e n\u00e3o lan\u00e7a an\u00e1tema aos que como ele n\u00e3o pensam.<br \/>\n&#8230;Estuda suas pr\u00f3prias imperfei\u00e7\u00f5es e trabalha incessantemente em combat\u00ea-las. Todos os esfor\u00e7os emprega para poder dizer, no dia seguinte, que alguma coisa traz em si de melhor do que na v\u00e9spera.<br \/>\nSe a ordem social colocou sob o seu mando outros homens, trata-os com bondade e benevol\u00eancia, porque s\u00e3o seus iguais perante Deus; usa da sua autoridade para lhes levantar o moral e n\u00e3o para esmag\u00e1-los com o seu orgulho. Evita tudo quanto lhes possa tornar mais penosa a posi\u00e7\u00e3o subalterna em que se encontram.<br \/>\nO subordinado, de sua parte, compreende os deveres da posi\u00e7\u00e3o que ocupa e se empenha em cumpri-los conscienciosamente&#8230;<\/p>\n<p>10 \u2013 D\u00e1 para perceber que as crian\u00e7as \u00edndigo n\u00e3o se enquadram nessas e em outras caracter\u00edsticas do homem de Bem.<br \/>\nSem d\u00favida, embora isso n\u00e3o constitua desdouro para elas, j\u00e1 que raras pessoas na Terra comportam-se assim.<br \/>\nEu diria que as crian\u00e7as \u00edndigo s\u00e3o Esp\u00edritos \u00e0s voltas com s\u00e9rios problemas relacionados com desvios do passado. Inteligentes, cultos, trazem complexos quadros de perturba\u00e7\u00e3o, a situ\u00e1-los no limiar entre o Bem e o Mal, dependendo de suas escolhas e disposi\u00e7\u00f5es, como de resto ocorre com todos n\u00f3s, em maior ou menor intensidade.<\/p>\n<p>11 \u2013 Diz Kardec, em A G\u00eanese, que a nova gera\u00e7\u00e3o n\u00e3o se compor\u00e1 exclusivamente de Esp\u00edritos eminentemente superiores, mas dos que, j\u00e1 tendo progredido, se acham predispostos a assimilar todas as id\u00e9ias progressistas e aptos a secundar o movimento de regenera\u00e7\u00e3o. Isso significa que n\u00e3o haver\u00e1 uma revoada de anjos, estabelecendo maioria na Terra?<\/p>\n<p>Sim. Seremos n\u00f3s, encarnados e desencarnados, que comporemos a nova gera\u00e7\u00e3o, \u00e0 medida em que, conscientes de nossas responsabilidades, aprendermos a combater nossas imperfei\u00e7\u00f5es, ajustando-nos \u00e0s leis divinas.<br \/>\n\u00c9 a grande meta para todos n\u00f3s, \u00edndigos ou n\u00e3o.<\/p>\n<p>(www.richardsimonetti.com.br)<\/p>\n","protected":false},"excerpt":{"rendered":"<p>Richard Simonetti Faz sucesso e tem recebido aprecia\u00e7\u00f5es elogiosas no pr\u00f3prio meio esp\u00edrita o livro Crian\u00e7as \u00cdndigo, de Lee Carroll e Jan Tober, escritores americanos. As crian\u00e7as \u00edndigo, ou azuis, seriam, segundo os autores, uma gera\u00e7\u00e3o de Esp\u00edritos enviados por &hellip; <a href=\"https:\/\/xn--regeneraoplanetria-dsb6a7f.com.br\/index.php\/transicao\/criancas-indigo\/\">Continue lendo <span class=\"meta-nav\">&rarr;<\/span><\/a><\/p>\n","protected":false},"author":1,"featured_media":0,"parent":342,"menu_order":0,"comment_status":"open","ping_status":"open","template":"","meta":{"footnotes":""},"class_list":["post-1539","page","type-page","status-publish","hentry"],"_links":{"self":[{"href":"https:\/\/xn--regeneraoplanetria-dsb6a7f.com.br\/index.php\/wp-json\/wp\/v2\/pages\/1539","targetHints":{"allow":["GET"]}}],"collection":[{"href":"https:\/\/xn--regeneraoplanetria-dsb6a7f.com.br\/index.php\/wp-json\/wp\/v2\/pages"}],"about":[{"href":"https:\/\/xn--regeneraoplanetria-dsb6a7f.com.br\/index.php\/wp-json\/wp\/v2\/types\/page"}],"author":[{"embeddable":true,"href":"https:\/\/xn--regeneraoplanetria-dsb6a7f.com.br\/index.php\/wp-json\/wp\/v2\/users\/1"}],"replies":[{"embeddable":true,"href":"https:\/\/xn--regeneraoplanetria-dsb6a7f.com.br\/index.php\/wp-json\/wp\/v2\/comments?post=1539"}],"version-history":[{"count":0,"href":"https:\/\/xn--regeneraoplanetria-dsb6a7f.com.br\/index.php\/wp-json\/wp\/v2\/pages\/1539\/revisions"}],"up":[{"embeddable":true,"href":"https:\/\/xn--regeneraoplanetria-dsb6a7f.com.br\/index.php\/wp-json\/wp\/v2\/pages\/342"}],"wp:attachment":[{"href":"https:\/\/xn--regeneraoplanetria-dsb6a7f.com.br\/index.php\/wp-json\/wp\/v2\/media?parent=1539"}],"curies":[{"name":"wp","href":"https:\/\/api.w.org\/{rel}","templated":true}]}}