{"id":15524,"date":"2023-11-29T10:09:55","date_gmt":"2023-11-29T13:09:55","guid":{"rendered":"https:\/\/xn--regeneraoplanetria-dsb6a7f.com.br\/?page_id=15524"},"modified":"2023-11-29T10:09:55","modified_gmt":"2023-11-29T13:09:55","slug":"obras-espiritas-2","status":"publish","type":"page","link":"https:\/\/xn--regeneraoplanetria-dsb6a7f.com.br\/index.php\/obras-espiritas-2\/","title":{"rendered":"Obras Esp\u00edritas"},"content":{"rendered":"<p><a href=\"https:\/\/drive.google.com\/drive\/folders\/1Y6oGAVDvBIiBfL4FUP4VfZHfDjWCCVFK?usp=sharing\">Chico Xavier<\/a><br \/>\n<a href=\"https:\/\/drive.google.com\/drive\/folders\/1Nn3aIM_sYUEJXkJG3Zqy4iwCXt29ZMGy?usp=sharing\">Allan Kardec<\/a><br \/>\n<a href=\"https:\/\/drive.google.com\/drive\/folders\/19ru0htZZcqUT_7KraFI5UeabisDFnvps?usp=sharing\">Andr\u00e9 Luiz<\/a><br \/>\n<a href=\"https:\/\/drive.google.com\/drive\/folders\/1H8qwhTfUu3oSoSx7njZ7mG-aqyVLMlZl?usp=sharing\">V\u00e1rias Obras Esp\u00edritas<\/a><br \/>\n<a href=\"https:\/\/drive.google.com\/drive\/folders\/1Pb4M2eynpBdZE477TyutoIq-QM4riMu4?usp=sharing\">Bezzera de Menezes<\/a><br \/>\n<a href=\"https:\/\/drive.google.com\/drive\/folders\/194jkZenUUe24anSHxpYsUzd8Yyzd0xJt?usp=sharing\">Diversos Livros<\/a><br \/>\n<a href=\"https:\/\/drive.google.com\/drive\/folders\/12U2fbUPiqq9myHrf5Dh7ZR1MM4sZCsNh?usp=sharing\">Jos\u00e9 Herculano Pires<\/a><br \/>\n<a href=\"https:\/\/drive.google.com\/drive\/folders\/1g5Iqm1z_KfBg1QnUQICmaO0476FZan3V?usp=sharing\">Divaldo Pereira Franco<\/a><br \/>\n<a href=\"http:\/\/Camille%20Flammarion\">Camille Flammarion<\/a><br \/>\n<a href=\"https:\/\/drive.google.com\/drive\/folders\/1eyGOgdr8UYhnAHQGxRrSwkmbkZla5KYk?usp=sharing\">Arthur Conan Doyle<\/a><br \/>\n<a href=\"https:\/\/drive.google.com\/drive\/folders\/1rNgFtFM60G5cGnTjtQ0cEvjKVBV-IlxW?usp=sharing\">Carlos Imbassay<\/a><br \/>\n<a href=\"https:\/\/drive.google.com\/drive\/folders\/1Ra92DYtSpiuR7GI8UrtJi-V_HjSH9YTM?usp=sharing\">Cairbair Schuttel<\/a><br \/>\n<a href=\"https:\/\/drive.google.com\/drive\/folders\/1Hhlyc5HM0iPI82nGmORz3oUXMNS8Rn_m?usp=sharing\">Luiz S\u00e9rgio<\/a><br \/>\n<a href=\"https:\/\/drive.google.com\/drive\/folders\/1CbIgRgJDEpeIuRau_GLA057sLGs5J0AB?usp=sharing\">Leon Dennis<\/a><br \/>\n<a href=\"https:\/\/drive.google.com\/drive\/folders\/1BDwjOu1Wc3xpvceBcNDDaPF9oGDKoIAm?usp=sharing\">Richard Simonetti<\/a><br \/>\n<a href=\"https:\/\/drive.google.com\/drive\/folders\/11dpapSCASsIiYm2YOV7qSrX2XOMUm2h3?usp=sharing\">Manoel Philomeno de Miranda<br \/>\n<\/a><a href=\"https:\/\/drive.google.com\/drive\/folders\/1XfXKoGYhEwl9zrZ1z-rVypyYe1Z2q98K?usp=sharing\">Aden\u00e1uer Novaes<\/a><br \/>\n<a href=\"https:\/\/drive.google.com\/drive\/folders\/1whqv-ta7p9H-4fr-HIJoMI2BOc6aEAdZ?usp=sharing\">Martins Peralva<\/a><br \/>\n<a href=\"https:\/\/drive.google.com\/drive\/folders\/1AvVCLivVL3OSqYnWRc6lmGkyFVkNjYZQ?usp=sharing\">Herm\u00ednio C. Miranda<\/a><br \/>\n<a href=\"https:\/\/drive.google.com\/drive\/folders\/1UpIy46LEfe9b9dZTGGWxn0cbJ53Cg33d?usp=sharing\">Ernesto Bozzano<br \/>\n<\/a><a href=\"https:\/\/drive.google.com\/drive\/folders\/1lM0XlkfnKM7LnOLji7-ovWUspgzgwyv3?usp=sharing\">Ivone do Amaral Pereira<\/a><br \/>\n<a href=\"https:\/\/drive.google.com\/drive\/folders\/1PgBoOxzMmkF7CDOvP8lJOAshC7atZFWP?usp=sharing\">Eugenio Lara<\/a><br \/>\n<a href=\"https:\/\/drive.google.com\/drive\/folders\/19bFlDgV9-2OHy793xj_7Pb31DYeccey1?usp=sharing\">Rodolfo Calligaris<\/a><br \/>\n<a href=\"https:\/\/drive.google.com\/drive\/folders\/1f3EUscR2aLeIGBjAW6SxRqKIhI3JtIGp?usp=sharing\">Jorge Andr\u00e9as<\/a><br \/>\n<a href=\"https:\/\/drive.google.com\/drive\/folders\/19hz-jhO_1WUlXCBPp3gzddgXU1OAooYL?usp=sharing\">Gabriel Dellane<\/a><br \/>\n<a href=\"https:\/\/drive.google.com\/drive\/folders\/1u8jC2bJPASp8Ax57lyQmUCo9_QkAUoY-?usp=sharing\">Estudos Doutrin\u00e1rios<\/a><br \/>\n<a href=\"https:\/\/drive.google.com\/drive\/folders\/18H87Tof52pirm2w-GWn-IAuNHkfOFd6M?usp=sharing\">Cursos<\/a><br \/>\n<a href=\"https:\/\/drive.google.com\/drive\/folders\/1LidpnRrnpcPCPh-Ukq7QvhFcgXxmNmnh?usp=sharing\">Depend\u00eancia Qu\u00edmica<\/a><br \/>\n<a href=\"https:\/\/drive.google.com\/drive\/folders\/1TaSOvUlj2gzYefgMFPhsdMUrTMAnahWn?usp=sharing\">Regress\u00e3o<\/a><br \/>\n<a href=\"https:\/\/drive.google.com\/drive\/folders\/1RZiHn21V88Jb_cIDW2svdK043qU_n_Fa?usp=sharing\">Apostilas<\/a><br \/>\n<a href=\"https:\/\/drive.google.com\/drive\/folders\/1zZUT5rr0TAJWtg4JVO5KuzzD6nQKVmnf?usp=sharing\">Centro Esp\u00edrita<\/a><br \/>\n<a href=\"https:\/\/drive.google.com\/drive\/folders\/1hQFBvFqtXlmhZLNrGTumhi6jY3Ux7QIl?usp=sharing\">LIVROS<\/a><br \/>\n<a href=\"https:\/\/drive.google.com\/drive\/folders\/1-Mdof_da_4BzIGE0V4fYs7YtqzVOaTFU?usp=sharing\">Obras B\u00e1sicas<\/a><br \/>\n<a href=\"https:\/\/drive.google.com\/drive\/folders\/1ib83Wdozg6-Rq2d-dWz5b2fJx_ChVJO6?usp=sharing\">Revista Esp\u00edrita<\/a><\/p>\n","protected":false},"excerpt":{"rendered":"<p>Chico Xavier Allan Kardec Andr\u00e9 Luiz V\u00e1rias Obras Esp\u00edritas Bezzera de Menezes Diversos Livros Jos\u00e9 Herculano Pires Divaldo Pereira Franco Camille Flammarion Arthur Conan Doyle Carlos Imbassay Cairbair Schuttel Luiz S\u00e9rgio Leon Dennis Richard Simonetti Manoel Philomeno de Miranda Aden\u00e1uer &hellip; <a href=\"https:\/\/xn--regeneraoplanetria-dsb6a7f.com.br\/index.php\/obras-espiritas-2\/\">Continue lendo <span class=\"meta-nav\">&rarr;<\/span><\/a><\/p>\n","protected":false},"author":1,"featured_media":0,"parent":0,"menu_order":0,"comment_status":"closed","ping_status":"closed","template":"","meta":{"footnotes":""},"class_list":["post-15524","page","type-page","status-publish","hentry"],"_links":{"self":[{"href":"https:\/\/xn--regeneraoplanetria-dsb6a7f.com.br\/index.php\/wp-json\/wp\/v2\/pages\/15524","targetHints":{"allow":["GET"]}}],"collection":[{"href":"https:\/\/xn--regeneraoplanetria-dsb6a7f.com.br\/index.php\/wp-json\/wp\/v2\/pages"}],"about":[{"href":"https:\/\/xn--regeneraoplanetria-dsb6a7f.com.br\/index.php\/wp-json\/wp\/v2\/types\/page"}],"author":[{"embeddable":true,"href":"https:\/\/xn--regeneraoplanetria-dsb6a7f.com.br\/index.php\/wp-json\/wp\/v2\/users\/1"}],"replies":[{"embeddable":true,"href":"https:\/\/xn--regeneraoplanetria-dsb6a7f.com.br\/index.php\/wp-json\/wp\/v2\/comments?post=15524"}],"version-history":[{"count":1,"href":"https:\/\/xn--regeneraoplanetria-dsb6a7f.com.br\/index.php\/wp-json\/wp\/v2\/pages\/15524\/revisions"}],"predecessor-version":[{"id":15525,"href":"https:\/\/xn--regeneraoplanetria-dsb6a7f.com.br\/index.php\/wp-json\/wp\/v2\/pages\/15524\/revisions\/15525"}],"wp:attachment":[{"href":"https:\/\/xn--regeneraoplanetria-dsb6a7f.com.br\/index.php\/wp-json\/wp\/v2\/media?parent=15524"}],"curies":[{"name":"wp","href":"https:\/\/api.w.org\/{rel}","templated":true}]}}