{"id":160,"date":"2013-02-21T15:23:22","date_gmt":"2013-02-21T18:23:22","guid":{"rendered":"http:\/\/xn--regeneraoplanetria-dsb6a7f.com.br\/?page_id=160"},"modified":"2013-04-06T08:55:24","modified_gmt":"2013-04-06T11:55:24","slug":"mensagens","status":"publish","type":"page","link":"https:\/\/xn--regeneraoplanetria-dsb6a7f.com.br\/index.php\/mensagens\/","title":{"rendered":"Mensagens"},"content":{"rendered":"<p><b>N\u00e3o basta ver<\/b><\/p>\n<p>&#8220;E logo viu, e o foi seguindo, glorificando a Deus. E todo o povo, vendo isto, dava louvores a Deus.&#8221; &#8211; (LUCAS, 18:43.)<\/p>\n<p>A atitude do cego de Jeric\u00f3 representa padr\u00e3o elevado a todo disc\u00edpulo sincero do Evangelho.<\/p>\n<p>O enfermo de boa-vontade procura primeiramente o Mestre, diante da multid\u00e3o. Em seguida \u00e0 cura, acompanha Jesus, glorificando a Deus. E todo o povo, observando o benef\u00edcio, a gratid\u00e3o e a fidelidade reunidos, volta-se para a confian\u00e7a no Divino Poder.<\/p>\n<p>A maioria dos necessitados, por\u00e9m, assume posi\u00e7\u00e3o muito diversa. Quase todos os doentes reclamam a atua\u00e7\u00e3o do Cristo, exigindo que a d\u00e1diva des\u00e7a aos caprichos perniciosos que lhes s\u00e3o peculiares, sem qualquer esfor\u00e7o pela eleva\u00e7\u00e3o de si mesmos \u00e0 b\u00ean\u00e7\u00e3o do Mestre.<\/p>\n<p>Raros procuram o Cristo \u00e0 luz meridiana; e, de quantos lhe recebem os dons, rar\u00edssimos s\u00e3o os que lhe seguem os passos no mundo.<\/p>\n<p>Da\u00ed procede a aus\u00eancia da leg\u00edtima glorifica\u00e7\u00e3o a Deus e a cura incompleta da cegueira que os obscurecia, antes do primeiro contacto com a f\u00e9.<\/p>\n<p>Em raz\u00e3o disso, a Terra est\u00e1 repleta dos que cr\u00eaem e descr\u00eaem, estudam e n\u00e3o aprendem, esperam e desesperam, ensinam e n\u00e3o sabem, confiam e duvidam.<\/p>\n<p>Aquele que recebe d\u00e1divas pode ser somente benefici\u00e1rio.<\/p>\n<p>O que, por\u00e9m, recebe o favor e agradece-o, vendo a luz e seguindo-a, ser\u00e1 redimido.<\/p>\n<p>\u00c9 \u00f3bvio que o mundo inteiro reclama vis\u00e3o com o Cristo, mas n\u00e3o basta ver simplesmente; os que se circunscrevem ao ato de enxergar podem ser bons narradores, excelentes estat\u00edsticos, entretanto, para ver e glorificar o Senhor \u00e9 indispens\u00e1vel marchar nas pegadas do Cristo, escalando, com Ele, a montanha do trabalho e do testemunho.<\/p>\n<p align=\"right\"><i>EMMANUEL (VINHA DE LUZ)<\/i><\/p>\n","protected":false},"excerpt":{"rendered":"<p>N\u00e3o basta ver &#8220;E logo viu, e o foi seguindo, glorificando a Deus. E todo o povo, vendo isto, dava louvores a Deus.&#8221; &#8211; (LUCAS, 18:43.) A atitude do cego de Jeric\u00f3 representa padr\u00e3o elevado a todo disc\u00edpulo sincero do &hellip; <a href=\"https:\/\/xn--regeneraoplanetria-dsb6a7f.com.br\/index.php\/mensagens\/\">Continue lendo <span class=\"meta-nav\">&rarr;<\/span><\/a><\/p>\n","protected":false},"author":1,"featured_media":0,"parent":0,"menu_order":11,"comment_status":"open","ping_status":"closed","template":"","meta":{"footnotes":""},"class_list":["post-160","page","type-page","status-publish","hentry"],"_links":{"self":[{"href":"https:\/\/xn--regeneraoplanetria-dsb6a7f.com.br\/index.php\/wp-json\/wp\/v2\/pages\/160","targetHints":{"allow":["GET"]}}],"collection":[{"href":"https:\/\/xn--regeneraoplanetria-dsb6a7f.com.br\/index.php\/wp-json\/wp\/v2\/pages"}],"about":[{"href":"https:\/\/xn--regeneraoplanetria-dsb6a7f.com.br\/index.php\/wp-json\/wp\/v2\/types\/page"}],"author":[{"embeddable":true,"href":"https:\/\/xn--regeneraoplanetria-dsb6a7f.com.br\/index.php\/wp-json\/wp\/v2\/users\/1"}],"replies":[{"embeddable":true,"href":"https:\/\/xn--regeneraoplanetria-dsb6a7f.com.br\/index.php\/wp-json\/wp\/v2\/comments?post=160"}],"version-history":[{"count":0,"href":"https:\/\/xn--regeneraoplanetria-dsb6a7f.com.br\/index.php\/wp-json\/wp\/v2\/pages\/160\/revisions"}],"wp:attachment":[{"href":"https:\/\/xn--regeneraoplanetria-dsb6a7f.com.br\/index.php\/wp-json\/wp\/v2\/media?parent=160"}],"curies":[{"name":"wp","href":"https:\/\/api.w.org\/{rel}","templated":true}]}}