{"id":163,"date":"2013-02-21T15:27:05","date_gmt":"2013-02-21T18:27:05","guid":{"rendered":"http:\/\/xn--regeneraoplanetria-dsb6a7f.com.br\/?page_id=163"},"modified":"2013-02-21T15:28:41","modified_gmt":"2013-02-21T18:28:41","slug":"vinha-de-luz","status":"publish","type":"page","link":"https:\/\/xn--regeneraoplanetria-dsb6a7f.com.br\/index.php\/mensagens\/vinha-de-luz\/","title":{"rendered":"Abre a Porta"},"content":{"rendered":"<p><b>Abre a porta<\/b><\/p>\n<p>&#8220;E havendo dito isto, assoprou sobre eles e disse-lhes: Recebei o Esp\u00edrito Santo.&#8221; &#8211;\u00a0\u00a0 (JO\u00c3O, 20:22.)<\/p>\n<p>Profundamente expressivas as palavras de Jesus aos disc\u00edpulos, nas primeiras manifesta\u00e7\u00f5es depois do Calv\u00e1rio.<\/p>\n<p>Comparecendo \u00e0 reuni\u00e3o dos companheiros, espalha sobre eles o seu esp\u00edrito de amor e vida, exclamando: &#8220;Recebei o Esp\u00edrito Santo.&#8221;<\/p>\n<p>Por que n\u00e3o se ligaram as b\u00ean\u00e7\u00e3os do Senhor, automaticamente, aos aprendizes?<\/p>\n<p>por que n\u00e3o transmitiu Jesus, pura e simplesmente, o seu poder divino aos sucessores?<\/p>\n<p>Ele, que distribu\u00edra d\u00e1divas de sa\u00fade, b\u00ean\u00e7\u00e3os de paz, recomendava aos disc\u00edpulos recebessem os divinos dons espirituais. Por que n\u00e3o impor semelhante obriga\u00e7\u00e3o?<\/p>\n<p>\u00c9 que o Mestre n\u00e3o violentaria o santu\u00e1rio de cada filho de Deus, nem mesmo por amor.<\/p>\n<p>Cada esp\u00edrito guarda seu pr\u00f3prio tesouro e abrir\u00e1 suas portas sagradas \u00e0 comunh\u00e3o com o Eterno Pai.<\/p>\n<p>O Criador oferece \u00e0 semente o sol e a chuva, o clima e o campo, a defesa e o adubo, o cuidado dos lavradores e a b\u00ean\u00e7\u00e3o das esta\u00e7\u00f5es, mas a semente ter\u00e1 que germinar por si mesma, elevando-se para a luz solar.<\/p>\n<p>O homem recebe, igualmente, o Sol da Provid\u00eancia e a chuva de d\u00e1divas, as facilidades da coopera\u00e7\u00e3o e o campo da oportunidade, a defesa do amor e o adubo do sofrimento, o carinho dos mensageiros de Jesus e a b\u00ean\u00e7\u00e3o das experi\u00eancias diversas; todavia, somos constrangidos a romper por n\u00f3s mesmos os envolt\u00f3rios inferiores, elevando-nos para a Luz Divina.<\/p>\n<p>As inspira\u00e7\u00f5es e os des\u00edgnios do Mestre permanecem a volta de nossa alma, sugerindo modifica\u00e7\u00f5es \u00fateis, induzindo-nos \u00e0 leg\u00edtima compreens\u00e3o da vida, iluminando-nos atrav\u00e9s da consci\u00eancia superior, entretanto, est\u00e1 em n\u00f3s abrir-lhes ou n\u00e3o a porta interna.<\/p>\n<p>Cessemos, pois, a guerra de nossas cria\u00e7\u00f5es inferiores do passado e entreguemo-nos, cada dia, \u00e0s realiza\u00e7\u00f5es novas de Deus, institu\u00eddas a nosso favor, perseverando em receber, no caminho, os dons da renova\u00e7\u00e3o constante, em Cristo, para a vida eterna.<\/p>\n<p align=\"right\"><i>EMMANUEL (VINHA DE LUZ)<\/i><\/p>\n<p>&nbsp;<\/p>\n","protected":false},"excerpt":{"rendered":"<p>Abre a porta &#8220;E havendo dito isto, assoprou sobre eles e disse-lhes: Recebei o Esp\u00edrito Santo.&#8221; &#8211;\u00a0\u00a0 (JO\u00c3O, 20:22.) Profundamente expressivas as palavras de Jesus aos disc\u00edpulos, nas primeiras manifesta\u00e7\u00f5es depois do Calv\u00e1rio. Comparecendo \u00e0 reuni\u00e3o dos companheiros, espalha sobre &hellip; <a href=\"https:\/\/xn--regeneraoplanetria-dsb6a7f.com.br\/index.php\/mensagens\/vinha-de-luz\/\">Continue lendo <span class=\"meta-nav\">&rarr;<\/span><\/a><\/p>\n","protected":false},"author":1,"featured_media":0,"parent":160,"menu_order":0,"comment_status":"open","ping_status":"open","template":"","meta":{"footnotes":""},"class_list":["post-163","page","type-page","status-publish","hentry"],"_links":{"self":[{"href":"https:\/\/xn--regeneraoplanetria-dsb6a7f.com.br\/index.php\/wp-json\/wp\/v2\/pages\/163","targetHints":{"allow":["GET"]}}],"collection":[{"href":"https:\/\/xn--regeneraoplanetria-dsb6a7f.com.br\/index.php\/wp-json\/wp\/v2\/pages"}],"about":[{"href":"https:\/\/xn--regeneraoplanetria-dsb6a7f.com.br\/index.php\/wp-json\/wp\/v2\/types\/page"}],"author":[{"embeddable":true,"href":"https:\/\/xn--regeneraoplanetria-dsb6a7f.com.br\/index.php\/wp-json\/wp\/v2\/users\/1"}],"replies":[{"embeddable":true,"href":"https:\/\/xn--regeneraoplanetria-dsb6a7f.com.br\/index.php\/wp-json\/wp\/v2\/comments?post=163"}],"version-history":[{"count":0,"href":"https:\/\/xn--regeneraoplanetria-dsb6a7f.com.br\/index.php\/wp-json\/wp\/v2\/pages\/163\/revisions"}],"up":[{"embeddable":true,"href":"https:\/\/xn--regeneraoplanetria-dsb6a7f.com.br\/index.php\/wp-json\/wp\/v2\/pages\/160"}],"wp:attachment":[{"href":"https:\/\/xn--regeneraoplanetria-dsb6a7f.com.br\/index.php\/wp-json\/wp\/v2\/media?parent=163"}],"curies":[{"name":"wp","href":"https:\/\/api.w.org\/{rel}","templated":true}]}}