{"id":1639,"date":"2013-09-20T08:13:39","date_gmt":"2013-09-20T11:13:39","guid":{"rendered":"http:\/\/xn--regeneraoplanetria-dsb6a7f.com.br\/?page_id=1639"},"modified":"2013-09-20T08:13:39","modified_gmt":"2013-09-20T11:13:39","slug":"as-drogas-e-suas-implicacoes-espirituais","status":"publish","type":"page","link":"https:\/\/xn--regeneraoplanetria-dsb6a7f.com.br\/index.php\/os-vicios\/as-drogas-e-suas-implicacoes-espirituais\/","title":{"rendered":"As Drogas e suas Implica\u00e7\u00f5es Espirituais"},"content":{"rendered":"<p align=\"center\"><i>Xerxes Pessoa De Luna<\/i><\/p>\n<p><b>I\u2014 Introdu\u00e7\u00e3o<\/b><\/p>\n<p>Um dos problemas mais graves da sociedade humana, na atualidade, \u00e9 o consumo indiscriminado e, cada vez mais crescente, das drogas por parte n\u00e3o s\u00f3 dos adultos, mas, tamb\u00e9m, dos jovens e lamentavelmente at\u00e9 das crian\u00e7as, principalmente nos centros urbanos das grandes cidades.<\/p>\n<p>A situa\u00e7\u00e3o \u00e9 t\u00e3o preocupante, que cientistas de v\u00e1rias partes do Planeta, reunidos, chegaram \u00e0 seguinte conclus\u00e3o: \u201cOs viciados em drogas de hoje podem n\u00e3o s\u00f3 estar pondo em risco seu pr\u00f3prio corpo e sua mente, mas fazendo uma esp\u00e9cie de roleta gen\u00e9tica, ao projetar sombras sobre os seus filhos e netos ainda n\u00e3o nascidos.\u201d<\/p>\n<p>Diante de tal flagelo e de suas terr\u00edveis conseq\u00fc\u00eancias, n\u00e3o poderia o Espiritismo, Doutrina comprometida com o crescimento integral da criatura humana na sua dimens\u00e3o esp\u00edrito-mat\u00e9ria, deixar de se associar \u00e0queles segmentos da sociedade que trabalham pela preserva\u00e7\u00e3o da vida e dos seus ideais superiores, em seus esfor\u00e7os de erradica\u00e7\u00e3o de t\u00e3o terr\u00edvel amea\u00e7a.<\/p>\n<p>O efeito destruidor das drogas \u00e9 t\u00e3o intenso que extrapola os limites do organismo f\u00edsico da criatura humana, alcan\u00e7ando e comprometendo, substancialmente, o equil\u00edbrio e a pr\u00f3pria sa\u00fade do seu corpo perispiritual. Tal situa\u00e7\u00e3o, somada \u00e0quelas de natureza fisiol\u00f3gica, ps\u00edquica e espiritual, principalmente as relacionadas com as vincula\u00e7\u00f5es a entidades desencarnadas em desalinho, respondem, indubitavelmente, pelos sofrimentos, enfermidades e desajustes emocionais e sociais a que vemos submetidos os viciados em drogas.<\/p>\n<p>Em instantes t\u00e3o preocupantes da caminhada evolutiva do ser humano em nosso planeta, cabe a n\u00f3s esp\u00edritas, n\u00e3o s\u00f3 difundir as informa\u00e7\u00f5es antidrogas que nos chegam do plano espiritual benfeitor que nos assiste, mas, acima de tudo, entender e atender aos apelos velados que estes amigos espirituais nos enviam com seus informes e relatos contr\u00e1rios ao uso indiscriminado das drogas, no sentido de envidarmos esfor\u00e7os mais concentrados e espec\u00edficos no combate \u00e0s drogas, quer no seu aspecto preventivo, quer no de assist\u00eancia aos j\u00e1 atingidos pelo mal.<\/p>\n<p><b>II \u2014 A a\u00e7\u00e3o das drogas no perisp\u00edrito<\/b><\/p>\n<p>Revela-nos a ci\u00eancia m\u00e9dica que a droga, ao penetrar no organismo f\u00edsico do viciado, atinge o aparelho circulat\u00f3rio, o sangue, o sistema respirat\u00f3rio, o c\u00e9rebro e as c\u00e9lulas, principalmente as neuroniais.<\/p>\n<p>Na obra \u201cMission\u00e1rios da Luz\u201d \u2014 Andr\u00e9 Luiz (p\u00e1g. 221 \u2014 Edi\u00e7\u00e3o FEB), lemos: \u201cO corpo perispiritual, que d\u00e1 forma aos elementos celulares, est\u00e1 fortemente radicado no sangue. O sangue \u00e9 elemento b\u00e1sico de equil\u00edbrio do corpo perispiritual.\u201d Em \u201cEvolu\u00e7\u00e3o em dois Mundos\u201d, o mesmo autor espiritual revela-nos que os neur\u00f4nios guardam rela\u00e7\u00e3o \u00edntima com o perisp\u00edrito.<\/p>\n<p>Comparando as informa\u00e7\u00f5es destas obras com as da ci\u00eancia m\u00e9dica, conclui-se que a agress\u00e3o das drogas ao sangue e \u00e0s c\u00e9lulas neuroniais tamb\u00e9m refletir\u00e1 nas regi\u00f5es correlatas do corpo perispiritual em forma de les\u00f5es e deforma\u00e7\u00f5es consider\u00e1veis que, em alguns casos, podem chegar at\u00e9 a comprometer a pr\u00f3pria apar\u00eancia humana do perisp\u00edrito. Tal viol\u00eancia concorre at\u00e9 mesmo para o surgimento de um acentuado desequil\u00edbrio do Esp\u00edrito, uma vez que \u201co perisp\u00edrito funciona em rela\u00e7\u00e3o a este, como uma esp\u00e9cie de filtro na dosagem e adapta\u00e7\u00e3o das energias espirituais junto ao corpo f\u00edsico e vice-versa.<\/p>\n<p>Por vezes o consumo das drogas se faz t\u00e3o excessivo, que as energias, oriundas do perisp\u00edr\u00edto para o corpo f\u00edsico, s\u00e3o bloqueadas no seu curso e retornam aos centros de for\u00e7a.<\/p>\n<p><b>III \u2014 A a\u00e7\u00e3o dos Esp\u00edritos inferiores junto ao viciado<\/b><\/p>\n<p>Esta a\u00e7\u00e3o pode ser percebida atrav\u00e9s das altera\u00e7\u00f5es no comportamento do viciado, dos danos adicionais ao seu organismo perispiritual, j\u00e1 t\u00e3o agredido pelas drogas, e das conseq\u00fc\u00eancias futuras e penosas que experimentar\u00e1 quando estiver na condi\u00e7\u00e3o de esp\u00edrito desencarnado, vinculado a regi\u00f5es espirituais inferiores.<\/p>\n<p>Sabemos que, ap\u00f3s a desencarna\u00e7\u00e3o, o Esp\u00edrito guarda, por certo tempo, que pode ser longo ou curto, seus condicionamentos, tend\u00eancias e v\u00edcios de encarnado. O Esp\u00edrito de um viciado em drogas, por exemplo, em face do estado de depend\u00eancia a que ainda se acha submetido, no outro lado da vida, sente o desejo e necessidade de consumir a droga. Somente a forma de satisfazer seu desejo \u00e9 que ir\u00e1 variar, j\u00e1 que a condi\u00e7\u00e3o de desencarnado n\u00e3o lhe permite proceder como quando na carne. Como Esp\u00edrito precisar\u00e1 vincular-se \u00e0 mente de um viciado, de in\u00edcio, para transmitir-lhe seus anseios de consumo da droga, posteriormente para saciar sua necessidade, valendo-se para tal do recurso, ou da vampiriza\u00e7\u00e3o das emana\u00e7\u00f5es t\u00f3xicas impregnadas no perisp\u00edrito do viciado ou da inala\u00e7\u00e3o dessas mesmas emana\u00e7\u00f5es quando a droga estiver sendo consumida.<\/p>\n<p>\u201cO Esp\u00edrito de um viciado em drogas, em face do estado de depend\u00eancia a que se acha submetido, no outro lado da vida, sente a desejo e a necessidade de consumir a droga\u201d<\/p>\n<p>Essa sobrecarga mental, indevida, afeta t\u00e3o seriamente o c\u00e9rebro, a ponto de este ter suas fun\u00e7\u00f5es alteradas, com consequente queda no rendimento f\u00edsico, intelectual e emocional do viciado. Segundo Emmanuel, \u201co viciado ao alimentar o v\u00edcio dessas entidades que a ele se apegam, para usufruir das mesmas inala\u00e7\u00f5es inebriantes, atrav\u00e9s de um processo de simbiose em n\u00edveis vibrat\u00f3rios, coleta em seu preju\u00edzo as impregna\u00e7\u00f5es flu\u00eddicas mal\u00e9ficas daqueles, deixando o viciado enfermi\u00e7o, triste, grosseiro, infeliz, preso \u00e0 vontade de entidades inferiores, sem o dom\u00ednio da consci\u00eancia dos seus verdadeiros desejos\u201d.<\/p>\n<p><b>IV \u2014 Contribui\u00e7\u00e3o do Centro Esp\u00edrita no trabalho antidrogas desenvolvido pelos Benfeitores Espirituais<\/b><\/p>\n<p>As Casas Esp\u00edritas, como Pronto-Socorro espirituais, muito podem contribuir com os Esp\u00edritos Superiores no trabalho de preven\u00e7\u00e3o e aux\u00edlio \u00e0s v\u00edtimas das drogas nos dois lados da vida. Com certeza, esta contribui\u00e7\u00e3o poderia ocorrer atrav\u00e9s de medidas que, no dia-a-dia da institui\u00e7\u00e3o ensejassem:<\/p>\n<ol start=\"1\">\n<li>Um incentivo cada vez mais constante \u00e0s atividades de evangeliza\u00e7\u00e3o da inf\u00e2ncia e da juventude, principalmente com sua implanta\u00e7\u00e3o, caso a Institui\u00e7\u00e3o ainda n\u00e3o o tenha implantado.<\/li>\n<li>Estimular seus freq\u00fcentadores, em particular a fam\u00edlia do viciado em tratamento, \u00e0 pr\u00e1tica do Evangelho no Lar. Estas pequenas reuni\u00f5es, quando realizadas com o devido envolvimento e sinceridade de prop\u00f3sitos, s\u00e3o fontes sublimes de socorro \u00e0s entidades sofredoras, al\u00e9m, naturalmente, de concorrer para o estreitamento dos la\u00e7os afetivos familiares, o que decerto estimular\u00e1 o viciado, por exemplo, a perseverar no seu prop\u00f3sito de libertar-se das drogas ou a dar o primeiro passo nesse sentido.<\/li>\n<li>Preparar devidamente seu corpo medi\u00fanico para o sublime exerc\u00edcio da mediunidade com Jesus, condi\u00e7\u00e3o essencial ao socorro \u00e0s v\u00edtimas das drogas, at\u00e9 mesmo as desencarnadas.<\/li>\n<li>No di\u00e1logo fraterno com o viciado e seus familiares, sejam-lhes colocados \u00e0 disposi\u00e7\u00e3o os recursos socorristas do tratamento espiritual: passe, desobsess\u00e3o, \u00e1gua fluidificada e reforma \u00edntima.<\/li>\n<li>Criar, no trabalho assistencial da Casa, uma atividade que enseje o di\u00e1logo, a orienta\u00e7\u00e3o, o acompanhamento e o esclarecimento, com fundamenta\u00e7\u00e3o doutrin\u00e1ria, ao viciado e a seus familiares.<\/li>\n<\/ol>\n<p><b>V \u2014 Conclus\u00e3o<\/b><\/p>\n<p>Diante dos fatos e dos acontecimentos que est\u00e3o a envolver a criatura humana, enredada no v\u00edcio das drogas, geradores de tantas mis\u00e9rias morais, sociais, suic\u00eddios e loucuras, n\u00f3s, esp\u00edritas, n\u00e3o podemos deixar de considerar esta realidade, nem tampouco deixar de concorrer para a erradica\u00e7\u00e3o deste terr\u00edvel flagelo que hoje assola a Humanidade. Nesse sentido, urge que intensifiquemos e aprimoremos cada vez mais as a\u00e7\u00f5es de ordem preventiva e terap\u00eautica, j\u00e1 em curso em nossas Institui\u00e7\u00f5es, e que, tamb\u00e9m, criemos outros mecanismos de a\u00e7\u00e3o mais espec\u00edficos neste campo, sempre em sintonia com os ensinamentos do Espiritismo e seu prop\u00f3sito de bem concorrer para a ascens\u00e3o espiritual da criatura humana \u00e0s faixas superiores da vida.<\/p>\n<p>Revista Reformador &#8211; Mar\u00e7o &#8211; 1998<\/p>\n","protected":false},"excerpt":{"rendered":"<p>Xerxes Pessoa De Luna I\u2014 Introdu\u00e7\u00e3o Um dos problemas mais graves da sociedade humana, na atualidade, \u00e9 o consumo indiscriminado e, cada vez mais crescente, das drogas por parte n\u00e3o s\u00f3 dos adultos, mas, tamb\u00e9m, dos jovens e lamentavelmente at\u00e9 &hellip; <a href=\"https:\/\/xn--regeneraoplanetria-dsb6a7f.com.br\/index.php\/os-vicios\/as-drogas-e-suas-implicacoes-espirituais\/\">Continue lendo <span class=\"meta-nav\">&rarr;<\/span><\/a><\/p>\n","protected":false},"author":1,"featured_media":0,"parent":1019,"menu_order":0,"comment_status":"open","ping_status":"open","template":"","meta":{"footnotes":""},"class_list":["post-1639","page","type-page","status-publish","hentry"],"_links":{"self":[{"href":"https:\/\/xn--regeneraoplanetria-dsb6a7f.com.br\/index.php\/wp-json\/wp\/v2\/pages\/1639","targetHints":{"allow":["GET"]}}],"collection":[{"href":"https:\/\/xn--regeneraoplanetria-dsb6a7f.com.br\/index.php\/wp-json\/wp\/v2\/pages"}],"about":[{"href":"https:\/\/xn--regeneraoplanetria-dsb6a7f.com.br\/index.php\/wp-json\/wp\/v2\/types\/page"}],"author":[{"embeddable":true,"href":"https:\/\/xn--regeneraoplanetria-dsb6a7f.com.br\/index.php\/wp-json\/wp\/v2\/users\/1"}],"replies":[{"embeddable":true,"href":"https:\/\/xn--regeneraoplanetria-dsb6a7f.com.br\/index.php\/wp-json\/wp\/v2\/comments?post=1639"}],"version-history":[{"count":0,"href":"https:\/\/xn--regeneraoplanetria-dsb6a7f.com.br\/index.php\/wp-json\/wp\/v2\/pages\/1639\/revisions"}],"up":[{"embeddable":true,"href":"https:\/\/xn--regeneraoplanetria-dsb6a7f.com.br\/index.php\/wp-json\/wp\/v2\/pages\/1019"}],"wp:attachment":[{"href":"https:\/\/xn--regeneraoplanetria-dsb6a7f.com.br\/index.php\/wp-json\/wp\/v2\/media?parent=1639"}],"curies":[{"name":"wp","href":"https:\/\/api.w.org\/{rel}","templated":true}]}}