{"id":167,"date":"2013-02-21T15:33:51","date_gmt":"2013-02-21T18:33:51","guid":{"rendered":"http:\/\/xn--regeneraoplanetria-dsb6a7f.com.br\/?page_id=167"},"modified":"2013-02-21T15:33:51","modified_gmt":"2013-02-21T18:33:51","slug":"que-pedes","status":"publish","type":"page","link":"https:\/\/xn--regeneraoplanetria-dsb6a7f.com.br\/index.php\/mensagens\/que-pedes\/","title":{"rendered":"Que Pedes?"},"content":{"rendered":"<p><b>Que pedes?<\/b><\/p>\n<p>&#8220;Louco, esta noite te pedir\u00e3o a tua alma.&#8221; &#8211; Jesus. (LUCAS, 12:20.)<\/p>\n<p>Que pedes \u00e0 vida, amigo?<\/p>\n<p><em id=\"__mceDel\">Os ambiciosos reclamam reservas de milh\u00f5es.<\/em><\/p>\n<p>Os ego\u00edstas exigem todas as satisfa\u00e7\u00f5es para si somente.<\/p>\n<p>Os arbitr\u00e1rios solicitam aten\u00e7\u00e3o exclusiva aos caprichos que lhes s\u00e3o pr\u00f3prios.<\/p>\n<p>Os vaidosos reclamam louvores.<\/p>\n<p>Os invejosos exigem compensa\u00e7\u00f5es que lhes n\u00e3o cabem.<\/p>\n<p>Os despeitados solicitam considera\u00e7\u00f5es ind\u00e9bitas.<\/p>\n<p>Os ociosos pedem prosperidade sem esfor\u00e7o.<\/p>\n<p>Os tolos reclamam divertimentos sem preocupa\u00e7\u00e3o de servi\u00e7o.<\/p>\n<p>Os revoltados reclamam direitos sem deveres.<\/p>\n<p>Os extravagantes exigem sa\u00fade sem cuidados.<\/p>\n<p>Os impacientes aguardam realiza\u00e7\u00f5es sem bases.<\/p>\n<p>Os insaci\u00e1veis pedem todos os bens, olvidando as necessidades dos outros.<\/p>\n<p>Essencialmente considerando, por\u00e9m, tudo isto \u00e9 verdadeira loucura, tudo fantasia do cora\u00e7\u00e3o que se atirou exclusivamente \u00e0 posse ef\u00eamera das coisas mut\u00e1veis.<\/p>\n<p>Vigia, assim, cautelosamente, o plano de teus desejos.<\/p>\n<p>Que pedes \u00e0 vida?<\/p>\n<p>N\u00e3o te esque\u00e7as de que, talvez nesta noite, pedir\u00e1 o Senhor a tua alma.<\/p>\n<p><i>EMMANUEL (VINHA DE LUZ)<\/i><\/p>\n","protected":false},"excerpt":{"rendered":"<p>Que pedes? &#8220;Louco, esta noite te pedir\u00e3o a tua alma.&#8221; &#8211; Jesus. (LUCAS, 12:20.) Que pedes \u00e0 vida, amigo? Os ambiciosos reclamam reservas de milh\u00f5es. Os ego\u00edstas exigem todas as satisfa\u00e7\u00f5es para si somente. Os arbitr\u00e1rios solicitam aten\u00e7\u00e3o exclusiva aos &hellip; <a href=\"https:\/\/xn--regeneraoplanetria-dsb6a7f.com.br\/index.php\/mensagens\/que-pedes\/\">Continue lendo <span class=\"meta-nav\">&rarr;<\/span><\/a><\/p>\n","protected":false},"author":1,"featured_media":0,"parent":160,"menu_order":0,"comment_status":"open","ping_status":"open","template":"","meta":{"footnotes":""},"class_list":["post-167","page","type-page","status-publish","hentry"],"_links":{"self":[{"href":"https:\/\/xn--regeneraoplanetria-dsb6a7f.com.br\/index.php\/wp-json\/wp\/v2\/pages\/167","targetHints":{"allow":["GET"]}}],"collection":[{"href":"https:\/\/xn--regeneraoplanetria-dsb6a7f.com.br\/index.php\/wp-json\/wp\/v2\/pages"}],"about":[{"href":"https:\/\/xn--regeneraoplanetria-dsb6a7f.com.br\/index.php\/wp-json\/wp\/v2\/types\/page"}],"author":[{"embeddable":true,"href":"https:\/\/xn--regeneraoplanetria-dsb6a7f.com.br\/index.php\/wp-json\/wp\/v2\/users\/1"}],"replies":[{"embeddable":true,"href":"https:\/\/xn--regeneraoplanetria-dsb6a7f.com.br\/index.php\/wp-json\/wp\/v2\/comments?post=167"}],"version-history":[{"count":0,"href":"https:\/\/xn--regeneraoplanetria-dsb6a7f.com.br\/index.php\/wp-json\/wp\/v2\/pages\/167\/revisions"}],"up":[{"embeddable":true,"href":"https:\/\/xn--regeneraoplanetria-dsb6a7f.com.br\/index.php\/wp-json\/wp\/v2\/pages\/160"}],"wp:attachment":[{"href":"https:\/\/xn--regeneraoplanetria-dsb6a7f.com.br\/index.php\/wp-json\/wp\/v2\/media?parent=167"}],"curies":[{"name":"wp","href":"https:\/\/api.w.org\/{rel}","templated":true}]}}