{"id":170,"date":"2013-02-21T15:52:18","date_gmt":"2013-02-21T18:52:18","guid":{"rendered":"http:\/\/xn--regeneraoplanetria-dsb6a7f.com.br\/?page_id=170"},"modified":"2013-02-21T15:53:31","modified_gmt":"2013-02-21T18:53:31","slug":"170-2","status":"publish","type":"page","link":"https:\/\/xn--regeneraoplanetria-dsb6a7f.com.br\/index.php\/mensagens\/170-2\/","title":{"rendered":"O necess\u00e1rio"},"content":{"rendered":"<p><b>O necess\u00e1rio<\/b><\/p>\n<p>&#8220;Mas uma s\u00f3 coisa \u00e9 necess\u00e1ria.&#8221; &#8211; Jesus. (LUCAS, 10:42.)<\/p>\n<p>Ter\u00e1s muitos neg\u00f3cios pr\u00f3ximos ou remotos, mas n\u00e3o poder\u00e1s subtrair-lhes o car\u00e1ter de li\u00e7\u00e3o, porque a morte te descerrar\u00e1 realidades com as quais nem sonhas de leve&#8230;<\/p>\n<p>Administrar\u00e1s interesses v\u00e1rios, entretanto, n\u00e3o poder\u00e1s controlar todos os \u00e2ngulos do servi\u00e7o, de vez que a maldade e a indiferen\u00e7a se insinuam em todas as tarefas, prejudicando o raio de a\u00e7\u00e3o de todos os mission\u00e1rios da eleva\u00e7\u00e3o.<\/p>\n<p>Amealhar\u00e1s enorme fortuna, todavia, ignorar\u00e1s, por muitos anos, a que regi\u00e3o da vida te conduzir\u00e1 o dinheiro.<\/p>\n<p>Improvisar\u00e1s pomposos discursos, contudo, desconheces as conseq\u00fc\u00eancias de tuas palavras.<\/p>\n<p>Organizar\u00e1s grande movimento em derredor de teus passos, no entanto, se n\u00e3o constru\u00edres algo dentro deles para o bem leg\u00edtimo, cansar-te-\u00e1s em v\u00e3o.<\/p>\n<p>Experimentar\u00e1s muitas dores, mas, se n\u00e3o permaneceres vigilante no aproveitamento da luta, teus dissabores correr\u00e3o in\u00fateis.<\/p>\n<p>Exaltar\u00e1s o direito com o verbo indignado e ardoroso, todavia, \u00e9 prov\u00e1vel n\u00e3o estejas sen\u00e3o estimulando a indisciplina e a ociosidade de muitos.<\/p>\n<p>&#8220;Uma s\u00f3 coisa \u00e9 necess\u00e1ria&#8221;, asseverou o Mestre, em sua li\u00e7\u00e3o a Marta, cooperadora dedicada e ativa.<\/p>\n<p>Jesus desejava dizer que, acima de tudo, compete-nos guardar, dentro de n\u00f3s mesmos, uma atitude adequada, ante os des\u00edgnios do Todo-Poderoso, avan\u00e7ando, segundo o roteiro que nos tra\u00e7ou a Divina Lei. Realizado esse &#8220;necess\u00e1rio&#8221;, cada acontecimento, cada pessoa e cada coisa se ajustar\u00e3o, a nossos olhos, no lugar que lhes \u00e9 pr\u00f3prio. Sem essa posi\u00e7\u00e3o espiritual de sintonia com o Celeste Instrutor, \u00e9 muito dif\u00edcil agir algu\u00e9m com proveito.<\/p>\n<p><i>EMMANUEL (VINHA DE LUZ)<\/i><\/p>\n","protected":false},"excerpt":{"rendered":"<p>O necess\u00e1rio &#8220;Mas uma s\u00f3 coisa \u00e9 necess\u00e1ria.&#8221; &#8211; Jesus. (LUCAS, 10:42.) Ter\u00e1s muitos neg\u00f3cios pr\u00f3ximos ou remotos, mas n\u00e3o poder\u00e1s subtrair-lhes o car\u00e1ter de li\u00e7\u00e3o, porque a morte te descerrar\u00e1 realidades com as quais nem sonhas de leve&#8230; Administrar\u00e1s &hellip; <a href=\"https:\/\/xn--regeneraoplanetria-dsb6a7f.com.br\/index.php\/mensagens\/170-2\/\">Continue lendo <span class=\"meta-nav\">&rarr;<\/span><\/a><\/p>\n","protected":false},"author":1,"featured_media":0,"parent":160,"menu_order":0,"comment_status":"open","ping_status":"open","template":"","meta":{"footnotes":""},"class_list":["post-170","page","type-page","status-publish","hentry"],"_links":{"self":[{"href":"https:\/\/xn--regeneraoplanetria-dsb6a7f.com.br\/index.php\/wp-json\/wp\/v2\/pages\/170","targetHints":{"allow":["GET"]}}],"collection":[{"href":"https:\/\/xn--regeneraoplanetria-dsb6a7f.com.br\/index.php\/wp-json\/wp\/v2\/pages"}],"about":[{"href":"https:\/\/xn--regeneraoplanetria-dsb6a7f.com.br\/index.php\/wp-json\/wp\/v2\/types\/page"}],"author":[{"embeddable":true,"href":"https:\/\/xn--regeneraoplanetria-dsb6a7f.com.br\/index.php\/wp-json\/wp\/v2\/users\/1"}],"replies":[{"embeddable":true,"href":"https:\/\/xn--regeneraoplanetria-dsb6a7f.com.br\/index.php\/wp-json\/wp\/v2\/comments?post=170"}],"version-history":[{"count":0,"href":"https:\/\/xn--regeneraoplanetria-dsb6a7f.com.br\/index.php\/wp-json\/wp\/v2\/pages\/170\/revisions"}],"up":[{"embeddable":true,"href":"https:\/\/xn--regeneraoplanetria-dsb6a7f.com.br\/index.php\/wp-json\/wp\/v2\/pages\/160"}],"wp:attachment":[{"href":"https:\/\/xn--regeneraoplanetria-dsb6a7f.com.br\/index.php\/wp-json\/wp\/v2\/media?parent=170"}],"curies":[{"name":"wp","href":"https:\/\/api.w.org\/{rel}","templated":true}]}}