{"id":1770,"date":"2013-10-16T22:34:50","date_gmt":"2013-10-17T01:34:50","guid":{"rendered":"http:\/\/xn--regeneraoplanetria-dsb6a7f.com.br\/?page_id=1770"},"modified":"2013-10-16T22:34:50","modified_gmt":"2013-10-17T01:34:50","slug":"a-sexualidade-e-a-forca-criativa-do-espirito","status":"publish","type":"page","link":"https:\/\/xn--regeneraoplanetria-dsb6a7f.com.br\/index.php\/ciencia\/a-sexualidade-e-a-forca-criativa-do-espirito\/","title":{"rendered":"A Sexualidade e a For\u00e7a Criativa do Esp\u00edrito"},"content":{"rendered":"<div id=\"artigo\">\n<h1><a href=\"http:\/\/api.ning.com\/files\/ZXoWXLs1YKM9xxebGBIqDAUczAUOEMFE9P2X64kDaziQpHmj2746ZkPZHGleZh7Tf*cEvJt6IBSqy2ZlC-Rso5v58AlSDHPX\/sexosagradoespiritual.jpg\" target=\"_self\"><img decoding=\"async\" alt=\"\" src=\"http:\/\/api.ning.com\/files\/ZXoWXLs1YKM9xxebGBIqDAUczAUOEMFE9P2X64kDaziQpHmj2746ZkPZHGleZh7Tf*cEvJt6IBSqy2ZlC-Rso5v58AlSDHPX\/sexosagradoespiritual.jpg\" width=\"295\" \/><\/a><\/h1>\n<h1><a href=\"http:\/\/www.redeamigoespirita.com.br\/xn\/detail\/u_0e9e67d9vrz4s?xg_source=profiles_memberList\" target=\"_self\">Magali Bischoff<\/a><\/h1>\n<\/div>\n<div>\n<p align=\"justify\">Para compreender a rela\u00e7\u00e3o da sexualidade e a for\u00e7a criativa do Esp\u00edrito,temos que aprofundar os estudos das mensagens contidas na Codifica\u00e7\u00e3o,nas obras subsidi\u00e1rias,e por autores diversos que pesquisam o assunto sob o ponto de vista espiritual.<\/p>\n<\/div>\n<div>\n<p align=\"justify\">Andr\u00e9 Luiz,no livro Evolu\u00e7\u00e3o em dois Mundos,Cap.6,descreve informa\u00e7\u00f5es importantes,sobre o aparecimento da fun\u00e7\u00e3o sexual na Terra:\u201c&#8230;Durante um longo tempo, bact\u00e9rias e c\u00e9lulas foram experimentadas em reprodu\u00e7\u00e3o org\u00e2nica(sem gametas,isto \u00e9,assexuadas).Ap\u00f3s esse per\u00edodo um determinado grupo passa a exibir no seu interior qualidades magn\u00e9ticas positivas e negativas, que surgem desencadeadas por Orientadores Espirituais e acrescenta:&#8221;pressente-se a evolu\u00e7\u00e3o animal em v\u00e9speras de nascer&#8221;.<\/p>\n<p>E com o desenvolvimento da sexualidade e o aparecimento dos seres humanos,sob a a\u00e7\u00e3o dos Esp\u00edritos Superiores,surge a necessidade do povoamento da Terra.<\/p>\n<p>No seu livro &#8220;For\u00e7as Sexuais da Alma&#8221;,Jorge Andr\u00e9a, um grande pesquisador da fisiologia da Alma e da natureza do esp\u00edrito,aborda a quest\u00e3o:&#8221;&#8230;N\u00e3o podemos fazer confus\u00e3o com atividades sexuais ligadas aos \u00f3rg\u00e3os f\u00edsicos e as energias sexuais que carregamos em nosso Esp\u00edrito.Embora,as atividades sexuais na periferia sejam orientadas por essas for\u00e7as do Esp\u00edrito que denominamos &#8220;for\u00e7as criativas&#8221;. Essas for\u00e7as s\u00e3o usadas para criar as coisas belas e \u00fateis ou inferiores tamb\u00e9m. A arte, a literatura, a m\u00fasica, os impulsos para o bem, etc.\u201d<\/p>\n<p>\u00c9 importante conhecer essa for\u00e7a criativa e analisar o processo mente\/esp\u00edrito e o arcabou\u00e7o das experi\u00eancias pret\u00e9ritas para compreendermos as bases das nossas a\u00e7\u00f5es, sentimentos,tend\u00eancias e conviv\u00eancias na encarna\u00e7\u00e3o presente.<\/p>\n<p>Jorge Andr\u00e9ia separa em tr\u00eas zonas,as camadas do consciente e do inconsciente,de uma forma mais did\u00e1tica e de f\u00e1cil compreens\u00e3o:<\/p>\n<p>1a.) Zona do Inconsciente Puro.<\/p>\n<p>\u201cCentro da vida, ponto de partida das energias diretivas do Esp\u00edrito a distribuir-se por toda a estrutura do psiquismo.\u00c9 uma zona inating\u00edvel por qualquer dos m\u00e9todos psicol\u00f3gicos em vigor.Representaria a zona do aut\u00eantico Eu,com caracter\u00edsticas de campo dimensional de energias t\u00e3o espec\u00edficas que, por seu interm\u00e9dio, haveria a possibilidade de pensar-se que o &#8220;fluido universal&#8221;(elabora\u00e7\u00e3o do pensamento divino)a\u00ed encontrasse a porta de penetra\u00e7\u00e3o e, consequentemente, de orienta\u00e7\u00e3o e abastecimento das inesgot\u00e1veis vibra\u00e7\u00f5es divinas para os seres.Seria uma zona quitessenciada,faixa de nascimento das energias criativas do pr\u00f3prio psiquismo, a ponte de comunica\u00e7\u00e3o e local de canaliza\u00e7\u00e3o da Grande Lei da Vida;As energias criativas dessa zona, que nomeamos de inconsciente puro,distribuem, com ordem e precis\u00e3o, os necess\u00e1rios impulsos nutridores para a camada que imediatamente lhe segue, por n\u00f3s denominada de inconsciente passado ou arcaico. Esta, por sua vez, orientaria a que lhe sucede e,assim por diante,at\u00e9 o corpo f\u00edsico.Desse modo,o Centro da Vida,a fonte criativa estaria,com seu inteligente direcionamento,nas c\u00e9lulas f\u00edsicas orientando os processos bioqu\u00edmicos,por\u00e9m com energias perfeitamente adaptadas pelas respectivas filtragens que as camadas dimensionais do psiquismo podem oferecer.\u201d<\/p>\n<p>2a.) Zona Inconsciente Passado ou Arcaico<\/p>\n<p>\u201c\u00c9 a camada que circunda a do inconsciente puro e onde estariam sedimentadas todas as experi\u00eancias que determinado ser vivenciou atrav\u00e9s dos evos.A\u00ed encontraremos os &#8220;n\u00facleos\u201d desses arquivos que, pela sua intensa atividade,denominamos de n\u00facleos em potencia\u00e7\u00e3o;poder\u00edamos nome\u00e1-los, em pensamento de Jung,de arqu\u00e9tipos.Quanto mais vivenciou determinado ser,maior o lastro dessas fontes vibrat\u00f3rias pelo mecanismo incorporativo; nessa absor\u00e7\u00e3o e devida metaboliza\u00e7\u00e3o da mec\u00e2nica ps\u00edquica,os arquivos do Esp\u00edrito, a\u00ed situados, sempre se expressar\u00e3o numa posi\u00e7\u00e3o de unifica\u00e7\u00e3o e totalidade sob forma de aptid\u00f5es.Assim, os alicerces das experi\u00eancias acumuladas transformam-se em aptid\u00f5es,que poder\u00e3o ser,cada vez mais, buriladas, ampliadas e melhoradas,na medida em que a evolu\u00e7\u00e3o individual se for afirmando.Desses n\u00facleos em potencia\u00e7\u00e3o partir\u00e3o energias que percorrer\u00e3o as diversas camadas do psiquismo at\u00e9 esbarrar no pared\u00e3o das c\u00e9lulas f\u00edsicas, especificamente em seus n\u00facleos,impulsionando e direcionando o laborat\u00f3rio do c\u00f3digo gen\u00e9tico.Seria esse o modo pelo qual as for\u00e7as do Esp\u00edrito interv\u00eam na organiza\u00e7\u00e3o f\u00edsica?\u201d<\/p>\n<p>3a.) Zona do Inconsciente Atual ou Presente<\/p>\n<p>\u201cEsta terceira zona de revestimento representaria uma regi\u00e3o cujas fun\u00e7\u00f5es psicol\u00f3gicas, por se encontrarem bem pr\u00f3ximas da zona f\u00edsica, mais facilmente mostram parte dessa din\u00e2mica j\u00e1 mais bem percebida pela zona consciente.\u00c9 a zona onde os conflitos do psiquismo, sob forma de neuroses, mais facilmente derramam-se na zona consciente,natural canal de deriva\u00e7\u00f5es.Diante dessa apresenta\u00e7\u00e3o dir\u00edamos,de modo l\u00f3gico,que \u00e9 no inconsciente passado,onde os v\u00f3rtices energ\u00e9ticos do Esp\u00edrito se encontram enraizados,a absorverem experi\u00eancias da zona consciente e,por processo inverso,com possibilidade de nutrirem os mecanismos da vida material. Essas fontes inesgot\u00e1veis de energia espiritual,pela condi\u00e7\u00e3o de constante vibra\u00e7\u00e3o,nos levaram a denomin\u00e1-las n\u00facleos em potencia\u00e7\u00e3o.E os correspondentes na periferia (c\u00e9lulas do corpo f\u00edsico),os elementos onde os v\u00f3rtices desses n\u00facleos pudessem encontrar receptividade como se fora uma tela captativa, seriam os genes dos cromossomos.Estamos a ver que o psiquismo,nessa hip\u00f3tese de trabalho,teria correla\u00e7\u00f5es,canais de entrosamento entre o Esp\u00edrito e a mat\u00e9ria.A fim de que esses campos consigam,entre si, entrosagem e sintonia dever\u00e3o ser adaptados pelas diversas mudan\u00e7as dimensionais que as camadas do psiquismo devem apresentar. Quanto mais na periferia, na zona corp\u00f3rea, mais densifica\u00e7\u00e3o, quanto mais no centro, na zona espiritual, mais quintess\u00eancia pela pureza dimensional. Ainda poder\u00edamos acrescentar no esquema do psiquismo o corpo mental envolvendo o inconsciente atual.Quanto a esta camada ou campo temos que nos louvar nas informa\u00e7\u00f5es espirituais, porquanto n\u00e3o existem possibilidades de conhecimento dessa zona pelos seus reflexos na zona consciente.<\/p>\n<p>Pelo que nos fala Andr\u00e9 Luiz(entidade espiritual),ela representa o envolt\u00f3rio sutil da mente.Poder\u00edamos dizer que nessa regi\u00e3o,possivelmente,o perisp\u00edrito encontre seus alicerces.A camada intermedi\u00e1ria que poder\u00e1 oferecer todas essas condi\u00e7\u00f5es de adapta\u00e7\u00e3o,entre centro espiritual e periferia corp\u00f3rea,seria o psicossoma ou perisp\u00edrito.\u00c9 na rede perispiritual que os canais do psiquismo encontram os aut\u00eanticos caminhos de entrosagem de energia\u201d.<\/p>\n<p>No seu livro \u201cVis\u00e3o Esp\u00edrita das Distonias Mentais\u201d,ele diz: \u201c&#8230;podemos considerar o inconsciente atual(ou presente) tamb\u00e9m funcionando como filtro entre as regi\u00f5es nobres do Esp\u00edrito e os campos mais externos do psiquismo.<\/p>\n<p>Para quem ainda n\u00e3o est\u00e1 muito acostumado, com os termos utilizados nas obras da Codifica\u00e7\u00e3o,Allan Kardec e os esp\u00edritos,definiram novas palavras, para diferenciar conceitos da sua \u00e9poca,j\u00e1 que a obra corria s\u00e9rio risco de interpreta\u00e7\u00e3o.Uma delas \u00e9 a palavra \u201cquintess\u00eancia\u201d, termo pouco conhecido naquela \u00e9poca, e provavelmente,melhor aceito e compreendido nos dias de hoje,que sugere uma ideia daquilo que os esp\u00edritos desejavam informar.Eles tinham o cuidado de n\u00e3o utilizar a mesma defini\u00e7\u00e3o para coisas diferentes.<\/p>\n<p>E muito provavelmente,a defini\u00e7\u00e3o de Quintess\u00eancia utilizada no per\u00edodo de Kardec, vem da Cosmol\u00f3gica: dos Gregos:<\/p>\n<p>Segue informa\u00e7\u00e3o do Dicion\u00e1rio: &#8220;A ideia de uma Quintess\u00eancia (ou 5o elemento) como um tipo especial de mat\u00e9ria que preenche o cosmos foi introduzida pelos gregos. Na Cosmologia Aristot\u00e9lica, por exemplo, o Universo seria finito, est\u00e1tico e formado por cinco elementos primordiais: \u00e1gua, ar, terra, fogo e Quintess\u00eancia. O 5o elemento seria uma subst\u00e2ncia diferente das outras; transparente, inalter\u00e1vel e imponder\u00e1vel; uma mat\u00e9ria prima que formaria a lua, os planetas, o sol e as estrelas&#8221;.<\/p>\n<p>&#8220;A Quintess\u00eancia \u00e9 um elemento essencial para tornar o modelo cosmol\u00f3gico grego consistente. Pela concep\u00e7\u00e3o grega, os elementos pesados devem cair para o seu lugar natural (o centro da terra),mas a lua mesmo parecendo pesada n\u00e3o cai. Isso explica a origem da Quintess\u00eancia como formadora dos corpos celestes.A luz do renascimento cient\u00edfico e da revolu\u00e7\u00e3o newtoniana, podemos afirmar que a Quintess\u00eancia surgiu para resolver um problema de acelera\u00e7\u00e3o; um conceito que permitiria \u201csustentar&#8221; a lua e os demais corpos celestes em suas \u00f3rbitas&#8221;.(ver: Dicion\u00e1rio Informal)<\/p>\n<p>Se estudamos a exist\u00eancia do Esp\u00edrito,a sua energia criativa e a sua rela\u00e7\u00e3o na Mat\u00e9ria,n\u00e3o podemos deixar de falar do Criador e as Leis que regem o Universo.Na primeira quest\u00e3o de \u201cO Livro dos Esp\u00edritos\u201d,Allan Kardec pergunta aos esp\u00edritos \u201c Que \u00e9 Deus?\u201d,n\u00e3o mais dentro da vis\u00e3o Antropom\u00f3rfica de \u201cQuem \u00e9 Deus\u201d (a imagem e semelhan\u00e7a dos Homens)mas de um Criador,Intelig\u00eancia Suprema Causa prim\u00e1ria de todas as coisas, que revela as Leis que regem todo o Universo, tendo como princ\u00edpio As Leis Universais, entre elas de que os Esp\u00edritos foram criados, simples e ignorantes,mantendo a sua individualidade no exerc\u00edcio pleno do Livre arb\u00edtrio.<\/p>\n<p>Dentro dessa compreens\u00e3o,n\u00e3o podemos julgar a condi\u00e7\u00e3o sexual,evolutiva de nenhum esp\u00edrito encarnado e suas necessidades e escolhas,sem analisar todo o arcabou\u00e7o espiritual.<\/p>\n<p>Se Deus criou os Esp\u00edritos iguais,simples e ignorantes,e neles n\u00e3o existe essa diferencia\u00e7\u00e3o sexual(essa informa\u00e7\u00e3o est\u00e1 contida em \u201cO Livro dos Esp\u00edritos\u201dquest\u00e3o 200,na pergunta formulada por Allan Kardec),precisamos compreender que ele \u00e9 o respons\u00e1vel por sua trajet\u00f3ria,exercitando a energia criativa da forma que lhe cabe,segundo suas necessidades e entendimento.E na Lei de Causa e Efeito,os esp\u00edritos tem total liberdade para aprender,reparar, experimentar,equilibrar,desenvolver,aprimorar suas for\u00e7as \u00e0 caminho da Evolu\u00e7\u00e3o.Lembrando somente,que cada a\u00e7\u00e3o do esp\u00edrito em uma exist\u00eancia,tem a rela\u00e7\u00e3o direta com a rea\u00e7\u00e3o nessa ou em outra exist\u00eancia.<\/p>\n<p>Para finalizar,segue os ensinamentos do Esp\u00edrito Emmanuel, quanto \u00e0 aplica\u00e7\u00e3o do sexo. No livro \u201cVida e Sexo\u201d, umas das obras mais completas sobre o assunto,encontramos j\u00e1 na Introdu\u00e7\u00e3o:<\/p>\n<p align=\"justify\">\u201c&#8230;E para n\u00e3o nos delongarmos em considera\u00e7\u00f5es desnecess\u00e1rias,concluiremos que,em torno do sexo, ser\u00e1 justo sintetizarmos todas as digress\u00f5es nas normas seguintes:N\u00e3o proibi\u00e7\u00e3o, mas educa\u00e7\u00e3o.N\u00e3o abstin\u00eancia imposta, mas emprego digno,com o devido respeito aos outros e a si mesmo.N\u00e3o indisciplina,mas controle.N\u00e3o impulso livre,mas responsabilidade.Fora disso, \u00e9 teorizar simplesmente,para depois aprender ou reaprender com a experi\u00eancia.Sem isso, ser\u00e1 enganar-nos,lutar sem proveito,sofrer e recome\u00e7ar a obra da sublima\u00e7\u00e3o pessoal, tantas vezes quantas se fizerem precisas,pelos mecanismos da reencarna\u00e7\u00e3o,porque a aplica\u00e7\u00e3o do sexo,ante a luz do amor e da vida,\u00e9 assunto pertinente \u00e0 consci\u00eancia de cada um.<\/p>\n<p>A Funda\u00e7\u00e3o Esp\u00edrita Andr\u00e9 Luiz, realiza um excelente trabalho no esclarecimento de diversos temas que est\u00e3o em debate na Sociedade atrav\u00e9s da programa\u00e7\u00e3o da Rede Mundo Maior de Televis\u00e3o e da Rede Boa Nova de R\u00e1dio,apresentando debates,entrevistas,coment\u00e1rios,estudos de expositores e pesquisadores da Doutrina Esp\u00edrita.<\/p>\n<p>Segue o Programa \u201cMundo Maior Rep\u00f3rter\u201d da Rede Mundo Maior de Televis\u00e3o, emissora da Funda\u00e7\u00e3o Esp\u00edrita Andr\u00e9 Luiz,que abordou esse tema de forma imparcial, contribuindo com um trabalho jornal\u00edstico muito esclarecedor. Vale a pena assistir !<\/p>\n<p>\u2022Bibliografia:<\/p>\n<p>Xavier, Francisco C\u00e2ndido &#8211; Andr\u00e9 Luiz, Evolu\u00e7\u00e3o em Dois Mundos, 15 ed.: FEB Boletim M\u00e9dico Esp\u00edrita, outubro 1987.<br \/>\nAndr\u00e9a, Jorge &#8211; &#8220;Paling\u00eanese, a Grande Lei&#8221;. Editora Caminho da Liberta\u00e7\u00e3o. 2\u00aa edi\u00e7\u00e3o, 1980, Rio de Janeiro.<br \/>\nAndr\u00e9a, Jorge-&#8220;Energ\u00e9tica do Psiquismo&#8221;. Fronteiras da Alma. Editora Caminho da Liberta\u00e7\u00e3o.2\u00aa edi\u00e7\u00e3o, 1978, Rio de Janeiro.<br \/>\nAndr\u00e9a, Jorge- \u201cAs For\u00e7as Sexuais da Alma\u201d, Publica\u00e7\u00e3o original 1998.Ed.FEB.<br \/>\nKardec. Allan -\u201cO Livro dos Esp\u00edritos\u201d II parte Cap 1 76 a 83<br \/>\nCiclo de Estudos sobre a obra Evolu\u00e7\u00e3o em Dois Mundos. Emmanuel (Vida e Sexo \u2013 21 Homossexualidade)<br \/>\nBiblia( Mt VII 1-2) :N\u00e3o julgueis, para n\u00e3o serdes julgados, pois sereis julgados da mesma maneira como julgardes aos outros; e se usar\u00e1 para convosco, da mesma medida com que medirdes a eles&#8221;.<\/p>\n<p><strong>Sobre a Autora<\/strong>:<\/p>\n<p><b><a href=\"http:\/\/3.bp.blogspot.com\/_B4ELXnI2dAA\/TJ69iMvTsaI\/AAAAAAAAFWk\/QdFpYwpcbig\/s1600\/JOSE_ANT.jpg\" target=\"_blank\"><img loading=\"lazy\" decoding=\"async\" alt=\"\" src=\"http:\/\/api.ning.com\/files\/ZXoWXLs1YKPN-j5gmdkSy8RcpF0PQHpCfuUokSzMxBQDHSKRy1isaz*q37OCvvxMe936RJ54GlnG0fPtluGJ7UEJk31pX2oW\/8094576653407067665.jpg?width=123\" width=\"138\" height=\"137\" \/><\/a><a href=\"http:\/\/www.redeamigoespirita.com.br\/xn\/detail\/u_0e9e67d9vrz4s?xg_source=profiles_memberList\" target=\"_blank\">Magali Bischoff<\/a>\u00a0(S\u00e3o Paulo\/SP)<\/b><\/p>\n<p><i>\u00e9 membro da Rede Amigo Esp\u00edrita<\/i><\/p>\n<p><i>Magali Bischoff, nascida na cidade de Guarulhos e residente em S\u00e3o Paulo, colabora no Movimento Esp\u00edrita desde 1992 .\u00a0Atuou como volunt\u00e1ria na Biblioteca Esp\u00edrita Humberto de Campos, na \u00c1rea de Divulga\u00e7\u00e3o e no setor administrativo da \u00c1rea Federativa, trabalho realizado junto as Casas Esp\u00edritas coligadas \u00e0 Federa\u00e7\u00e3o Esp\u00edrita do Estado de S\u00e3o Paulo (FEESP).\u00a0Participou dos projetos de divulga\u00e7\u00e3o da FEAL, levando ao movimento esp\u00edrita, todos os trabalhos realizados pela Funda\u00e7\u00e3o Esp\u00edrita Andr\u00e9 Luiz. A Rede Boa Nova de R\u00e1dio, TV Mundo Maior, Editora e Distribuidora Mundo Maior, o site da Funda\u00e7\u00e3o e o Clube Amigos da Boa Nova, dessa forma, divulgando a mensagem esp\u00edrita.\u00a0Atualmente realiza palestras em Casas Esp\u00edritas, colabora no Curso de Aprendizes do Evangelho da Federa\u00e7\u00e3o Esp\u00edrita do Estado de S\u00e3o Paulo, escreve artigos para jornais, revistas e sites esp\u00edritas, participa tamb\u00e9m, de diversas listas esp\u00edritas do Brasil como divulgadora.\u00a0<\/i><\/p>\n<p>E-mail\u00a0<a href=\"mailto:magalibischoff@gmail.com\">magalibischoff@gmail.com<\/a><\/p>\n<p>Blog\u00a0<a href=\"http:\/\/cuidedoseumundo.blogspot.com\/\">http:\/\/cuidedoseumundo.blogspot.com<\/a><\/p>\n<\/div>\n","protected":false},"excerpt":{"rendered":"<p>Magali Bischoff Para compreender a rela\u00e7\u00e3o da sexualidade e a for\u00e7a criativa do Esp\u00edrito,temos que aprofundar os estudos das mensagens contidas na Codifica\u00e7\u00e3o,nas obras subsidi\u00e1rias,e por autores diversos que pesquisam o assunto sob o ponto de vista espiritual. Andr\u00e9 Luiz,no &hellip; <a href=\"https:\/\/xn--regeneraoplanetria-dsb6a7f.com.br\/index.php\/ciencia\/a-sexualidade-e-a-forca-criativa-do-espirito\/\">Continue lendo <span class=\"meta-nav\">&rarr;<\/span><\/a><\/p>\n","protected":false},"author":1,"featured_media":0,"parent":1300,"menu_order":0,"comment_status":"open","ping_status":"open","template":"","meta":{"footnotes":""},"class_list":["post-1770","page","type-page","status-publish","hentry"],"_links":{"self":[{"href":"https:\/\/xn--regeneraoplanetria-dsb6a7f.com.br\/index.php\/wp-json\/wp\/v2\/pages\/1770","targetHints":{"allow":["GET"]}}],"collection":[{"href":"https:\/\/xn--regeneraoplanetria-dsb6a7f.com.br\/index.php\/wp-json\/wp\/v2\/pages"}],"about":[{"href":"https:\/\/xn--regeneraoplanetria-dsb6a7f.com.br\/index.php\/wp-json\/wp\/v2\/types\/page"}],"author":[{"embeddable":true,"href":"https:\/\/xn--regeneraoplanetria-dsb6a7f.com.br\/index.php\/wp-json\/wp\/v2\/users\/1"}],"replies":[{"embeddable":true,"href":"https:\/\/xn--regeneraoplanetria-dsb6a7f.com.br\/index.php\/wp-json\/wp\/v2\/comments?post=1770"}],"version-history":[{"count":0,"href":"https:\/\/xn--regeneraoplanetria-dsb6a7f.com.br\/index.php\/wp-json\/wp\/v2\/pages\/1770\/revisions"}],"up":[{"embeddable":true,"href":"https:\/\/xn--regeneraoplanetria-dsb6a7f.com.br\/index.php\/wp-json\/wp\/v2\/pages\/1300"}],"wp:attachment":[{"href":"https:\/\/xn--regeneraoplanetria-dsb6a7f.com.br\/index.php\/wp-json\/wp\/v2\/media?parent=1770"}],"curies":[{"name":"wp","href":"https:\/\/api.w.org\/{rel}","templated":true}]}}