{"id":178,"date":"2013-02-21T21:42:21","date_gmt":"2013-02-22T00:42:21","guid":{"rendered":"http:\/\/xn--regeneraoplanetria-dsb6a7f.com.br\/?page_id=178"},"modified":"2013-03-09T13:31:02","modified_gmt":"2013-03-09T16:31:02","slug":"jesus-no-lar","status":"publish","type":"page","link":"https:\/\/xn--regeneraoplanetria-dsb6a7f.com.br\/index.php\/jesus-no-lar\/","title":{"rendered":"Jesus no Lar"},"content":{"rendered":"<p>EVANGELHO NO LAR \u00a0(Livros de Chico Xavier encontram-se dispon\u00edveis na p\u00e1gina &#8220;downloads&#8221;)<\/p>\n<p>O evangelho no lar \u00e9 uma campanha permanente, para incentivar sempre as fam\u00edlias a convidarem Jesus a suas casas.<\/p>\n<p align=\"center\"><b>A Origem do Evangelho no Lar<\/b><\/p>\n<p>Durante algum tempo Jesus ficou hospedado na casa de Sim\u00e3o Pedro, em Carfanaum. Em uma noite, quando as estrelas povoavam o firmamento em noite prateada de luar, Jesus pegou os sagrados escritos e, como se quisesse imprimir\u00a0novo rumo a conversa\u00e7\u00e3o que se fizera improdutiva e nada edificante, falou com bondade:<\/p>\n<p>J &#8211; Sim\u00e3o, que faz o pescador quando se dirige\u00a0para o mercado com os frutos de cada dia?<\/p>\n<p>Pedro pensou e respondeu hesitante:<br \/>\nP &#8211; Mestre, naturalmente escolhemos os melhores peixes, ningu\u00e9m compra o res\u00edduo da pesca.<\/p>\n<p>Jesus sorriu e perguntou novamente:<br \/>\nJ &#8211; E o oleiro? O que faz para atender a tarefa que se prop\u00f5e?<\/p>\n<p>P &#8211; Certamente, Senhor, modela o barro; imprimindo\u00a0a forma que deseja.<\/p>\n<p>Jesus pergunta outra vez:<br \/>\nJ &#8211; E o Carpinteiro, como procede para alcan\u00e7ar o trabalho\u00a0que pretende realizar?<\/p>\n<p>P \u2013 Senhor, lavrar\u00e1 a madeira bruta, usar\u00e1 a enx\u00f3, o serrote, o martelo e o form\u00e3o. De outra forma, n\u00e3o aperfei\u00e7oaria a pe\u00e7a bruta.<\/p>\n<p>Jesus calou-se por alguns instantes e depois concluiu:<br \/>\nJ &#8211; Assim \u00e9 o lar diante o mundo. O ber\u00e7o dom\u00e9stico \u00e9 a primeira escola e o primeiro templo da alma. A casa do homem \u00e9 a leg\u00edtima exportadora de caracteres para a vida comum. Se o negociante seleciona a mercadoria, se o marceneiro n\u00e3o consegue fazer um barco sem afei\u00e7oar a madeira aos seus prop\u00f3sitos, como esperar uma comunidade segura e tranquila sem que o lar se aperfei\u00e7oe? Paz do mundo come\u00e7a sob as telhas a que nos acolhemos. Se n\u00e3o aprendemos a viver em paz, entre quatro paredes, como aguardar a harmonia das na\u00e7\u00f5es? Se n\u00f3s n\u00e3o habituamos a amar o irm\u00e3o mais pr\u00f3ximo, associado a nossa luta de cada dia, como respeitar o eterno Pai que nos parece distante?<br \/>\nPedro, acendamos aqui, em torno de quantos nos procuram assist\u00eancia fraterna, uma claridade nova. A mesa da tua casa \u00e9 o lar de teu p\u00e3o, nela recebemos do Senhor o alimento de cada dia. Por que n\u00e3o instalar, ao redor dela, a sementeira da felicidade e da paz na conversa\u00e7\u00e3o e no pensamento? O pai, que nos d\u00e1 o trigo para o celeiro, atrav\u00e9s do solo, envia-nos a luz atrav\u00e9s do c\u00e9u.<\/p>\n<p>Pedro reconhecido, t\u00edmido, disse:<br \/>\nP &#8211; Mestre seja feito como desejas.<\/p>\n<p>Ent\u00e3o Jesus, convidando familiares do ap\u00f3stolo a palestra edificante e a medita\u00e7\u00e3o elevada, desenrolou os escritos da sabedoria e abriu, na terra o primeiro culto crist\u00e3o no lar.<\/p>\n<p>Trecho retirado do livro &#8220;Jesus no Lar&#8221; de Francisco C. Xavier pelo esp\u00edrito Neio L\u00facio.<\/p>\n<p><b>Roteiro<\/b><\/p>\n<ul>\n<li>Escolha uma hora e um dia da semana em que seja poss\u00edvel a presen\u00e7a de todas as pessoas, integrantes do lar, inclusive as crian\u00e7as.<\/li>\n<li>A observa\u00e7\u00e3o cuidadosa da hora e do dia estabelece um compromisso de pontualidade com a espiritualidade, garantindo a assist\u00eancia espiritual.<\/li>\n<li>A dura\u00e7\u00e3o da reuni\u00e3o pode ser de trinta minutos aproximadamente, ou mais, dependendo de cada fam\u00edlia.<\/li>\n<li>N\u00e3o suspender a pr\u00e1tica do Evangelho em virtude de visitas, passeios adi\u00e1veis ou acontecimentos f\u00fateis.<\/li>\n<li>Providenciar uma jarra com \u00e1gua para fluidifica\u00e7\u00e3o, para ser servida no final da reuni\u00e3o.<\/li>\n<li>Recomenda-se a leitura de &#8220;o Evangelho segundo o Espiritismo&#8221;.<\/li>\n<li>Abster-se de manifesta\u00e7\u00f5es de Esp\u00edritos.<\/li>\n<\/ul>\n<p><span style=\"text-decoration: underline;\">Prece Inicial<\/span><br \/>\nSimples e espont\u00e2nea, valorizando os sentimentos e n\u00e3o as palavras, solicitando a dire\u00e7\u00e3o divina para a reuni\u00e3o. Leitura e coment\u00e1rio de p\u00e1gina evang\u00e9lica com a participa\u00e7\u00e3o de todos os presentes. A reuni\u00e3o pode ser enriquecida, conforme o caso, com poesia, hist\u00f3ria ou narrativa de fatos reais.<\/p>\n<p><span style=\"text-decoration: underline;\">Prece Final<\/span><br \/>\nOcasi\u00e3o em que se pode orar pelos que n\u00e3o puderam estar presentes.<\/p>\n<p><b>Livros sugeridos para realiza\u00e7\u00e3o do &#8220;Culto do Evangelho no Lar&#8221;:<\/b><\/p>\n<ul>\n<li>Evangelho Segundo o Espiritismo\/Allan Kardec\/FEB<\/li>\n<li>Jesus no Lar\/Francisco C. Xavier &#8211; Neio L\u00facio\/FEB<\/li>\n<li>P\u00e3o Nosso &#8211; Vinha de Luz &#8211; Fonte Viva &#8211; Caminho Verdade e Vida\/Francisco C. Xavier &#8211; Emmanuel\/FEB<\/li>\n<li>Agenda Crist\u00e3\/Francisco C. Xavier-Andr\u00e9 Luiz\/FEB<\/li>\n<li>Conduta Esp\u00edrita\/Waldo Vieira-Andr\u00e9 Luiz\/FEB<\/li>\n<\/ul>\n<p><b>Livros que fazem refer\u00eancia ao &#8220;Culto do Evangelho no Lar&#8221;:<\/b><\/p>\n<ul>\n<li>Caminho, Verdade e Vida \u2013 Francisco C. Xavier\/Emmanuel\/FEB<\/li>\n<li>Celeiro de B\u00ean\u00e7\u00e3os \u2013 Divaldo P. Franco\/Joanna De \u00c2ngelis<\/li>\n<li>Desobsess\u00e3o \u2013 Francisco C. Xavier\/Andr\u00e9 Luiz\/FEB<\/li>\n<li>Gesta\u00e7\u00e3o Sublime Interc\u00e2mbio \u2013 Ricardo Di Bernardi\/Universalista<\/li>\n<li>Instrumentos do tempo \u2013 Francisco C. Xavier\/Emmanuel\/GEEM<\/li>\n<li>Jesus no Lar \u2013 Francisco C. Xavier\/Neio L\u00facio\/FEB<\/li>\n<li>Maria Dolores \u2013 Francisco C. Xavier\/Maria Dolores\/Ideal<\/li>\n<li>Na Seara do Mestre \u2013 Pedro de Camargo\/Vinicius\/FEB<\/li>\n<li>O Esp\u00edrito da Verdade \u2013 Francisco C. Xavier\/Emmanuel\/FEB<\/li>\n<li>O Consolador \u2013 Francisco C. Xavier\/Emmanuel\/FEB<\/li>\n<li>Nosso Lar \u2013 Francisco C. Xavier\/Andr\u00e9 Luiz\/FEB<\/li>\n<li>Obreiros da Vida Eterna \u2013 Francisco C. Xavier\/Andr\u00e9 Luiz\/FEB<\/li>\n<li>Obsess\u00e3o\/Desobsess\u00e3o \u2013 Francisco C. Xavier\/Andr\u00e9 Luiz\/FEB<\/li>\n<li>Os Mensageiros \u2013 Francisco C. Xavier \/ Andr\u00e9 Luiz\/FEB<\/li>\n<li>Reposit\u00f3rio de Sabedoria \u2013 Divaldo P. Franco\/Joanna De \u00c2ngelis<\/li>\n<li>Seara dos M\u00e9diuns \u2013 Francisco C. Xavier\/Emmanuel\/FEB<\/li>\n<li>Tramas do Destino \u2013 Divaldo P. Franco\/Manuel Philomeno de Miranda\/FEB<\/li>\n<\/ul>\n","protected":false},"excerpt":{"rendered":"<p>EVANGELHO NO LAR \u00a0(Livros de Chico Xavier encontram-se dispon\u00edveis na p\u00e1gina &#8220;downloads&#8221;) O evangelho no lar \u00e9 uma campanha permanente, para incentivar sempre as fam\u00edlias a convidarem Jesus a suas casas. A Origem do Evangelho no Lar Durante algum tempo &hellip; <a href=\"https:\/\/xn--regeneraoplanetria-dsb6a7f.com.br\/index.php\/jesus-no-lar\/\">Continue lendo <span class=\"meta-nav\">&rarr;<\/span><\/a><\/p>\n","protected":false},"author":1,"featured_media":0,"parent":0,"menu_order":9,"comment_status":"open","ping_status":"open","template":"","meta":{"footnotes":""},"class_list":["post-178","page","type-page","status-publish","hentry"],"_links":{"self":[{"href":"https:\/\/xn--regeneraoplanetria-dsb6a7f.com.br\/index.php\/wp-json\/wp\/v2\/pages\/178","targetHints":{"allow":["GET"]}}],"collection":[{"href":"https:\/\/xn--regeneraoplanetria-dsb6a7f.com.br\/index.php\/wp-json\/wp\/v2\/pages"}],"about":[{"href":"https:\/\/xn--regeneraoplanetria-dsb6a7f.com.br\/index.php\/wp-json\/wp\/v2\/types\/page"}],"author":[{"embeddable":true,"href":"https:\/\/xn--regeneraoplanetria-dsb6a7f.com.br\/index.php\/wp-json\/wp\/v2\/users\/1"}],"replies":[{"embeddable":true,"href":"https:\/\/xn--regeneraoplanetria-dsb6a7f.com.br\/index.php\/wp-json\/wp\/v2\/comments?post=178"}],"version-history":[{"count":0,"href":"https:\/\/xn--regeneraoplanetria-dsb6a7f.com.br\/index.php\/wp-json\/wp\/v2\/pages\/178\/revisions"}],"wp:attachment":[{"href":"https:\/\/xn--regeneraoplanetria-dsb6a7f.com.br\/index.php\/wp-json\/wp\/v2\/media?parent=178"}],"curies":[{"name":"wp","href":"https:\/\/api.w.org\/{rel}","templated":true}]}}