{"id":1853,"date":"2013-11-14T22:58:36","date_gmt":"2013-11-15T00:58:36","guid":{"rendered":"http:\/\/xn--regeneraoplanetria-dsb6a7f.com.br\/?page_id=1853"},"modified":"2013-11-14T22:58:36","modified_gmt":"2013-11-15T00:58:36","slug":"o-aborto-legalizado","status":"publish","type":"page","link":"https:\/\/xn--regeneraoplanetria-dsb6a7f.com.br\/index.php\/aborto\/o-aborto-legalizado\/","title":{"rendered":"O Aborto Legalizado"},"content":{"rendered":"<h1><a style=\"font-size: 2em;\" href=\"http:\/\/api.ning.com\/files\/w-k4IC*v9QlS0JS6NvP7ZlWfwGip2KamzbF9MwXOv*XLOGtpgAObxOfoVIYxmsbA7KpBRPGPH6gMQJ5GjpupXM0rVgZlslfh\/Divaldoblood_money2.jpg\" target=\"_self\"><img decoding=\"async\" alt=\"\" src=\"http:\/\/api.ning.com\/files\/w-k4IC*v9QlS0JS6NvP7ZlWfwGip2KamzbF9MwXOv*XLOGtpgAObxOfoVIYxmsbA7KpBRPGPH6gMQJ5GjpupXM0rVgZlslfh\/Divaldoblood_money2.jpg\" width=\"550\" \/><\/a><\/h1>\n<div>\n<div>\n<h1>O Aborto Legalizado<\/h1>\n<h1><b>Magali Bischoff\u00a0(S\u00e3o Paulo\/SP)<\/b><\/h1>\n<\/div>\n<div>\n<div data-category-id=\"\">\n<div id=\"artigo\">\n<p>\u00a0A sociedade est\u00e1 come\u00e7ando a refletir sobre a necessidade de intensificar as a\u00e7\u00f5es protetoras da vida, dos seres humanos, dos animais e de todo ser vivo, em todos os espa\u00e7os onde a VIDA se faz presente.<\/p>\n<p align=\"justify\">O homem desenvolveu ao longo do tempo a for\u00e7a, a intelig\u00eancia e as habilidades que o tornam o \u00fanico ser na face da Terra, capaz de transformar a sua realidade, na busca de recursos que possibilitam o seu progresso material. Mas nem sempre o progresso material e moral,caminham juntos no mesmo sentido e na mesma velocidade.<\/p>\n<p align=\"justify\">E o que faz uma sociedade progredir \u00e9 o bem estar do seu povo e para alcan\u00e7ar o progresso, \u00e9 necess\u00e1rio a\u00e7\u00f5es que transformem nosso Planeta em um lugar seguro e feliz.<br \/>\n<i><\/i><\/p>\n<p align=\"justify\"><i>E o local mais seguro para se conquistar isso, \u00e9 o cora\u00e7\u00e3o das pessoas.<\/i><\/p>\n<p align=\"justify\">Hoje a sociedade paga um alto pre\u00e7o pela exagerada sensa\u00e7\u00e3o de poder sobre o outro, sobre as coisas ou sobre a pr\u00f3pria vida. A viol\u00eancia crescente, a injusti\u00e7a social, a educa\u00e7\u00e3o de p\u00e9ssima qualidade e a falta de sa\u00fade, de cultura, em meio a tanta corrup\u00e7\u00e3o, geram uma s\u00e9rie de problemas, entre eles, a banaliza\u00e7\u00e3o da Vida.<\/p>\n<p align=\"justify\">A vida deve ser preservada sempre, inclusive aquela que est\u00e1 no ventre materno, e que deveria ter o seu direito assegurado pelo Estado, desde o momento em que foi comprovada a forma\u00e7\u00e3o de uma vida dentro do \u00fatero. Na Constitui\u00e7\u00e3o Brasileira esse direito est\u00e1 garantido, mas na pr\u00e1tica isso n\u00e3o ocorre. O beb\u00ea desde a sua concep\u00e7\u00e3o, est\u00e1 nas m\u00e3os de outros seres humanos e quem pode decidir se ele vem ao mundo ou n\u00e3o, s\u00e3o os seus Pais. A pergunta \u00e9: Quem somos n\u00f3s para decidir sobre o direito \u00e0 vida de outro ser humano que foi concebido, sem importar como, onde, porqu\u00ea e para qu\u00ea foi gerado, mas que passou a existir como pessoa?<\/p>\n<p align=\"justify\">A Doutrina esp\u00edrita e os estudos recentes da ci\u00eancia revelam que a Vida come\u00e7a no instante da concep\u00e7\u00e3o. O Esp\u00edrito designado para habitar certo corpo, \u00e9 ligado por um la\u00e7o flu\u00eddico, que vai apertando at\u00e9 ao instante em que a crian\u00e7a v\u00ea a luz. O grito, que o rec\u00e9m-nascido solta, anuncia que ela conta entre o n\u00famero dos nascidos com vida, e dos filhos de Deus em busca da sua felicidade e da sua evolu\u00e7\u00e3o.<\/p>\n<p align=\"justify\">No que diz respeito \u00e0 liga\u00e7\u00e3o do Esp\u00edrito ao corpo, em nova encarna\u00e7\u00e3o, quando se inicia de fato uma nova exist\u00eancia f\u00edsica na Terra, segue a resposta dos esp\u00edritos na quest\u00e3o 344, de O Livro dos Esp\u00edritos: P:\u201dEm que momento a alma se une ao corpo? R: \u201cA uni\u00e3o come\u00e7a na concep\u00e7\u00e3o, mas s\u00f3 \u00e9 completa por ocasi\u00e3o do nascimento. Desde o instante da concep\u00e7\u00e3o, o Esp\u00edrito designado a habitar certo corpo a este se liga por um la\u00e7o flu\u00eddico, que cada vez mais se vai apertando at\u00e9 ao instante em que a crian\u00e7a v\u00ea a luz.\u201d<\/p>\n<p align=\"justify\">Esse direito \u00e9 defens\u00e1vel cientificamente, tanto no campo do Direito quanto no \u00e2mbito da Medicina, e a posi\u00e7\u00e3o da Ci\u00eancia, coincide com a dos Esp\u00edritos que revelaram a Codifica\u00e7\u00e3o, como vemos no Livro dos Esp\u00edritos, a pergunta 358. P:\u201dConstitui crime a provoca\u00e7\u00e3o do aborto, em qualquer per\u00edodo da gesta\u00e7\u00e3o? R:\u201dH\u00e1 crime sempre que transgredis a lei de Deus Uma m\u00e3e, ou quem quer que seja, cometer\u00e1 crime sempre que tirar a vida a uma crian\u00e7a antes do seu nascimento, por isso que impede uma alma de passar pelas provas a que serviria de instrumento o corpo que se estava formando.\u201d<\/p>\n<p align=\"justify\">Se o direito \u00e0 vida \u00e9 inviol\u00e1vel, no caso de uma vida que j\u00e1 existe e uma que est\u00e1 por nascer, qual a que deve ser preservada? E Kardec pergunta aos esp\u00edritos: P: \u201cDado o caso que o nascimento da crian\u00e7a pusesse em perigo a vida da m\u00e3e dela, haver\u00e1 crime em sacrificar-se a primeira para salvar a segunda?\u201d R: \u201cPrefer\u00edvel \u00e9 se sacrifique o ser que ainda n\u00e3o existe a sacrificar-se o que j\u00e1 existe.<\/p>\n<p align=\"justify\">Em outra ocasi\u00e3o, questionado se constitui um crime a provoca\u00e7\u00e3o do aborto em qualquer per\u00edodo de gesta\u00e7\u00e3o, encarnando o esp\u00edrito de Emmanuel, assim ele se pronunciou: \u201cH\u00e1 crime sempre que transgredi a lei de Deus. Uma m\u00e3e, ou quem quer que seja, cometer\u00e1 crime sempre que tirar a vida a uma crian\u00e7a antes do seu nascimento, por isso que impede uma alma de passar pelas provas a que serviria de instrumento o corpo que se estava formando. Item n\u00b0 358, de \u00b4O Livro dos esp\u00edritos\u201d.<\/p>\n<p align=\"justify\">Quando uma gesta\u00e7\u00e3o decorre de uma viol\u00eancia, como o estupro, a posi\u00e7\u00e3o esp\u00edrita \u00e9 absolutamente contr\u00e1ria \u00e0 proposta do aborto, ainda que haja respaldo na legisla\u00e7\u00e3o humana. No caso de estupro, quando a mulher n\u00e3o se sinta com estrutura psicol\u00f3gica para criar o filho, cabe \u00e0 sociedade e aos \u00f3rg\u00e3os governamentais facilitar e estimular a ado\u00e7\u00e3o da crian\u00e7a nascida, ao inv\u00e9s de promover a sua morte legal. Toda forma de viol\u00eancia deve ser combatida pelo Estado e n\u00e3o gerada por ele. O direito \u00e0 vida est\u00e1, naturalmente, acima das quest\u00f5es psicol\u00f3gicas da mulher, afinal a dor da viol\u00eancia permanece com a m\u00e3e e ser\u00e1 potencializada pela culpa da morte do beb\u00ea.<\/p>\n<p align=\"justify\">Em um texto do Dr. Jorge Andr\u00e9a (Encontro com a Cultura Esp\u00edrita), ele afirma que nenhum Esp\u00edrito chegar\u00e1 ao processo reencarnat\u00f3rio sem uma atra\u00e7\u00e3o espec\u00edfica com sua futura m\u00e3e. O mergulho na reencarna\u00e7\u00e3o \u2013 diz ele \u2013 s\u00f3 se dar\u00e1 quando a sintonia entre m\u00e3e e futuro filho estiver praticamente indissol\u00favel. Qualquer que seja a qualidade do reencarnante, haver\u00e1 sempre com a m\u00e3e ou pai, correla\u00e7\u00e3o de causas, onde ambos lucrar\u00e3o sempre, no sentido evolutivo, quer os mecanismos se exteriorizem nas faixas do amor ou do \u00f3dio. O Esp\u00edrito reencarnante, com o seu campo espec\u00edfico de energias, far\u00e1 a sele\u00e7\u00e3o do espermatozoide pelas conting\u00eancias de suas irradia\u00e7\u00f5es, adquirindo e construindo o futuro corpo de acordo com as suas necessidades.<\/p>\n<p align=\"justify\">A posi\u00e7\u00e3o de Joanna de \u00c2ngelis no livro Ap\u00f3s a Tempestade, n\u00e3o \u00e9 diferente. Os filhos \u2013 diz ela \u2013 n\u00e3o s\u00e3o realiza\u00e7\u00f5es fortuitas, procedem de compromissos aceitos antes da reencarna\u00e7\u00e3o pelos futuros genitores, de modo a edificarem a fam\u00edlia de que necessitam para a pr\u00f3pria evolu\u00e7\u00e3o. Se \u00e9 l\u00edcito a uma pessoa adiar a recep\u00e7\u00e3o de Esp\u00edritos que lhes s\u00e3o vinculados, impossibilitando mesmo que se reencarnem por seu interm\u00e9dio, as Soberanas Leis da Vida disp\u00f5em de meios para fazer com que aqueles rejeitados venham por outros processos \u00e0 porta dos seus devedores ou credores, em circunst\u00e2ncias talvez mui dolorosa.<\/p>\n<p align=\"justify\">Sobre o aborto, Chico Xavier exp\u00f5e sua opini\u00e3o no livro \u201cMandato de Amor\u201d, de sua autoria: \u201cO aborto \u00e9 sempre lament\u00e1vel porque se j\u00e1 estamos na Terra com elementos anticoncepcionais de aplica\u00e7\u00e3o suave, compreens\u00edvel e humanit\u00e1ria, porque \u00e9 que havemos de criar a matan\u00e7a de crian\u00e7as indefesas, com absoluta impunidade, entre as paredes de nossas casas?\u201d, escreveu ele. E continua: \u201cIsto \u00e9 um delito muito grave perante a Provid\u00eancia Divina, porque a vida n\u00e3o nos pertence e, sim, ao poder divino. Se as criaturas t\u00eam necessidade sexual para revitaliza\u00e7\u00e3o de suas pr\u00f3prias for\u00e7as, o que achamos muito justo, seria melhor se fizessem sem alarme ou sem les\u00e3o espiritual ou psicol\u00f3gica para ningu\u00e9m. Se o anticoncepcional veio favorecer esta movimenta\u00e7\u00e3o das criaturas, por que vamos legalizar ou estimular o aborto? Por outro lado, se nossas m\u00e3es tivessem esse prop\u00f3sito de criar uma lei do aborto no s\u00e9culo passado, ou no princ\u00edpio e meados deste s\u00e9culo, talvez hoje n\u00e3o estar\u00edamos aqui\u201d.<\/p>\n<p align=\"justify\">Se acreditamos que o \u201cacaso\u201d n\u00e3o existe, na Miseric\u00f3rdia e no Amor Divino e nas Leis que regem o Universo, a resposta aos la\u00e7os de afeto, de simpatia e de tamb\u00e9m dos la\u00e7os de \u00f3dio e de antipatia, s\u00e3o encontradas diretamente na compreens\u00e3o da Reencarna\u00e7\u00e3o e na Lei de Causa e efeito.<\/p>\n<p align=\"justify\">E se compreendermos que o esp\u00edrito tem o direito inalien\u00e1vel \u00e0 vida assegurado por Deus e Suas Leis, precisamos estender esse direito \u00e0s crian\u00e7as que nascem da viol\u00eancia, da mal forma\u00e7\u00e3o, com imperfei\u00e7\u00f5es e risco de vida, mas que est\u00e3o sob o amparo desse mesmo Deus, que rege todo o Universo.<\/p>\n<p>Na quest\u00e3o 372 de O Livro dos Esp\u00edritos \u00e9 elucidativa: P \u201cQue objetivo visa a provid\u00eancia criando seres desgra\u00e7ados, como os cretinos e os idiotas?\u201d R: \u201cOs que habitam corpos de \u201cidiotas\u201d s\u00e3o Esp\u00edritos sujeitos a uma puni\u00e7\u00e3o. Sofrem por efeito do constrangimento que experimentam e da impossibilidade em que est\u00e3o de se manifestarem mediante \u00f3rg\u00e3os n\u00e3o desenvolvidos ou desmantelados.\u201d<\/p>\n<p align=\"justify\">Fica claro, que na possibilidade de o feto ser portador de les\u00f5es graves e irrevers\u00edveis, f\u00edsicas ou mentais, o corpo \u00e9 o instrumento de que o Esp\u00edrito necessita para sua evolu\u00e7\u00e3o, pois , somente na experi\u00eancia reencarnat\u00f3ria, ter\u00e1 condi\u00e7\u00f5es de reorganizar a sua estrutura desequilibrada por a\u00e7\u00f5es que praticou em desacordo com a Lei Divina. D\u00e1-se, tamb\u00e9m, que ele renas\u00e7a em um lar cujos pais, na grande maioria das vezes, est\u00e3o comprometidos com o problema e precisam igualmente passar por essa experi\u00eancia reeducativa. Devemos pensar n\u00e3o somente na reeduca\u00e7\u00e3o do esp\u00edrito, mas lembrar da consequ\u00eancia do Aborto para os pais, filhos, fam\u00edlia e todos os envolvidos direta ou indiretamente.<\/p>\n<p align=\"justify\">Ap\u00f3s a pr\u00e1tica do aborto, mesmo quando os pais e m\u00e9dicos s\u00e3o acobertados pela legisla\u00e7\u00e3o humana, o Esp\u00edrito rejeitado pode voltar-se contra a m\u00e3e e todos aqueles que se envolveram na interrup\u00e7\u00e3o da gravidez. Da\u00ed dizer Emmanuel no livro Vida e Sexo, psicografado por Francisco C. Xavier : \u201c Mulher e homem c\u00famplices nas ocorr\u00eancias do aborto criminoso desajustam as energias psicossom\u00e1ticas com intenso desequil\u00edbrio, sobretudo, do centro gen\u00e9sico, implantando nos tecidos da pr\u00f3pria alma a sementeira de males que surgir\u00e3o a tempo certo, o que ocorre n\u00e3o s\u00f3 porque o remorso se lhes estranha no ser mas tamb\u00e9m porque assimilam, inevitavelmente, as vibra\u00e7\u00f5es de ang\u00fastia e desespero, de revolta e vingan\u00e7a dos Esp\u00edritos que a lei lhes reservava para filhos.\u201d<\/p>\n<p align=\"justify\">A Humanidade tem lembran\u00e7as tristes, da sordidez do ser humano, em diversas tentativas de instalar no Mundo a pr\u00e1tica da \u201ceugenia\u201d, para manter no controle de tudo. Seja no per\u00edodo de guerras, como foi na Idade M\u00e9dia com a for\u00e7a do poder religioso sobre os que pensavam diferente, na \u00e9poca do Nazismo, com o controle social e racial das futuras gera\u00e7\u00f5es, com a instala\u00e7\u00e3o da soberania de alguns grupos e povos sobre outras ra\u00e7as, com o descaso com a fome e a mis\u00e9ria, a falta de cultura e de educa\u00e7\u00e3o, formando as aristocracias, as castas e classes com o poder dominante, e finalmente, o pior deles, a tentativa de instalar uma ind\u00fastria capaz de matar crian\u00e7as que est\u00e3o por nascer. Essa ind\u00fastria da morte, movimenta o crime contra seres humanos h\u00e1 mais de 40 anos nos Estados Unidos e em outros pa\u00edses e que est\u00e1 gerando um debate importante na Sociedade que em sua maioria, perdida perante as quest\u00f5es morais e espirituais, vem cumprindo um papel que o equipara somente aos seres irracionais, tamanha a gan\u00e2ncia e ambi\u00e7\u00e3o que n\u00e3o permitem perceber o valor da vida, que dependem muitas vezes, de um cora\u00e7\u00e3o para mant\u00ea-lo vivo.<\/p>\n<p align=\"justify\">Como sabemos que o Amor cobre a multid\u00e3o de pecados, e a Lei Divina manda a cobran\u00e7a no tempo certo, ficamos com o pedido de Jesus para n\u00f3s: \u201c\u201dPai, perdoa-lhes, eles n\u00e3o sabem o que fazem\u201d(Lc 23,34).<\/p>\n<p align=\"justify\">Muita Paz! .<\/p>\n<p align=\"justify\">Magali Bischoff<\/p>\n<p align=\"justify\">REFER\u00caNCIA BIBLIOGR\u00c1FICA<br \/>\n[1] ABRAME. O Direito \u00e0 Vida no Ordenamento Jur\u00eddico Brasileiro<br \/>\n[2] AME Brasil A Vida contra o Aborto<br \/>\n[3] XAVIER, Francisco C.; VIEIRA, Waldo. Evolu\u00e7\u00e3o em dois mundos. Pelo Esp\u00edrito Andr\u00e9 Luiz. 25. ed.<br \/>\nRio de Janeiro: FEB, 2007. Cap. \u201cEvolu\u00e7\u00e3o e corpo espiritual\u201d, item Evolu\u00e7\u00e3o no tempo, p. 42.<br \/>\n[4] XAVIER, Francisco C. Vida e sexo. Pelo Esp\u00edrito Emmanuel. 25. ed. Rio de Janeiro: FEB, 2007.<br \/>\n[5] FRANCO, Divaldo Pereira. Ap\u00f3s a Tempestade. Pelo Esp\u00edrito Joana de Angelis, cap. 10, Rio de Janeiro: Editora FEB, 1995.<br \/>\n[6] KARDEC, Allan. O Livro dos Esp\u00edritos \u2013 quest\u00f5es 344, 358,372.<br \/>\n[7] ANDREA, Jorge. Encontro com a Cultura Esp\u00edrita, p\u00e1gs. 91 a 95<br \/>\n[8] XAVIER, Francisco C. \u201cMandato de Amor- Editora Vinha de Luz -5 ed.<\/p>\n<\/div>\n<\/div>\n<\/div>\n<\/div>\n","protected":false},"excerpt":{"rendered":"<p>O Aborto Legalizado Magali Bischoff\u00a0(S\u00e3o Paulo\/SP) \u00a0A sociedade est\u00e1 come\u00e7ando a refletir sobre a necessidade de intensificar as a\u00e7\u00f5es protetoras da vida, dos seres humanos, dos animais e de todo ser vivo, em todos os espa\u00e7os onde a VIDA se &hellip; <a href=\"https:\/\/xn--regeneraoplanetria-dsb6a7f.com.br\/index.php\/aborto\/o-aborto-legalizado\/\">Continue lendo <span class=\"meta-nav\">&rarr;<\/span><\/a><\/p>\n","protected":false},"author":1,"featured_media":0,"parent":474,"menu_order":0,"comment_status":"open","ping_status":"open","template":"","meta":{"footnotes":""},"class_list":["post-1853","page","type-page","status-publish","hentry"],"_links":{"self":[{"href":"https:\/\/xn--regeneraoplanetria-dsb6a7f.com.br\/index.php\/wp-json\/wp\/v2\/pages\/1853","targetHints":{"allow":["GET"]}}],"collection":[{"href":"https:\/\/xn--regeneraoplanetria-dsb6a7f.com.br\/index.php\/wp-json\/wp\/v2\/pages"}],"about":[{"href":"https:\/\/xn--regeneraoplanetria-dsb6a7f.com.br\/index.php\/wp-json\/wp\/v2\/types\/page"}],"author":[{"embeddable":true,"href":"https:\/\/xn--regeneraoplanetria-dsb6a7f.com.br\/index.php\/wp-json\/wp\/v2\/users\/1"}],"replies":[{"embeddable":true,"href":"https:\/\/xn--regeneraoplanetria-dsb6a7f.com.br\/index.php\/wp-json\/wp\/v2\/comments?post=1853"}],"version-history":[{"count":0,"href":"https:\/\/xn--regeneraoplanetria-dsb6a7f.com.br\/index.php\/wp-json\/wp\/v2\/pages\/1853\/revisions"}],"up":[{"embeddable":true,"href":"https:\/\/xn--regeneraoplanetria-dsb6a7f.com.br\/index.php\/wp-json\/wp\/v2\/pages\/474"}],"wp:attachment":[{"href":"https:\/\/xn--regeneraoplanetria-dsb6a7f.com.br\/index.php\/wp-json\/wp\/v2\/media?parent=1853"}],"curies":[{"name":"wp","href":"https:\/\/api.w.org\/{rel}","templated":true}]}}