{"id":186,"date":"2013-02-23T07:45:30","date_gmt":"2013-02-23T10:45:30","guid":{"rendered":"http:\/\/xn--regeneraoplanetria-dsb6a7f.com.br\/?page_id=186"},"modified":"2013-03-09T11:41:13","modified_gmt":"2013-03-09T14:41:13","slug":"186-2","status":"publish","type":"page","link":"https:\/\/xn--regeneraoplanetria-dsb6a7f.com.br\/index.php\/entrivistas\/186-2\/","title":{"rendered":"Entrevista com Bezerra 1982"},"content":{"rendered":"<p><b>E<\/b><b>ntrevista com <\/b><b>B<\/b><b>ezerra de <\/b><b>M<\/b><b>enezes \u00a0<\/b><b>(E<\/b><b>sp\u00edrito<\/b><b>) &#8211; 1982<\/b><\/p>\n<p>Resposta de Bezerra de Menezes, por meio do m\u00e9dium J\u00falio Cezar Grandi Ribeiro, a um question\u00e1rio que lhe foi proposto sobre o relevante tema em foco.<\/p>\n<p><b>1 &#8211;\u00a0<\/b><b>Qual a import\u00e2ncia da Evangeliza\u00e7\u00e3o Esp\u00edrita Infanto-juvenil na forma\u00e7\u00e3o da Sociedade do Terceiro Mil\u00eanio?<\/b><\/p>\n<p>Reconhecendo-se no Espiritismo evang\u00e9lico a presen\u00e7a do Consolador, do Paracleto,\u00a0 consoante as promessas de Jesus, disseminando por toda a Terra as luzes cristalinas da Verdade e despertando a consci\u00eancia humana para a era porvindoura de uma aut\u00eantica compreens\u00e3o espiritual da Vida, n\u00e3o \u00e9 dif\u00edcil entender-lhe a aben\u00e7oada miss\u00e3o evangelizadora do mundo com vistas ao futuro onde as mais sublimes esperan\u00e7as de felicidade na Terra se concretizar\u00e3o.<\/p>\n<p>Considerando-se, naturalmente, a crian\u00e7a como o porvir acenando-nos agora e o jovem como o adulto de amanh\u00e3, n\u00e3o podemos, sem graves comprometimentos espirituais, sonegar-lhes a educa\u00e7\u00e3o, as luzes do Evangelho de Nosso Senhor Jesus-Cristo, fazendo brilhar em seus cora\u00e7\u00f5es as excel\u00eancias das li\u00e7\u00f5es do excelso Mestre com vistas \u00e0 transforma\u00e7\u00e3o das sociedades terrestres para uma nova Humanidade.<\/p>\n<p>O momento que atravessamos no mundo \u00e9 dif\u00edcil e sombrio, enquanto as sociedades terrestres necessitam, mais e mais, dos tocheiros do Evangelho, a fim de que n\u00e3o se percam nos meandros do mal ou resvalem nos penhascos do crime os cora\u00e7\u00f5es menos\u00a0experientes e as almas desavisadas. O sublime minist\u00e9rio da Evangeliza\u00e7\u00e3o Esp\u00edrita Infanto-juvenil nos pede prosseguir e avan\u00e7ar.<\/p>\n<p>Nestes anos de transi\u00e7\u00e3o que nos separam de novo mil\u00eanio terrestre, \u00e9 imprescind\u00edvel abracemos, com empenho e afinco, a tarefa da evangeliza\u00e7\u00e3o junto \u00e0s almas infanto-juvenis, t\u00e3o carentes de amor e sabedoria, por\u00e9m, receptivas e prop\u00edcias aos novos ensinamentos. E isto com a mesma ansiedade e presteza com que o agricultor cedo\u00a0acorda para o arroteamento do solo, preparando a sementeira de suas esperan\u00e7as para abundantes meses da colheita pretendida.<\/p>\n<p>Assim, faz-se inadi\u00e1vel buscarmos os servi\u00e7os que nos competem junto \u00e0 evangeliza\u00e7\u00e3o da crian\u00e7a e do jovem para que as comunidades terrestres, edificadas em Jesus, adentrem o Terceiro Mil\u00eanio como alicerces \u00f3timos de uma nova civiliza\u00e7\u00e3o que espelhe, no mundo, o Reino de Deus.<\/p>\n<p><b>2 &#8211;\u00a0<\/b><b>Com que intensidade o Plano Espiritual tem apoiado o Movimento de\u00a0<\/b><b>Evangeliza\u00e7\u00e3o Esp\u00edrita Infanto-juvenil? Como isto se opera?<\/b><\/p>\n<p>A miss\u00e3o educativa do Espiritismo \u00e0s almas \u00e9 tarefa por demais intensa, cont\u00ednua e crescente, buscando revelar a verdadeira luz e estimulando a f\u00e9 junto aos panoramas regenerativos da Terra, onde somente um Mestre, que \u00e9 Jesus, h\u00e1 de inspirar cada criatura em sua pr\u00f3pria ilumina\u00e7\u00e3o.<\/p>\n<p>Assim sendo, sem improvisa\u00e7\u00f5es, mas obedientes aos ditames dos Planos Superiores da Vida, entrevemos legi\u00f5es de obreiros espirituais insinuando e sugerindo, orientando e estimulando, convocando e determinando, dirigindo e comandando, participando e servindo, diretamente, no seio da evangeliza\u00e7\u00e3o, notadamente de crian\u00e7as e jovens, que representam esperan\u00e7as dos c\u00e9us nos jardins da Vida.<\/p>\n<p>Mas, \u00e9 importante salientar que o plano espiritual, somando esfor\u00e7os ao trabalho\u00a0 perseverante dos companheiros encarnados, conta, sobretudo, com a fidelidade dos servidores a Jesus, uma vez que na base do \u00eaxito almejado permanece a fiel observ\u00e2ncia das li\u00e7\u00f5es evang\u00e9licas, sob os ditames do amor incondicional.<\/p>\n<p><b>3 &#8211;\u00a0<\/b><b>Como os Esp\u00edritos Superiores est\u00e3o vendo a participa\u00e7\u00e3o dos companheiros encarnados nas tarefas da Evangeliza\u00e7\u00e3o Esp\u00edrita Infanto-juvenil?<\/b><\/p>\n<p>Conquanto os oper\u00e1rios da gleba humana disponham de livre-arb\u00edtrio o bastante para debandar ou desertar, esquecer ou adiar compromissos assumidos com a Vida, anotamos, com j\u00fabilos imensos, a excelente caravana de denodados lidadores da Evangeliza\u00e7\u00e3o Esp\u00edrita Infanto-juvenil, de cora\u00e7\u00f5es voltados para um melhor desempenho, coesos no interesse de sempre produzir o m\u00e1ximo pela dedica\u00e7\u00e3o de\u00a0todos os dias. S\u00e3o companheiros jovens ou adultos, de ambos os sexos, afanosos, idealistas, conscientizados cada vez mais de que a obra n\u00e3o nos pertence, mas sim ao Mestre Amado que, por miseric\u00f3rdia, utiliza a todos por instrumentos de ilumina\u00e7\u00e3o do mundo.<\/p>\n<p>\u00c9 not\u00f3rio que a especialidade da tarefa n\u00e3o se compraz com improvisa\u00e7\u00f5es descabidas, t\u00e3o logo a experi\u00eancia aponte o melhor e o mais rendoso, raz\u00e3o pela qual os servidores integrados na evangeliza\u00e7\u00e3o devem buscar, continuamente, a atualiza\u00e7\u00e3o de conte\u00fados\u00a0e procedimentos did\u00e1tico-pedag\u00f3gicos, visando a um melhor rendimento, em face da economia da vida na trajet\u00f3ria da exist\u00eancia, considerando-se que, de fato, os tempos s\u00e3o chegados&#8230;<\/p>\n<p><b>4 &#8211;\u00a0<\/b><b>Como os Esp\u00edritos situam, no conjunto das atividades da Institui\u00e7\u00e3o\u00a0<\/b><b>Esp\u00edrita, a tarefa da Evangeliza\u00e7\u00e3o Esp\u00edrita Infanto-juvenil?<\/b><\/p>\n<p>Tem sido enfatizado, quanto poss\u00edvel, que a tarefa da Evangeliza\u00e7\u00e3o Esp\u00edrita Infanto-juvenil \u00e9 do mais alto significado dentre as atividades desenvolvidas pelas Institui\u00e7\u00f5es Esp\u00edritas, na sua ampla e valiosa programa\u00e7\u00e3o de apoio \u00e0 obra educativa do homem. N\u00e3o fosse a evangeliza\u00e7\u00e3o, o Espiritismo, distante de sua fei\u00e7\u00e3o evang\u00e9lica, perderia\u00a0sua miss\u00e3o de Consolador, renteando-se com a diversidade das escolas religiosas no mundo que, embora \u00fateis e oportunas, estiolaram-se no tempo absorvendo posi\u00e7\u00f5es de terminalidade e dogmatismo.<\/p>\n<p>\u00c9 for\u00e7oso reconhecer que Espiritismo sem aprimoramento moral, sem evangeliza\u00e7\u00e3o do homem \u00e9 como um templo sem luz.<\/p>\n<p>J\u00e1 tivemos oportunidade de lembrar que uma Institui\u00e7\u00e3o Esp\u00edrita representa uma equipe de Jesus em a\u00e7\u00e3o e, como tal, dever\u00e1 concretizar seus sublimes programas de ilumina\u00e7\u00e3o das almas, dedicando-se com todo empenho \u00e0 evangeliza\u00e7\u00e3o da inf\u00e2ncia e da mocidade.<\/p>\n<p><b>5 &#8211;\u00a0<\/b><b>Quais seriam as condi\u00e7\u00f5es essenciais para que algu\u00e9m possa desempenhar a tarefa da Evangeliza\u00e7\u00e3o Esp\u00edrita Infanto-juvenil?<\/b><\/p>\n<p>Nas bases de todo programa educativo o amor \u00e9 a pedra angular favorecendo o entusiasmo e a dedica\u00e7\u00e3o, a especializa\u00e7\u00e3o e o interesse, o devotamento e a continuidade, a disciplina e a renova\u00e7\u00e3o, uma vez que no trato com a crian\u00e7a e o jovem o esfor\u00e7o renovador pela evangeliza\u00e7\u00e3o jamais prescindir\u00e1 da for\u00e7a da exemplifica\u00e7\u00e3o\u00a0para quem ensina.<\/p>\n<p>Jesus \u00e9 o Mestre por excel\u00eancia: ofereceu-se-nos por amor, ensinou at\u00e9 o \u00faltimo instante, fez-se o exemplo permanente aos nossos cora\u00e7\u00f5es e nos paroxismos da dor, pregado ao madeiro ignominioso, perdoou-nos as defec\u00e7\u00f5es de maus aprendizes.<\/p>\n<p>\u00c9 justo, pois, que o evangelizador deva estudar e rever, quanto poss\u00edvel, todos os ensinos da Verdade, granjeando meios de descortinar caminhos de liberta\u00e7\u00e3o espiritual para quantos se lhe abeirem do cora\u00e7\u00e3o dadivoso.<\/p>\n<p><b>6 &#8211;\u00a0<\/b><b>Que papel cabe aos esp\u00edritas que n\u00e3o atuam diretamente na Evangeliza\u00e7\u00e3o\u00a0<\/b><b>Esp\u00edrita Infanto-juvenil, no crescimento e maior \u00eaxito desta tarefa?<\/b><\/p>\n<p>Todos os esp\u00edritas engajados realmente nas fileiras da f\u00e9 raciocinada qu\u00e3o atuante devem estar, de certo modo, empenhados na tarefa da evangeliza\u00e7\u00e3o que \u00e9, sem d\u00favida, o sublime objetivo da Doutrina Esp\u00edrita. Naturalmente que uns estar\u00e3o com participa\u00e7\u00e3o\u00a0direta e maior soma de esfor\u00e7os, enquanto outros permanecer\u00e3o servindo em outras leiras, por\u00e9m todos dever\u00e3o estar voltados para um mesmo alvo comum \u2014 a reden\u00e7\u00e3o do homem.<\/p>\n<p>Desta forma, nada mais recomend\u00e1vel que a solidariedade de prop\u00f3sitos na escola de almas, onde todos nos matriculamos.<\/p>\n<p>Os respons\u00e1veis pelos Centros, Grupos, Casas ou N\u00facleos espiritistas devem mobilizar o maior empenho e incentivo, envidando todos os esfor\u00e7os para que a evangeliza\u00e7\u00e3o de crian\u00e7as e jovens fa\u00e7a evidenciar os valores da f\u00e9 e da moral nas gera\u00e7\u00f5es novas. \u00c9 necess\u00e1rio que a vejam com simpatia, como um trabalho integrado nos objetivos da Institui\u00e7\u00e3o e jamais como atividade \u00e0 parte.<\/p>\n<p>O Movimento Esp\u00edrita, acompanhando a din\u00e2mica progressiva da pr\u00f3pria Doutrina, j\u00e1 vem deixando longe os primeiros tempos das reuni\u00f5es somente para adultos, com caracter\u00edsticas pr\u00f3prias, fechadas&#8230; Hoje se busca, sobremodo, oferecer o conhecimento iluminador \u00e0 crian\u00e7a e ao jovem, facilitando-lhes a renova\u00e7\u00e3o da mentalidade quanto \u00e0 renova\u00e7\u00e3o do car\u00e1ter, com vistas ao futuro do mundo, aprisco e Reino do Senhor.<\/p>\n<p>A Evangeliza\u00e7\u00e3o Esp\u00edrita Infanto-juvenil, assim, vem concitar a todos para um trabalho \u00e1rduo e promissor, no campo da implanta\u00e7\u00e3o das ideias libertadoras, a que fomos chamados a servir, pela vit\u00f3ria do conhecimento superior e pela conquista da Vida Maior.<\/p>\n<p><b>7 &#8211;\u00a0<\/b><b>Que orienta\u00e7\u00e3o os Amigos Espirituais dariam aos pais esp\u00edritas em\u00a0<\/b><b>rela\u00e7\u00e3o ao encaminhamento dos filhos \u00e0 Escola de Evangeliza\u00e7\u00e3o dos\u00a0<\/b><b>Centros Esp\u00edritas?<\/b><\/p>\n<p>Conquanto seja o lar a escola por excel\u00eancia onde a criatura deva receber os mais amplos favores da educa\u00e7\u00e3o, burilando-lhe o sentimento e o car\u00e1ter, n\u00e3o desconhecemos a imperiosidade de os pais buscarem noutras institui\u00e7\u00f5es sociais o justo apoio \u00e0 educa\u00e7\u00e3o da prole; e, assim, dever\u00e3o encaminhar os filhos, no per\u00edodo oportuno, para\u00a0as escolas do saber, viabilizando-lhes a instru\u00e7\u00e3o. Entretanto, jamais dever\u00e3o descuidar-se de aproxim\u00e1-los dos servi\u00e7os da evangeliza\u00e7\u00e3o, em cujas aben\u00e7oadas atividades se propiciar\u00e1 a forma\u00e7\u00e3o espiritual da crian\u00e7a e do jovem diante do porvir.<\/p>\n<p>H\u00e1 pais esp\u00edritas que, erroneamente, t\u00eam deixado, em nome da liberdade e do livre-arb\u00edtrio, que os filhos avancem na idade cronol\u00f3gica para ent\u00e3o escolherem este ou aquele caminho religioso que lhes complementem a conquista educativa no mundo.<\/p>\n<p>Tal medida tem gerado sofrimento e desespero, luto e m\u00e1goa, inconforma\u00e7\u00e3o e dor. Porque, uma vez perdido o ensejo educativo na idade prop\u00edcia \u00e0 sementeira evang\u00e9lica, os cora\u00e7\u00f5es se mostram endurecidos, qual terra ressequida, \u00e1rida, rebelde ao bom\u00a0plantio, desperdi\u00e7ando-se valioso per\u00edodo de ajuda e orienta\u00e7\u00e3o.<\/p>\n<p>\u00c9 ent\u00e3o que somente a dor, a duros golpes provacionais, poder\u00e1 despertar para refazer e construir.<\/p>\n<p><b>8 &#8211;\u00a0<\/b><b>Que recursos os Amigos Espirituais poderiam sugerir com vistas \u00e0 dinamiza\u00e7\u00e3o da tarefa de Evangeliza\u00e7\u00e3o Esp\u00edrita Infanto-juvenil?<\/b><\/p>\n<p>Os servi\u00e7os da Evangeliza\u00e7\u00e3o Esp\u00edrita Infanto-juvenil v\u00eam caminhando consoante seu ritmo pr\u00f3prio, segundo as possibilidades de seus colaboradores e dentro da amplitude da gleba favor\u00e1vel.<\/p>\n<p>Entretanto, renovando-se a mentalidade dos adultos, sejam eles pais ou preceptores, diretores de Institui\u00e7\u00f5es ou servidores do Movimento esp\u00edrita, com esclarecimentos sobre a import\u00e2ncia e necessidade da Evangeliza\u00e7\u00e3o Esp\u00edrita Infanto-juvenil, haver\u00e1 uma not\u00e1vel acelera\u00e7\u00e3o, uma amplia\u00e7\u00e3o mais sens\u00edvel das tarefas previstas.<\/p>\n<p>Por esse motivo, s\u00e3o t\u00e3o necess\u00e1rias as campanhas de esclarecimento junto \u00e0 fam\u00edlia crist\u00e3, \u00e0s Institui\u00e7\u00f5es Esp\u00edritas, como tamb\u00e9m aos pr\u00f3prios evangelizadores.<\/p>\n<p>N\u00e3o h\u00e1 d\u00favida de que, crescendo a demanda, novos colaboradores se apresentar\u00e3o para a amplia\u00e7\u00e3o das legi\u00f5es evang\u00e9licas de encarnados e desencarnados, \u00e0s quais n\u00e3o faltar\u00e3o os recursos da f\u00e9 e as inspira\u00e7\u00f5es do Mais Alto para que se efetivem as semeaduras da luz.<\/p>\n<p>Por outro lado, o apoio dos novos m\u00e9todos de ensino, na din\u00e2mica pedag\u00f3gica dos tempos atuais, ensejar\u00e1 ajuda, est\u00edmulo e seguran\u00e7a ao Movimento Esp\u00edrita de Evangeliza\u00e7\u00e3o de crian\u00e7as e de jovens, onde professores, educadores e leigos, de cora\u00e7\u00f5es entrela\u00e7ados no objetivo comum, continuar\u00e3o a recolher dos Planos Acima a inspira\u00e7\u00e3o precisa para conduzirem com acerto, maestria e objetividade a nobilitante tarefa que lhes foi confiada em nome do Amor.<\/p>\n<p><b>9 &#8211;\u00a0<\/b><b>Qual o papel da Evangeliza\u00e7\u00e3o Esp\u00edrita Infanto-juvenil na expans\u00e3o do\u00a0<\/b><b>Movimento Esp\u00edrita brasileiro?<\/b><\/p>\n<p>Sem d\u00favida alguma, a expans\u00e3o do Movimento Esp\u00edrita no Brasil, em n\u00famero e em qualidade, est\u00e1 assentada na participa\u00e7\u00e3o da crian\u00e7a e do jovem, naturais continuadores da causa e do ideal.<\/p>\n<p>Preparando-os convenientemente para o porvir, aformoseando-lhes uma nova \u00a0mentalidade crist\u00e3, ser\u00e1 o mesmo que fornecer-lhes recursos de crescimento para a responsabilidade e para o dever, na conquista de si mesmos.<\/p>\n<p>Entendemos que somente assim a Evangeliza\u00e7\u00e3o Esp\u00edrita Infanto-juvenil estar\u00e1 atingindo seu aben\u00e7oado desiderato, n\u00e3o apenas pela expans\u00e3o do Espiritismo no Brasil, mas, sobretudo, contribuindo para a forma\u00e7\u00e3o do homem evangelizado que h\u00e1 de penetrar a alvorada de um novo mil\u00eanio de alma liberta e cora\u00e7\u00e3o devotado \u00e0\u00a0constru\u00e7\u00e3o de sua pr\u00f3pria felicidade.<\/p>\n<p><b>10 &#8211; <\/b><b>Como o Plano Espiritual v\u00ea a colabora\u00e7\u00e3o que o Brasil vem oferecendo\u00a0<\/b><b>a outros pa\u00edses na \u00e1rea da Evangeliza\u00e7\u00e3o Esp\u00edrita Infanto-juvenil?<\/b><\/p>\n<p>Inegavelmente o Brasil se tem evidenciado como o grande celeiro do Evangelho nos dias atuais e, por sua destina\u00e7\u00e3o hist\u00f3rico-espiritual, h\u00e1 de espelhar, em favor do mundo, as belezas evang\u00e9licas, trabalhando a alma de seu povo, com vistas \u00e0 nova civiliza\u00e7\u00e3o do Terceiro Mil\u00eanio.<\/p>\n<p>Correm informa\u00e7\u00f5es e previs\u00f5es aben\u00e7oadas, nas tradi\u00e7\u00f5es espirituais, quanto ao transplante da \u00e1rvore do Evangelho do cora\u00e7\u00e3o cansado da Velha Europa para o rega\u00e7o acolhedor e juvenil da P\u00e1tria do Cruzeiro.<\/p>\n<p>Assim sendo, toda colabora\u00e7\u00e3o, em nome da fraternidade e da f\u00e9, que o Movimento Esp\u00edrita brasileiro possa oferecer aos pa\u00edses irm\u00e3os, nada mais ser\u00e1 que efetiva obedi\u00eancia aos programas com que o Mais Alto tem distinguido o Brasil no concerto fraternal das na\u00e7\u00f5es.<\/p>\n<p>Compreendemos que a grandiosa tarefa da divulga\u00e7\u00e3o evang\u00e9lica junto \u00e0 crian\u00e7a e ao mo\u00e7o, mobilizando novos cooperadores nos pa\u00edses irm\u00e3os, \u00e9 a\u00e7\u00e3o por demais gigantesca de que o Brasil jamais desertar\u00e1.<\/p>\n<p>N\u00e3o \u00e9, pois, sem j\u00fabilos imensos que o Planeta Espiritual tem acompanhado a multiplica\u00e7\u00e3o dos primeiros esfor\u00e7os, o lan\u00e7amento das primeiras sementinhas da Evangeliza\u00e7\u00e3o Esp\u00edrita Infanto-juvenil, que o Brasil, nossa P\u00e1tria do Evangelho, tem mobilizado junto \u00e0 ambi\u00eancia acolhedora de outras p\u00e1trias irm\u00e3s.<\/p>\n<p><b>11 &#8211;\u00a0<\/b><b>Algo mais a ser dito?<\/b><\/p>\n<p>Filhos,<\/p>\n<p>Roguemos a Jesus pela obra que prossegue sob o divino amparo. Que n\u00e3o haja des\u00e2nimo nem apressamento, mas, acima de tudo, equil\u00edbrio e amor. Muito amor e devotamento!<\/p>\n<p>A Evangeliza\u00e7\u00e3o Esp\u00edrita Infanto-juvenil amplia-se como um sol benfazejo aben\u00e7oando os campos ao alvorecer.<\/p>\n<p>O pr\u00f3prio servi\u00e7o, sem palavras articuladas, mas \u00e0 luz da experi\u00eancia, falar\u00e1 conosco sobre quaisquer altera\u00e7\u00f5es que se fa\u00e7am necess\u00e1rias, enquanto, no sustento da prece, estabeleceremos o con\u00fabio de for\u00e7as com o Alto, de modo a nos sentirmos amparados\u00a0pelas inspira\u00e7\u00f5es do bem.<\/p>\n<p>De tempos em tempos ser-nos-\u00e1 necess\u00e1ria uma pausa avaliativa para revermos a extens\u00e3o e a qualidade dos servi\u00e7os prestados e das tarefas realizadas. Somente assim podemos verificar o melhor rendimento de nossos prop\u00f3sitos.<\/p>\n<p>Unamo-nos, que a tarefa \u00e9 de todos n\u00f3s. Somente a uni\u00e3o nos proporciona for\u00e7as para o cumprimento de nossos servi\u00e7os, trazendo a fraternidade por lema e a humildade por garantia do \u00eaxito.<\/p>\n<p>Com Jesus nos empreendimentos do Amor e com Kardec na for\u00e7a da Verdade, teremos toda orienta\u00e7\u00e3o aos nossos passos, todo equil\u00edbrio \u00e0 nossa conduta.<\/p>\n<p>Irmanemo-nos no sublime minist\u00e9rio da evangeliza\u00e7\u00e3o de almas e caminhemos adiante, avan\u00e7ando com otimismo.<\/p>\n<p>Os amigos e companheiros desencarnados podem inspirar e sugerir, alertar e esclarecer, mas \u00e9 necess\u00e1rio reconhecermos que a oportunidade do trabalho efetivo \u00e9 ensejo bendito junto aos que desfrutam a b\u00ean\u00e7\u00e3o da reencarna\u00e7\u00e3o.<\/p>\n<p>Jesus aguarda!<\/p>\n<p>Cooperemos com o Cristo na evangeliza\u00e7\u00e3o do Homem.<\/p>\n<p>Paz!<\/p>\n<p>Bezerra<\/p>\n<p>Fonte: Mensagem recebida pelo m\u00e9dium J\u00falio Cezar Grandi Ribeiro, em sess\u00e3o p\u00fablica\u00a0no dia 2.8.1982, na Casa Esp\u00edrita Crist\u00e3, em Vila Velha, Esp\u00edrito Santo, publicada\u00a0na Separata do Reformador de 1986 &#8211; <i>A evangeliza\u00e7\u00e3o esp\u00edrita da inf\u00e2ncia e da\u00a0<\/i><i>juventude na opini\u00e3o dos Esp\u00edritos<\/i>.<\/p>\n","protected":false},"excerpt":{"rendered":"<p>Entrevista com Bezerra de Menezes \u00a0(Esp\u00edrito) &#8211; 1982 Resposta de Bezerra de Menezes, por meio do m\u00e9dium J\u00falio Cezar Grandi Ribeiro, a um question\u00e1rio que lhe foi proposto sobre o relevante tema em foco. 1 &#8211;\u00a0Qual a import\u00e2ncia da Evangeliza\u00e7\u00e3o &hellip; <a href=\"https:\/\/xn--regeneraoplanetria-dsb6a7f.com.br\/index.php\/entrivistas\/186-2\/\">Continue lendo <span class=\"meta-nav\">&rarr;<\/span><\/a><\/p>\n","protected":false},"author":1,"featured_media":0,"parent":209,"menu_order":0,"comment_status":"open","ping_status":"open","template":"","meta":{"footnotes":""},"class_list":["post-186","page","type-page","status-publish","hentry"],"_links":{"self":[{"href":"https:\/\/xn--regeneraoplanetria-dsb6a7f.com.br\/index.php\/wp-json\/wp\/v2\/pages\/186","targetHints":{"allow":["GET"]}}],"collection":[{"href":"https:\/\/xn--regeneraoplanetria-dsb6a7f.com.br\/index.php\/wp-json\/wp\/v2\/pages"}],"about":[{"href":"https:\/\/xn--regeneraoplanetria-dsb6a7f.com.br\/index.php\/wp-json\/wp\/v2\/types\/page"}],"author":[{"embeddable":true,"href":"https:\/\/xn--regeneraoplanetria-dsb6a7f.com.br\/index.php\/wp-json\/wp\/v2\/users\/1"}],"replies":[{"embeddable":true,"href":"https:\/\/xn--regeneraoplanetria-dsb6a7f.com.br\/index.php\/wp-json\/wp\/v2\/comments?post=186"}],"version-history":[{"count":0,"href":"https:\/\/xn--regeneraoplanetria-dsb6a7f.com.br\/index.php\/wp-json\/wp\/v2\/pages\/186\/revisions"}],"up":[{"embeddable":true,"href":"https:\/\/xn--regeneraoplanetria-dsb6a7f.com.br\/index.php\/wp-json\/wp\/v2\/pages\/209"}],"wp:attachment":[{"href":"https:\/\/xn--regeneraoplanetria-dsb6a7f.com.br\/index.php\/wp-json\/wp\/v2\/media?parent=186"}],"curies":[{"name":"wp","href":"https:\/\/api.w.org\/{rel}","templated":true}]}}