{"id":192,"date":"2013-02-23T07:58:28","date_gmt":"2013-02-23T10:58:28","guid":{"rendered":"http:\/\/xn--regeneraoplanetria-dsb6a7f.com.br\/?page_id=192"},"modified":"2013-03-09T11:54:33","modified_gmt":"2013-03-09T14:54:33","slug":"entrevista-com-bezerra-em-1892","status":"publish","type":"page","link":"https:\/\/xn--regeneraoplanetria-dsb6a7f.com.br\/index.php\/entrivistas\/entrevista-com-bezerra-em-1892\/","title":{"rendered":"Entrevista com Bezerra em 1892"},"content":{"rendered":"<p>Extra\u00eddo da Revista Esp\u00edrita-Crist\u00e3 do Terceiro Mil\u00eanio (Mensageiro)<\/p>\n<p>Dr.\u00a0<i>Bezerra de Meneze<\/i>s dispensa apresenta\u00e7\u00f5es. Em todas as institui\u00e7\u00f5es esp\u00edritas do Mundo, ele \u00e9 venerado, por seu apostolado na difus\u00e3o dos princ\u00edpios da nossa Doutrina Libertadora, principalmente, pelo exemplo de sua vida; e por estar sempre presente nos momentos de d\u00favida e de dor, pronto para confortar e esclarecer.<\/p>\n<p><b>P:<\/b>\u00a0&#8211; Dr. Bezerra, como devemos proceder na divulga\u00e7\u00e3o da nossa Doutrina Esp\u00edrita e nas atividades esp\u00edritas?<br \/>\nR: &#8211; \u00c9 indispens\u00e1vel manter o Espiritismo qual foi entregue pelos mensageiros divinos a Allan Kardec, sem compromissos pol\u00edticos, sem profissionalismo religioso, sem personalismos deprimentes, sem pruridos de conquista a poderes terrestres transit\u00f3rios. Respeito a todas as criaturas, apre\u00e7o a todas as autoridades, devotamento ao bem comum e instru\u00e7\u00e3o ao povo, em todas as dire\u00e7\u00f5es, sobre as verdades do esp\u00edrito, imut\u00e1veis, eternas. Nada que lembre castas, discrimina\u00e7\u00f5es, evid\u00eancias individuais injustific\u00e1veis, privil\u00e9gios, imunidades, prioridades. Amor de Jesus sobre todos, verdade de Kardec para todos.<\/p>\n<p><b>P:<\/b>\u00a0&#8211; H\u00e1 uma certa alterca\u00e7\u00e3o entre os esp\u00edritas que se consagram aos aspectos cient\u00edfico e filos\u00f3fico do Espiritismo e aqueles que se dedicam \u00e0 parte religiosa da doutrina. Qual o seu conselho, para esses confrades?<br \/>\nR: \u2013 Mantenhamos o prop\u00f3sito de irmanar, aproximar, confraternizar, compreender. A Doutrina Esp\u00edrita possui os seus aspectos essenciais em configura\u00e7\u00e3o tr\u00edplice.<\/p>\n<p>Que ningu\u00e9m seja cerceado em seus anseios de constru\u00e7\u00e3o e produ\u00e7\u00e3o. Quem se afei\u00e7oe \u00e0 ci\u00eancia que a cultive em sua dignidade, quem se devote \u00e0 filosofia que lhe engrande\u00e7a os postulados e quem se consagre \u00e0 religi\u00e3o que lhe divinize as aspira\u00e7\u00f5es, mas que a base kardeciana permane\u00e7a em tudo e todos, para que n\u00e3o venhamos a perder o equil\u00edbrio sobre os alicerces em que se nos levanta a organiza\u00e7\u00e3o. Nenhuma hostilidade rec\u00edproca, nenhum desapre\u00e7o a quem quer que seja.<\/p>\n<p><b>P:<\/b>\u00a0&#8211; Algumas denomina\u00e7\u00f5es religiosas pregam a salva\u00e7\u00e3o pela f\u00e9 somente. O Espiritismo defende a liberta\u00e7\u00e3o pelo esclarecimento. Qual a melhor escolha: crer somente ou esclarecer-se?<br \/>\nR: &#8211; Liberta\u00e7\u00e3o da palavra divina \u00e9 desentranhar o ensinamento do Cristo de todos os c\u00e1rceres a que foi algemado e, na atualidade, sem querer qualquer privil\u00e9gio para n\u00f3s, apenas o Espiritismo ret\u00e9m bastante for\u00e7a moral para n\u00e3o se prender a interesses subalternos e efetuar a recupera\u00e7\u00e3o da luz que se derrama do verbo cristalino do Mestre, dessedentando e orientando as almas.<\/p>\n<p><b>P:<\/b>\u00a0&#8211; A miss\u00e3o dos esp\u00edritas, ent\u00e3o, \u00e9 crer mas ensinar?<br \/>\nR: &#8211; Ensinar mas fazer, crer mas estudar, aconselhar mas exemplificar, reunir mas alimentar. Em cada templo, o mais forte deve ser escudo para o mais fraco, o mais esclarecido a luz para o menos esclarecido e sempre e sempre seja o sofredor o mais protegido e o mais auxiliado, como entre os que menos sofram seja o maior aquele que se fizer o servidor de todos, conforme a observa\u00e7\u00e3o do Mentor Divino.<\/p>\n<p><b>P:<\/b>\u00a0&#8211; Como devemos agir na atividade da Casa Esp\u00edrita?<br \/>\nR: &#8211; Cada um de n\u00f3s \u00e9 convidado a uma cota que n\u00e3o pode ser menosprezada, ao testemunho silencioso aureolado de alegria, porque o reino n\u00e3o \u00e9 daqui, n\u00e3o obstante aqui comece. Tenhamos cuidado, meus filhos, para que as nossas Casas n\u00e3o sejam invadidas por torvelhinhos que lhes descaracterizem a pureza da viv\u00eancia evang\u00e9lica ali instalada. Mantenhamo-nos unidos, sem que os miasmas da perturba\u00e7\u00e3o intoxiquem e as imposi\u00e7\u00f5es do desequil\u00edbrio predominem. O Crist\u00e3o sem sacrif\u00edcio est\u00e1 sem Cristo. Disc\u00edpulo sem disciplina encontra-se sem mestre. Aprendiz sem dever est\u00e1 \u00e0 pr\u00f3pria sorte. Jesus nunca nos desampara, mas \u00e9 prov\u00e1vel que o preteiramos para ir, por prefer\u00eancia, \u00e0 busca de outros condutores mais consent\u00e2neos com as nossas afli\u00e7\u00f5es desmedidas e necessidades falsas, acalentadas no desperd\u00edcio. Uma equipe de trabalhadores que compreende o significado da f\u00e9, vivendo pela f\u00e9, para a f\u00e9, \u00e9 que o Senhor de todos n\u00f3s espera, neste momento.<\/p>\n<p><b>P:<\/b>\u00a0&#8211; Qual a miss\u00e3o do Brasil, P\u00e1tria do Evangelho?<br \/>\nR: &#8211; Jesus, meus filhos, confia em n\u00f3s e espera que cumpramos com o nosso dever de divulg\u00e1-lO, custe-nos o contributo do sofrimento silencioso e das noites indormidas em rela\u00e7\u00e3o \u00e0 dificuldade para preservar a pureza dos nossos ideais, ante as licen\u00e7as morais perturbadoras que nos chegam, sutis e agressivas, conspirando contra nossos prop\u00f3sitos superiores. O Brasil recebeu das Suas m\u00e3os, atrav\u00e9s de Ismael, a miss\u00e3o de implantar no seu solo virgem de carmas coletivos, com pequenas exce\u00e7\u00f5es, a cruz da liberta\u00e7\u00e3o das consci\u00eancias de onde o amor al\u00e7ar\u00e1 o v\u00f4o para abra\u00e7ar as na\u00e7\u00f5es cansadas de guerras, os povos trucidados pela viol\u00eancia desencadeada contra os seus irm\u00e3os, os cora\u00e7\u00f5es vencidos nas pelejas e lutas da domina\u00e7\u00e3o argentaria, as mentes cansadas de perquirir e de negar, apontando o rumo novo do amor para restaurarem no cora\u00e7\u00e3o a esperan\u00e7a e a coragem para a luta de reden\u00e7\u00e3o. Levai esta bandeira luminosa: \u201cDeus, Cristo e Caridade\u201d esculpida em vossos sentimentos e trabalhai pela Era Melhor, que j\u00e1 se avizinha, divulgando o Espiritismo Libertador onde quer que vos encontreis, sem o fanatismo dissolvente, mas, sem a covardia conivente, que teme desvelar a verdade para n\u00e3o ficar mal colocada no grupo social da ilus\u00e3o. O Brasil prossegue, meus filhos, com a sua miss\u00e3o hist\u00f3rica de \u201cCora\u00e7\u00e3o do Mundo e P\u00e1tria do Evangelho\u201d, mesmo que a descren\u00e7a habitual, o cinismo rotulado de ironia, o sorriso em gargalhada estr\u00eddula e zombeteira tentem diminuir, em nome de ideologias materialistas travestidas de espiritualismo e destrutivas em nome da solidariedade.<\/p>\n<p><b>P:<\/b>\u00a0&#8211; Segundo a m\u00eddia, o Brasil est\u00e1 se tornando um pa\u00eds de idosos, certamente, h\u00e1 um exagero. Como a espiritualidade v\u00ea essa situa\u00e7\u00e3o?<br \/>\nR: &#8211; Antigamente, em \u00e9poca n\u00e3o muito remota, o ser humano vivia relativamente pouco. N\u00e3o havia a b\u00ean\u00e7\u00e3o do antibi\u00f3tico, t\u00ednhamos que tratar com parcos recursos as enfermidades. Era, \u00e0s vezes, o quinino o que mais n\u00f3s us\u00e1vamos, e trazia tantas descobertas que para n\u00f3s eram t\u00e3o atuais: o carro, o telefone, o tel\u00e9grafo, tanta coisa importante. E, no entanto, pens\u00e1vamos na Medicina, t\u00e3o pouco adiantada. Hoje, a medicina a\u00ed est\u00e1, avan\u00e7ando a largos passos. Cada dia, uma descoberta nova e, no entanto a idade m\u00e9dia de grande n\u00famero das pessoas que partem est\u00e1 na faixa de trinta anos. Por que? Acidentes e acidentes, partidas violentas em \u201coverdose\u201d. O n\u00famero daqueles que chegam \u00e0 idade avan\u00e7ada, para n\u00f3s do plano espiritual, que observamos o mundo de cima, \u00e9 muito menor do que aqueles que aportam muito antes, por antecipa\u00e7\u00e3o, por n\u00e3o cumprimento do tra\u00e7ado c\u00e1rmico de suas vidas.<\/p>\n<p><b>P:<\/b>\u00a0&#8211; E por qu\u00ea esse regresso prematuro de tantos jovens?<br \/>\nR: &#8211; Lamentavelmente, os jovens est\u00e3o partindo em larga escala para o plano espiritual. N\u00e3o chegam a atingir a idade madura, pela insensatez, pelos princ\u00edpios t\u00e3o inferiores dolorosamente abra\u00e7ados, pela falta de objetivos crist\u00e3os, pela imaturidade, pela vicia\u00e7\u00e3o. E n\u00f3s perguntamos: \u201cQuando ser\u00e1 que aprender\u00e3o a servir a si mesmos servindo ao pr\u00f3ximo? Quando aprender\u00e3o a valorizar a sa\u00fade, a b\u00ean\u00e7\u00e3o da vida, a b\u00ean\u00e7\u00e3o de ter um corpo perfeito? Por que tantos t\u00eam que ser aprisionados em leitos de deforma\u00e7\u00f5es f\u00edsicas pelos acidentes cada vez mais constantes? Por que essa velocidade na estrada? Por que essa velocidade imensa, buscando a morte\u201d? Fala-se \u00e0 juventude, mostram-se espet\u00e1culos dantescos, diante dos olhos dos jovens desfilam cenas e cenas dolorosas, mas nem assim eles se previnem&#8230; E col\u00f4nias e col\u00f4nias s\u00e3o abertas para colher esses farrapos espirituais que, na verdade, foram rapazes e mo\u00e7as belos, cheios de juventude, de intelig\u00eancia.<\/p>\n<p><b>P:<\/b>\u00a0&#8211; Qual o conselho que o Senhor daria ao jovem?<br \/>\nR: &#8211; Aquele que \u00e9 crist\u00e3o, o quanto puder divulgue a p\u00e1gina esclarecedora, divulgue o livro que \u00e9 um alimento completo, um banquete de luz, divulgue as palavras sensatas, os exemplos dignificantes, pratique a caridade. N\u00e3o se deixe cansar pela ociosidade dos outros, porque aquele que est\u00e1 trabalhando encontrar\u00e1 sempre algu\u00e9m para pedir: \u201cD\u00ea-me a sua enxada. Deixe eu encost\u00e1-la ali para voc\u00ea descansar.\u201d Esses s\u00e3o os que mais devem e s\u00e3o os que menos fazem. Meus filhos, privilegiados voc\u00eas s\u00e3o e ser\u00e3o sempre, quando escolherem a melhor parte, que \u00e9 a parte do bem, a parte da luz, a parte da ren\u00fancia e do amor. Porque o que mais ouvimos \u00e9 gritarem pelos quatro rinc\u00f5es da Terra: \u201cSenhor, Senhor!\u201d Tantas seitas, tantas religi\u00f5es de cora\u00e7\u00f5es vazios e m\u00e3os vazias.. Voc\u00eas preencham o cora\u00e7\u00e3o e transbordem as m\u00e3os no trabalho caritativo, porque Deus \u00e9 por todos voc\u00eas!<\/p>\n<p><b>P:<\/b>\u00a0&#8211; Como devemos proceder para cuidar bem da crian\u00e7a?<br \/>\nR: &#8211; A inf\u00e2ncia \u00e9 o sorriso da exist\u00eancia no horizonte da vida. Representa esperan\u00e7a que o pessimismo n\u00e3o pode modificar. \u00c9 mensagem de amor para o cansa\u00e7o no ref\u00fagio do desencantamento, a fulgir no sacr\u00e1rio da oportunidade nova. \u00c9 experi\u00eancia em come\u00e7o que nos compete orientar e conduzir. \u00c9 luz a agigantar-se aguardando o azeite do nosso desvelo. \u00c9 sinfonia em prepara\u00e7\u00e3o&#8230; nota solit\u00e1ria que o M\u00fasico Divino utilizar\u00e1 na sucess\u00e3o dos dias para a grande mensagem ao mundo conturbado. Atendamos o infante oferecendo, \u00e0 manh\u00e3 da vida, a promessa de um futuro seguro. Nem a energia improdutiva; nem o caminho pernicioso; nem a assist\u00eancia socorrista prejudicial \u00e0s fontes do valor pessoal; nem a neglig\u00eancia em nome da confian\u00e7a no Pai de todos; nem a vigil\u00e2ncia que deprime; nem o arsenal de descuidos em respeito falso ao futuro homem &#8230; Mas, acima de tudo, comedimento de atitudes com manancial farto de recursos pessoais e exemplos fecundos, porquanto as bases do futuro encontram-se na crian\u00e7a de hoje, tanto quanto o fruto do porvir dormita na flor perfumada de agora. Cuidemos do infante, oferecendo o carinho fraterno dos nossos recursos, confiados de que, um dia seremos convidados a oferecer ao Pai Misericordioso o resultado da nossa atua\u00e7\u00e3o junto \u00e0quele cuja guarda esteve aos cuidados do nosso cora\u00e7\u00e3o.<\/p>\n<p><b>P:<\/b>\u00a0&#8211; Qual o valor da verdadeira amizade?<br \/>\nR: &#8211; Calcados naquilo que nosso senhor Jesus Cristo falou a gente pergunte: quem s\u00e3o os nossos amigos? \u00c9 muito f\u00e1cil voc\u00eas descobrirem quem s\u00e3o os verdadeiros amigos. O verdadeiro amigo \u00e9 aquele que \u00e9 capaz de compartilhar com voc\u00ea coisas grandes, a f\u00e9, a caridade, a solidariedade. Amigo \u00e9 aquele que, mesmo sabendo que voc\u00ea errou, \u00e9 capaz de silenciar o m\u00e1ximo que puder para voc\u00ea jamais perder a auto estima. Amigo \u00e9 aquele que, nos instantes de alegria, \u00e9 capaz de nos abra\u00e7ar e sorrir unido a n\u00f3s e levar a not\u00edcia dessa alegria para que outros tamb\u00e9m se alegrem. O amigo \u00e9 capaz de estar presente no instante em que a gente chora e sofre, mas \u00e9 capaz tamb\u00e9m de respeitar a nossa aus\u00eancia e nosso sil\u00eancio, n\u00e3o impondo confiss\u00f5es nem, em momento algum, que sejamos os portadores de privil\u00e9gios que ele, na verdade, n\u00e3o deseja conceder. Amigo n\u00e3o \u00e9 exclusivista, nem ego\u00edsta, ele compartilha. Porque amizade \u00e9 um sentimento muito amplo e muito belo, \u00e9 um sentimento que se expande de cora\u00e7\u00e3o para cora\u00e7\u00e3o, entrela\u00e7a as vidas e solidifica os elos de alma. Jesus foi um grande amigo dos disc\u00edpulos, \u00e9 o grande amigo da humanidade. \u00c9 o grande amigo dos que sorriem e dos que choram. \u00c9 o nosso grande amigo em qualquer tempo, porque nos ensinou normas de vida que, se n\u00f3s obedecermos, seremos menos infelizes e mais ditosos.<\/p>\n<p><b>P:<\/b>\u00a0&#8211; Dinheiro traz a felicidade?<br \/>\nR: &#8211; O dinheiro n\u00e3o \u00e9 luz, mas sustenta a l\u00e2mpada. N\u00e3o \u00e9 a paz, no entanto, \u00e9 um companheiro para que se possa obt\u00ea-la. N\u00e3o \u00e9 calor, contudo, adquire agasalho. N\u00e3o \u00e9 o poder da f\u00e9, mas alimenta a esperan\u00e7a. N\u00e3o \u00e9 amor, entretanto, \u00e9 capaz de erguer-se por valioso ingrediente na prote\u00e7\u00e3o afetiva. N\u00e3o \u00e9 tijolo de constru\u00e7\u00e3o, todavia, assegura as atividades que garantem o progresso. N\u00e3o \u00e9 cultura, mas apoia o livro. N\u00e3o \u00e9 vis\u00e3o, contudo, ampara o encontro de instrumentos que ampliam a capacidade dos olhos. Nao \u00e9 base da cura, no entanto, favorece a aquisi\u00e7\u00e3o do rem\u00e9dio. Em suma, o dinheiro associado \u00e0 consci\u00eancia tranquila, \u00e9 alavanca do trabalho e fonte da benefic\u00eancia, apoio da educa\u00e7\u00e3o e alicerce da alegria, \u00e9 uma b\u00ean\u00e7\u00e3o do C\u00e9u que de modo imediato, nem sempre faz felicidade mas sempre faz falta.<\/p>\n<p><b>P:<\/b>\u00a0&#8211; O \u201cvigiai\u201d, proclamado por Jesus, tem maior significado para as atitudes ou para os pensamentos?<br \/>\nR: &#8211; Quando vamos iniciar uma viagem programamos mentalmente os nossos passos, o nosso percurso. Quando vamos realizar alguma tarefa, primeiro pensamos e depois fazemos todo o esquema para ser seguido. Quando ansiamos adquirir mais conhecimentos de ordem material, buscamos as diretrizes nos livros que nos ensinam. Quando queremos consolo, buscamos no Evangelho as palavras que calam fundo dentro de nossa alma. Mas, muitas vezes, meus filhos, n\u00e3o dirigimos os nossos pensamentos; os nossos pensamentos do dia a dia; esses pensamentos soltos sem objetivo que chegam no nosso c\u00e9rebro porque na verdade muitas vezes s\u00e3o insuflados por entidades perturbadoras, procurando criar situa\u00e7\u00f5es nas quais v\u00e3o nos enovelar, nos trazendo problemas ser\u00edssimos depois. Ent\u00e3o, devemos manter tamb\u00e9m para os nossos pensamentos no dia a dia uma diretriz segura. Dirigir a nossa for\u00e7a mental para o bem, recha\u00e7ar todo e qualquer pensamento que n\u00e3o seja construtivo porque n\u00f3s n\u00e3o podemos avaliar a extens\u00e3o do que um pensamento pode gerar.<\/p>\n<p><b>P:<\/b>\u00a0&#8211; Ent\u00e3o, muitas vezes, os nossos pensamentos s\u00e3o dirigidos por Entidades perturbadoras?<br \/>\nR: &#8211; S\u00e3o muitas as entidades que nos cercam e elas se aproveitam muitas vezes de um pensamento para criar situa\u00e7\u00f5es: situa\u00e7\u00f5es conflitivas, situa\u00e7\u00f5es escandalosas, situa\u00e7\u00f5es deprimentes, prejudiciais. Devemos portanto, realmente, cuidarmos de dirigir os nossos pensamentos sempre na senda construtiva do bem e evitar realmente a maledic\u00eancia mental, o desajuste mental, as suposi\u00e7\u00f5es, os julgamentos precipitados.<\/p>\n<p><b>P:<\/b>\u00a0&#8211; Por isso que, n\u00e3o raro, julgamos erroneamente?<br \/>\nR: &#8211; Aquilo que n\u00f3s pensamos nem sempre corresponde a verdade dos fatos. E n\u00f3s, quantas e quantas vezes fechamos portas aben\u00e7oadas de aux\u00edlio espiritual porque estamos com as portas da alma escancaradas para a sombra, permitindo que haja invas\u00e3o em nossa mente de tudo quanto polui, e macula, agride, fere n\u00e3o s\u00f3 a eleva\u00e7\u00e3o de nossas almas como a integridade ps\u00edquica e at\u00e9 f\u00edsica dos nossos semelhantes. Se agimos com certo requinte de educa\u00e7\u00e3o na Terra, procuremos educar acima de tudo a nossa mente, porque aquele que tem a mente realmente educada, a qualquer instante, em qualquer momento, ele pode servir a Jesus, servindo ao seu semelhante. Ele estar\u00e1 sempre dispon\u00edvel porque realmente cuida daquilo que \u00e9 fundamental para a vida: esp\u00edrito atrav\u00e9s dos pensamentos.<\/p>\n<p><b>P:<\/b>\u00a0&#8211; Seria, ent\u00e3o, o pensamento, o meio mais f\u00e1cil para a obsess\u00e3o?<br \/>\nR: &#8211; Os meios que os esp\u00edritos encontram para se comunicarem s\u00e3o os pensamentos. Vejam voc\u00eas o problema da obsess\u00e3o, da possess\u00e3o&#8230; O esp\u00edrito n\u00e3o fala, no entanto localiza o seu perseguido. Ele localiza a criatura que tem d\u00e9bito para com ele atrav\u00e9s da erraticidade e o encontra. O encontra como? Pela for\u00e7a do pensamento. O pensamento \u00e9 a linguagem dos esp\u00edritos, \u00e9 a linguagem da alma. No momento em que estamos pensando, estamos gritando na erraticidade, em formas que se delineiam diante da vis\u00e3o daqueles que nos observam. Por isso, o ser encarnado \u00e9 t\u00e3o vulner\u00e1vel, porque ele tem uma vida exterior, \u00e0s vezes, incompat\u00edvel com a sua vida interior. Fala uma coisa e faz outra. Age de uma forma e, na verdade, \u00e9 outra pessoa. E instala, exatamente pelos pensamentos, a maior fonte de eleva\u00e7\u00e3o ou de degrada\u00e7\u00e3o do ser humano. Podemos nos colocar em contato com esp\u00edritos altamente superiores e deles receber orienta\u00e7\u00e3o, porque possu\u00edmos aquelas micro ondas em nossas almas, que dispensam qualquer liga\u00e7\u00e3o, tal qual na Terra, tamb\u00e9m, se dispensa a liga\u00e7\u00e3o el\u00e9trica, tal o potencial das micros ondas.<\/p>\n<p><b>P:<\/b>\u00a0&#8211; Mas, poderemos tamb\u00e9m sintonizar com Esp\u00edritos benfazejos?<br \/>\nR: &#8211; Se estamos com o pensamento superior, se estamos agindo de forma sublimada, podemos atingir, com a for\u00e7a do pensamento, alt\u00edssimas esferas e delas receber intui\u00e7\u00e3o, orienta\u00e7\u00e3o e prote\u00e7\u00e3o. Mas tamb\u00e9m podemos descer \u00e0s enormidades das trevas e l\u00e1 buscar aqueles degenerados da alma, com quem ontem nos compraz\u00edamos em manter conv\u00edvio e que, hoje, pela invigil\u00e2ncia do pensamento, os despertamos do passado para a conviv\u00eancia do presente. Por essa raz\u00e3o, devemos educar nossa mente, devemos pensar com responsabilidade, porque aquilo que pensamos \u00e9 o que somos, n\u00e3o aquilo que falamos, porque a ast\u00facia tamb\u00e9m ensina a falar certo. Existem esp\u00edritos altamente trevosos que manipulam at\u00e9 mesmo o que h\u00e1 de mais puro e melhor nas criaturas, para ret\u00ea-las. Portanto, devemos saber como agimos, como pensamos e, termos cuidado, muito cuidado, com a nossa mente.<\/p>\n","protected":false},"excerpt":{"rendered":"<p>Extra\u00eddo da Revista Esp\u00edrita-Crist\u00e3 do Terceiro Mil\u00eanio (Mensageiro) Dr.\u00a0Bezerra de Menezes dispensa apresenta\u00e7\u00f5es. Em todas as institui\u00e7\u00f5es esp\u00edritas do Mundo, ele \u00e9 venerado, por seu apostolado na difus\u00e3o dos princ\u00edpios da nossa Doutrina Libertadora, principalmente, pelo exemplo de sua vida; &hellip; <a href=\"https:\/\/xn--regeneraoplanetria-dsb6a7f.com.br\/index.php\/entrivistas\/entrevista-com-bezerra-em-1892\/\">Continue lendo <span class=\"meta-nav\">&rarr;<\/span><\/a><\/p>\n","protected":false},"author":1,"featured_media":0,"parent":209,"menu_order":0,"comment_status":"open","ping_status":"open","template":"","meta":{"footnotes":""},"class_list":["post-192","page","type-page","status-publish","hentry"],"_links":{"self":[{"href":"https:\/\/xn--regeneraoplanetria-dsb6a7f.com.br\/index.php\/wp-json\/wp\/v2\/pages\/192","targetHints":{"allow":["GET"]}}],"collection":[{"href":"https:\/\/xn--regeneraoplanetria-dsb6a7f.com.br\/index.php\/wp-json\/wp\/v2\/pages"}],"about":[{"href":"https:\/\/xn--regeneraoplanetria-dsb6a7f.com.br\/index.php\/wp-json\/wp\/v2\/types\/page"}],"author":[{"embeddable":true,"href":"https:\/\/xn--regeneraoplanetria-dsb6a7f.com.br\/index.php\/wp-json\/wp\/v2\/users\/1"}],"replies":[{"embeddable":true,"href":"https:\/\/xn--regeneraoplanetria-dsb6a7f.com.br\/index.php\/wp-json\/wp\/v2\/comments?post=192"}],"version-history":[{"count":0,"href":"https:\/\/xn--regeneraoplanetria-dsb6a7f.com.br\/index.php\/wp-json\/wp\/v2\/pages\/192\/revisions"}],"up":[{"embeddable":true,"href":"https:\/\/xn--regeneraoplanetria-dsb6a7f.com.br\/index.php\/wp-json\/wp\/v2\/pages\/209"}],"wp:attachment":[{"href":"https:\/\/xn--regeneraoplanetria-dsb6a7f.com.br\/index.php\/wp-json\/wp\/v2\/media?parent=192"}],"curies":[{"name":"wp","href":"https:\/\/api.w.org\/{rel}","templated":true}]}}