{"id":199,"date":"2013-02-23T20:49:49","date_gmt":"2013-02-23T23:49:49","guid":{"rendered":"http:\/\/xn--regeneraoplanetria-dsb6a7f.com.br\/?page_id=199"},"modified":"2013-04-22T21:48:58","modified_gmt":"2013-04-23T00:48:58","slug":"a-biologia-da-crenca","status":"publish","type":"page","link":"https:\/\/xn--regeneraoplanetria-dsb6a7f.com.br\/index.php\/ciencia-e-espiritualidade\/a-biologia-da-crenca\/","title":{"rendered":"A Biologia da Cren\u00e7a"},"content":{"rendered":"<p>A BIOLOGIA DA CREN\u00c7A, Por BRUCE H. LIPTON<\/p>\n<p>\u201cN\u00c3O S\u00c3O OS HORM\u00d4NIOS E OS NEROTRANSMISSORES QUE DIRIGEM O NOSSO CORPO, MAS NOSSAS CREN\u00c7AS\u201d<\/p>\n<p>Best-seller nos Estados Unidos, A biologia da cren\u00e7a \u2013 lan\u00e7amento da Butterfly Editora \u2013, de Bruce Lipton, renomado cientista norte-americano, em linguagem simples e direta, ao alcance de todos, traz surpreendentes descobertas cient\u00edficas que comprovam o poder do pensamento sobre a mat\u00e9ria e esclarecem a reencarna\u00e7\u00e3o.<\/p>\n<p>Seus estudos foram precursores da epigen\u00e9tica \u2013 estudo dos mecanismos moleculares por meio dos quais o meio ambiente controla a atividade gen\u00e9tica.<\/p>\n<p>Sua vasta pesquisa comprova que o DNA \u00e9 controlado pela energia que emana dos pensamentos, o que simplesmente significa que nossas proje\u00e7\u00f5es mentais influenciam diretamente em nossa sa\u00fade.<\/p>\n<p>Comprova\u00e7\u00e3o cient\u00edfica<\/p>\n<p>Finalmente, o poder do pensamento \u00e9 evidenciado \u00e0 luz da ci\u00eancia: trata-se de um salto qu\u00e2ntico, o qual deu origem \u00e0quela que est\u00e1 sendo denominada a \u201cnova biologia\u201d. Desde que o The Wall Street Science Journal, no primeiro semestre de 2004, anunciou A biologia da cren\u00e7a, cientistas, pesquisadores, m\u00e9dicos e biologistas do mundo inteiro foram \u201csacudidos\u201d pelas conclus\u00f5es de Lipton.<\/p>\n<p>Um deles foi Gregg Braden, autor de The God code [O c\u00f3digo de Deus] e The Isaiah effect [O efeito Isa\u00edas]: \u201cO doutor Bruce Lipton nos oferece o t\u00e3o procurado elo perdido entre a vida e a consci\u00eancia. Responde a velhas quest\u00f5es e esclarece os mist\u00e9rios mais profundos de nosso passado. N\u00e3o tenho a menor d\u00favida de que este livro acabar\u00e1 se tornando uma base para a ci\u00eancia do novo mil\u00eanio\u201d.<\/p>\n<p>Lipton recorda suas primeiras conclus\u00f5es que o levaram a adiantar as pesquisas que desenvolveu: \u201cSe direcionarmos melhor o que estamos pensando, poderemos mudar o estado do nosso corpo\u201d.<\/p>\n<p>No seu livro, o cientista simplesmente exp\u00f5e suas conclus\u00f5es e destaca o benef\u00edcio que delas \u00e9 poss\u00edvel extrair. Professor universit\u00e1rio de grandes recursos recorre a exemplos e ilustra\u00e7\u00f5es que facilitam o entendimento do que poderia, \u00e0 primeira vista, parecer complexo. Prova de sua capacidade de exposi\u00e7\u00e3o \u00e9 o fato de que milhares de pessoas mudaram seu modo de pensar depois de ler A biologia da cren\u00e7a.<\/p>\n<p>A raz\u00e3o disso \u00e9 muito simples: o conceito de que a for\u00e7a do pensamento pode mudar nossa vida \u2013 muito explorado nos livros de auto-ajuda, a maioria deles atrelada \u00e0 filosofia, \u00e0 religi\u00e3o ou \u00e0 psicologia \u2013 finalmente ganhou comprova\u00e7\u00e3o cient\u00edfica pelas m\u00e3os de Bruce Lipton!<br \/>\nLan\u00e7amento da Butterfly Editora, A biologia da cren\u00e7a \u00e9 um livro revolucion\u00e1rio que aproxima a ci\u00eancia da filosofia e da religi\u00e3o, leitura agrad\u00e1vel e produtiva que certamente vai mudar a vida de seus leitores.<\/p>\n","protected":false},"excerpt":{"rendered":"<p>A BIOLOGIA DA CREN\u00c7A, Por BRUCE H. LIPTON \u201cN\u00c3O S\u00c3O OS HORM\u00d4NIOS E OS NEROTRANSMISSORES QUE DIRIGEM O NOSSO CORPO, MAS NOSSAS CREN\u00c7AS\u201d Best-seller nos Estados Unidos, A biologia da cren\u00e7a \u2013 lan\u00e7amento da Butterfly Editora \u2013, de Bruce Lipton, &hellip; <a href=\"https:\/\/xn--regeneraoplanetria-dsb6a7f.com.br\/index.php\/ciencia-e-espiritualidade\/a-biologia-da-crenca\/\">Continue lendo <span class=\"meta-nav\">&rarr;<\/span><\/a><\/p>\n","protected":false},"author":1,"featured_media":0,"parent":38,"menu_order":3,"comment_status":"open","ping_status":"closed","template":"","meta":{"footnotes":""},"class_list":["post-199","page","type-page","status-publish","hentry"],"_links":{"self":[{"href":"https:\/\/xn--regeneraoplanetria-dsb6a7f.com.br\/index.php\/wp-json\/wp\/v2\/pages\/199","targetHints":{"allow":["GET"]}}],"collection":[{"href":"https:\/\/xn--regeneraoplanetria-dsb6a7f.com.br\/index.php\/wp-json\/wp\/v2\/pages"}],"about":[{"href":"https:\/\/xn--regeneraoplanetria-dsb6a7f.com.br\/index.php\/wp-json\/wp\/v2\/types\/page"}],"author":[{"embeddable":true,"href":"https:\/\/xn--regeneraoplanetria-dsb6a7f.com.br\/index.php\/wp-json\/wp\/v2\/users\/1"}],"replies":[{"embeddable":true,"href":"https:\/\/xn--regeneraoplanetria-dsb6a7f.com.br\/index.php\/wp-json\/wp\/v2\/comments?post=199"}],"version-history":[{"count":0,"href":"https:\/\/xn--regeneraoplanetria-dsb6a7f.com.br\/index.php\/wp-json\/wp\/v2\/pages\/199\/revisions"}],"up":[{"embeddable":true,"href":"https:\/\/xn--regeneraoplanetria-dsb6a7f.com.br\/index.php\/wp-json\/wp\/v2\/pages\/38"}],"wp:attachment":[{"href":"https:\/\/xn--regeneraoplanetria-dsb6a7f.com.br\/index.php\/wp-json\/wp\/v2\/media?parent=199"}],"curies":[{"name":"wp","href":"https:\/\/api.w.org\/{rel}","templated":true}]}}