{"id":209,"date":"2013-02-26T11:03:40","date_gmt":"2013-02-26T14:03:40","guid":{"rendered":"http:\/\/xn--regeneraoplanetria-dsb6a7f.com.br\/?page_id=209"},"modified":"2013-04-06T08:53:10","modified_gmt":"2013-04-06T11:53:10","slug":"entrivistas","status":"publish","type":"page","link":"https:\/\/xn--regeneraoplanetria-dsb6a7f.com.br\/index.php\/entrivistas\/","title":{"rendered":"Entrevistas"},"content":{"rendered":"<p align=\"center\"><b>PARA O M\u00c9DIUM HUMBERTO PAZIAN, UMA PESSOA PROSPERA \u00c9<\/b><b> <\/b><b>FELIZ NO CORPO, NA MENTE E NO ESP\u00cdRITO, IRRADIANDO ESSA FELICIDADE PARA OUTRAS PESSOAS <\/b><\/p>\n<p align=\"center\">Por \u00c9rika Silveira<\/p>\n<p>Como ser mais pr\u00f3spero na vida? E esta a proposta de <i>Prosperidade em <\/i>42 <i>dias, <\/i>Livro que tem feito grande sucesso inclusive entre o p\u00fablico esp\u00edrita. Seu autor \u00e9 o m\u00e9dium Humberto Pazian, dirigente da Fraternidade Francisco de Assis, entidade sediada no bairro de Vila Industrial, zona Leste de S\u00e3o Paulo (SP), al\u00e9m de apresentador de programas esp\u00edritas nas r\u00e1dios Boa Nova e Mundial e autor de v\u00e1rios outros Livros, como <i>medita\u00e7\u00e3o: <\/i>&#8211; <i>um caminho para a felicidade, O Fim do Mundo, Do Suic\u00eddio \u00e0<\/i><i> <\/i><i>Vida <\/i>e <i>Doa\u00e7\u00e3o de \u00d3rg\u00e3os, <\/i>entre outros.<\/p>\n<p>Nesta entrevista, Pazian fala de sua vis\u00e3o da prosperidade, trazendo melhores esclarecimentos sobre este tema que vem sendo abordado com muita frequ\u00eancia ultimamente.<\/p>\n<p><b>Corno voc\u00ea descobriu a import\u00e2ncia da prosperidade em sua vida? <\/b><\/p>\n<p>Humberto Pazian &#8212; Eu nasci em uma fam\u00edlia muito humilde, de poucos recursos e, como todo jovem, sonhava com um futuro melhor. Ent\u00e3o, tive contato com um tipo de leitura de auto-ajuda que me atraiu mui\u00adto. Eu j\u00e1 era esp\u00edrita, mas n\u00e3o aceitava muito a conviv\u00eancia com o sofrimento. Esse meu interesse come\u00e7ou quando eu tinha cerca de 14 anos de idade, sempre procurei ler, fazer experi\u00eancias em minha vida. Hoje, a prosperidade \u00e9 uma coisa da qual n\u00e3o apenas preciso, eu tento viv\u00ea-la. Acredito que minha tarefa \u00e9 fazer com que as pessoas compreendam isso da mesma forma, porque todo mundo pode e tem o direito de ser feliz, foi para isso que fomos criados. Se n\u00e3o estamos felizes no momento, devemos mudar a maneira de agir e pensar a partir de agora.<\/p>\n<p><b>O livro <i>Prosperidade em 42 dias <\/i>foi uma forma de colocar em pr\u00e1tica essas teorias? <\/b><\/p>\n<p>Humberto Pazian &#8211; Na verdade, o livro \u00e9 o resumo de todo o aprendizado adquirido em anos de pr\u00e1tica e experimenta\u00e7\u00e3o, apresentado de forma resumida para que se possa entender o processo. Precisamos parar com a ideia de que n\u00e3o d\u00e1 para alterar o car\u00adma, de que viemos para ser pobres, infelizes. N\u00e3o \u00e9 nada disso. H\u00e1 um meio de compreender a vida de maneira mais saud\u00e1vel, entendendo que o amanh\u00e3 \u00e9 constru\u00eddo hoje. Acredito que viemos para sermos felizes. Se n\u00e3o somos, \u00e9 porque fizemos alguma coisa errada, que pode ser consertada a qualquer momento.<\/p>\n<p><b>Para voc\u00ea, o que \u00e9<\/b><b> <\/b><b>ser um individuo pr\u00f3spero? <\/b><\/p>\n<p>Humberto Pazian &#8211; E ser uma pessoa que n\u00e3o \u00e9 feliz apenas para si mesma, mas que transmite a felicidade para as pessoas \u00e0 sua volta, torna outras pessoas pr\u00f3speras tamb\u00e9m, \u00e9 um exemplo de solidariedade. Ser urna pessoa pr\u00f3spera \u00e9 ser feliz no corpo, na mente e no esp\u00edrito.<\/p>\n<p><b>Voc\u00ea acha que o p\u00fablico esp\u00edrita ainda tem resist\u00eancia para ternas como a prosperidade ou hoje existe uma abertura maior para isso?<\/b><\/p>\n<p>Humberto Pazian &#8211; As coisas mudaram muito de uns anos para c\u00e1, acho que, sem alterar a base da dou\u00adtrina, o esp\u00edrita tem acrescentado muita coisa nela. A pr\u00f3pria doutrina n\u00e3o \u00e9 est\u00e1tica, Kardec disse que outras coisas seriam acrescentadas. 0 mundo est\u00e1 mudando e o esp\u00edrita tamb\u00e9m, vendo a vida de uma forma mais ampla, sem ficar t\u00e3o fechado para os no\u00advos conceitos. Erroneamente, muitos esp\u00edritas acre\u00additam que temos de sofrer por causa do carma, que viemos aqui para resgatar nossos erros, quando, na realidade, n\u00e3o \u00e9 bem assim. A vida \u00e9 algo muito alegre, portanto, n\u00e3o temos que ficar esperando a reencarna\u00e7\u00e3o ou outra vida para sermos felizes, pode\u00admos come\u00e7ar a viver bem hoje, colocando em uso as teorias que aprendemos. Assim, estaremos come\u00e7ando a criar um carma muito bom e positivo.<\/p>\n<p><b>Este \u00e9 um tema que est\u00e1 muito em moda atualmente. Mas, em sua opini\u00e3o, qual \u00e9 o diferencial de ter o embasamento dos ensinamentos da doutrina esp\u00edrita para se chegar \u00e0<\/b><b><i> <\/i><\/b><b>prosperidade? <\/b><\/p>\n<p>Humberto Pazian &#8211; Realmente, hoje, muita gente vem trabalhando esse tema, mas visando apenas a quest\u00e3o financeira. Eu procuro passar uma abordagem mais ampla, tanto nas palestras realizadas como no pr\u00f3prio Livro. Claro que a parte financeira \u00e9 importante, fundamenta ate para o progresso, a educa\u00e7\u00e3o e uma s\u00e9rie de outras coisas, mas sa\u00fade, uni\u00e3o, felicidade e realiza\u00e7\u00e3o de nossos sonhos tamb\u00e9m s\u00e3o coisas de suma import\u00e2ncia. O tema prosperidade se encaixa perfeitamente no contexto esp\u00edrita, pois o que a doutrina faz com a gente? N\u00e3o tenta nos reformar para que sejamos melhores? Sendo assim, o fato de sermos melhores nos aproxima de Deus e \u00e9 ai que se encontra a felicidade. O que se sugere nesse experimento \u00e9 urna mudan\u00e7a interior, para que as pessoas troquem seus antigos conceitos negativos por algo mais positivo.<\/p>\n<p><b>Existem alguns passos para um maior \u00eaxito na busca da prosperidade? <\/b><\/p>\n<p>Humberto Pazian &#8211; Primeiro, precisamos definir o que \u00e9 prosperidade em nossa concep\u00e7\u00e3o, pois podemos senti-la de v\u00e1rias formas. Para uma pessoa, a prosperidade \u00e9 urna situa\u00e7\u00e3o financeira est\u00e1vel, ent\u00e3o esse \u00e9 o objetivo que ela deve tentar. J\u00e1 para outra, talvez a prosperidade esteja no fato de ser livre, de ter sa\u00fade e assim por diante. Dessa forma, \u00e9 importante essa defini\u00e7\u00e3o em um determinado momento, porque os conceitos tamb\u00e9m mudam com o decorrer do tempo. O segundo passo \u00e9 se preparar para isso, pois, muitas vezes, as pessoas colocam um objetivo na mente e, no entanto, n\u00e3o se mexem para conquista-lo. Al\u00e9m de criar o objetivo e visualizar o m\u00e9todo, \u00e9 preciso acreditar que realmente vai conseguir alcan\u00e7\u00e1-lo, fazer uma reprograma\u00e7\u00e3o da vida. O pro\u00adcesso \u00e9 muito simples, basta colocar no papel as coisas que se necessita para chegar a esse objetivo. N\u00e3o adianta ficar s\u00f3 sonhando, porque nada vai cair do c\u00e9u, ha a necessidade de empenho e determina\u00e7\u00e3o. Esse \u00e9 um exemplo b\u00e1sico, mas que pode ser aplica\u00addo em qualquer objetivo na vida.<\/p>\n<p><b>Ent\u00e3o ha uma diferen\u00e7a entre meta e sonho? <\/b><\/p>\n<p>Humberto Pazian &#8211; De uma forma ou outra, todos n\u00f3s sonhamos, conforme o grau de cada um. As vezes, ficamos sonhando em viajar pelo mundo, trocar de car\u00adro, adquirir uma alta evolu\u00e7\u00e3o espiritual, enfim, s\u00e3o sonhos que nos ajudam a viver. Agora, quando os co\u00adlocamos como meta, a coisa muda completamente de figura, pois \u00e9 um sonho que se tornar\u00e1 realidade. Meta significa realiza\u00e7\u00e3o do sonho.<\/p>\n<p><b>Atualmente, a Terra est\u00e1 passando por um momento muito dif\u00edcil de transforma\u00e7\u00e3o. De que forma podemos atingir e contribuir para a prosperidade co\u00adletiva do planeta?<\/b><\/p>\n<p>Humberto Pazian &#8211; Aquele que visa apenas o seu bem \u00e9 uma pessoa ego\u00edsta, avarenta, e as leis universais percebem isso. Algu\u00e9m muito fechado em si mesmo com certeza n\u00e3o consegue ser pr\u00f3spero, pode ter muito dinheiro, poder ou fama, mas n\u00e3o ter\u00e1 prosperidade. Uma pessoa pr\u00f3spera de verdade ajuda os outros at\u00e9 com seu exemplo. Portanto, quanto mais indiv\u00edduos pr\u00f3speros n\u00f3s tivemos, maior ser\u00e1 a irradia\u00e7\u00e3o delas e, assim, teremos urna comunidade mais feliz. E uma quest\u00e3o de consci\u00eancia de cada um.<\/p>\n<p><b>A prosperidade tamb\u00e9m pode ser trabalhada dentro de casa, com a fam\u00edlia, a fim de que se formem lares mais estruturados? <\/b><\/p>\n<p>Humberto Pazian &#8211; Deveria ser ensinado para as crian\u00e7as, n\u00e3o s\u00f3 nas fam\u00edlias, mas tamb\u00e9m nas escolas, que \u00e9 poss\u00edvel ter qualidade de vida, pois se elas crescem acreditando em um futuro melhor, \u00e9 isso que ir\u00e3o buscar. No entanto, infelizmente, muitos pais deixam suas frustra\u00e7\u00f5es e negatividades nos filhos, o que fica marcado neles. O lar \u00e9 um lugar muito apropriado para se desenvolver o conceito de felicidade.<\/p>\n<p>Fonte: Revista Crist\u00e3 de Espiritismo n\u00ba 17<\/p>\n","protected":false},"excerpt":{"rendered":"<p>PARA O M\u00c9DIUM HUMBERTO PAZIAN, UMA PESSOA PROSPERA \u00c9 FELIZ NO CORPO, NA MENTE E NO ESP\u00cdRITO, IRRADIANDO ESSA FELICIDADE PARA OUTRAS PESSOAS Por \u00c9rika Silveira Como ser mais pr\u00f3spero na vida? E esta a proposta de Prosperidade em 42 &hellip; <a href=\"https:\/\/xn--regeneraoplanetria-dsb6a7f.com.br\/index.php\/entrivistas\/\">Continue lendo <span class=\"meta-nav\">&rarr;<\/span><\/a><\/p>\n","protected":false},"author":1,"featured_media":0,"parent":0,"menu_order":6,"comment_status":"open","ping_status":"closed","template":"","meta":{"footnotes":""},"class_list":["post-209","page","type-page","status-publish","hentry"],"_links":{"self":[{"href":"https:\/\/xn--regeneraoplanetria-dsb6a7f.com.br\/index.php\/wp-json\/wp\/v2\/pages\/209","targetHints":{"allow":["GET"]}}],"collection":[{"href":"https:\/\/xn--regeneraoplanetria-dsb6a7f.com.br\/index.php\/wp-json\/wp\/v2\/pages"}],"about":[{"href":"https:\/\/xn--regeneraoplanetria-dsb6a7f.com.br\/index.php\/wp-json\/wp\/v2\/types\/page"}],"author":[{"embeddable":true,"href":"https:\/\/xn--regeneraoplanetria-dsb6a7f.com.br\/index.php\/wp-json\/wp\/v2\/users\/1"}],"replies":[{"embeddable":true,"href":"https:\/\/xn--regeneraoplanetria-dsb6a7f.com.br\/index.php\/wp-json\/wp\/v2\/comments?post=209"}],"version-history":[{"count":0,"href":"https:\/\/xn--regeneraoplanetria-dsb6a7f.com.br\/index.php\/wp-json\/wp\/v2\/pages\/209\/revisions"}],"wp:attachment":[{"href":"https:\/\/xn--regeneraoplanetria-dsb6a7f.com.br\/index.php\/wp-json\/wp\/v2\/media?parent=209"}],"curies":[{"name":"wp","href":"https:\/\/api.w.org\/{rel}","templated":true}]}}