{"id":216,"date":"2013-02-27T08:36:25","date_gmt":"2013-02-27T11:36:25","guid":{"rendered":"http:\/\/xn--regeneraoplanetria-dsb6a7f.com.br\/?page_id=216"},"modified":"2013-02-27T08:36:25","modified_gmt":"2013-02-27T11:36:25","slug":"com-amor","status":"publish","type":"page","link":"https:\/\/xn--regeneraoplanetria-dsb6a7f.com.br\/index.php\/mensagens\/com-amor\/","title":{"rendered":"Com Amor"},"content":{"rendered":"<p><b>Com amor<\/b><\/p>\n<p>&#8220;E, sobre tudo isto, revesti-vos de caridade, que \u00e9 o vinculo da perfei\u00e7\u00e3o.&#8221; &#8211; Paulo. (COLOSSENSES, 3:14.)<\/p>\n<p>Todo disc\u00edpulo do Evangelho precisar\u00e1 coragem para atacar os servi\u00e7os da reden\u00e7\u00e3o de si mesmo.<\/p>\n<p>Nenhum dispensar\u00e1 as armaduras da f\u00e9, a fim de marchar com desassombro sob tempestades.<\/p>\n<p>O caminho de resgate e eleva\u00e7\u00e3o permanece cheio de espinhos.<\/p>\n<p>O trabalho constituir-se-\u00e1 de lutas, de sofrimentos, de sacrif\u00edcios, de suor, de testemunhos.<\/p>\n<p>Toda a prepara\u00e7\u00e3o \u00e9 necess\u00e1ria, no capitulo da resist\u00eancia; entretanto, sobre tudo isto \u00e9 indispens\u00e1vel revestir-se nossa alma de caridade, que \u00e9 amor sublime.<\/p>\n<p>A nobreza de car\u00e1ter, a confian\u00e7a, a benevol\u00eancia, a f\u00e9, a ci\u00eancia, a penetra\u00e7\u00e3o, os dons e as possibilidades s\u00e3o fios preciosos, mas o amor \u00e9 o tear divino que os entrela\u00e7ar\u00e1, tecendo a t\u00fanica da perfei\u00e7\u00e3o espiritual.<\/p>\n<p>A disciplina e a educa\u00e7\u00e3o, a escola e a cultura, o esfor\u00e7o e a obra, s\u00e3o flores e frutos na \u00e1rvore da vida, todavia, o amor \u00e9 a raiz eterna.<\/p>\n<p>Mas, como amaremos no servi\u00e7o di\u00e1rio?<\/p>\n<p>Renovemo-nos no esp\u00edrito do Senhor e compreendamos os nossos semelhantes.<\/p>\n<p>Auxiliemos em sil\u00eancio, entendendo a situa\u00e7\u00e3o de cada um, temperando a bondade com a energia, e a fraternidade com a justi\u00e7a.<\/p>\n<p>Ou\u00e7amos a sugest\u00e3o do amor, a cada passo, na senda evolutiva.<\/p>\n<p>Quem ama, compreende; e quem compreende, trabalha pelo mundo melhor.<\/p>\n<p align=\"right\"><i>EMMANUEL (VINHA DE LUZ)<\/i><\/p>\n<p>&nbsp;<\/p>\n","protected":false},"excerpt":{"rendered":"<p>Com amor &#8220;E, sobre tudo isto, revesti-vos de caridade, que \u00e9 o vinculo da perfei\u00e7\u00e3o.&#8221; &#8211; Paulo. (COLOSSENSES, 3:14.) Todo disc\u00edpulo do Evangelho precisar\u00e1 coragem para atacar os servi\u00e7os da reden\u00e7\u00e3o de si mesmo. Nenhum dispensar\u00e1 as armaduras da f\u00e9, &hellip; <a href=\"https:\/\/xn--regeneraoplanetria-dsb6a7f.com.br\/index.php\/mensagens\/com-amor\/\">Continue lendo <span class=\"meta-nav\">&rarr;<\/span><\/a><\/p>\n","protected":false},"author":1,"featured_media":0,"parent":160,"menu_order":0,"comment_status":"open","ping_status":"open","template":"","meta":{"footnotes":""},"class_list":["post-216","page","type-page","status-publish","hentry"],"_links":{"self":[{"href":"https:\/\/xn--regeneraoplanetria-dsb6a7f.com.br\/index.php\/wp-json\/wp\/v2\/pages\/216","targetHints":{"allow":["GET"]}}],"collection":[{"href":"https:\/\/xn--regeneraoplanetria-dsb6a7f.com.br\/index.php\/wp-json\/wp\/v2\/pages"}],"about":[{"href":"https:\/\/xn--regeneraoplanetria-dsb6a7f.com.br\/index.php\/wp-json\/wp\/v2\/types\/page"}],"author":[{"embeddable":true,"href":"https:\/\/xn--regeneraoplanetria-dsb6a7f.com.br\/index.php\/wp-json\/wp\/v2\/users\/1"}],"replies":[{"embeddable":true,"href":"https:\/\/xn--regeneraoplanetria-dsb6a7f.com.br\/index.php\/wp-json\/wp\/v2\/comments?post=216"}],"version-history":[{"count":0,"href":"https:\/\/xn--regeneraoplanetria-dsb6a7f.com.br\/index.php\/wp-json\/wp\/v2\/pages\/216\/revisions"}],"up":[{"embeddable":true,"href":"https:\/\/xn--regeneraoplanetria-dsb6a7f.com.br\/index.php\/wp-json\/wp\/v2\/pages\/160"}],"wp:attachment":[{"href":"https:\/\/xn--regeneraoplanetria-dsb6a7f.com.br\/index.php\/wp-json\/wp\/v2\/media?parent=216"}],"curies":[{"name":"wp","href":"https:\/\/api.w.org\/{rel}","templated":true}]}}