{"id":219,"date":"2013-02-27T08:41:51","date_gmt":"2013-02-27T11:41:51","guid":{"rendered":"http:\/\/xn--regeneraoplanetria-dsb6a7f.com.br\/?page_id=219"},"modified":"2013-02-27T08:41:51","modified_gmt":"2013-02-27T11:41:51","slug":"de-alma-desperta","status":"publish","type":"page","link":"https:\/\/xn--regeneraoplanetria-dsb6a7f.com.br\/index.php\/mensagens\/de-alma-desperta\/","title":{"rendered":"De alma desperta"},"content":{"rendered":"<p><b>De alma desperta<\/b><\/p>\n<p>&#8220;Por isso te lembro despertes o dom de Deus que existe em ti.&#8221; &#8211; Paulo. (II TIM\u00d3TEO, 1:6.)<\/p>\n<p>\u00c9 indispens\u00e1vel muito esfor\u00e7o de vontade para n\u00e3o nos perdermos indefinitamente na sombra dos impulsos primitivistas.<\/p>\n<p>\u00c0 frente dos mil\u00eanios passados, em nosso campo evolutivo, somos suscet\u00edveis de longa perman\u00eancia nos resvaladouros do erro, cristalizando atitudes em desacordo com as Leis Eternas.<\/p>\n<p>Para que n\u00e3o nos demoremos no fundo dos precip\u00edcios, temos ao nosso dispor a luz da Revela\u00e7\u00e3o Divina, d\u00e1diva do Alto, que, em hip\u00f3tese alguma, devemos permitir se extinga em n\u00f3s.<\/p>\n<p>Em face da extensa e pesada bagagem de nossas necessidades de regenera\u00e7\u00e3o e aperfei\u00e7oamento, as tenta\u00e7\u00f5es para o desvio surgem com esmagadora percentagem sobre as sugest\u00f5es de prosseguimento no caminho reto, dentro da ascens\u00e3o espiritual.<\/p>\n<p>Nas menores atividades da luta humana, o aprendiz \u00e9 influenciado a permanecer \u00e0s escuras.<\/p>\n<p>Nas palestras comuns, cercam-no insinua\u00e7\u00f5es caluniosas e descabidas. Nos pensamentos habituais, recebe mil e um convites desordenados das zonas inferiores. Nas aplica\u00e7\u00f5es da justi\u00e7a, \u00e9 compelido a dif\u00edceis recapitula\u00e7\u00f5es, em virtude do demasiado individualismo do pret\u00e9rito que procura perpetuar-se. Nas a\u00e7\u00f5es de trabalho, em obedi\u00eancia \u00e0s determina\u00e7\u00f5es da vida, \u00e9, muita vez, levado a buscar descanso indevido.<\/p>\n<p>At\u00e9 mesmo na alimenta\u00e7\u00e3o do corpo \u00e9 conduzido a perigosas convoca\u00e7\u00f5es ao desequil\u00edbrio.<\/p>\n<p>Por essa raz\u00e3o, Paulo aconselhava ao companheiro n\u00e3o olvidasse a necessidade de acordar o &#8220;dom de Deus&#8221;, no altar do cora\u00e7\u00e3o.<\/p>\n<p>Que o homem sofrer\u00e1 tenta\u00e7\u00f5es, que cair\u00e1 muitas vezes, que se afligir\u00e1 com decep\u00e7\u00f5es e des\u00e2nimos, na estrada iluminativa, n\u00e3o padece d\u00favida para nenhum de n\u00f3s, irm\u00e3os mais velhos em experi\u00eancia maior; entretanto, \u00e9 imprescind\u00edvel marcharmos de alma desperta, na posi\u00e7\u00e3o de reerguimento e reedifica\u00e7\u00e3o, sempre que necess\u00e1rio.<\/p>\n<p>Que as sombras do passado nos fustiguem, mas jamais nos esque\u00e7amos de reacender a pr\u00f3pria que luz.<\/p>\n<p align=\"right\"><i>EMMANUEL (VINHA DE LUZ)<\/i><\/p>\n","protected":false},"excerpt":{"rendered":"<p>De alma desperta &#8220;Por isso te lembro despertes o dom de Deus que existe em ti.&#8221; &#8211; Paulo. (II TIM\u00d3TEO, 1:6.) \u00c9 indispens\u00e1vel muito esfor\u00e7o de vontade para n\u00e3o nos perdermos indefinitamente na sombra dos impulsos primitivistas. \u00c0 frente dos &hellip; <a href=\"https:\/\/xn--regeneraoplanetria-dsb6a7f.com.br\/index.php\/mensagens\/de-alma-desperta\/\">Continue lendo <span class=\"meta-nav\">&rarr;<\/span><\/a><\/p>\n","protected":false},"author":1,"featured_media":0,"parent":160,"menu_order":0,"comment_status":"open","ping_status":"open","template":"","meta":{"footnotes":""},"class_list":["post-219","page","type-page","status-publish","hentry"],"_links":{"self":[{"href":"https:\/\/xn--regeneraoplanetria-dsb6a7f.com.br\/index.php\/wp-json\/wp\/v2\/pages\/219","targetHints":{"allow":["GET"]}}],"collection":[{"href":"https:\/\/xn--regeneraoplanetria-dsb6a7f.com.br\/index.php\/wp-json\/wp\/v2\/pages"}],"about":[{"href":"https:\/\/xn--regeneraoplanetria-dsb6a7f.com.br\/index.php\/wp-json\/wp\/v2\/types\/page"}],"author":[{"embeddable":true,"href":"https:\/\/xn--regeneraoplanetria-dsb6a7f.com.br\/index.php\/wp-json\/wp\/v2\/users\/1"}],"replies":[{"embeddable":true,"href":"https:\/\/xn--regeneraoplanetria-dsb6a7f.com.br\/index.php\/wp-json\/wp\/v2\/comments?post=219"}],"version-history":[{"count":0,"href":"https:\/\/xn--regeneraoplanetria-dsb6a7f.com.br\/index.php\/wp-json\/wp\/v2\/pages\/219\/revisions"}],"up":[{"embeddable":true,"href":"https:\/\/xn--regeneraoplanetria-dsb6a7f.com.br\/index.php\/wp-json\/wp\/v2\/pages\/160"}],"wp:attachment":[{"href":"https:\/\/xn--regeneraoplanetria-dsb6a7f.com.br\/index.php\/wp-json\/wp\/v2\/media?parent=219"}],"curies":[{"name":"wp","href":"https:\/\/api.w.org\/{rel}","templated":true}]}}