{"id":238,"date":"2013-03-02T20:13:27","date_gmt":"2013-03-02T23:13:27","guid":{"rendered":"http:\/\/xn--regeneraoplanetria-dsb6a7f.com.br\/?page_id=238"},"modified":"2013-03-02T20:13:27","modified_gmt":"2013-03-02T23:13:27","slug":"porta-estreita","status":"publish","type":"page","link":"https:\/\/xn--regeneraoplanetria-dsb6a7f.com.br\/index.php\/mensagens\/porta-estreita\/","title":{"rendered":"Porta estreita"},"content":{"rendered":"<p><b>Porta estreita<\/b><\/p>\n<p>&#8220;Porfiai por entrar pela porta estreita, porque eu vos digo que muitos procurar\u00e3o entrar, e n\u00e3o poder\u00e3o.&#8221; &#8211; Jesus. (LUCAS, 13:24.)<\/p>\n<p>Antes da reencarna\u00e7\u00e3o necess\u00e1ria ao progresso, a alma estima na &#8220;porta estreita&#8221; a sua oportunidade gloriosa nos c\u00edrculos carnais.<\/p>\n<p>Reconhece a necessidade do sofrimento purificador. Anseia pelo sacrif\u00edcio que redime. Exalta o obst\u00e1culo que ensina. Compreende a dificuldade que enriquece a mente e n\u00e3o pede outra coisa que n\u00e3o seja a li\u00e7\u00e3o, nem espera sen\u00e3o a luz do entendimento que a elevar\u00e1 nos caminhos infinitos da vida.<\/p>\n<p>Obt\u00e9m o vaso fr\u00e1gil de carne, em que se mergulha para o servi\u00e7o de retifica\u00e7\u00e3o e aperfei\u00e7oamento.<\/p>\n<p>Reconquistando, por\u00e9m, a oportunidade da exist\u00eancia terrestre, volta a procurar as &#8220;portas largas&#8221; por onde transitam as multid\u00f5es.<\/p>\n<p>Fugindo \u00e0 dificuldade, empenha-se pelo menor esfor\u00e7o.<\/p>\n<p>Temendo o sacrif\u00edcio, exige a vantagem pessoal. Longe de servir aos semelhantes, reclama os servi\u00e7os dos outros para si.<\/p>\n<p>E, no sono doentio do passado, atravessa os campos de evolu\u00e7\u00e3o, sem algo realizar de \u00fatil, menosprezando os compromissos assumidos.<\/p>\n<p>Em geral, quase todos os homens somente acordam quando a enfermidade lhes requisita o corpo \u00e0s transforma\u00e7\u00f5es da morte.<\/p>\n<p>&#8220;Ah! se fosse poss\u00edvel voltar!&#8230;&#8221; &#8211; pensam todos.<\/p>\n<p>Com que afli\u00e7\u00e3o acariciam o desejo de tornar a viver no mundo, a fim de aprenderem a humildade, a paci\u00eancia e a f\u00e9!&#8230; com que transporte de j\u00fabilo se devotariam ent\u00e3o \u00e0 felicidade dos outros! &#8230;<\/p>\n<p>Mas&#8230; \u00e9 tarde. Rogaram a &#8220;porta estreita&#8221; e receberam-na, entretanto, recuaram no instante do servi\u00e7o justo. E porque se acomodaram muito bem nas &#8220;portas largas&#8221;, volvem a integrar as fileiras ansiosas daqueles que procuram entrar, de novo, e n\u00e3o conseguem.<\/p>\n<p><i>EMMANUEL (VINHA DE LUZ)<\/i><\/p>\n","protected":false},"excerpt":{"rendered":"<p>Porta estreita &#8220;Porfiai por entrar pela porta estreita, porque eu vos digo que muitos procurar\u00e3o entrar, e n\u00e3o poder\u00e3o.&#8221; &#8211; Jesus. (LUCAS, 13:24.) Antes da reencarna\u00e7\u00e3o necess\u00e1ria ao progresso, a alma estima na &#8220;porta estreita&#8221; a sua oportunidade gloriosa nos &hellip; <a href=\"https:\/\/xn--regeneraoplanetria-dsb6a7f.com.br\/index.php\/mensagens\/porta-estreita\/\">Continue lendo <span class=\"meta-nav\">&rarr;<\/span><\/a><\/p>\n","protected":false},"author":1,"featured_media":0,"parent":160,"menu_order":0,"comment_status":"open","ping_status":"open","template":"","meta":{"footnotes":""},"class_list":["post-238","page","type-page","status-publish","hentry"],"_links":{"self":[{"href":"https:\/\/xn--regeneraoplanetria-dsb6a7f.com.br\/index.php\/wp-json\/wp\/v2\/pages\/238","targetHints":{"allow":["GET"]}}],"collection":[{"href":"https:\/\/xn--regeneraoplanetria-dsb6a7f.com.br\/index.php\/wp-json\/wp\/v2\/pages"}],"about":[{"href":"https:\/\/xn--regeneraoplanetria-dsb6a7f.com.br\/index.php\/wp-json\/wp\/v2\/types\/page"}],"author":[{"embeddable":true,"href":"https:\/\/xn--regeneraoplanetria-dsb6a7f.com.br\/index.php\/wp-json\/wp\/v2\/users\/1"}],"replies":[{"embeddable":true,"href":"https:\/\/xn--regeneraoplanetria-dsb6a7f.com.br\/index.php\/wp-json\/wp\/v2\/comments?post=238"}],"version-history":[{"count":0,"href":"https:\/\/xn--regeneraoplanetria-dsb6a7f.com.br\/index.php\/wp-json\/wp\/v2\/pages\/238\/revisions"}],"up":[{"embeddable":true,"href":"https:\/\/xn--regeneraoplanetria-dsb6a7f.com.br\/index.php\/wp-json\/wp\/v2\/pages\/160"}],"wp:attachment":[{"href":"https:\/\/xn--regeneraoplanetria-dsb6a7f.com.br\/index.php\/wp-json\/wp\/v2\/media?parent=238"}],"curies":[{"name":"wp","href":"https:\/\/api.w.org\/{rel}","templated":true}]}}