{"id":2484,"date":"2014-07-12T18:27:13","date_gmt":"2014-07-12T21:27:13","guid":{"rendered":"http:\/\/xn--regeneraoplanetria-dsb6a7f.com.br\/?page_id=2484"},"modified":"2014-07-12T18:27:13","modified_gmt":"2014-07-12T21:27:13","slug":"ante-os-tempos-novos","status":"publish","type":"page","link":"https:\/\/xn--regeneraoplanetria-dsb6a7f.com.br\/index.php\/emmanuel\/ante-os-tempos-novos\/","title":{"rendered":"Ante os  tempos novos"},"content":{"rendered":"<p>Enquanto a hist\u00f3ria relaciona a interven\u00e7\u00e3o de fadas, referindo-se aos g\u00eanios tutelares, aos pal\u00e1cios ocultos e \u00e0s maravilhas da floresta desconhecida, as crian\u00e7as escutam atentas, estampando alegria e interesse no semblante feliz. Todavia, quando o narrador modifica a palavra, fixando-a nas realidades educativas, retrai-se \u00e0 mente infantil, contrafeita, cansada&#8230; N\u00e3o compreende a promessa da vida futura, com os seus trabalhos e responsabilidades.<\/p>\n<p>Os cora\u00e7\u00f5es, ainda tenros, amam o sonho, aguardam hero\u00edsmo f\u00e1cil, estimam o menor esfor\u00e7o, n\u00e3o entendem, de pronto, o labor divino da perfei\u00e7\u00e3o eterna e, por isso, afastam-se do ensinamento real, admirados, espantadi\u00e7os. A vida, por\u00e9m, espera-os com as suas leis imut\u00e1veis e revela-lhes a verdade, gradativamente, sem ru\u00eddos espetaculares, com serenidade de m\u00e3e.<\/p>\n<p>As p\u00e1ginas de Andr\u00e9 Luiz recordam essa imagem.<\/p>\n<p>Enquanto os Esp\u00edritos S\u00e1bios e Benevolentes trazem a vis\u00e3o celeste, alargando o campo das esperan\u00e7as humanas, todos os companheiros encarnados nos ouvem, ext\u00e1ticos, venturosos. \u00c9 a consola\u00e7\u00e3o sublime, o conforto desejado. Congregam-se os cora\u00e7\u00f5es para receber as mensagens do c\u00e9u. Mas, se os emiss\u00e1rios do plano superior revelam alguns \u00e2ngulos da vida espiritual, falando- lhes do trabalho, do esfor\u00e7o pr\u00f3prio, da responsabilidade pessoal, da luta edificante, do estudo necess\u00e1rio, do auto-aperfei\u00e7oamento, n\u00e3o ocultam a desagrad\u00e1vel impress\u00e3o. Contrariamente \u00e0s suposi\u00e7\u00f5es da primeira hora, n\u00e3o enxergam o c\u00e9u das facilidades, nem a regi\u00e3o dos favores, n\u00e3o divisam acontecimentos milagrosos nem observam a beatitude repousante. Ao inv\u00e9s do para\u00edso pr\u00f3ximo, sente-se nas vizinhan\u00e7as de uma oficina incans\u00e1vel, onde o trabalhador n\u00e3o se elevar\u00e1 pela m\u00e3o beijada do protecionismo e sim \u00e0 custa de si mesmo, para que deva \u00e0 pr\u00f3pria consci\u00eancia a ou a derrota. Percebem a lei imperec\u00edvel que estabelece o controle da vida, em nome do Eterno, sem falsos julgamentos. Compreendem que as praias de beleza divina e os pal\u00e1cios encantados da paz aguardam o Esp\u00edrito noutros continentes vibrat\u00f3rios do Uni- verso, reconhecendo, no entanto, que lhes compete suar e lutar, esfor\u00e7ar-se e aprimorar-se por alcan\u00e7\u00e1-los, bracejando no imenso mar das experi\u00eancias.<\/p>\n<p>A maioria espanta-se e tenta o recuo. Pretende um c\u00e9u f\u00e1cil, depois da morte do corpo, que seja conquistado por meras afirmativas doutrinais. Ningu\u00e9m, contudo, perturbar\u00e1 a lei divina; a verdade vencer\u00e1 sempre e a vida eterna continuar\u00e1 ensinando, devagarzinho, com paci\u00eancia maternal.<\/p>\n<p>Ao Espiritismo crist\u00e3o cabe, atualmente, no mundo, grandiosa e sublime tarefa. N\u00e3o basta definir-lhe as caracter\u00edsticas vener\u00e1veis de Consolador da Humanidade, s\u00e3o preciso tamb\u00e9m lhe revelar a fei\u00e7\u00e3o de movimento libertador de consci\u00eancias e cora\u00e7\u00f5es.<\/p>\n<p>A morte f\u00edsica n\u00e3o \u00e9 o fim. \u00c9 pura mudan\u00e7a de cap\u00edtulo no livro da evolu\u00e7\u00e3o e do aperfei\u00e7oamento. Ao seu influxo, ningu\u00e9m deve esperar solu\u00e7\u00f5es finais e definitivas, quando sabemos que cem anos de atividade no mundo representa uma fra\u00e7\u00e3o relativa- mente curta de tempo para qualquer edifica\u00e7\u00e3o na vida eterna.<\/p>\n<p>Infinito campo de servi\u00e7o aguarda a dedica\u00e7\u00e3o dos trabalha- dores da verdade e do bem. Problemas gigantescos desafiam os Esp\u00edritos valorosos, encarnados na \u00e9poca presente, com a gloriosa miss\u00e3o de preparar a nova era, contribuindo na restaura\u00e7\u00e3o da f\u00e9 viva e na extens\u00e3o do entendimento humano. Urge socorrer a Religi\u00e3o, sepultada nos arquivos teol\u00f3gicos dos templos de pedra, e amparar a Ci\u00eancia, transformada em g\u00eanio sat\u00e2nico da destrui\u00e7\u00e3o. A espiritualidade vitoriosa percorre o mundo, regenerando- lhe as fontes morais, despertando a criatura no quadro realista de suas aquisi\u00e7\u00f5es. H\u00e1 chamamentos novos para o homem descrente,<\/p>\n<p>Francisco C\u00e2ndido Xavier &#8211; Mission\u00e1rios da Luz &#8211; pelo Esp\u00edrito Andr\u00e9 Luiz do s\u00e9culo 20, indicando-lhe horizontes mais vastos, a demonstrar- lhe que o Esp\u00edrito vive acima das civiliza\u00e7\u00f5es que a guerra transforma ou consome na sua voracidade de drag\u00e3o multimilen\u00e1rio.<\/p>\n<p>Ante os tempos novos e considerando o esfor\u00e7o grandioso da renova\u00e7\u00e3o, requisita-se o concurso de todos os servidores fi\u00e9is da verdade e do bem para que, antes de tudo, vivam a nova f\u00e9, melhorando-se e elevando-se cada um, a caminho do mundo melhor, a fim de que a edifica\u00e7\u00e3o do Cristo prevale\u00e7a sobre as meras palavras das ideologias brilhantes.<\/p>\n<p>Na consecu\u00e7\u00e3o da tarefa superior, congregam-se encarnados e desencarnados de boa vontade, construindo a ponte de luz, atrav\u00e9s da qual a Humanidade transpor\u00e1 o abismo da ignor\u00e2ncia e da morte.<\/p>\n<p>\u00c9 por este motivo, leitor amigo, que Andr\u00e9 Luiz vem, uma vez mais, ao teu encontro, para dizer-te algo do servi\u00e7o divino dos \u201cMission\u00e1rios da Luz\u201d, esclarecendo, ainda, que o homem \u00e9 um Esp\u00edrito Eterno habitando temporariamente o templo vivo da carne terrestre, que o perisp\u00edrito n\u00e3o \u00e9 um corpo de vaga neblina e sim organiza\u00e7\u00e3o viva a que se amoldam \u00e0s c\u00e9lulas materiais; que a alma, em qualquer parte, recebe segundo as suas cria\u00e7\u00f5es individuais; que os la\u00e7os do amor e do \u00f3dio nos acompanham em qualquer c\u00edrculo da vida; que outras atividades s\u00e3o desempenha- das pela consci\u00eancia encarnada, al\u00e9m da luta vulgar de cada dia; que a reencarna\u00e7\u00e3o \u00e9 orientada por sublimes ascendentes espirituais e que, al\u00e9m do sepulcro, a alma continua lutando e aprendendo, aperfei\u00e7oando-se e servindo aos des\u00edgnios do Senhor, crescendo sempre para a gl\u00f3ria imortal a que o Pai nos destinou.<\/p>\n<p>Se a leitura te assombra, se as afirmativas do Mensageiro te parecem revolucion\u00e1rias, recorre \u00e0 ora\u00e7\u00e3o e agradece ao Senhor o aprendizado, pedindo-lhe te esclare\u00e7a e ilumine, para que a ilus\u00e3o n\u00e3o te retenha em suas malhas. Lembra-te de que a revela\u00e7\u00e3o da verdade \u00e9 progressiva e, rogando o socorro divino para o teu cora\u00e7\u00e3o, atende aos sagrados deveres que a Terra te designou para cada dia, consciente de que a morte do corpo n\u00e3o te conduzir\u00e1 \u00e0 estagna\u00e7\u00e3o e sim a novos campos de aperfei\u00e7oamento e trabalho, de renova\u00e7\u00e3o e luta bendita, onde viver\u00e1s muito mais, e mais intensamente.<\/p>\n<p>EMMANUEL<\/p>\n<p>Pedro Leopoldo, 13 de maio de 1945.<\/p>\n","protected":false},"excerpt":{"rendered":"<p>Enquanto a hist\u00f3ria relaciona a interven\u00e7\u00e3o de fadas, referindo-se aos g\u00eanios tutelares, aos pal\u00e1cios ocultos e \u00e0s maravilhas da floresta desconhecida, as crian\u00e7as escutam atentas, estampando alegria e interesse no semblante feliz. Todavia, quando o narrador modifica a palavra, fixando-a &hellip; <a href=\"https:\/\/xn--regeneraoplanetria-dsb6a7f.com.br\/index.php\/emmanuel\/ante-os-tempos-novos\/\">Continue lendo <span class=\"meta-nav\">&rarr;<\/span><\/a><\/p>\n","protected":false},"author":1,"featured_media":0,"parent":371,"menu_order":0,"comment_status":"open","ping_status":"open","template":"","meta":{"footnotes":""},"class_list":["post-2484","page","type-page","status-publish","hentry"],"_links":{"self":[{"href":"https:\/\/xn--regeneraoplanetria-dsb6a7f.com.br\/index.php\/wp-json\/wp\/v2\/pages\/2484","targetHints":{"allow":["GET"]}}],"collection":[{"href":"https:\/\/xn--regeneraoplanetria-dsb6a7f.com.br\/index.php\/wp-json\/wp\/v2\/pages"}],"about":[{"href":"https:\/\/xn--regeneraoplanetria-dsb6a7f.com.br\/index.php\/wp-json\/wp\/v2\/types\/page"}],"author":[{"embeddable":true,"href":"https:\/\/xn--regeneraoplanetria-dsb6a7f.com.br\/index.php\/wp-json\/wp\/v2\/users\/1"}],"replies":[{"embeddable":true,"href":"https:\/\/xn--regeneraoplanetria-dsb6a7f.com.br\/index.php\/wp-json\/wp\/v2\/comments?post=2484"}],"version-history":[{"count":0,"href":"https:\/\/xn--regeneraoplanetria-dsb6a7f.com.br\/index.php\/wp-json\/wp\/v2\/pages\/2484\/revisions"}],"up":[{"embeddable":true,"href":"https:\/\/xn--regeneraoplanetria-dsb6a7f.com.br\/index.php\/wp-json\/wp\/v2\/pages\/371"}],"wp:attachment":[{"href":"https:\/\/xn--regeneraoplanetria-dsb6a7f.com.br\/index.php\/wp-json\/wp\/v2\/media?parent=2484"}],"curies":[{"name":"wp","href":"https:\/\/api.w.org\/{rel}","templated":true}]}}