{"id":275,"date":"2013-03-07T16:02:06","date_gmt":"2013-03-07T19:02:06","guid":{"rendered":"http:\/\/xn--regeneraoplanetria-dsb6a7f.com.br\/?page_id=275"},"modified":"2013-03-07T16:02:06","modified_gmt":"2013-03-07T19:02:06","slug":"no-reino-interior","status":"publish","type":"page","link":"https:\/\/xn--regeneraoplanetria-dsb6a7f.com.br\/index.php\/mensagens\/no-reino-interior\/","title":{"rendered":"No reino interior"},"content":{"rendered":"<p><b>No reino interior<\/b><\/p>\n<p>&#8220;Sigamos, pois, as coisas que contribuem para a paz e para a edifica\u00e7\u00e3o de uns para com os outros.&#8221; &#8211; Paulo. (ROMANOS, 14:19.)<\/p>\n<p>N\u00e3o podemos esperar, por enquanto, que o Evangelho de Jesus obtenha vit\u00f3ria imediata no esp\u00edrito dos povos. A influ\u00eancia dele \u00e9 manifesta no mundo, em todas as coletividades; entretanto, em nos referindo \u00e0s massas humanas, somos compelidos a verificar que toda transforma\u00e7\u00e3o \u00e9 vagarosa e dif\u00edcil.<\/p>\n<p>N\u00e3o acontece o mesmo, por\u00e9m, na esfera particular do disc\u00edpulo. Cada esp\u00edrito possui o seu reino de sentimentos e racioc\u00ednios, a\u00e7\u00f5es e rea\u00e7\u00f5es, possibilidades e tend\u00eancias, pensamentos e cria\u00e7\u00f5es.<\/p>\n<p>Nesse plano, o ensino evang\u00e9lico pode exteriorizar-se em obras imediatas.<\/p>\n<p>Bastar\u00e1 que o aprendiz se afei\u00e7oe ao Mestre.<\/p>\n<p>Enquanto o trabalhador espia quest\u00f5es do mundo externo, o servi\u00e7o estar\u00e1 perturbado. De igual maneira, se o disc\u00edpulo n\u00e3o atende \u00e0s diretrizes que servem \u00e0 paz edificante, no lugar onde permanece, e se n\u00e3o aproveita os recursos em m\u00e3o para concretizar a verdadeira fraternidade, seu reino interno estar\u00e1 dividido e atormentado, sob a tormenta forte.<\/p>\n<p>N\u00e3o nos entreguemos, portanto, ao desequil\u00edbrio de for\u00e7as em homenagens ao mal, atrav\u00e9s de coment\u00e1rios alusivos \u00e0 defici\u00eancia de muitos dos nossos irm\u00e3os, cujo barco ainda n\u00e3o aportou \u00e0 praia do justo entendimento.<\/p>\n<p>O caminho \u00e9 infinito e o Pai vela por todos.<\/p>\n<p>Auxiliemos e edifiquemos.<\/p>\n<p>Se \u00e9s disc\u00edpulo do Senhor, aproveita a oportunidade na constru\u00e7\u00e3o do bem.<\/p>\n<p>Semeando paz, colher\u00e1s harmonia; santificando as horas com o Cristo, jamais conhecer\u00e1s o desamparo.<\/p>\n<p align=\"right\"><i>EMMANUEL (VINHA DE LUZ)<\/i><\/p>\n","protected":false},"excerpt":{"rendered":"<p>No reino interior &#8220;Sigamos, pois, as coisas que contribuem para a paz e para a edifica\u00e7\u00e3o de uns para com os outros.&#8221; &#8211; Paulo. (ROMANOS, 14:19.) N\u00e3o podemos esperar, por enquanto, que o Evangelho de Jesus obtenha vit\u00f3ria imediata no &hellip; <a href=\"https:\/\/xn--regeneraoplanetria-dsb6a7f.com.br\/index.php\/mensagens\/no-reino-interior\/\">Continue lendo <span class=\"meta-nav\">&rarr;<\/span><\/a><\/p>\n","protected":false},"author":1,"featured_media":0,"parent":160,"menu_order":0,"comment_status":"open","ping_status":"open","template":"","meta":{"footnotes":""},"class_list":["post-275","page","type-page","status-publish","hentry"],"_links":{"self":[{"href":"https:\/\/xn--regeneraoplanetria-dsb6a7f.com.br\/index.php\/wp-json\/wp\/v2\/pages\/275","targetHints":{"allow":["GET"]}}],"collection":[{"href":"https:\/\/xn--regeneraoplanetria-dsb6a7f.com.br\/index.php\/wp-json\/wp\/v2\/pages"}],"about":[{"href":"https:\/\/xn--regeneraoplanetria-dsb6a7f.com.br\/index.php\/wp-json\/wp\/v2\/types\/page"}],"author":[{"embeddable":true,"href":"https:\/\/xn--regeneraoplanetria-dsb6a7f.com.br\/index.php\/wp-json\/wp\/v2\/users\/1"}],"replies":[{"embeddable":true,"href":"https:\/\/xn--regeneraoplanetria-dsb6a7f.com.br\/index.php\/wp-json\/wp\/v2\/comments?post=275"}],"version-history":[{"count":0,"href":"https:\/\/xn--regeneraoplanetria-dsb6a7f.com.br\/index.php\/wp-json\/wp\/v2\/pages\/275\/revisions"}],"up":[{"embeddable":true,"href":"https:\/\/xn--regeneraoplanetria-dsb6a7f.com.br\/index.php\/wp-json\/wp\/v2\/pages\/160"}],"wp:attachment":[{"href":"https:\/\/xn--regeneraoplanetria-dsb6a7f.com.br\/index.php\/wp-json\/wp\/v2\/media?parent=275"}],"curies":[{"name":"wp","href":"https:\/\/api.w.org\/{rel}","templated":true}]}}