{"id":278,"date":"2013-03-07T16:06:19","date_gmt":"2013-03-07T19:06:19","guid":{"rendered":"http:\/\/xn--regeneraoplanetria-dsb6a7f.com.br\/?page_id=278"},"modified":"2013-03-07T16:06:19","modified_gmt":"2013-03-07T19:06:19","slug":"oracao-e-renovacao","status":"publish","type":"page","link":"https:\/\/xn--regeneraoplanetria-dsb6a7f.com.br\/index.php\/mensagens\/oracao-e-renovacao\/","title":{"rendered":"Ora\u00e7\u00e3o e renova\u00e7\u00e3o"},"content":{"rendered":"<p><b>Ora\u00e7\u00e3o e renova\u00e7\u00e3o<\/b><\/p>\n<p>&#8220;Holocaustos e obla\u00e7\u00f5es pelo pecado n\u00e3o te agradaram.&#8221; &#8211; PAULO. (HEBREUS, 10:6.)<\/p>\n<p>\u00c9 certo que todo trabalho sincero de adora\u00e7\u00e3o espiritual nos levanta a alma, elevando-nos os sentimentos.<\/p>\n<p>A s\u00faplica, no remorso, traz-nos a b\u00ean\u00e7\u00e3o das l\u00e1grimas consoladoras. A rogativa na afli\u00e7\u00e3o d\u00e1-nos a conhecer a defici\u00eancia pr\u00f3pria, ajudando-nos a descobrir o valor da humildade. A solicita\u00e7\u00e3o na dor revela-nos a fonte sagrada da Inesgot\u00e1vel Miseric\u00f3rdia.<\/p>\n<p>A ora\u00e7\u00e3o refrigera, alivia, exalta, esclarece, eleva, mas, sobretudo, afei\u00e7oa o cora\u00e7\u00e3o ao servi\u00e7o divino. N\u00e3o olvidemos, por\u00e9m, de que os atos \u00edntimos e profundos da f\u00e9 s\u00e3o necess\u00e1rios e \u00fateis a n\u00f3s pr\u00f3prios.<\/p>\n<p>Na ess\u00eancia, n\u00e3o \u00e9 o Senhor quem necessita de nossas manifesta\u00e7\u00f5es votivas, mas somos n\u00f3s mesmos que devemos aproveitar a sublime possibilidade da repeti\u00e7\u00e3o, aprendendo com a sabedoria da vida.<\/p>\n<p>Jesus espera por nossa renova\u00e7\u00e3o espiritual, acima de tudo.<\/p>\n<p>Se erraste, \u00e9 preciso procurar a porta da retifica\u00e7\u00e3o.<\/p>\n<p>Se ofendeste a algu\u00e9m, corrige-te na devida reconcilia\u00e7\u00e3o.<\/p>\n<p>Se te desviaste da senda reta, volta ao caminho direito.<\/p>\n<p>Se te perturbaste, harmoniza-te de novo.<\/p>\n<p>Se abrigaste a revolta, recupera a disciplina de ti mesmo.<\/p>\n<p>Em qualquer posi\u00e7\u00e3o de desequil\u00edbrio, lembra-te de que a prece pode trazer-te sugest\u00f5es divinas, ampliar-te a vis\u00e3o espiritual e proporcionar-te consola\u00e7\u00f5es abundantes; todavia, para o Senhor n\u00e3o bastam as posi\u00e7\u00f5es convencionais ou verbalistas.<\/p>\n<p>O Mestre confere-nos a D\u00e1diva e pede-nos a iniciativa.<\/p>\n<p>Nos teus dias de luta, portanto, faze os votos e promessas que forem de teu agrado e proveito, mas n\u00e3o te esque\u00e7as da a\u00e7\u00e3o e da renova\u00e7\u00e3o aproveit\u00e1veis na obra divina do mundo e sumamente agrad\u00e1veis aos olhos do Senhor.<\/p>\n<p align=\"right\"><i>EMMANUEL (VINHA DE LUZ)<\/i><\/p>\n","protected":false},"excerpt":{"rendered":"<p>Ora\u00e7\u00e3o e renova\u00e7\u00e3o &#8220;Holocaustos e obla\u00e7\u00f5es pelo pecado n\u00e3o te agradaram.&#8221; &#8211; PAULO. (HEBREUS, 10:6.) \u00c9 certo que todo trabalho sincero de adora\u00e7\u00e3o espiritual nos levanta a alma, elevando-nos os sentimentos. A s\u00faplica, no remorso, traz-nos a b\u00ean\u00e7\u00e3o das l\u00e1grimas &hellip; <a href=\"https:\/\/xn--regeneraoplanetria-dsb6a7f.com.br\/index.php\/mensagens\/oracao-e-renovacao\/\">Continue lendo <span class=\"meta-nav\">&rarr;<\/span><\/a><\/p>\n","protected":false},"author":1,"featured_media":0,"parent":160,"menu_order":0,"comment_status":"open","ping_status":"open","template":"","meta":{"footnotes":""},"class_list":["post-278","page","type-page","status-publish","hentry"],"_links":{"self":[{"href":"https:\/\/xn--regeneraoplanetria-dsb6a7f.com.br\/index.php\/wp-json\/wp\/v2\/pages\/278","targetHints":{"allow":["GET"]}}],"collection":[{"href":"https:\/\/xn--regeneraoplanetria-dsb6a7f.com.br\/index.php\/wp-json\/wp\/v2\/pages"}],"about":[{"href":"https:\/\/xn--regeneraoplanetria-dsb6a7f.com.br\/index.php\/wp-json\/wp\/v2\/types\/page"}],"author":[{"embeddable":true,"href":"https:\/\/xn--regeneraoplanetria-dsb6a7f.com.br\/index.php\/wp-json\/wp\/v2\/users\/1"}],"replies":[{"embeddable":true,"href":"https:\/\/xn--regeneraoplanetria-dsb6a7f.com.br\/index.php\/wp-json\/wp\/v2\/comments?post=278"}],"version-history":[{"count":0,"href":"https:\/\/xn--regeneraoplanetria-dsb6a7f.com.br\/index.php\/wp-json\/wp\/v2\/pages\/278\/revisions"}],"up":[{"embeddable":true,"href":"https:\/\/xn--regeneraoplanetria-dsb6a7f.com.br\/index.php\/wp-json\/wp\/v2\/pages\/160"}],"wp:attachment":[{"href":"https:\/\/xn--regeneraoplanetria-dsb6a7f.com.br\/index.php\/wp-json\/wp\/v2\/media?parent=278"}],"curies":[{"name":"wp","href":"https:\/\/api.w.org\/{rel}","templated":true}]}}