{"id":281,"date":"2013-03-07T16:08:48","date_gmt":"2013-03-07T19:08:48","guid":{"rendered":"http:\/\/xn--regeneraoplanetria-dsb6a7f.com.br\/?page_id=281"},"modified":"2013-03-07T16:08:48","modified_gmt":"2013-03-07T19:08:48","slug":"oucamos-atentos","status":"publish","type":"page","link":"https:\/\/xn--regeneraoplanetria-dsb6a7f.com.br\/index.php\/mensagens\/oucamos-atentos\/","title":{"rendered":"Ou\u00e7amos atentos"},"content":{"rendered":"<p><b>Ou\u00e7amos atentos<\/b><\/p>\n<p>&#8220;Buscai primeiro o Reino de Deus e sua justi\u00e7a.&#8221; &#8211; Jesus. (MATEUS, 6:33.)<\/p>\n<p>Apesar de todos os esclarecimentos do Evangelho, os disc\u00edpulos encontram dificuldade para equilibrarem, convenientemente, a b\u00fassola do cora\u00e7\u00e3o.<\/p>\n<p>Recorre-se \u00e0 f\u00e9, na sede de paz espiritual, no anseio de luz, na pesquisa da solu\u00e7\u00e3o aos problemas graves do destino. Todavia, antes de tudo, o aprendiz costuma procurar a realiza\u00e7\u00e3o dos pr\u00f3prios caprichos; o predom\u00ednio das opini\u00f5es que lhe s\u00e3o peculiares; a subordina\u00e7\u00e3o de outrem aos seus pontos de vista; a submiss\u00e3o dos demais \u00e0 for\u00e7a direta ou indireta de que \u00e9 portador; a considera\u00e7\u00e3o alheia ao seu modo de ser; a imposi\u00e7\u00e3o de sua autoridade personal\u00edssima; os caminhos mais agrad\u00e1veis; as comodidades f\u00e1ceis do dia que passa; as respostas favor\u00e1veis aos seus intentos e a plena satisfa\u00e7\u00e3o pr\u00f3pria no imediatismo vulgar.<\/p>\n<p>Raros aceitam as condi\u00e7\u00f5es do discipulado.<\/p>\n<p>Em geral, recusam o t\u00edtulo de seguidores do Mestre.<\/p>\n<p>Querem ser favoritos de Deus.<\/p>\n<p>Conhecemos, no entanto, a natureza humana, da qual ainda somos participes, n\u00e3o obstante a posi\u00e7\u00e3o de esp\u00edritos desencarnados. E sabemos que a vida burilar\u00e1 todas as criaturas nas \u00e1guas lustrais da experi\u00eancia.<\/p>\n<p>Lutaremos, sofreremos e aprenderemos, nas variadas esferas de luta evolutiva e redentora.<\/p>\n<p>Considerando, por\u00e9m, a extens\u00e3o das b\u00ean\u00e7\u00e3os que nos felicitam a estrada, acreditamos seria \u00fatil \u00e0 nossa felicidade e equil\u00edbrio permanentes ouvir, com aten\u00e7\u00e3o, as palavras do Senhor: &#8220;Buscai primeiro o Reino de Deus e sua justi\u00e7a.&#8221;<\/p>\n<p><i>EMMANUEL (VINHA DE LUZ)<\/i><\/p>\n","protected":false},"excerpt":{"rendered":"<p>Ou\u00e7amos atentos &#8220;Buscai primeiro o Reino de Deus e sua justi\u00e7a.&#8221; &#8211; Jesus. (MATEUS, 6:33.) Apesar de todos os esclarecimentos do Evangelho, os disc\u00edpulos encontram dificuldade para equilibrarem, convenientemente, a b\u00fassola do cora\u00e7\u00e3o. Recorre-se \u00e0 f\u00e9, na sede de paz &hellip; <a href=\"https:\/\/xn--regeneraoplanetria-dsb6a7f.com.br\/index.php\/mensagens\/oucamos-atentos\/\">Continue lendo <span class=\"meta-nav\">&rarr;<\/span><\/a><\/p>\n","protected":false},"author":1,"featured_media":0,"parent":160,"menu_order":0,"comment_status":"open","ping_status":"open","template":"","meta":{"footnotes":""},"class_list":["post-281","page","type-page","status-publish","hentry"],"_links":{"self":[{"href":"https:\/\/xn--regeneraoplanetria-dsb6a7f.com.br\/index.php\/wp-json\/wp\/v2\/pages\/281","targetHints":{"allow":["GET"]}}],"collection":[{"href":"https:\/\/xn--regeneraoplanetria-dsb6a7f.com.br\/index.php\/wp-json\/wp\/v2\/pages"}],"about":[{"href":"https:\/\/xn--regeneraoplanetria-dsb6a7f.com.br\/index.php\/wp-json\/wp\/v2\/types\/page"}],"author":[{"embeddable":true,"href":"https:\/\/xn--regeneraoplanetria-dsb6a7f.com.br\/index.php\/wp-json\/wp\/v2\/users\/1"}],"replies":[{"embeddable":true,"href":"https:\/\/xn--regeneraoplanetria-dsb6a7f.com.br\/index.php\/wp-json\/wp\/v2\/comments?post=281"}],"version-history":[{"count":0,"href":"https:\/\/xn--regeneraoplanetria-dsb6a7f.com.br\/index.php\/wp-json\/wp\/v2\/pages\/281\/revisions"}],"up":[{"embeddable":true,"href":"https:\/\/xn--regeneraoplanetria-dsb6a7f.com.br\/index.php\/wp-json\/wp\/v2\/pages\/160"}],"wp:attachment":[{"href":"https:\/\/xn--regeneraoplanetria-dsb6a7f.com.br\/index.php\/wp-json\/wp\/v2\/media?parent=281"}],"curies":[{"name":"wp","href":"https:\/\/api.w.org\/{rel}","templated":true}]}}