{"id":284,"date":"2013-03-07T16:10:58","date_gmt":"2013-03-07T19:10:58","guid":{"rendered":"http:\/\/xn--regeneraoplanetria-dsb6a7f.com.br\/?page_id=284"},"modified":"2013-03-07T16:10:58","modified_gmt":"2013-03-07T19:10:58","slug":"ve-como-vives","status":"publish","type":"page","link":"https:\/\/xn--regeneraoplanetria-dsb6a7f.com.br\/index.php\/mensagens\/ve-como-vives\/","title":{"rendered":"V\u00ea como vives"},"content":{"rendered":"<p><b>V\u00ea como vives<\/b><\/p>\n<p>&#8220;E chamando dez servos seus, deu-lhes dez minas e disse-lhes: negociai at\u00e9 que eu venha.&#8221; &#8211; Jesus. (LUCAS, 19:13.)<\/p>\n<p>Com a precisa madureza do racioc\u00ednio, compreender\u00e1 o homem que toda a sua exist\u00eancia \u00e9 um grande conjunto de neg\u00f3cios espirituais e que a vida, em si, n\u00e3o passa de ato religioso permanente, com vistas aos deveres divinos que nos prendem a Deus.<\/p>\n<p>Por enquanto, o mundo apenas exige testemunhos de f\u00e9 das pessoas indicadas por detentoras de mandato essencialmente religioso.<\/p>\n<p>Os cat\u00f3licos romanos rodeiam de exig\u00eancias os sacerdotes, desvirtuando-lhes o apostolado. Os protestantes, na maioria, atribuem aos ministros evang\u00e9licos as obriga\u00e7\u00f5es mais completas do culto. Os espiritistas reclamam de doutrinadores e m\u00e9diuns as supremas demonstra\u00e7\u00f5es de caridade e pureza, como se a luz e a verdade da Nova Revela\u00e7\u00e3o pudessem constituir exclusivo patrim\u00f4nio de alguns c\u00e9rebros fal\u00edveis.<\/p>\n<p>Urge considerar, por\u00e9m, que o testemunho crist\u00e3o, no campo transit\u00f3rio da luta humana, \u00e9 dever de todos os homens, indistintamente.<\/p>\n<p>Cada criatura foi chamada pela Provid\u00eancia a determinado setor de trabalhos espirituais na Terra.<\/p>\n<p>O comerciante est\u00e1 em neg\u00f3cios de suprimento e de fraternidade.<\/p>\n<p>O administrador permanece em neg\u00f3cios de orienta\u00e7\u00e3o, distribui\u00e7\u00e3o e responsabilidade.<\/p>\n<p>O servidor foi trazido a neg\u00f3cios de obedi\u00eancia e edifica\u00e7\u00e3o.<\/p>\n<p>As m\u00e3es e os pais terrestres foram convocados a neg\u00f3cios de ren\u00fancia, exemplifica\u00e7\u00e3o e devotamento.<\/p>\n<p>O carpinteiro est\u00e1 fabricando colunas para o templo vivo do lar.<\/p>\n<p>O cientista vive fornecendo equa\u00e7\u00f5es de progresso que melhorem o bem-estar do mundo.<\/p>\n<p>O cozinheiro trabalha para alimentar o oper\u00e1rio e o s\u00e1bio.<\/p>\n<p>Todos os homens vivem na Obra de Deus, valendo-se dela para alcan\u00e7arem, um dia, a grandeza divina. Usufrutu\u00e1rios de patrim\u00f4nios que pertencem ao Pai, encontram-se no campo das oportunidades presentes, negociando com os valores do Senhor.<\/p>\n<p>Em raz\u00e3o desta verdade, meu amigo, v\u00ea o que fazes e n\u00e3o te esque\u00e7as de subordinar teus desejos a Deus, nos neg\u00f3cios que por algum tempo te forem confiados no mundo.<\/p>\n<p>EMMANUEL (VINHA DE LUZ)<\/p>\n","protected":false},"excerpt":{"rendered":"<p>V\u00ea como vives &#8220;E chamando dez servos seus, deu-lhes dez minas e disse-lhes: negociai at\u00e9 que eu venha.&#8221; &#8211; Jesus. (LUCAS, 19:13.) Com a precisa madureza do racioc\u00ednio, compreender\u00e1 o homem que toda a sua exist\u00eancia \u00e9 um grande conjunto &hellip; <a href=\"https:\/\/xn--regeneraoplanetria-dsb6a7f.com.br\/index.php\/mensagens\/ve-como-vives\/\">Continue lendo <span class=\"meta-nav\">&rarr;<\/span><\/a><\/p>\n","protected":false},"author":1,"featured_media":0,"parent":160,"menu_order":0,"comment_status":"open","ping_status":"open","template":"","meta":{"footnotes":""},"class_list":["post-284","page","type-page","status-publish","hentry"],"_links":{"self":[{"href":"https:\/\/xn--regeneraoplanetria-dsb6a7f.com.br\/index.php\/wp-json\/wp\/v2\/pages\/284","targetHints":{"allow":["GET"]}}],"collection":[{"href":"https:\/\/xn--regeneraoplanetria-dsb6a7f.com.br\/index.php\/wp-json\/wp\/v2\/pages"}],"about":[{"href":"https:\/\/xn--regeneraoplanetria-dsb6a7f.com.br\/index.php\/wp-json\/wp\/v2\/types\/page"}],"author":[{"embeddable":true,"href":"https:\/\/xn--regeneraoplanetria-dsb6a7f.com.br\/index.php\/wp-json\/wp\/v2\/users\/1"}],"replies":[{"embeddable":true,"href":"https:\/\/xn--regeneraoplanetria-dsb6a7f.com.br\/index.php\/wp-json\/wp\/v2\/comments?post=284"}],"version-history":[{"count":0,"href":"https:\/\/xn--regeneraoplanetria-dsb6a7f.com.br\/index.php\/wp-json\/wp\/v2\/pages\/284\/revisions"}],"up":[{"embeddable":true,"href":"https:\/\/xn--regeneraoplanetria-dsb6a7f.com.br\/index.php\/wp-json\/wp\/v2\/pages\/160"}],"wp:attachment":[{"href":"https:\/\/xn--regeneraoplanetria-dsb6a7f.com.br\/index.php\/wp-json\/wp\/v2\/media?parent=284"}],"curies":[{"name":"wp","href":"https:\/\/api.w.org\/{rel}","templated":true}]}}