{"id":313,"date":"2013-03-09T12:19:09","date_gmt":"2013-03-09T15:19:09","guid":{"rendered":"http:\/\/xn--regeneraoplanetria-dsb6a7f.com.br\/?page_id=313"},"modified":"2013-04-02T22:02:23","modified_gmt":"2013-04-03T01:02:23","slug":"jesus-no-lar","status":"publish","type":"page","link":"https:\/\/xn--regeneraoplanetria-dsb6a7f.com.br\/index.php\/jesus-no-lar\/jesus-no-lar\/","title":{"rendered":"Jesus no Lar"},"content":{"rendered":"<p>Jesus no Lar<\/p>\n<p>Para a generalidade dos estudiosos, o Cristo permanece t\u00e3o somente situado na Hist\u00f3ria modificando o curso dos acontecimentos pol\u00edticos do mundo; para a maioria dos te\u00f3logos, \u00e9 simples objeto de estudo, nas letras sagradas, imprimindo novo rumo \u00e0s interpreta\u00e7\u00f5es da f\u00e9; para os fil\u00f3sofos, \u00e9 o centro de pol\u00eamicas infind\u00e1veis, e, para a multid\u00e3o dos crentes inertes, \u00e9 o benfeitor providencial nas crises inquietantes da vida comum. Todavia, quando o homem percebe a grandeza da Boa Nova, compreende que o Mestre n\u00e3o \u00e9 apenas o reformador da civiliza\u00e7\u00e3o, o legislador da cren\u00e7a, o condutor do racioc\u00ednio ou o doador de facilidades terrestres, mas tamb\u00e9m, acima de tudo, o renovador da vida de cada um. Atingindo esse \u00e1pice do entendimento, a criatura ama o templo que lhe orienta\u00a0 o modo de ser; contudo, n\u00e3o se restringe \u00e0s reuni\u00f5es convencionais para as manifesta\u00e7\u00f5es adorativas e, sim,\u00a0 traz o Amigo Celeste ao santu\u00e1rio familiar, onde Jesus, ent\u00e3o, passa a controlar as paix\u00f5es, a corrigir as maneiras e a inspirar as palavras, habilitando o aprendiz a traduzir-lhe os ensinamentos eternos atrav\u00e9s de a\u00e7\u00f5es vivas, com as quais espera o Senhor estender o divino reinado da paz e do amor sobre a Terra. Quando o Evangelho penetra o Lar, o cora\u00e7\u00e3o abre mais facilmente a porta ao Mestre Divino. Neio L\u00facio conhece esta verdade profunda e consagra aos disc\u00edpulos novos algumas das li\u00e7\u00f5es do Senhor no c\u00edrculo mais \u00edntimo dos ap\u00f3stolos e seguidores da primeira hora. Hoje, que quase vinte s\u00e9culos s\u00e3o j\u00e1 decorridos sobre as prim\u00edcias da Boa Nova, o domic\u00edlio de Sim\u00e3o se transformou no mundo inteiro&#8230; Jesus continua falando aos companheiros de todas as latitudes. Que a sua voz incisiva e doce possa gravar no livro de nossa alma a li\u00e7\u00e3o renovadora de que carecemos \u00e0 frente do porvir, convertendo-nos em semeadores ativos de seu infinito amor, \u00e9 a felicidade maior a que poderemos aspirar.<\/p>\n<p>Emmanuel<\/p>\n<p>Pedro Leopoldo, 3 de outubro de 1949.<\/p>\n","protected":false},"excerpt":{"rendered":"<p>Jesus no Lar Para a generalidade dos estudiosos, o Cristo permanece t\u00e3o somente situado na Hist\u00f3ria modificando o curso dos acontecimentos pol\u00edticos do mundo; para a maioria dos te\u00f3logos, \u00e9 simples objeto de estudo, nas letras sagradas, imprimindo novo rumo &hellip; <a href=\"https:\/\/xn--regeneraoplanetria-dsb6a7f.com.br\/index.php\/jesus-no-lar\/jesus-no-lar\/\">Continue lendo <span class=\"meta-nav\">&rarr;<\/span><\/a><\/p>\n","protected":false},"author":1,"featured_media":0,"parent":178,"menu_order":0,"comment_status":"open","ping_status":"open","template":"","meta":{"footnotes":""},"class_list":["post-313","page","type-page","status-publish","hentry"],"_links":{"self":[{"href":"https:\/\/xn--regeneraoplanetria-dsb6a7f.com.br\/index.php\/wp-json\/wp\/v2\/pages\/313","targetHints":{"allow":["GET"]}}],"collection":[{"href":"https:\/\/xn--regeneraoplanetria-dsb6a7f.com.br\/index.php\/wp-json\/wp\/v2\/pages"}],"about":[{"href":"https:\/\/xn--regeneraoplanetria-dsb6a7f.com.br\/index.php\/wp-json\/wp\/v2\/types\/page"}],"author":[{"embeddable":true,"href":"https:\/\/xn--regeneraoplanetria-dsb6a7f.com.br\/index.php\/wp-json\/wp\/v2\/users\/1"}],"replies":[{"embeddable":true,"href":"https:\/\/xn--regeneraoplanetria-dsb6a7f.com.br\/index.php\/wp-json\/wp\/v2\/comments?post=313"}],"version-history":[{"count":0,"href":"https:\/\/xn--regeneraoplanetria-dsb6a7f.com.br\/index.php\/wp-json\/wp\/v2\/pages\/313\/revisions"}],"up":[{"embeddable":true,"href":"https:\/\/xn--regeneraoplanetria-dsb6a7f.com.br\/index.php\/wp-json\/wp\/v2\/pages\/178"}],"wp:attachment":[{"href":"https:\/\/xn--regeneraoplanetria-dsb6a7f.com.br\/index.php\/wp-json\/wp\/v2\/media?parent=313"}],"curies":[{"name":"wp","href":"https:\/\/api.w.org\/{rel}","templated":true}]}}