{"id":319,"date":"2013-03-09T13:25:14","date_gmt":"2013-03-09T16:25:14","guid":{"rendered":"http:\/\/xn--regeneraoplanetria-dsb6a7f.com.br\/?page_id=319"},"modified":"2013-03-09T21:52:32","modified_gmt":"2013-03-10T00:52:32","slug":"a-escola-das-almas","status":"publish","type":"page","link":"https:\/\/xn--regeneraoplanetria-dsb6a7f.com.br\/index.php\/jesus-no-lar\/a-escola-das-almas\/","title":{"rendered":"A escola das almas"},"content":{"rendered":"<p>A escola das almas<br \/>\nCongregados, em torno do Cristo, os dom\u00e9sticos de Sim\u00e3o ouviram a voz suave e persuasiva do Mestre, comentando os sagrados textos. Quando a palavra divina terminou a formosa prele\u00e7\u00e3o, a sogra de Pedro indagou, inquieta: \u2014 Senhor, afinal de contas, que vem a ser a nossa vida no lar? Contemplou-a Ele, significativamente, demonstrando a expectativa de mais amplos esclarecimentos, e a matrona acrescentou: \u2014 Iniciamos a tarefa entre flores para encontrarmos depois pesada colheita de espinhos. No come\u00e7o \u00e9 a promessa de paz e compreens\u00e3o; entretanto, logo ap\u00f3s, surgem pedras e dissabores&#8230; Reparando que a senhora galil\u00e9ia se sensibilizara at\u00e9 \u00e0s l\u00e1grimas, deu-se pressa Jesus em responder: \u2014 O lar \u00e9 a escola das almas, o templo onde a sabedoria divina nos habilita, pouco a pouco, ao grande entendimento da Humanidade. E, sorrindo, perguntou: \u2014 Que fazes inicialmente \u00e0s lentilha, antes de servi-las \u00e0 refei\u00e7\u00e3o? A interpelada respondeu, titubeante: \u2014 Naturalmente, Senhor, cabe-me lev\u00e1-las ao fogo para que se fa\u00e7am suficientemente cozidas. Depois, devo temper\u00e1-las, tornando-as agrad\u00e1veis ao sabor. \u2014 Pretenderias, tamb\u00e9m, porventura, servir p\u00e3o cru \u00e0 mesa? \u2014 De modo algum \u2014 tornou a velha humilde \u2014; antes de entreg\u00e1-lo ao consumo caseiro, compete-me guard\u00e1-lo ao calor do forno. Sem essa medida&#8230; O Divino Amigo ent\u00e3o considerou: \u2014 H\u00e1 tamb\u00e9m um banquete festivo, na vida celestial, onde nossos sentimentos devem servir \u00e0 gl\u00f3ria do Pai. O lar, na maioria das vezes, \u00e9 o cadinho santo ou o forno preparador. O que nos parece afli\u00e7\u00e3o ou sofrimento dentro dele \u00e9 recurso espiritual. O cora\u00e7\u00e3o acordado para a Vontade do Senhor retira as mais luminosas b\u00ean\u00e7\u00e3os de suas lutas renovadoras, porque, so- mente a\u00ed, de encontro uns com os outros, examinando aspira\u00e7\u00f5es e tend\u00eancias que n\u00e3o s\u00e3o nossas, observando defeitos alheios e suportando-os, aprendemos a desfazer as pr\u00f3prias imperfei\u00e7\u00f5es. Nunca notou a rapidez da exist\u00eancia de um homem? A vida carnal \u00e9 id\u00eantica \u00e0 flor da erva. Pela manh\u00e3 emite perfume, \u00e0 noite, desaparece&#8230; O lar \u00e9 um curso ligeiro para a fraterni- dade que desfrutaremos na vida eterna. Sofrimentos e conflitos naturais, em seu c\u00edrculo, s\u00e3o li\u00e7\u00f5es. A sogra de Sim\u00e3o escutou, atenciosa, e ponderou: \u2014 Senhor, h\u00e1 criaturas, por\u00e9m, que lutam e sofrem; no entanto, jamais aprendem. O Cristo pousou na interlocutora os olhos muito l\u00facidos e tornou a indagar: \u2014 Que fazes das lentilhas endurecidas que n\u00e3o cedem \u00e0 a\u00e7\u00e3o do fogo? \u2014 Ah! sem d\u00favida, atiro-as ao monturo, porque feririam a boca do comensal descuidado e confiante. \u2014 Ocorre o mesmo \u2014 terminou o Mestre \u2014 com a alma rebelde \u00e0s sugest\u00f5es edificantes do lar. A luta comum mant\u00e9m a fervura ben\u00e9fica; todavia, quando chega a morte, a grande selecionadora do alimento espiritual para os celeiros de Nosso Pai, os cora\u00e7\u00f5es que n\u00e3o cederam ao calor santificante, mantendo-se na mesma dureza, dentro da qual foram conduzidos ao forno bendito da carne, ser\u00e3o lan\u00e7ados fora, a fim de permanecerem, por tempo indeterminado, na condi\u00e7\u00e3o de adubo, entre os detritos da Natureza.<\/p>\n<p>(Jesus no Lar &#8211; N\u00e9io L\u00facio, psicografado por Chico Xavier)<\/p>\n","protected":false},"excerpt":{"rendered":"<p>A escola das almas Congregados, em torno do Cristo, os dom\u00e9sticos de Sim\u00e3o ouviram a voz suave e persuasiva do Mestre, comentando os sagrados textos. Quando a palavra divina terminou a formosa prele\u00e7\u00e3o, a sogra de Pedro indagou, inquieta: \u2014 &hellip; <a href=\"https:\/\/xn--regeneraoplanetria-dsb6a7f.com.br\/index.php\/jesus-no-lar\/a-escola-das-almas\/\">Continue lendo <span class=\"meta-nav\">&rarr;<\/span><\/a><\/p>\n","protected":false},"author":1,"featured_media":0,"parent":178,"menu_order":0,"comment_status":"open","ping_status":"open","template":"","meta":{"footnotes":""},"class_list":["post-319","page","type-page","status-publish","hentry"],"_links":{"self":[{"href":"https:\/\/xn--regeneraoplanetria-dsb6a7f.com.br\/index.php\/wp-json\/wp\/v2\/pages\/319","targetHints":{"allow":["GET"]}}],"collection":[{"href":"https:\/\/xn--regeneraoplanetria-dsb6a7f.com.br\/index.php\/wp-json\/wp\/v2\/pages"}],"about":[{"href":"https:\/\/xn--regeneraoplanetria-dsb6a7f.com.br\/index.php\/wp-json\/wp\/v2\/types\/page"}],"author":[{"embeddable":true,"href":"https:\/\/xn--regeneraoplanetria-dsb6a7f.com.br\/index.php\/wp-json\/wp\/v2\/users\/1"}],"replies":[{"embeddable":true,"href":"https:\/\/xn--regeneraoplanetria-dsb6a7f.com.br\/index.php\/wp-json\/wp\/v2\/comments?post=319"}],"version-history":[{"count":0,"href":"https:\/\/xn--regeneraoplanetria-dsb6a7f.com.br\/index.php\/wp-json\/wp\/v2\/pages\/319\/revisions"}],"up":[{"embeddable":true,"href":"https:\/\/xn--regeneraoplanetria-dsb6a7f.com.br\/index.php\/wp-json\/wp\/v2\/pages\/178"}],"wp:attachment":[{"href":"https:\/\/xn--regeneraoplanetria-dsb6a7f.com.br\/index.php\/wp-json\/wp\/v2\/media?parent=319"}],"curies":[{"name":"wp","href":"https:\/\/api.w.org\/{rel}","templated":true}]}}