{"id":342,"date":"2013-03-10T22:23:35","date_gmt":"2013-03-11T01:23:35","guid":{"rendered":"http:\/\/xn--regeneraoplanetria-dsb6a7f.com.br\/?page_id=342"},"modified":"2013-04-06T08:54:57","modified_gmt":"2013-04-06T11:54:57","slug":"transicao","status":"publish","type":"page","link":"https:\/\/xn--regeneraoplanetria-dsb6a7f.com.br\/index.php\/transicao\/","title":{"rendered":"Transi\u00e7\u00e3o"},"content":{"rendered":"<p><b>Ecologia e Espiritismo<\/b><\/p>\n<p>Andr\u00e9 Trigueiro<\/p>\n<p>Na pergunta 705 do Livro dos Esp\u00edritos, no cap\u00edtulo que versa sobre a Lei de Conserva\u00e7\u00e3o, Allan Kardec pergunta:\u00a0<i>\u201cPorque nem sempre a terra produz bastante para fornecer ao homem o necess\u00e1rio?\u201d<\/i>, ao que a espiritualidade responde:<i>\u00a0\u201c\u00c9 que, ingrato, o homem a despreza! Ela, no entanto, \u00e9 excelente m\u00e3e. Muitas vezes, tamb\u00e9m, ele acusa a Natureza do que s\u00f3 \u00e9 resultado da sua imper\u00edcia ou da sua imprevid\u00eancia. A terra produziria sempre o necess\u00e1rio, se com o necess\u00e1rio soubesse o homem contentar-se\u201d\u00a0<\/i>(&#8230;)<\/p>\n<p>\u00c9 evidente que em uma sociedade de consumo, nenhum de n\u00f3s se contenta apenas com o necess\u00e1rio. A publicidade se encarrega de despertar apetites vorazes de consumo do n\u00e3o necess\u00e1rio \u00ad daquilo que \u00e9 sup\u00e9rfluo, descart\u00e1vel, inessencial \u00ad renovando a cada nova campanha a promessa de felicidade que adv\u00e9m da posse de mais um objeto, seja um novo modelo de celular, um carro ou uma roupa. Para n\u00f3s esp\u00edritas, \u00e9 fundamental que o alerta contra o consumismo seja entendido como uma dupla prote\u00e7\u00e3o: ao meio ambiente \u00ad que n\u00e3o suporta as crescentes demandas de mat\u00e9ria-prima e energia da sociedade de consumo, onde a natureza \u00e9 vista como um grande e inesgot\u00e1vel supermercado \u2013 e ao nosso esp\u00edrito imortal, j\u00e1 que, segundo a doutrina esp\u00edrita, uma das caracter\u00edsticas predominantes dos mundos inferiores da Cria\u00e7\u00e3o \u00e9 justamente a atra\u00e7\u00e3o pela mat\u00e9ria. Nesse sentido, n\u00e3o h\u00e1 distin\u00e7\u00e3o entre consumismo e materialismo, e nossa invigil\u00e2ncia poder\u00e1 custar caro ao projeto evolutivo que desejamos encetar. Essa quest\u00e3o \u00e9 t\u00e3o crucial para o Espiritismo, que na pergunta 799 do Livro dos Esp\u00edritos, quando Kardec pergunta<i>\u00a0\u201cde que maneira pode o Espiritismo contribuir para o progresso?\u201d<\/i>, a resposta \u00e9 taxativa:\u00a0<i>\u201cDestruindo o materialismo, que \u00e9 uma das chagas da sociedade.(&#8230;)\u201d<\/i><\/p>\n<p>Uma das mais prestigiadas organiza\u00e7\u00f5es n\u00e3o governamentais do mundo, o Worldwatch Institute, com sede em Washington, divulga anualmente o relat\u00f3rio \u201cEstado do Mundo\u201d, uma grande compila\u00e7\u00e3o de dados e estudos cient\u00edficos que revelam os estragos causados pelo atual modelo de desenvolvimento. Na \u00faltima vers\u00e3o do relat\u00f3rio, referente ao ano de 2004, afirma\u00adse que<i>\u00a0\u201co consumismo desenfreado \u00e9 a maior amea\u00e7a \u00e0 humanidade\u201d<\/i>. Os pesquisadores do Worldwatch denunciam que<i>\u00a0\u201caltos n\u00edveis de obesidade e d\u00edvidas pessoais, menos\u00a0 tempo\u00a0 livre\u00a0 e\u00a0 meio\u00a0 ambiente\u00a0 danificado\u00a0 s\u00e3o\u00a0 sinais\u00a0 de\u00a0 que\u00a0 o\u00a0 consumo excessivo est\u00e1 diminuindo a qualidade de vida de muitas pessoas\u201d<\/i>.<\/p>\n<p>Aos esp\u00edritas que mant\u00e9m uma atitude comodista diante do cen\u00e1rio descrito nessas breves linhas, escorados talvez na premissa determinista de que tudo se resolver\u00e1 quando se completar a transi\u00e7\u00e3o da Terra (de mundo de expia\u00e7\u00f5es e de provas para mundo de regenera\u00e7\u00e3o) \u00e9 bom lembrar do que disse Santo Agostinho no cap\u00edtulo III do Evangelho Segundo o Espiritismo. Ao descrever o mundo de regenera\u00e7\u00e3o, Santo Agostinho diz que mesmo livre das paix\u00f5es desordenadas, num clima de calma e repouso, a humanidade ainda estar\u00e1 sujeita\u00a0<i>\u201c\u00e0s vicissitudes de que n\u00e3o est\u00e3o isentos sen\u00e3o os seres completamente desmaterializados; h\u00e1 ainda provas a suportar (&#8230;)\u201d<\/i>\u00a0e que\u00a0<i>\u201cnesses mundos, o homem ainda \u00e9 fal\u00edvel, e o Esp\u00edrito do mal n\u00e3o perdeu, ali, completamente o seu imp\u00e9rio. N\u00e3o avan\u00e7ar \u00e9 recuar, e se n\u00e3o est\u00e1 firme no caminho do bem, pode voltar a cair nos mundos de expia\u00e7\u00e3o, onde o esperam novas e terr\u00edveis provas\u201d<\/i>. Ou seja, n\u00e3o h\u00e1 m\u00e1gica no processo evolutivo: n\u00f3s j\u00e1 somos os construtores do mundo de regenera\u00e7\u00e3o, e, se n\u00e3o corrigirmos o rumo na dire\u00e7\u00e3o\u00a0do desenvolvimento\u00a0sustent\u00e1vel,\u00a0prorrogaremos\u00a0situa\u00e7\u00f5es\u00a0de\u00a0desconforto\u00a0j\u00e1 amplamente diagnosticadas.<\/p>\n<p>N\u00e3o \u00e9 poss\u00edvel, portanto, esperar a chegada do mundo de regenera\u00e7\u00e3o de bra\u00e7os cruzados. At\u00e9 porque, sem os devidos m\u00e9ritos evolutivos, boa parte de n\u00f3s dever\u00e1 retornar \u00e0 esse mundo pelas portas da reencarna\u00e7\u00e3o. Se ainda quisermos encontrar aqui estoques razo\u00e1veis de \u00e1gua doce, ar puro, terra f\u00e9rtil, menos lixo e um clima est\u00e1vel \u00ad sem os flagelos previstos pela queima crescente de petr\u00f3leo, g\u00e1s e carv\u00e3o que agravam o efeito estufa \u2013 deveremos agir agora, sem perda de tempo. Depois que a ONU decretou que 2003 seria o ano internacional da \u00e1gua doce, os cat\u00f3licos n\u00e3o hesitaram em, pela primeira vez em 40 anos de Campanha da fraternidade, eleger um tema ecol\u00f3gico: \u201c\u00c1gua: fonte de vida\u201d. Mais de 10 mil par\u00f3quias em todo o Brasil foram estimuladas a refletir sobre o desperd\u00edcio, a polui\u00e7\u00e3o e o aspecto sagrado desse recurso fundamental \u00e0 vida. E n\u00f3s esp\u00edritas? O que fizemos, ou o que pretendemos fazer? O grande Mahatma Gandhi \u00ad que afirmou certa vez que toda bela mensagem do cristianismo poderia ser resumida no serm\u00e3o da montanha \u2013 nos serve de exemplo, quando diz\u00a0<i>\u201csejamos n\u00f3s a mudan\u00e7a que n\u00f3s queremos ver no mundo\u201d<\/i>.<\/p>\n","protected":false},"excerpt":{"rendered":"<p>Ecologia e Espiritismo Andr\u00e9 Trigueiro Na pergunta 705 do Livro dos Esp\u00edritos, no cap\u00edtulo que versa sobre a Lei de Conserva\u00e7\u00e3o, Allan Kardec pergunta:\u00a0\u201cPorque nem sempre a terra produz bastante para fornecer ao homem o necess\u00e1rio?\u201d, ao que a espiritualidade &hellip; <a href=\"https:\/\/xn--regeneraoplanetria-dsb6a7f.com.br\/index.php\/transicao\/\">Continue lendo <span class=\"meta-nav\">&rarr;<\/span><\/a><\/p>\n","protected":false},"author":1,"featured_media":0,"parent":0,"menu_order":10,"comment_status":"open","ping_status":"closed","template":"","meta":{"footnotes":""},"class_list":["post-342","page","type-page","status-publish","hentry"],"_links":{"self":[{"href":"https:\/\/xn--regeneraoplanetria-dsb6a7f.com.br\/index.php\/wp-json\/wp\/v2\/pages\/342","targetHints":{"allow":["GET"]}}],"collection":[{"href":"https:\/\/xn--regeneraoplanetria-dsb6a7f.com.br\/index.php\/wp-json\/wp\/v2\/pages"}],"about":[{"href":"https:\/\/xn--regeneraoplanetria-dsb6a7f.com.br\/index.php\/wp-json\/wp\/v2\/types\/page"}],"author":[{"embeddable":true,"href":"https:\/\/xn--regeneraoplanetria-dsb6a7f.com.br\/index.php\/wp-json\/wp\/v2\/users\/1"}],"replies":[{"embeddable":true,"href":"https:\/\/xn--regeneraoplanetria-dsb6a7f.com.br\/index.php\/wp-json\/wp\/v2\/comments?post=342"}],"version-history":[{"count":0,"href":"https:\/\/xn--regeneraoplanetria-dsb6a7f.com.br\/index.php\/wp-json\/wp\/v2\/pages\/342\/revisions"}],"wp:attachment":[{"href":"https:\/\/xn--regeneraoplanetria-dsb6a7f.com.br\/index.php\/wp-json\/wp\/v2\/media?parent=342"}],"curies":[{"name":"wp","href":"https:\/\/api.w.org\/{rel}","templated":true}]}}