{"id":38,"date":"2013-02-11T14:51:23","date_gmt":"2013-02-11T16:51:23","guid":{"rendered":"http:\/\/xn--regeneraoplanetria-dsb6a7f.com.br\/?page_id=38"},"modified":"2016-06-28T07:48:04","modified_gmt":"2016-06-28T10:48:04","slug":"ciencia-e-espiritualidade","status":"publish","type":"page","link":"https:\/\/xn--regeneraoplanetria-dsb6a7f.com.br\/index.php\/ciencia-e-espiritualidade\/","title":{"rendered":"Espiritismo"},"content":{"rendered":"<p><b>A Medicina Oficial se abre para a quest\u00e3o Espiritual <\/b><\/p>\n<p>A quest\u00e3o da vida ap\u00f3s a morte, a sobreviv\u00eancia do esp\u00edrito ap\u00f3s a morte do corpo biol\u00f3gico, sendo este a sede da emo\u00e7\u00e3o, da personalidade, da identidade de uma pessoa na hip\u00f3tese do continuum da vida, a comunicabilidade entre a dimens\u00e3o espiritual e o plano biol\u00f3gico nos estados de transe, na mediunidade, o entendimento do c\u00e9rebro como o transdutor da alma e n\u00e3o como foco produtor do pensamento, s\u00e3o quest\u00f5es em aberto no territ\u00f3rio da Ci\u00eancia.<\/p>\n<p>A vis\u00e3o materialista entende que a pessoa \u00e9 o corpo biol\u00f3gico, portanto a vida termina com a morte do corpo. Esta \u00e9 uma hip\u00f3tese que n\u00e3o foi comprovada pela Ci\u00eancia. Assim, tanto a vis\u00e3o esp\u00edrita proposta por Allan Kardec, quanto \u00e0 vis\u00e3o organicista-materialista s\u00e3o hip\u00f3teses abertas \u00e0 investiga\u00e7\u00e3o pela Ci\u00eancia Oficial.<\/p>\n<p>Afirmar o materialismo como realidade existencial \u00e9 hoje uma hip\u00f3tese e n\u00e3o uma confirma\u00e7\u00e3o cientifica. Um cientista que se diz materialista fala em nome pr\u00f3prio e n\u00e3o em nome da Ci\u00eancia. A Ci\u00eancia Oficial est\u00e1 aberta \u00e0 investiga\u00e7\u00e3o das hip\u00f3teses esp\u00edritas tanto quanto as hip\u00f3teses materialistas. Assim \u00e9 que as universidades americanas como a Universidade de Harvard (Mind-body Institut), a Universidade de Virginia (Pesquisa sobre reencarna\u00e7\u00e3o), a Universidade do Arizona (Laborat\u00f3rio de pesquisa sobre vida ap\u00f3s a morte) <a title=\"http:\/\/www.veritas.arizona.edu\/\" href=\"http:\/\/www.veritas.arizona.edu\/\">www.veritas.arizona.edu<\/a> e por extens\u00e3o as 50 maiores faculdades de medicina dos EUA incluem em seus curr\u00edculos de gradua\u00e7\u00e3o e p\u00f3s-gradua\u00e7\u00e3o a Disciplina Medicina e Espiritualidade, segundo JAMA &#8211; Journal of American Medical Association.<\/p>\n<p>A OMS _ Organiza\u00e7\u00e3o Mundial de Sa\u00fade, passa a admitir o sistema espiritual na caracteriza\u00e7\u00e3o de sa\u00fade e qualidade de vida como observamos no protocolo do WHOQOL-100 &#8211; <a title=\"http:\/\/www.ufrgs.br\/psiq\/whoqol1.html\" href=\"http:\/\/www.ufrgs.br\/psiq\/whoqol1.html\">www.ufrgs.br\/psiq\/whoqol1.html<\/a> &#8211; (dom\u00ednio VI Aspectos espirituais, religi\u00e3o e cren\u00e7as pessoais na tabela 2 \u2013 Dom\u00ednios e facetas do WHOQOL).<\/p>\n<p>Tamb\u00e9m, o CID-10, C\u00f3digo Internacional de Doen\u00e7as, item F.44.3 &#8211; Estados de Transe e Possess\u00e3o &#8211; configura como diagn\u00f3stico m\u00e9dico e qualifica o transe patol\u00f3gico (mediunidade\/doen\u00e7a) quando o individuo n\u00e3o tem controle sobre o fen\u00f4meno, ocorrendo de forma involunt\u00e1ria e n\u00e3o desejada. Mas n\u00e3o \u00e9 considerada doen\u00e7a o estado de transe (mediunidade\/sa\u00fade) sob dom\u00ednio da pessoa em seu contexto cultural ou religioso &#8211; <a title=\"http:\/\/www.datasus.gov.br\/cid10\/v2008\/cid10.htm\" href=\"http:\/\/www.datasus.gov.br\/cid10\/v2008\/cid10.htm\">www.datasus.gov.br\/cid10\/v2008\/cid10.htm<\/a>.<\/p>\n<p>O DSM-IV, Casos Cl\u00ednicos da Associa\u00e7\u00e3o Americana de Psiquiatria, chega a ser mais objetivo utilizando o termo \u201cpossess\u00e3o por esp\u00edritos\u201d, colocando que consiste num transtorno dissociativo, com a ressalva de que \u201c\u00e9 o termo mais pr\u00f3ximo deste intrigante diagn\u00f3stico\u201d, demonstrando objetivamente que o entendimento do fen\u00f4meno ainda est\u00e1 em aberto &#8211; <a title=\"http:\/\/www.psych.org\/\" href=\"http:\/\/www.psych.org\/\">www.psych.org<\/a>.<\/p>\n<p>De fato, o estado de transe \u00e9 um estado dissociativo (convers\u00e3o) podendo configurar-se como Transtorno Dissociativo nos casos patol\u00f3gicos (mediunidade\/doen\u00e7a) porque a interfer\u00eancia espiritual naturalmente provoca dissocia\u00e7\u00e3o da mente. Portanto, considerar o estado de transe como transtorno dissociativo ou conversivo n\u00e3o exclui a hip\u00f3tese de que seja um fen\u00f4meno espir\u00edtico.<\/p>\n<p>Os estados conversivos ou dissociativos foram amplamente estudados no Hospital Salp\u00eatri\u00e8re de Paris, na escola do Prof. Charcot, onde Freud estudou. Em seus estudos alguns pesquisadores abordaram a hip\u00f3tese espir\u00edtica (Mediunidade) como entendimento etiol\u00f3gico dos estados conversivos. Um deles foi Carl Gustav Jung que no segundo cap\u00edtulo do primeiro volume de Obras Completas (Ed. Vozes) estuda o m\u00e9dium esp\u00edrita. Tamb\u00e9m na mesma escola os m\u00e9dicos Gustav Geley e Albert Scherenck-Notzing abordaram formalmente a hip\u00f3tese esp\u00edrita como valida em medicina (Scherenck-Notzing em Le Phenomene Physique de La Mediunite e Gustav Geley em O Ser Subconsciente). Com isso, mesmo o termo Convers\u00e3o Hist\u00e9rica enquanto f\u00f3rmula estritamente an\u00edmica, como proposto por Freud, n\u00e3o foi e n\u00e3o \u00e9 um consenso em medicina.<\/p>\n<p>Como m\u00e9dico participo da hip\u00f3tese esp\u00edrita dos estados de transe e possess\u00e3o e tamb\u00e9m no entendimento do sistema espiritual abordado pelo protocolo de Qualidade de Vida da OMS, procurando pesquisar as possibilidades da hip\u00f3tese espiritual no processo de sa\u00fade e doen\u00e7a. Esta argumenta\u00e7\u00e3o frente \u00e0 abertura que a Medicina Oficial est\u00e1 dando para o entendimento do sistema espiritual permitiu que meu protocolo de pesquisa no estudo de 120 pacientes abordados segundo a \u00f3ptica bio-psico-socio-espiritual fosse aprovado oficialmente junto \u00e0 Faculdade de Medicina da Universidade de S\u00e3o Paulo, e esta pesquisa j\u00e1 est\u00e1 sendo desenvolvida.<\/p>\n<p>Julgo que a Medicina e a Ci\u00eancia nas universidades precisam criar institutos e departamentos com todos os recursos para pesquisa cientifica, a fim de estudar a hip\u00f3tese espiritual. \u00c9 para este ideal que procuro contribuir para que esta quest\u00e3o n\u00e3o fique pautada em cima de opini\u00f5es pessoais.<\/p>\n<p>\u00c9 inequ\u00edvoco que a Medicina e a Ci\u00eancia est\u00e3o abertas para esta hip\u00f3tese.<\/p>\n<p><b>Dr. Sergio Felipe de Oliveira &#8211; CRM 62.051<\/b><\/p>\n<p>Sou m\u00e9dico formado pela Faculdade de Medicina da Universidade de S\u00e3o Paulo. Anatomista pelo Instituto de Ci\u00eancias Biom\u00e9dicas da Universidade de S\u00e3o Paulo com \u00e1rea de concentra\u00e7\u00e3o em Neuroci\u00eancias e Neuroanatomia Ultraestrutural. Mestre em Ci\u00eancias pela USP. Coordeno a Disciplina Optativa Medicina e Espiritualidade da FMUSP enquadrada no item pr\u00e1ticas m\u00e9dicas para graduandos de medicina.<\/p>\n","protected":false},"excerpt":{"rendered":"<p>A Medicina Oficial se abre para a quest\u00e3o Espiritual A quest\u00e3o da vida ap\u00f3s a morte, a sobreviv\u00eancia do esp\u00edrito ap\u00f3s a morte do corpo biol\u00f3gico, sendo este a sede da emo\u00e7\u00e3o, da personalidade, da identidade de uma pessoa na &hellip; <a href=\"https:\/\/xn--regeneraoplanetria-dsb6a7f.com.br\/index.php\/ciencia-e-espiritualidade\/\">Continue lendo <span class=\"meta-nav\">&rarr;<\/span><\/a><\/p>\n","protected":false},"author":1,"featured_media":0,"parent":0,"menu_order":5,"comment_status":"open","ping_status":"closed","template":"","meta":{"footnotes":""},"class_list":["post-38","page","type-page","status-publish","hentry"],"_links":{"self":[{"href":"https:\/\/xn--regeneraoplanetria-dsb6a7f.com.br\/index.php\/wp-json\/wp\/v2\/pages\/38","targetHints":{"allow":["GET"]}}],"collection":[{"href":"https:\/\/xn--regeneraoplanetria-dsb6a7f.com.br\/index.php\/wp-json\/wp\/v2\/pages"}],"about":[{"href":"https:\/\/xn--regeneraoplanetria-dsb6a7f.com.br\/index.php\/wp-json\/wp\/v2\/types\/page"}],"author":[{"embeddable":true,"href":"https:\/\/xn--regeneraoplanetria-dsb6a7f.com.br\/index.php\/wp-json\/wp\/v2\/users\/1"}],"replies":[{"embeddable":true,"href":"https:\/\/xn--regeneraoplanetria-dsb6a7f.com.br\/index.php\/wp-json\/wp\/v2\/comments?post=38"}],"version-history":[{"count":1,"href":"https:\/\/xn--regeneraoplanetria-dsb6a7f.com.br\/index.php\/wp-json\/wp\/v2\/pages\/38\/revisions"}],"predecessor-version":[{"id":4227,"href":"https:\/\/xn--regeneraoplanetria-dsb6a7f.com.br\/index.php\/wp-json\/wp\/v2\/pages\/38\/revisions\/4227"}],"wp:attachment":[{"href":"https:\/\/xn--regeneraoplanetria-dsb6a7f.com.br\/index.php\/wp-json\/wp\/v2\/media?parent=38"}],"curies":[{"name":"wp","href":"https:\/\/api.w.org\/{rel}","templated":true}]}}