{"id":380,"date":"2013-03-14T21:49:11","date_gmt":"2013-03-15T00:49:11","guid":{"rendered":"http:\/\/xn--regeneraoplanetria-dsb6a7f.com.br\/?page_id=380"},"modified":"2013-03-14T21:49:11","modified_gmt":"2013-03-15T00:49:11","slug":"amar-a-si-mesmo","status":"publish","type":"page","link":"https:\/\/xn--regeneraoplanetria-dsb6a7f.com.br\/index.php\/emmanuel\/amar-a-si-mesmo\/","title":{"rendered":"Amar a si mesmo"},"content":{"rendered":"<p align=\"center\"><i>ENSINAMENTOS DE EMMANUEL<\/i><\/p>\n<p align=\"center\"><i>O CONSOLADOR &#8211; QUEST\u00c3O 351<\/i><\/p>\n<p><i>\u00a0<\/i><i>351 \u2013Como entender o \u201camor a n\u00f3s mesmos\u201d, segundo a f\u00f3rmula do Evangelho?<\/i><\/p>\n<p><i>\u00a0<\/i>\u00a0 \u00a0 \u00a0 \u00a0 \u00a0-O amor a n\u00f3s mesmos deve ser interpretado como a necessidade de ora\u00e7\u00e3o e de vigil\u00e2ncia, que todos os homens s\u00e3o obrigados a observar.<\/p>\n<p>Amar a n\u00f3s mesmos n\u00e3o ser\u00e1 a vulgariza\u00e7\u00e3o de uma nova teoria de auto adora\u00e7\u00e3o. Para n\u00f3s outros, a egolatria j\u00e1 teve o seu fim, porque o nosso problema \u00e9 de ilumina\u00e7\u00e3o \u00edntima, na marcha para Deus. Esse amor, portanto, deve traduzir-se em esfor\u00e7o pr\u00f3prio, em auto-educa\u00e7\u00e3o, em observa\u00e7\u00e3o do dever, em obedi\u00eancia \u00e0s leis de realiza\u00e7\u00e3o e de trabalho, em perseveran\u00e7a na f\u00e9, em desejo sincero de aprender com o \u00fanico Mestre, que \u00e9 Jesus-Cristo.<\/p>\n<p>Quem se ilumina, cumpre a miss\u00e3o da luz sobre a Terra. E a luz n\u00e3o necessita de outros processos para revelar a verdade, sen\u00e3o o de irradiar espontaneamente o tesouro de si mesma.<\/p>\n<p>Necessitamos encarar essa nova f\u00f3rmula de amor a n\u00f3s mesmos, conscientes de que todo bem conseguido por n\u00f3s, em proveito do pr\u00f3ximo, n\u00e3o \u00e9 sen\u00e3o o bem de nossa pr\u00f3pria alma, em virtude da realidade de uma s\u00f3 lei, que \u00e9 a do amor, e um s\u00f3 dispensador dos bens, que \u00e9 Deus.<\/p>\n<p>Da Obra <i>\u201cO CONSOLADOR<\/i>\u201d \u2013 Esp\u00edrito: EMMANUEL \u2013 M\u00e9dium: FRANCISCO C\u00c2NDIDO XAVIER<\/p>\n","protected":false},"excerpt":{"rendered":"<p>ENSINAMENTOS DE EMMANUEL O CONSOLADOR &#8211; QUEST\u00c3O 351 \u00a0351 \u2013Como entender o \u201camor a n\u00f3s mesmos\u201d, segundo a f\u00f3rmula do Evangelho? \u00a0\u00a0 \u00a0 \u00a0 \u00a0 \u00a0-O amor a n\u00f3s mesmos deve ser interpretado como a necessidade de ora\u00e7\u00e3o e de &hellip; <a href=\"https:\/\/xn--regeneraoplanetria-dsb6a7f.com.br\/index.php\/emmanuel\/amar-a-si-mesmo\/\">Continue lendo <span class=\"meta-nav\">&rarr;<\/span><\/a><\/p>\n","protected":false},"author":1,"featured_media":0,"parent":371,"menu_order":0,"comment_status":"open","ping_status":"open","template":"","meta":{"footnotes":""},"class_list":["post-380","page","type-page","status-publish","hentry"],"_links":{"self":[{"href":"https:\/\/xn--regeneraoplanetria-dsb6a7f.com.br\/index.php\/wp-json\/wp\/v2\/pages\/380","targetHints":{"allow":["GET"]}}],"collection":[{"href":"https:\/\/xn--regeneraoplanetria-dsb6a7f.com.br\/index.php\/wp-json\/wp\/v2\/pages"}],"about":[{"href":"https:\/\/xn--regeneraoplanetria-dsb6a7f.com.br\/index.php\/wp-json\/wp\/v2\/types\/page"}],"author":[{"embeddable":true,"href":"https:\/\/xn--regeneraoplanetria-dsb6a7f.com.br\/index.php\/wp-json\/wp\/v2\/users\/1"}],"replies":[{"embeddable":true,"href":"https:\/\/xn--regeneraoplanetria-dsb6a7f.com.br\/index.php\/wp-json\/wp\/v2\/comments?post=380"}],"version-history":[{"count":0,"href":"https:\/\/xn--regeneraoplanetria-dsb6a7f.com.br\/index.php\/wp-json\/wp\/v2\/pages\/380\/revisions"}],"up":[{"embeddable":true,"href":"https:\/\/xn--regeneraoplanetria-dsb6a7f.com.br\/index.php\/wp-json\/wp\/v2\/pages\/371"}],"wp:attachment":[{"href":"https:\/\/xn--regeneraoplanetria-dsb6a7f.com.br\/index.php\/wp-json\/wp\/v2\/media?parent=380"}],"curies":[{"name":"wp","href":"https:\/\/api.w.org\/{rel}","templated":true}]}}