{"id":395,"date":"2013-03-16T21:03:56","date_gmt":"2013-03-17T00:03:56","guid":{"rendered":"http:\/\/xn--regeneraoplanetria-dsb6a7f.com.br\/?page_id=395"},"modified":"2013-03-16T21:03:56","modified_gmt":"2013-03-17T00:03:56","slug":"emmanuel-mundo-de-regeneracao","status":"publish","type":"page","link":"https:\/\/xn--regeneraoplanetria-dsb6a7f.com.br\/index.php\/transicao\/emmanuel-mundo-de-regeneracao\/","title":{"rendered":"Emmanuel &#8211; Mundo de Regenera\u00e7\u00e3o"},"content":{"rendered":"<p><b>Livro &#8220;PLANT\u00c3O DE RESPOSTA&#8221; referente ao programa de televis\u00e3o em Dezembro de 1971 &#8211; &#8220;PINGA FOGO (II)&#8221;.<\/b><\/p>\n<p><b>Cap\u00edtulos do livro \u201cPlant\u00e3o De Respostas \u201c<\/b>&#8211; <b>Emmanuel\/Francisco C\u00e2ndido Xavier<\/b><\/p>\n<p><span style=\"text-decoration: underline;\">CONDI\u00c7\u00d5ES DO PLANETA (I) <\/span><\/p>\n<p><b>Pergunta:<\/b> O que a Doutrina Esp\u00edrita pode dizer a respeito do fim dos tempos, isto \u00e9, como ocorrer\u00e1 a transforma\u00e7\u00e3o do planeta em planeta de provas e expia\u00e7\u00f5es para o de regenera\u00e7\u00e3o?<\/p>\n<p><b>Resposta:<\/b> Atrav\u00e9s da busca da espiritualiza\u00e7\u00e3o, supera\u00e7\u00e3o das dores e constru\u00e7\u00e3o de uma nova sociedade, a humanidade caminha para a regenera\u00e7\u00e3o das consci\u00eancias.<\/p>\n<p><b>Emmanuel afirma que a Terra ser\u00e1 um mundo regenerado por volta de 2057.<\/b> Cabe, a cada um, longa e \u00e1rdua tarefa de ascens\u00e3o. Trabalho e amor ao pr\u00f3ximo com Jesus, este \u00e9 o caminho.<\/p>\n<p><span style=\"text-decoration: underline;\">CONDI\u00c7\u00d5ES DO PLANETA (II)<\/span><\/p>\n<p><b>Pergunta:<\/b> Qual a classifica\u00e7\u00e3o do Planeta Terra na Hierarquia Universal? \u00e9 verdade que a humanidade se encontra ainda no est\u00e1gio animal e n\u00e3o hominal?<\/p>\n<p><b>Resposta:<\/b> Planeta de Prova e Expia\u00e7\u00e3o. Segundo Allan Kardec, a Terra deixar\u00e1 de ser um mundo de dor, de provas e de expia\u00e7\u00f5es, para ser um mundo de Regenera\u00e7\u00e3o, de reequil\u00edbrio, de felicidade. Encontramo-nos em processo de evolu\u00e7\u00e3o.<\/p>\n<p>Encarnado no corpo do homem, o esp\u00edrito lhe traz o princ\u00edpio intelectual e moral que o torna superior aos animais. Purificando-se, o esp\u00edrito se liberta pouco a pouco da influ\u00eancia da mat\u00e9ria. Sob essa influ\u00eancia aproxima-se do bruto, mas n\u00e3o deixa de pertencer ao reino hominal. Isento dela, elevar-se-\u00e1 \u00e0 sua verdadeira destina\u00e7\u00e3o, ou seja, a de esp\u00edrito puro.<br \/>\n<b>Pergunta ao Chico:<\/b> O que a Doutrina Esp\u00edrita pode dizer a respeito do fim dos tempos, isto \u00e9, como ocorrer\u00e1 a transi\u00e7\u00e3o de planeta de provas e expia\u00e7\u00f5es para o de regenera\u00e7\u00e3o?<\/p>\n<p><b>Resposta:<\/b> Atrav\u00e9s da busca da espiritualiza\u00e7\u00e3o, supera\u00e7\u00e3o das dores e constru\u00e7\u00e3o de uma nova sociedade, a humanidade caminha para a regenera\u00e7\u00e3o das consci\u00eancias. Emmanuel afirma que a Terra ser\u00e1 um mundo regenerado por volta de 2057. Cabe, a cada um, longa e \u00e1rdua tarefa de ascens\u00e3o. Trabalho e amor ao pr\u00f3ximo com Jesus, este \u00e9 o caminho. Jesus tamb\u00e9m disse que o come\u00e7o do fim \u00e9 quando os filhos come\u00e7arem a matar os pais e os pais a matar os filhos. &#8220;<b>Aproxima-se o tempo em que se devem realizar as coisas anunciadas para a transforma\u00e7\u00e3o da Humanidade<\/b>.<\/p>\n<p>Ditosos ser\u00e3o os que tiverem trabalhado no campo do Senhor, com desinteresse e sem outro m\u00f3vel, sen\u00e3o a caridade. Seus dias de trabalho ser\u00e3o pagos pelo c\u00eantuplo do que tenham esperado.<\/p>\n<p>Ditosos os que houverem dito a seus irm\u00e3os: Trabalhemos juntos e unamos os nossos esfor\u00e7os, a fim de que o Senhor, ao chegar, encontre terminada a obra, porquanto o Senhor lhes dir\u00e1: &#8216;Vinde a mim, v\u00f3s que sois bons servidores, v\u00f3s que soubestes impor sil\u00eancio \u00e0s vossas rivalidades e \u00e0s vossas disc\u00f3rdias, a fim de que da\u00ed n\u00e3o viesse dano para a obra!&#8217; Mas, infelizes os que, por efeito das suas dissens\u00f5es, houverem retardado a hora da colheita, pois a tempestade vir\u00e1 e eles ser\u00e3o levados no turbilh\u00e3o!&#8221;<\/p>\n<p><b>Est\u00e3o pr\u00f3ximos os tempos, repito-o, em que nesse planeta reinar\u00e1 a grande fraternidade, todos os Esp\u00edritos impuros e revoltados ser\u00e3o relegados para mundos inferiores, de acordo com as suas inclina\u00e7\u00f5es. <\/b><\/p>\n<p>Amai-vos, pois, como filhos do mesmo <b>Pai<\/b>; n\u00e3o estabele\u00e7ais diferen\u00e7as entre os outros infelizes, porquanto quer Deus que todos sejam iguais; a ningu\u00e9m desprezeis. Deveis amar os desgra\u00e7ados, os criminosos, como criaturas, que s\u00e3o, de <b>Deus<\/b>, \u00e0s quais o perd\u00e3o e a miseric\u00f3rdia ser\u00e3o concedidos, se arrependerem, como tamb\u00e9m a v\u00f3s, pelas faltas que cometeis contra sua Lei. Ignorais que h\u00e1 muitas a\u00e7\u00f5es que s\u00e3o crimes aos olhos do <b>Deus<\/b> de pureza e que o mundo nem sequer como faltas leves considera?<\/p>\n","protected":false},"excerpt":{"rendered":"<p>Livro &#8220;PLANT\u00c3O DE RESPOSTA&#8221; referente ao programa de televis\u00e3o em Dezembro de 1971 &#8211; &#8220;PINGA FOGO (II)&#8221;. Cap\u00edtulos do livro \u201cPlant\u00e3o De Respostas \u201c&#8211; Emmanuel\/Francisco C\u00e2ndido Xavier CONDI\u00c7\u00d5ES DO PLANETA (I) Pergunta: O que a Doutrina Esp\u00edrita pode dizer a &hellip; <a href=\"https:\/\/xn--regeneraoplanetria-dsb6a7f.com.br\/index.php\/transicao\/emmanuel-mundo-de-regeneracao\/\">Continue lendo <span class=\"meta-nav\">&rarr;<\/span><\/a><\/p>\n","protected":false},"author":1,"featured_media":0,"parent":342,"menu_order":0,"comment_status":"open","ping_status":"open","template":"","meta":{"footnotes":""},"class_list":["post-395","page","type-page","status-publish","hentry"],"_links":{"self":[{"href":"https:\/\/xn--regeneraoplanetria-dsb6a7f.com.br\/index.php\/wp-json\/wp\/v2\/pages\/395","targetHints":{"allow":["GET"]}}],"collection":[{"href":"https:\/\/xn--regeneraoplanetria-dsb6a7f.com.br\/index.php\/wp-json\/wp\/v2\/pages"}],"about":[{"href":"https:\/\/xn--regeneraoplanetria-dsb6a7f.com.br\/index.php\/wp-json\/wp\/v2\/types\/page"}],"author":[{"embeddable":true,"href":"https:\/\/xn--regeneraoplanetria-dsb6a7f.com.br\/index.php\/wp-json\/wp\/v2\/users\/1"}],"replies":[{"embeddable":true,"href":"https:\/\/xn--regeneraoplanetria-dsb6a7f.com.br\/index.php\/wp-json\/wp\/v2\/comments?post=395"}],"version-history":[{"count":0,"href":"https:\/\/xn--regeneraoplanetria-dsb6a7f.com.br\/index.php\/wp-json\/wp\/v2\/pages\/395\/revisions"}],"up":[{"embeddable":true,"href":"https:\/\/xn--regeneraoplanetria-dsb6a7f.com.br\/index.php\/wp-json\/wp\/v2\/pages\/342"}],"wp:attachment":[{"href":"https:\/\/xn--regeneraoplanetria-dsb6a7f.com.br\/index.php\/wp-json\/wp\/v2\/media?parent=395"}],"curies":[{"name":"wp","href":"https:\/\/api.w.org\/{rel}","templated":true}]}}