{"id":411,"date":"2013-03-17T21:29:12","date_gmt":"2013-03-18T00:29:12","guid":{"rendered":"http:\/\/xn--regeneraoplanetria-dsb6a7f.com.br\/?page_id=411"},"modified":"2013-03-17T21:29:12","modified_gmt":"2013-03-18T00:29:12","slug":"joana-de-angelis-transicao","status":"publish","type":"page","link":"https:\/\/xn--regeneraoplanetria-dsb6a7f.com.br\/index.php\/transicao\/joana-de-angelis-transicao\/","title":{"rendered":"Joana de Angelis &#8211; Transi\u00e7\u00e3o"},"content":{"rendered":"<p align=\"center\">Transi\u00e7\u00e3o (Joanna de Angelis)<\/p>\n<p>Opera-se, na Terra, neste largo per\u00edodo, a grande transi\u00e7\u00e3o anunciada pelas Escrituras e confirmada pelo Espiritismo.<\/p>\n<p>O planeta sofrido experimenta convuls\u00f5es especiais, tanto na sua estrutura f\u00edsica e atmosf\u00e9rica, ajustando as suas diversas camadas tect\u00f4nicas, quanto na sua constitui\u00e7\u00e3o moral.<\/p>\n<p>Isto porque, os esp\u00edritos que o habitam, ainda caminhando em faixas de inferioridade, est\u00e3o sendo substitu\u00eddos por outros mais elevados que o impulsionar\u00e3o pelas trilhas do progresso moral, dando lugar a uma era nova de paz e de felicidade.<\/p>\n<p>Os esp\u00edritos renitentes na perversidade, nos desmandos, na sensualidade e vileza, est\u00e3o sendo recambiados lentamente para mundos inferiores onde enfrentar\u00e3o as consequ\u00eancias dos seus atos ign\u00f3beis, assim renovando-se e predispondo-se ao retorno planet\u00e1rio, quando recuperados e decididos ao cumprimento das leis de amor.<\/p>\n<p>Por outro lado, aqueles que permaneceram nas regi\u00f5es inferiores est\u00e3o sendo trazidos \u00e0 reencarna\u00e7\u00e3o de modo a desfrutarem da oportunidade de trabalho e de aprendizado, modificando os h\u00e1bitos infelizes a que se t\u00eam submetido, podendo avan\u00e7ar sob a governan\u00e7a de Deus.<\/p>\n<p>Caso se oponham \u00e0s exig\u00eancias da evolu\u00e7\u00e3o, tamb\u00e9m sofrer\u00e3o um tipo de expurgo tempor\u00e1rio para regi\u00f5es prim\u00e1rias entre as ra\u00e7as atrasadas, tendo o ensejo de ser \u00fateis e de sofrer os efeitos danosos da sua rebeldia.<\/p>\n<p>Concomitantemente, esp\u00edritos nobres que conseguiram superar os impedimentos que os retinham na retaguarda, estar\u00e3o chegando, a fim de promoverem o bem e alargarem os horizontes da felicidade humana, trabalhando infatigavelmente na reconstru\u00e7\u00e3o da sociedade, ent\u00e3o fiel aos des\u00edgnios divinos.<\/p>\n<p>Da mesma forma, mission\u00e1rios do amor e da caridade, procedentes de outras Esferas estar\u00e3o revestindo-se da indument\u00e1ria carnal, para tornar essa fase de luta iluminativa mais amena, proporcionando condi\u00e7\u00f5es dignificantes, que estimulem ao avan\u00e7o e \u00e0 felicidade.<\/p>\n<p>N\u00e3o ser\u00e3o apenas os cataclismos f\u00edsicos que sacudir\u00e3o o planeta, como resultado da lei de destrui\u00e7\u00e3o, geradora desses fen\u00f4menos, como ocorre com o outono que derruba a folhagem das \u00e1rvores, a fim de que possam enfrentar a invernia rigorosa, renascendo exuberantes com a chegada da primavera, mas tamb\u00e9m os de natureza moral, social e humana que assinalar\u00e3o os dias tormentosos, que j\u00e1 se vivem.<\/p>\n<p>Os combates apresentam-se individuais e coletivos, amea\u00e7ando de destrui\u00e7\u00e3o a vida com hecatombes inimagin\u00e1veis.<\/p>\n<p>A loucura, decorrente do materialismo dos indiv\u00edduos, atira-os nos abismos da viol\u00eancia e da insensatez, ampliando o campo do desespero que se alarga em todas as dire\u00e7\u00f5es.<\/p>\n<p>Esfacelam-se os lares,<\/p>\n<p>Desorganizam-se os relacionamentos afetivos,<\/p>\n<p>Desestruturam-se as institui\u00e7\u00f5es, as oficinas de trabalho convertem-se em \u00e1reas de competi\u00e7\u00e3o desleal,<\/p>\n<p>As ruas do mundo transformam-se em campos de lutas perversas, levando de rold\u00e3o os sentimentos de solidariedade e de respeito, de amor e de caridade&#8230;<\/p>\n<p>A turbul\u00eancia vence a paz, o conflito domina o amor, a luta desigual substitui a fraternidade&#8230;.<\/p>\n<p>Mas essas ocorr\u00eancias s\u00e3o apenas o come\u00e7o da grande transi\u00e7\u00e3o.<\/p>\n<p>A fatalidade da exist\u00eancia humana \u00e9 a conquista do amor que proporciona plenitude.<\/p>\n<p>H\u00e1, em toda parte, uma destina\u00e7\u00e3o inevit\u00e1vel, que expressa a ordem universal e a presen\u00e7a de uma Consci\u00eancia C\u00f3smica atuante.<\/p>\n<p>A rebeldia que predomina no comportamento humano elegeu a viol\u00eancia como instrumento para conseguir o prazer que lhe n\u00e3o chega da maneira espont\u00e2nea, gerando lament\u00e1veis consequ\u00eancias, que se avolumam em desaires cont\u00ednuos.<\/p>\n<p>\u00c9 inevit\u00e1vel a colheita da sementeira por aquele que a fez, tornando-se rico de gr\u00e3os aben\u00e7oados ou de esp\u00edculos venenosos.<\/p>\n<p>Como as leis da vida n\u00e3o podem ser derrogadas, toda obje\u00e7\u00e3o que se lhes faz converte-se em afli\u00e7\u00e3o, impedindo a conquista do bem-estar.<\/p>\n<p>Da mesma forma, como o progresso \u00e9 inevit\u00e1vel, o que n\u00e3o seja conquistado atrav\u00e9s do dever, s\u00ea-lo-\u00e1 pelos impositivos estruturais de que o mesmo se constitui.<\/p>\n<p>A melhor maneira, portanto, de compartilhar conscientemente da grande transi\u00e7\u00e3o \u00e9 atrav\u00e9s da consci\u00eancia de responsabilidade pessoal, realizando as mudan\u00e7as \u00edntimas que se tornem pr\u00f3prias para a harmonia do conjunto.<\/p>\n<p>Nenhuma conquista exterior ser\u00e1 lograda se n\u00e3o proceder das paisagens \u00edntimas, nas quais est\u00e3o instalados os h\u00e1bitos. Esses, de natureza perniciosa, devem ser substitu\u00eddos por aqueles que s\u00e3o saud\u00e1veis, portanto, propiciat\u00f3rios de bem-estar e de harmonia emocional.<\/p>\n<p>Na mente est\u00e1 a chave para que seja operada a grande mudan\u00e7a. Quando se tem dom\u00ednio sobre ela, os pensamentos podem ser canalizados em sentido edificante, dando lugar a palavras corretas e a atos dignos.<\/p>\n<p>O indiv\u00edduo, que se renova moralmente, contribui de forma segura para as altera\u00e7\u00f5es que se v\u00eam operando no planeta.<\/p>\n<p>N\u00e3o \u00e9 necess\u00e1rio que o turbilh\u00e3o dos sofrimentos gerais o sensibilize, a fim de que possa contribuir eficazmente com os esp\u00edritos que operam em favor da grande transi\u00e7\u00e3o.<\/p>\n<p>Dispondo das ferramentas morais do enobrecimento, torna-se cooperador eficiente, em raz\u00e3o de trabalhar junto ao seu pr\u00f3ximo pela mudan\u00e7a de convic\u00e7\u00e3o em torno dos objetivos existenciais, ao tempo em que se transforma num exemplo de alegria e de felicidade para todos.<\/p>\n<p>O bem fascina todos aqueles que o observam e atrai quantos se encontram distantes da sua a\u00e7\u00e3o, o mesmo ocorrendo com a alegria e a sa\u00fade.<\/p>\n<p>S\u00e3o eles que proporcionam o maior cont\u00e1gio de que se tem not\u00edcia e n\u00e3o as manifesta\u00e7\u00f5es aberrantes e afligentes que parecem arrastar as multid\u00f5es.<\/p>\n<p>Como escasseiam os exemplos de j\u00fabilo, multiplicam-se os de desespero, logo ultrapassados pelos programas de sensibiliza\u00e7\u00e3o emocional para a plenitude.<\/p>\n<p>A grande transi\u00e7\u00e3o prossegue, e porque se faz necess\u00e1ria, a \u00fanica alternativa \u00e9 examinar-lhe a maneira como se apresenta e cooperar para que as sombras que se adensam no mundo sejam diminu\u00eddas pelo Sol da imortalidade.<\/p>\n<p>Nenhum receio deve ser cultivado, porque, mesmo que ocorra a morte, esse fen\u00f4meno natural \u00e9 ve\u00edculo da vida que se manifestar\u00e1 em outra dimens\u00e3o.<\/p>\n<p>A vida sempre responde conforme as indaga\u00e7\u00f5es morais que lhe s\u00e3o dirigidas.<\/p>\n<p>As aguardadas mudan\u00e7as que se v\u00eam operando trazem uma ainda n\u00e3o valorizada contribui\u00e7\u00e3o, que \u00e9 a erradica\u00e7\u00e3o do sofrimento das paisagens espirituais da Terra.<\/p>\n<p>Enquanto viceje o mal, no mundo, o ser humano torna-se-lhe a v\u00edtima preferida, em face do ego\u00edsmo em que se estorcega, apenas por elei\u00e7\u00e3o especial.<\/p>\n<p>A dor moment\u00e2nea que o fere, convida-o, por outro lado, \u00e0 observ\u00e2ncia das necessidades imperiosas de seguir a correnteza do amor no rumo do oceano da paz.<\/p>\n<p>Logo passado o per\u00edodo de afli\u00e7\u00e3o, chegar\u00e1 o da harmonia.<\/p>\n<p>At\u00e9 l\u00e1, que todos os investimentos sejam de bondade e de ternura, de abnega\u00e7\u00e3o e de irrestrita confian\u00e7a em Deus.<\/p>\n<p>Joanna de Angelis.<\/p>\n<p>(P\u00e1gina psicografada pelo m\u00e9dium Divaldo Pereira Franco, no dia 30 de julho de 2006, no Rio de Janeiro, RJ).<\/p>\n","protected":false},"excerpt":{"rendered":"<p>Transi\u00e7\u00e3o (Joanna de Angelis) Opera-se, na Terra, neste largo per\u00edodo, a grande transi\u00e7\u00e3o anunciada pelas Escrituras e confirmada pelo Espiritismo. O planeta sofrido experimenta convuls\u00f5es especiais, tanto na sua estrutura f\u00edsica e atmosf\u00e9rica, ajustando as suas diversas camadas tect\u00f4nicas, quanto &hellip; <a href=\"https:\/\/xn--regeneraoplanetria-dsb6a7f.com.br\/index.php\/transicao\/joana-de-angelis-transicao\/\">Continue lendo <span class=\"meta-nav\">&rarr;<\/span><\/a><\/p>\n","protected":false},"author":1,"featured_media":0,"parent":342,"menu_order":0,"comment_status":"open","ping_status":"open","template":"","meta":{"footnotes":""},"class_list":["post-411","page","type-page","status-publish","hentry"],"_links":{"self":[{"href":"https:\/\/xn--regeneraoplanetria-dsb6a7f.com.br\/index.php\/wp-json\/wp\/v2\/pages\/411","targetHints":{"allow":["GET"]}}],"collection":[{"href":"https:\/\/xn--regeneraoplanetria-dsb6a7f.com.br\/index.php\/wp-json\/wp\/v2\/pages"}],"about":[{"href":"https:\/\/xn--regeneraoplanetria-dsb6a7f.com.br\/index.php\/wp-json\/wp\/v2\/types\/page"}],"author":[{"embeddable":true,"href":"https:\/\/xn--regeneraoplanetria-dsb6a7f.com.br\/index.php\/wp-json\/wp\/v2\/users\/1"}],"replies":[{"embeddable":true,"href":"https:\/\/xn--regeneraoplanetria-dsb6a7f.com.br\/index.php\/wp-json\/wp\/v2\/comments?post=411"}],"version-history":[{"count":0,"href":"https:\/\/xn--regeneraoplanetria-dsb6a7f.com.br\/index.php\/wp-json\/wp\/v2\/pages\/411\/revisions"}],"up":[{"embeddable":true,"href":"https:\/\/xn--regeneraoplanetria-dsb6a7f.com.br\/index.php\/wp-json\/wp\/v2\/pages\/342"}],"wp:attachment":[{"href":"https:\/\/xn--regeneraoplanetria-dsb6a7f.com.br\/index.php\/wp-json\/wp\/v2\/media?parent=411"}],"curies":[{"name":"wp","href":"https:\/\/api.w.org\/{rel}","templated":true}]}}