{"id":4212,"date":"2016-06-27T10:25:02","date_gmt":"2016-06-27T13:25:02","guid":{"rendered":"http:\/\/xn--regeneraoplanetria-dsb6a7f.com.br\/?page_id=4212"},"modified":"2016-06-27T10:25:45","modified_gmt":"2016-06-27T13:25:45","slug":"2-o-apostolado-mediunico","status":"publish","type":"page","link":"https:\/\/xn--regeneraoplanetria-dsb6a7f.com.br\/index.php\/falsos-profetas\/2-o-apostolado-mediunico\/","title":{"rendered":"2 &#8211; O Apostolado Medi\u00fanico"},"content":{"rendered":"<p style=\"line-height: 14.25pt;\"><span style=\"font-size: 10.0pt; font-family: 'Georgia',serif; color: #333333;\">O APOSTOLADO MEDI\u00daNICO<\/span><\/p>\n<p style=\"line-height: 14.25pt;\"><span style=\"font-size: 10.0pt; font-family: 'Georgia',serif; color: #333333;\">&#8211; Por Emmanuel, no livro \u201cO Consolador\u201d, psicografado por Chico Xavier)<\/span><\/p>\n<p style=\"line-height: 14.25pt;\"><span style=\"font-size: 10.0pt; font-family: 'Georgia',serif; color: #333333;\">402 \u2013Seria justo aceitar remunera\u00e7\u00e3o financeira no exerc\u00edcio da mediunidade?<\/span><\/p>\n<p style=\"line-height: 14.25pt;\"><span style=\"font-size: 10.0pt; font-family: 'Georgia',serif; color: #333333;\">-Quando um m\u00e9dium se resolva a transformar suas faculdades em fonte de renda material, ser\u00e1 melhor esquecer suas possibilidades ps\u00edquicas e n\u00e3o se aventurar pelo terreno delicado dos estudos espirituais.<\/span><\/p>\n<p style=\"line-height: 14.25pt;\"><span style=\"font-size: 10.0pt; font-family: 'Georgia',serif; color: #333333;\">A remunera\u00e7\u00e3o financeira, no trato das quest\u00f5es profundas da alma, estabelece um com\u00e9rcio criminoso, do qual o m\u00e9dium dever\u00e1 esperar no futuro os resgates mais dolorosos.<\/span><\/p>\n<p style=\"line-height: 14.25pt;\"><span style=\"font-size: 10.0pt; font-family: 'Georgia',serif; color: #333333;\">A mediunidade n\u00e3o \u00e9 of\u00edcio do mundo, e os Esp\u00edritos esclarecidos, na verdade e no bem, conhecem, mais que os seus irm\u00e3os de carne, as necessidades dos seus intermedi\u00e1rios.<\/span><\/p>\n<p style=\"line-height: 14.25pt;\"><span style=\"font-size: 10.0pt; font-family: 'Georgia',serif; color: #333333;\">403 \u2013\u00c9 razo\u00e1vel que os m\u00e9diuns cogitem da solu\u00e7\u00e3o de assuntos materiais junto dos seus mentores do plano invis\u00edvel?<\/span><\/p>\n<p style=\"line-height: 14.25pt;\"><span style=\"font-size: 10.0pt; font-family: 'Georgia',serif; color: #333333;\">-N\u00e3o se deve esquecer que o campo de atividades materiais \u00e9 a escola sagrada dos Esp\u00edritos incorporados no orbe terrestre. Se n\u00e3o \u00e9 poss\u00edvel aos amigos espirituais quebrarem a lei da liberdade pr\u00f3pria de seus irm\u00e3os, n\u00e3o \u00e9 l\u00edcito que o m\u00e9dium cogite da solu\u00e7\u00e3o de problemas materiais junto dos Esp\u00edritos amigos. O mundo \u00e9 o caminho no qual a alma deve provar a experi\u00eancia, testemunhar a f\u00e9, desenvolver as tend\u00eancias superiores, conhecer o bem, aprender o melhor, enriquecer os dotes individuais.<\/span><\/p>\n<p style=\"line-height: 14.25pt;\"><span style=\"font-size: 10.0pt; font-family: 'Georgia',serif; color: #333333;\">O m\u00e9dium que se arrisca a desviar suas faculdades ps\u00edquicas, para o terreno da materialidade do mundo, este em marcha para as manifesta\u00e7\u00f5es grosseiras dos planos inferiores, onde poder\u00e1 contrair os d\u00e9bitos mais penosos.<\/span><\/p>\n<p style=\"line-height: 14.25pt;\"><span style=\"font-size: 10.0pt; font-family: 'Georgia',serif; color: #333333;\">404 \u2013Deve o m\u00e9dium sacrificar o cumprimento de suas obriga\u00e7\u00f5es no trabalho cotidiano e no ambiente sagrado da fam\u00edlia, em favor da propaganda doutrin\u00e1ria?<\/span><\/p>\n<p style=\"line-height: 14.25pt;\"><span style=\"font-size: 10.0pt; font-family: 'Georgia',serif; color: #333333;\">O m\u00e9dium somente deve dar aos servi\u00e7os da Doutrina a cota de tempo de que possa dispor, entre os labores sagrados do p\u00e3o de cada dia e o cumprimento dos seus elevados deveres familiares.<\/span><\/p>\n<p style=\"line-height: 14.25pt;\"><span style=\"font-size: 10.0pt; font-family: 'Georgia',serif; color: #333333;\">A execu\u00e7\u00e3o dessas obriga\u00e7\u00f5es \u00e9 sagrada e urge n\u00e3o cair no declive das situa\u00e7\u00f5es parasit\u00e1rias, ou do fanatismo religioso.<\/span><\/p>\n<p style=\"line-height: 14.25pt;\"><span style=\"font-size: 10.0pt; font-family: 'Georgia',serif; color: #333333;\">No trabalho da verdade, Jesus caminha antes de qualquer esfor\u00e7o humano e ningu\u00e9m deve guardar a pretens\u00e3o de converter algu\u00e9m, quando nas tarefas do mundo h\u00e1 sempre oportunidade para o preciso conhecimento de si mesmo.<\/span><\/p>\n<p style=\"line-height: 14.25pt;\"><span style=\"font-size: 10.0pt; font-family: 'Georgia',serif; color: #333333;\">Que m\u00e9dium algum se engane em tais perspectivas. Antes sofrer a incompreens\u00e3o dos companheiros, que transigir com os princ\u00edpios, caindo na irresponsabilidade ou nas penosas d\u00edvidas de consci\u00eancia.<\/span><\/p>\n<p style=\"line-height: 14.25pt;\"><span style=\"font-size: 10.0pt; font-family: 'Georgia',serif; color: #333333;\">405 \u2013Poder-se-\u00e1 admitir que os espiritistas se valham de um apostolado medi\u00fanico, para solu\u00e7\u00e3o de todas as dificuldades da vida?<\/span><\/p>\n<p style=\"line-height: 14.25pt;\"><span style=\"font-size: 10.0pt; font-family: 'Georgia',serif; color: #333333;\">-O m\u00e9dium n\u00e3o deve ser sobrecarregado com exig\u00eancias de seus companheiros, relativamente \u00e0s dificuldades da sorte. \u00c9 justo que seus irm\u00e3os se socorram das suas faculdades, em circunst\u00e2ncias excepcionais da exist\u00eancia, como nos casos de enfermidades e outros que se lhe assemelhem. Todavia, cercar um m\u00e9dium de solicita\u00e7\u00f5es de toda natureza \u00e9 desvirtuar a tarefa de um amigo, eliminando as suas possibilidades mais preciosas e, al\u00e9m do mais, n\u00e3o se dever\u00e1 repetir no Espiritismo sincero a atitude mental dos cat\u00f3licos-romanos, que se abandonam junto \u00e0 \u201cimagem\u201d de um \u201csanto\u201d, olvidando todos os valores do esfor\u00e7o pr\u00f3prio.<\/span><\/p>\n<p style=\"line-height: 14.25pt;\"><span style=\"font-size: 10.0pt; font-family: 'Georgia',serif; color: #333333;\">Os n\u00facleos espiritistas precisam considerar que em seus trabalhos h\u00e1 quem os acompanhe do plano superior e que receber\u00e3o sempre o concurso espiritual de seus irm\u00e3os libertos da carne, dependendo a satisfa\u00e7\u00e3o desse ou daquele problema particular dos m\u00e9ritos de cada um. Proceder em contr\u00e1rio \u00e9 eliminar o aparelho medi\u00fanico, fornecendo doloroso testemunho de incompreens\u00e3o.<\/span><\/p>\n<p style=\"line-height: 14.25pt;\"><span style=\"font-size: 10.0pt; font-family: 'Georgia',serif; color: #333333;\">406 \u2013 Quando um investigador busque valer-se dos servi\u00e7os de um m\u00e9dium, \u00e9 justo que submeta o aparelho median\u00edmico a toda sorte de experi\u00eancia, a fim de certificar-se dos seus pontos de vista?<\/span><\/p>\n<p style=\"line-height: 14.25pt;\"><span style=\"font-size: 10.0pt; font-family: 'Georgia',serif; color: #333333;\">-Depende do car\u00e1ter dessas mesmas experi\u00eancias e, quaisquer que elas sejam, o m\u00e9dium necessita de muito cuidado, porquanto, no caminho das aquisi\u00e7\u00f5es espirituais, cada investigador encontra o material que procura. E quem se aproxima de uma fonte espiritual, tisnando-a com a m\u00e1-f\u00e9 e a insinceridade, n\u00e3o pode, por certo, saciar a sede com uma \u00e1gua pura.<\/span><\/p>\n<p style=\"line-height: 14.25pt;\"><span style=\"font-size: 10.0pt; font-family: 'Georgia',serif; color: #333333;\">407 \u2013 Para que algu\u00e9m se certifique da verdade do Espiritismo, bastar\u00e1 recorrer a um bom m\u00e9dium?<\/span><\/p>\n<p style=\"line-height: 14.25pt;\"><span style=\"font-size: 10.0pt; font-family: 'Georgia',serif; color: #333333;\">-Os estudiosos do Espiritismo, ainda sem convic\u00e7\u00e3o valorosa e s\u00e9ria no terreno da f\u00e9, precisam reconhecer que em trabalhos dessa ordem n\u00e3o basta o recurso de um bom m\u00e9dium. Faz-se mister que o investigador, a par de uma curiosidade sadia, possua valores morais imprescind\u00edveis, como a sinceridade e o amor do bem, servindo a uma exist\u00eancia reta e f\u00e9rtil de a\u00e7\u00f5es puras.<\/span><\/p>\n<p style=\"line-height: 14.25pt;\"><span style=\"font-size: 10.0pt; font-family: 'Georgia',serif; color: #333333;\">408 \u2013 Seria proveitosa a cria\u00e7\u00e3o de associa\u00e7\u00f5es de aux\u00edlio material aos m\u00e9diuns?<\/span><\/p>\n<p style=\"line-height: 14.25pt;\"><span style=\"font-size: 10.0pt; font-family: 'Georgia',serif; color: #333333;\">-No Espiritismo \u00e9 sempre de bom aviso evitar-se a consecu\u00e7\u00e3o de iniciativas tendentes a estabelecer uma nova classe sacerdotal no mundo.<\/span><\/p>\n<p style=\"line-height: 14.25pt;\"><span style=\"font-size: 10.0pt; font-family: 'Georgia',serif; color: #333333;\">Os m\u00e9diuns, nesse ou naquele setor da sociedade humana, devem o mesmo tributo ao trabalho, \u00e0 luta e ao sofrimento, indispens\u00e1veis \u00e0 conquista do agasalho e do p\u00e3o material. Ao demais, temos de considerar, acima de toda prote\u00e7\u00e3o prec\u00e1ria do mundo, o amparo de Jesus aos seus trabalhadores de boa-vontade. Toda express\u00e3o de sacrif\u00edcio sincero est\u00e1 eivada de luz divina, todo trabalho sincero \u00e9 eleva\u00e7\u00e3o e toda dor \u00e9 luz, quando suportada com serenidade e confian\u00e7a no Mestre dos mestres.<\/span><\/p>\n<p style=\"line-height: 14.25pt;\"><span style=\"font-size: 10.0pt; font-family: 'Georgia',serif; color: #333333;\">409 \u2013Como dever\u00e1 proceder ao m\u00e9dium sincero para a valoriza\u00e7\u00e3o do seu apostolado? -O m\u00e9dium sincero necessita compreender que, antes de cogitar da doutrina\u00e7\u00e3o dos Esp\u00edritos, ou de seus companheiros de luta na Terra, faz-se mister a ilumina\u00e7\u00e3o de si pr\u00f3prio pelo conhecimento, pelo cumprimento dos deveres mais elevados e pelo esfor\u00e7o de si mesmo na assimila\u00e7\u00e3o perfeita dos princ\u00edpios doutrin\u00e1rios.<\/span><\/p>\n<p style=\"line-height: 14.25pt;\"><span style=\"font-size: 10.0pt; font-family: 'Georgia',serif; color: #333333;\">No desdobramento dessa tarefa, jamais deve descuidar-se da vigil\u00e2ncia, buscando aproveitar as possibilidades que Jesus lhe concedeu na edifica\u00e7\u00e3o do trabalho est\u00e1vel e \u00fatil. N\u00e3o deve cultivar o sofrimento pelas queixas descabidas e<\/span><\/p>\n<p style=\"line-height: 14.25pt;\"><span style=\"font-size: 10.0pt; font-family: 'Georgia',serif; color: #333333;\">demasiadas e nem recorrer, a todo instante, \u00e0 assist\u00eancia dos seus guias, como se perseverasse em manter uma atitude de crian\u00e7a inexperiente.<\/span><\/p>\n<p style=\"line-height: 14.25pt;\"><span style=\"font-size: 10.0pt; font-family: 'Georgia',serif; color: #333333;\">O estudo da Doutrina e, sobretudo, o cultivo da auto-evangeliza\u00e7\u00e3o deve ser ininterrupto. O m\u00e9dium sincero sabe vigiar, fugindo da explora\u00e7\u00e3o material ou sentimental, compreendendo, em todas as ocasi\u00f5es, que o mais necessitado de miseric\u00f3rdia \u00e9 ele pr\u00f3prio, a fim de dar pleno testemunho do seu apostolado.<\/span><\/p>\n<p style=\"line-height: 14.25pt;\"><span style=\"font-size: 10.0pt; font-family: 'Georgia',serif; color: #333333;\">Da Obra \u201cO CONSOLADOR\u201d \u2013 Esp\u00edrito: EMMANUEL \u2013 M\u00e9dium: FRANCISCO C\u00c2NDIDO XAVIER<\/span><\/p>\n","protected":false},"excerpt":{"rendered":"<p>O APOSTOLADO MEDI\u00daNICO &#8211; Por Emmanuel, no livro \u201cO Consolador\u201d, psicografado por Chico Xavier) 402 \u2013Seria justo aceitar remunera\u00e7\u00e3o financeira no exerc\u00edcio da mediunidade? -Quando um m\u00e9dium se resolva a transformar suas faculdades em fonte de renda material, ser\u00e1 melhor &hellip; <a href=\"https:\/\/xn--regeneraoplanetria-dsb6a7f.com.br\/index.php\/falsos-profetas\/2-o-apostolado-mediunico\/\">Continue lendo <span class=\"meta-nav\">&rarr;<\/span><\/a><\/p>\n","protected":false},"author":1,"featured_media":0,"parent":4206,"menu_order":0,"comment_status":"closed","ping_status":"closed","template":"","meta":{"footnotes":""},"class_list":["post-4212","page","type-page","status-publish","hentry"],"_links":{"self":[{"href":"https:\/\/xn--regeneraoplanetria-dsb6a7f.com.br\/index.php\/wp-json\/wp\/v2\/pages\/4212","targetHints":{"allow":["GET"]}}],"collection":[{"href":"https:\/\/xn--regeneraoplanetria-dsb6a7f.com.br\/index.php\/wp-json\/wp\/v2\/pages"}],"about":[{"href":"https:\/\/xn--regeneraoplanetria-dsb6a7f.com.br\/index.php\/wp-json\/wp\/v2\/types\/page"}],"author":[{"embeddable":true,"href":"https:\/\/xn--regeneraoplanetria-dsb6a7f.com.br\/index.php\/wp-json\/wp\/v2\/users\/1"}],"replies":[{"embeddable":true,"href":"https:\/\/xn--regeneraoplanetria-dsb6a7f.com.br\/index.php\/wp-json\/wp\/v2\/comments?post=4212"}],"version-history":[{"count":2,"href":"https:\/\/xn--regeneraoplanetria-dsb6a7f.com.br\/index.php\/wp-json\/wp\/v2\/pages\/4212\/revisions"}],"predecessor-version":[{"id":4214,"href":"https:\/\/xn--regeneraoplanetria-dsb6a7f.com.br\/index.php\/wp-json\/wp\/v2\/pages\/4212\/revisions\/4214"}],"up":[{"embeddable":true,"href":"https:\/\/xn--regeneraoplanetria-dsb6a7f.com.br\/index.php\/wp-json\/wp\/v2\/pages\/4206"}],"wp:attachment":[{"href":"https:\/\/xn--regeneraoplanetria-dsb6a7f.com.br\/index.php\/wp-json\/wp\/v2\/media?parent=4212"}],"curies":[{"name":"wp","href":"https:\/\/api.w.org\/{rel}","templated":true}]}}