{"id":4215,"date":"2016-06-27T10:27:01","date_gmt":"2016-06-27T13:27:01","guid":{"rendered":"http:\/\/xn--regeneraoplanetria-dsb6a7f.com.br\/?page_id=4215"},"modified":"2016-06-27T10:27:01","modified_gmt":"2016-06-27T13:27:01","slug":"3-os-verdadeiros-inimigos-do-medium","status":"publish","type":"page","link":"https:\/\/xn--regeneraoplanetria-dsb6a7f.com.br\/index.php\/falsos-profetas\/3-os-verdadeiros-inimigos-do-medium\/","title":{"rendered":"3 &#8211; Os Verdadeiros Inimigos do M\u00e9dium"},"content":{"rendered":"<p>VERDADEIROS INIMIGOS DO M\u00c9DIUM<\/p>\n<p>&#8211; Por Emmanuel, no livro \u201cO Consolador\u201d, psicografado por Chico Xavier)<\/p>\n<p>410 \u2013onde o maior escolho do apostolado medi\u00fanico?<\/p>\n<p>-O primeiro inimigo do m\u00e9dium reside dentro dele mesmo. Freq\u00fcentemente \u00e9 personalismo, \u00e9 a ambi\u00e7\u00e3o, a ignor\u00e2ncia ou a rebeldia no volunt\u00e1rio desconhecimento dos seus deveres \u00e0 luz do Evangelho, fatores de inferioridade moral que, n\u00e3o raro, o conduzem a invigil\u00e2ncia, \u00e0 leviandade e \u00e0 confus\u00e3o dos campos improdutivos.<\/p>\n<p>Contra esse inimigo \u00e9 preciso movimentar as energias \u00edntimas pelo estudo, pelo cultivo da humildade, pela boa-vontade, com o melhor esfor\u00e7o de auto-educa\u00e7\u00e3o, \u00e0 claridade do Evangelho.<\/p>\n<p>O segundo inimigo mais poderoso do apostolado medi\u00fanico n\u00e3o reside no campo das atividades contr\u00e1rias \u00e0 expans\u00e3o da Doutrina, mas no pr\u00f3prio selo das organiza\u00e7\u00f5es espiritistas, constituindo-se daquele que se convenceu quanto aos fen\u00f4menos, sem se converter ao Evangelho pelo cora\u00e7\u00e3o, trazendo para as fileiras do Consolador os seus caprichos pessoais, as suas paix\u00f5es inferiores, tend\u00eancias nocivas, opini\u00f5es cristalizadas no endurecimento do cora\u00e7\u00e3o, sem reconhecer a realidade de suas defici\u00eancias e a exig\u00fcidade dos seus cabedais \u00edntimos. Habituados ao estacionamento, esses irm\u00e3os infelizes desdenham o esfor\u00e7o pr\u00f3prio \u2013 \u00fanica estrada de edifica\u00e7\u00e3o definitiva e sincera \u2013 para recorrerem aos esp\u00edritos amigos nas menos dificuldades da vida, como se o apostolado medi\u00fanico fosse uma cadeira de cartomante. Incapazes do trabalho interior pela edifica\u00e7\u00e3o pr\u00f3pria na f\u00e9 e na confian\u00e7a em Deus, dizem-se necessitados de conforto. Se desatendidos em seus caprichos inferiores e nas suas quest\u00f5es pessoais, est\u00e3o sempre prontos para acusar e escarnecer. Falam da caridade, humilhando todos os princ\u00edpios fraternos; n\u00e3o conhecem outro interesse al\u00e9m do que lhes lastreia o seu pr\u00f3prio ego\u00edsmo. S\u00e3o ir\u00f4nicos, acusadores e procedem quase sempre como crian\u00e7as levianas e inquietas. Esses s\u00e3o tamb\u00e9m aqueles elementos da confus\u00e3o, que n\u00e3o penetram o tempo de Jesus e nem permitem a entrada de seus irm\u00e3os.<\/p>\n<p>Esse g\u00eanero de inimigos do apostolado medi\u00fanico \u00e9 muito comum e insistente nos seus processos de insinua\u00e7\u00e3o, sendo indispens\u00e1vel que o mission\u00e1rio do bem e da luz se resguarde na prece e na vigil\u00e2ncia. E como a verdade deve sempre surgir no instante oportuno, para que o campo do apostolado n\u00e3o se esterilize, faz-se imprescind\u00edvel fugir deles.<\/p>\n<p>411 \u2013 Onde a luz definitiva para a vit\u00f3ria do apostolado medi\u00fanico?<\/p>\n<p>-Essa claridade divina est\u00e1 no Evangelho de Jesus, com o qual o mission\u00e1rio deve estar plenamente identificado para a realiza\u00e7\u00e3o sagrada da sua tarefa. O m\u00e9dium sem Evangelho pode fornecer as mais elevadas informa\u00e7\u00f5es ao quadro das filosofias e ci\u00eancias fragment\u00e1rias da Terra; pode ser um profissional de nomeada, um agente de experi\u00eancias do invis\u00edvel, mas n\u00e3o poder\u00e1 ser um ap\u00f3stolo pelo cora\u00e7\u00e3o. S\u00f3 a aplica\u00e7\u00e3o<\/p>\n<p>com o Divino Mestre prepara no \u00edntimo do trabalhador a fibra da ilumina\u00e7\u00e3o para o amor, e da resist\u00eancia contra as energias destruidoras, porque o m\u00e9dium evangelizado sabe cultivar a humildade no amor ao trabalho de cada dia, na toler\u00e2ncia esclarecida, no esfor\u00e7o educativo de si mesmo, na significa\u00e7\u00e3o da vida, sabendo, igualmente, levantar-se para a defesa da sua tarefa de amor, defendendo a verdade sem transigir com os princ\u00edpios no momento oportuno.<\/p>\n<p>O apostolado medi\u00fanico, portanto, n\u00e3o se constitui t\u00e3o-somente da movimenta\u00e7\u00e3o das energias ps\u00edquicas em suas express\u00f5es fenom\u00eanicas e mec\u00e2nicas, porque exige o trabalho e o sacrif\u00edcio do cora\u00e7\u00e3o, onde a luz da comprova\u00e7\u00e3o e da refer\u00eancia \u00e9 a que nasce do entendimento e da aplica\u00e7\u00e3o com Jesus-Cristo.<\/p>\n<p>Da Obra \u201cO CONSOLADOR\u201d \u2013 Esp\u00edrito: EMMANUEL \u2013 M\u00e9dium: FRANCISCO C\u00c2NDIDO XA<\/p>\n","protected":false},"excerpt":{"rendered":"<p>VERDADEIROS INIMIGOS DO M\u00c9DIUM &#8211; Por Emmanuel, no livro \u201cO Consolador\u201d, psicografado por Chico Xavier) 410 \u2013onde o maior escolho do apostolado medi\u00fanico? -O primeiro inimigo do m\u00e9dium reside dentro dele mesmo. Freq\u00fcentemente \u00e9 personalismo, \u00e9 a ambi\u00e7\u00e3o, a ignor\u00e2ncia &hellip; <a href=\"https:\/\/xn--regeneraoplanetria-dsb6a7f.com.br\/index.php\/falsos-profetas\/3-os-verdadeiros-inimigos-do-medium\/\">Continue lendo <span class=\"meta-nav\">&rarr;<\/span><\/a><\/p>\n","protected":false},"author":1,"featured_media":0,"parent":4206,"menu_order":0,"comment_status":"closed","ping_status":"closed","template":"","meta":{"footnotes":""},"class_list":["post-4215","page","type-page","status-publish","hentry"],"_links":{"self":[{"href":"https:\/\/xn--regeneraoplanetria-dsb6a7f.com.br\/index.php\/wp-json\/wp\/v2\/pages\/4215","targetHints":{"allow":["GET"]}}],"collection":[{"href":"https:\/\/xn--regeneraoplanetria-dsb6a7f.com.br\/index.php\/wp-json\/wp\/v2\/pages"}],"about":[{"href":"https:\/\/xn--regeneraoplanetria-dsb6a7f.com.br\/index.php\/wp-json\/wp\/v2\/types\/page"}],"author":[{"embeddable":true,"href":"https:\/\/xn--regeneraoplanetria-dsb6a7f.com.br\/index.php\/wp-json\/wp\/v2\/users\/1"}],"replies":[{"embeddable":true,"href":"https:\/\/xn--regeneraoplanetria-dsb6a7f.com.br\/index.php\/wp-json\/wp\/v2\/comments?post=4215"}],"version-history":[{"count":1,"href":"https:\/\/xn--regeneraoplanetria-dsb6a7f.com.br\/index.php\/wp-json\/wp\/v2\/pages\/4215\/revisions"}],"predecessor-version":[{"id":4216,"href":"https:\/\/xn--regeneraoplanetria-dsb6a7f.com.br\/index.php\/wp-json\/wp\/v2\/pages\/4215\/revisions\/4216"}],"up":[{"embeddable":true,"href":"https:\/\/xn--regeneraoplanetria-dsb6a7f.com.br\/index.php\/wp-json\/wp\/v2\/pages\/4206"}],"wp:attachment":[{"href":"https:\/\/xn--regeneraoplanetria-dsb6a7f.com.br\/index.php\/wp-json\/wp\/v2\/media?parent=4215"}],"curies":[{"name":"wp","href":"https:\/\/api.w.org\/{rel}","templated":true}]}}