{"id":4217,"date":"2016-06-27T10:28:41","date_gmt":"2016-06-27T13:28:41","guid":{"rendered":"http:\/\/xn--regeneraoplanetria-dsb6a7f.com.br\/?page_id=4217"},"modified":"2016-06-27T10:28:41","modified_gmt":"2016-06-27T13:28:41","slug":"4-entrevista-polemica-do-presidente-da-feb","status":"publish","type":"page","link":"https:\/\/xn--regeneraoplanetria-dsb6a7f.com.br\/index.php\/falsos-profetas\/4-entrevista-polemica-do-presidente-da-feb\/","title":{"rendered":"4 &#8211; Entrevista Pol\u00eamica do Presidente da FEB"},"content":{"rendered":"<p><strong>ENTREVISTA POL\u00caMICA DO PRESIDENTE FEB<\/strong><\/p>\n<p>A Federa\u00e7\u00e3o Esp\u00edrita Brasileira (FEB) elegeu no dia 21 de mar\u00e7o de 2015 o novo presidente, trata-se do companheiro Jorge Godinho Barreto Nery(foto), membro efetivo do Conselho Superior da institui\u00e7\u00e3o.<br \/>\nJorge Godinho presidiu o Centro Esp\u00edrita L\u00e9on Denis, no Rio de Janeiro, na d\u00e9cada de 1970. Profissionalmente, serviu por 48 anos \u00e0 For\u00e7a A\u00e9rea Brasileira (FAB), em que atingiu o posto de Tenente Brigadeiro, atualmente na reserva.<br \/>\nO presidente eleito discorre sobre v\u00e1rios assuntos, alguns deles claramente <strong>pol\u00eamicos (*)<\/strong>, conforme entrevista \u00a0publicada na \u00edntegra.<\/p>\n<p>Jorge Hessen (\u201cA luz na mente\u201d) \u2013 <em>Os princ\u00edpios institucionalizados (burocratizados) da Unifica\u00e7\u00e3o inibem o ide\u00e1rio da \u201cUNI\u00c3O\u201d espont\u00e2nea entre os esp\u00edritas?<\/em><\/p>\n<p>Jorge Godinho (\u201cPresidente da FEB\u201d) \u2013<strong> O ide\u00e1rio da Uni\u00e3o, como afirmado, \u00e9 espont\u00e2neo, ou seja, \u00e9 op\u00e7\u00e3o da livre determina\u00e7\u00e3o do ser humano, especificamente, dos esp\u00edritas. Desta forma, cada um de n\u00f3s expressamos este sentimento por op\u00e7\u00e3o, mas Jesus, nosso Mestre e Guia, convida aos que desejam ser seus disc\u00edpulos \u00e0 pr\u00e1tica desse ide\u00e1rio da UNI\u00c3O, quando nos recomenda: \u201cMeus disc\u00edpulos ser\u00e3o reconhecidos por muito se amarem.\u201d Se auguramos ser disc\u00edpulos do Cristo, ent\u00e3o, o ide\u00e1rio de \u201cUNI\u00c3O\u201d ser\u00e1 mantido em qualquer circunst\u00e2ncia.<\/strong><\/p>\n<p>Jorge Hessen (\u201cA luz na mente\u201d) \u2013<em> O modelo federativo \u00e9 importante, por\u00e9m boa parte dos dirigentes de casas esp\u00edritas nem sempre valorizam as a\u00e7\u00f5es dos \u00f3rg\u00e3os de Unifica\u00e7\u00e3o, atribuindo-lhes car\u00e1ter meramente administrativo, burocr\u00e1tico, com pouco sentido pr\u00e1tico. Considerando a sua experi\u00eancia doutrin\u00e1ria, quais as a\u00e7\u00f5es que pretende desenvolver para aproximar a FEB das casas Esp\u00edritas?<\/em><\/p>\n<p>Jorge Godinho (\u201cPresidente da FEB\u201d) \u2013 <strong>Antes, ressalto que a organiza\u00e7\u00e3o federativa n\u00e3o \u00e9 s\u00f3 importante, \u00e9 o programa ideal da Doutrina Esp\u00edrita no Brasil. \u00c9 para a grande obra de unifica\u00e7\u00e3o que a FEB envida todos os seus esfor\u00e7os, objetivando a vit\u00f3ria de Ismael nos cora\u00e7\u00f5es. Entretanto, respeitando a livre determina\u00e7\u00e3o individual, procuraremos sempre atenuar o vigor das dissens\u00f5es esterilizadoras, para nos unirmos na tarefa impessoal e comum de educar o pensamento do homem no Evangelho.<\/strong><\/p>\n<p>Jorge Hessen (\u201cA luz na mente\u201d) \u2013<em> O \u201cPacto \u00c1ureo\u201d ainda pode ser avaliado como o grande marco da Unifica\u00e7\u00e3o?<\/em><\/p>\n<p>Jorge Godinho (\u201cPresidente da FEB\u201d) \u2013<strong> \u00c9 o Pacto \u00c1ureo a express\u00e3o mais l\u00facida de entendimento e conc\u00f3rdia entre os esp\u00edritas, que podem divergir nas discuss\u00f5es das ideias, mas que n\u00e3o devem fazer da diverg\u00eancia motivo de disc\u00f3rdia, intoler\u00e2ncia e incompreens\u00e3o. O Pacto \u00c1ureo veio compatibilizar a viv\u00eancia da Doutrina dentro do princ\u00edpio da liberdade, sem jamais deixar de considerar o amor fraterno, a uni\u00e3o e a Unifica\u00e7\u00e3o. Ele foi e ser\u00e1 sempre o grande marco da Unifica\u00e7\u00e3o que consolidou os esfor\u00e7os iniciais de Bezerra de Menezes.<\/strong><\/p>\n<p>Jorge Hessen (\u201cA luz na mente\u201d) \u2013 <em>O livro inspirador do \u201cPacto\u201d -\u201cBrasil cora\u00e7\u00e3o do mundo\u2026\u201d conseguir\u00e1 \u201cUNIR\u201d o Movimento Esp\u00edrita Brasileiro ?<\/em><\/p>\n<p>Jorge Godinho (\u201cPresidente da FEB\u201d) \u2013 <strong>O Livro \u201cBrasil cora\u00e7\u00e3o do mundo, p\u00e1tria do evangelho\u201d veio esclarecer as origens remotas da forma\u00e7\u00e3o da P\u00e1tria do Evangelho com informa\u00e7\u00f5es colhidas nas tradi\u00e7\u00f5es do mundo espiritual e se destina a explicar a miss\u00e3o do Brasil no mundo moderno. Dessa forma, quando folheamos suas belas p\u00e1ginas e verificamos que o Brasil est\u00e1 destinado a suprir as necessidades materiais dos povos mais pobres do planeta e a facultar ao mundo inteiro uma express\u00e3o consoladora de cren\u00e7a e f\u00e9 raciocinada fica a dedu\u00e7\u00e3o l\u00f3gica de que essa tarefa n\u00e3o pode ser uma obra individual ou de personalismos incab\u00edveis, mas daqueles que se prop\u00f5em a estarem unidos e unificados no Evangelho do Senhor. (*)<\/strong><\/p>\n<p>Jorge Hessen (\u201cA luz na mente\u201d) \u2013 <em>Quais os grandes desafios vistos para o Movimento Esp\u00edrita Brasileiro?<\/em><\/p>\n<p>Jorge Godinho (\u201cPresidente da FEB\u201d) \u2013 <strong>Consolidar a manuten\u00e7\u00e3o da Uni\u00e3o e da fraternidade<\/strong>.<\/p>\n<p>Jorge Hessen (\u201cA luz na mente\u201d) \u2013<em> Diante da clara divis\u00e3o que existe no Movimento Esp\u00edrita, muitas vezes manifestada em posturas emocionalizadas e radicais, como a FEB deve conduzir objetiva e publicamente o tema Roustaing? Que iniciativas faltam para apaziguar \u00e2nimos?<\/em><\/p>\n<p>Jorge Godinho (\u201cPresidente da FEB\u201d) \u2013 <strong>N\u00e3o devemos esquecer que no Cap\u00edtulo 22 do Livro \u201cBrasil Cora\u00e7\u00e3o do mundo p\u00e1tria do evangelho\u201d, o esp\u00edrito Humberto de Campos narra que Jesus destacou um dos Seus grandes disc\u00edpulos, Allan Kardec, para vir \u00e0 Terra com a tarefa de organizar e compilar ensinamentos que seriam revelados, oferecendo um m\u00e9todo de observa\u00e7\u00e3o a todos os estudiosos do tempo e que o grande mission\u00e1rio, no seu maravilhoso esfor\u00e7o de s\u00edntese, contaria com a coopera\u00e7\u00e3o de uma pl\u00eaiade de auxiliares da sua obra, designados particularmente para coadjuv\u00e1-lo, nas individualidades de Jo\u00e3o Batista Roustaing, que organizaria o trabalho da f\u00e9; de L\u00e9on Denis, que efetuaria o desdobramento filos\u00f3fico; de Gabriel Delanne, que apresentaria a estrada cient\u00edfica e de Camille Flammarion, que abriria a cortina dos mundos, desenhando as maravilhas das paisagens celestes, cooperando assim na codifica\u00e7\u00e3o kardeciana no Velho Mundo e dilatando-a com os necess\u00e1rios complementos. (*)<\/strong><\/p>\n<p>Jorge Hessen (\u201cA luz na mente\u201d) \u2013<em> As obras de Roustaing permanecer\u00e3o sendo republicadas?<\/em><\/p>\n<p>Jorge Godinho (\u201cPresidente da FEB\u201d) \u2013 <strong>Sim. Jamais a FEB deixou de publica-las, desde a sua primeira edi\u00e7\u00e3o. N\u00e3o podemos olvidar que Allan Kardec, dentro da lucidez e do esp\u00edrito de grandeza que o caracterizam afirmou: proibir a leitura de um livro \u00e9 dar mostras de que o tememos. A Doutrina Esp\u00edrita \u00e9, por natureza, a doutrina da liberdade, da livre-escolha, nada imp\u00f5e, nada pro\u00edbe. O ap\u00f3stolo Paulo j\u00e1 recomendava em seu tempo: lede tudo e retende o que for bom. (*)<\/strong><\/p>\n<p>Jorge Hessen (\u201cA luz na mente\u201d) \u2013 <em>Como a Casa-Mater do Espiritismo deve enfrentar e proceder ante a prolifera\u00e7\u00e3o de livros \u201cdoutrin\u00e1rios\u201d de conte\u00fados confusos, especialmente pela Internet<\/em> ?<\/p>\n<p>Jorge Godinho (\u201cPresidente da FEB\u201d) \u2013 <strong>De acordo com o Evangelho. Respeitando, a liberdade de pensar e de agir, j\u00e1 que cada um \u00e9 respons\u00e1vel pelos seus atos e pela sua administra\u00e7\u00e3o.<\/strong><\/p>\n<p>Jorge Hessen (\u201cA luz na mente\u201d) \u2013<em> Considerando que sobre a FEB repousam muitas esperan\u00e7as, mas tamb\u00e9m expectativas, como atuar\u00e1 para se aproximar dos esp\u00edritas carentes e pouco instru\u00eddos na educa\u00e7\u00e3o formal, dado que representam expressivo estrato da sociedade brasileira?<\/em><\/p>\n<p>Jorge Godinho (\u201cPresidente da FEB\u201d) \u2013<strong> Pelo trabalho exercido com humildade e amor, na a\u00e7\u00e3o pac\u00edfica de educa\u00e7\u00e3o das criaturas na pr\u00e1tica genu\u00edna do bem e no exerc\u00edcio da caridade como entendia Jesus, conforme expresso na quest\u00e3o n\u00ba 886 de O Livro dos Esp\u00edritos: \u201cBenevol\u00eancia para com todos, indulg\u00eancia para as imperfei\u00e7\u00f5es dos outros, perd\u00e3o das ofensas\u201d<\/strong>.<\/p>\n<p>Jorge Hessen (\u201cA luz na mente\u201d) <em>\u2013 A inclus\u00e3o digital apresenta-se como meio prop\u00edcio para que os conte\u00fados das obras b\u00e1sicas e obras complementares, veiculados pela internet, a fim de que cheguem aos esp\u00edritas carentes com evidentes benef\u00edcios. Como a FEB poderia auxiliar os Centros Esp\u00edritas de periferia nessa quest\u00e3o?<\/em><\/p>\n<p>Jorge Godinho (\u201cPresidente da FEB\u201d) \u2013<strong> Disponibilizando o acesso a essas obras pelas mais variadas m\u00eddias e meios de comunica\u00e7\u00e3o existentes e apoiando o Movimento esp\u00edrita nas a\u00e7\u00f5es de aux\u00edlio e apoio aos Centros Esp\u00edritas.<\/strong><\/p>\n<p>Jorge Hessen (\u201cA luz na mente\u201d) \u2013<em> Ser\u00e1 que livros gratuitos na internet gerariam impacto financeiro, em se tratando de uma pr\u00e1tica comum atualmente?<\/em><\/p>\n<p>Jorge Godinho (\u201cPresidente da FEB\u201d) \u2013 <strong>\u00c9 um tema a ser apreciado. Esta iniciativa a FEB j\u00e1 tomou quando disponibiliza obras para download em seu portal.<\/strong><\/p>\n<p>Jorge Hessen (\u201cA luz na mente\u201d) \u2013 <em>Ser\u00e1 que os livros virtuais n\u00e3o dariam maior visibilidade ao portal da FEB, ou seja, n\u00e3o tornaria o site uma robusta ferramenta de divulga\u00e7\u00e3o da Nova Luz para o mundo?<\/em><\/p>\n<p>Jorge Godinho (\u201cPresidente da FEB\u201d) \u2013 <strong>Este \u00e9 um assunto em estudo na FEB e que merece aten\u00e7\u00e3o, porque vem ao encontro da sua finalidade: estudar, vivenciar e divulgar a Doutrina Esp\u00edrita. Para maiores esclarecimentos, a FEB j\u00e1 mant\u00e9m um cat\u00e1logo de e-books de mais de 120 t\u00edtulos, que ser\u00e1 ampliado a cada semana, com a disponibiliza\u00e7\u00e3o de outros t\u00edtulos, como forma alternativa de acessibilidade ao conte\u00fado esp\u00edrita.<\/strong><\/p>\n<p>Jorge Hessen (\u201cA luz na mente\u201d) \u2013<em> Allan Kardec comenta no item 334, cap. XXIX, d\u00b4O Livro dos M\u00e9diuns, que a forma\u00e7\u00e3o do n\u00facleo da grande fam\u00edlia esp\u00edrita um dia consorciaria todas as opini\u00f5es e uniria os homens por um \u00fanico sentimento: o da fraternidade. Estaria aqui o Codificador formulando alguma programa\u00e7\u00e3o doutrin\u00e1ria visando \u00e0 unidade dos esp\u00edritas por interm\u00e9dio de institui\u00e7\u00f5es colegiadas?<\/em><\/p>\n<p>Jorge Godinho (\u201cPresidente da FEB\u201d) \u2013 <strong>Entendo que o Codificador, nesse ponto, traz o cunho da caridade crist\u00e3, ao alertar os esp\u00edritas desejosos de se instru\u00edrem e vivenciarem os ensinos dos Esp\u00edritos a se unirem pelo sentimento de fraternidade, formando um n\u00facleo da grande fam\u00edlia esp\u00edrita pelos la\u00e7os da caridade.<\/strong><\/p>\n<p>Jorge Hessen (\u201cA luz na mente\u201d) \u2013 <em>Na condi\u00e7\u00e3o de rec\u00e9m-eleito presidente da FEB, considerando o des\u00edgnio da \u201cUNI\u00c3O\u201d, e compreendendo que v\u00e1rios membros do CFN tinham a esperan\u00e7a da reelei\u00e7\u00e3o do Ant\u00f4nio Cesar Perri, quais as estrat\u00e9gias a serem adotados visando asserenar e aglutinar tais membros do CFN?<\/em><\/p>\n<p>Jorge Godinho (\u201cPresidente da FEB\u201d) \u2013<strong> Paci\u00eancia e serenidade; humildade e amor; sacrif\u00edcio e devotamento; paz e resigna\u00e7\u00e3o<\/strong>.<\/p>\n<p>Jorge Hessen (\u201cA luz na mente\u201d) \u2013 <em>A sa\u00edda do ex-presidente da FEB comprometer\u00e1 a coordena\u00e7\u00e3o do projeto do CEI? Os novos dirigentes est\u00e3o em sintonia com o trabalho que o CEI vem realizando?<\/em><\/p>\n<p>Jorge Godinho (\u201cPresidente da FEB\u201d) \u2013<strong> As institui\u00e7\u00f5es permanecem com seus objetivos e finalidades, as pessoas s\u00e3o transit\u00f3rias e, portanto, os novos dirigentes conscientes desta realidade procurar\u00e3o a sintonia com o trabalho que vem sendo desenvolvido<\/strong>.<\/p>\n<p>Jorge Hessen (\u201cA luz na mente\u201d) \u2013 <em>O irm\u00e3o pretende partilhar com a comunidade esp\u00edrita, na forma de consultas, audi\u00eancias ou outros canais de comunica\u00e7\u00e3o, com o intuito de colher subs\u00eddios para tratar de mat\u00e9rias e temas importantes para o Movimento Esp\u00edrita, al\u00e9m, obviamente, dos canais e mecanismos formais j\u00e1 existentes?<\/em><\/p>\n<p>Jorge Godinho (\u201cPresidente da FEB\u201d) \u2013<strong> Estaremos sempre abertos \u00e0s contribui\u00e7\u00f5es que tratem de temas importantes emanadas de todos aqueles que desejam traze-las pessoalmente ou por interm\u00e9dio dos meios dispon\u00edveis de comunica\u00e7\u00e3o.<\/strong><\/p>\n<p>Jorge Hessen (\u201cA luz na mente\u201d) <em>\u2013 Como a FEB deve administrar as quest\u00f5es filos\u00f3ficas e cient\u00edficas dos fen\u00f4menos metaf\u00edsicos junto \u00e0s academias e a outras fontes de conhecimento da atualidade?<\/em><\/p>\n<p>Jorge Godinho (\u201cPresidente da FEB\u201d) \u2013<strong> N\u00e3o interferindo, nem cerceando a liberdade de pensar e agir de quem quer que seja.<\/strong><\/p>\n<p>Jorge Hessen (\u201cA luz na mente\u201d) \u2013<em> Com o crescente surgimento dessas entidades especializadas (Associa\u00e7\u00e3o esp\u00edrita de m\u00e9dicos, ju\u00edzes, jornalistas, psic\u00f3logos etc.) como deve se posicionar a FEB, considerando o aspecto restritivo e at\u00e9 elitista dessas entidades? Aceitar e incentivar, acreditando que se trata de um evento imprescind\u00edvel?<\/em><\/p>\n<p>Jorge Godinho (\u201cPresidente da FEB\u201d) \u2013 <strong>Quanto a este aspecto a FEB tem posi\u00e7\u00e3o clara e definida em seu Estatuto ao contemplar dispositivo que abriga as entidades especializadas de \u00e2mbito nacional no Conselho Federativo Nacional \u2013 CFN, e, como decorr\u00eancia do crescente aumento, aprovou, em 2014, a cria\u00e7\u00e3o do Conselho Nacional das Entidades Esp\u00edritas Especializadas da Federa\u00e7\u00e3o Esp\u00edrita Brasileira \u2013 CNE-FEB, como \u00f3rg\u00e3o de apoio t\u00e9cnico ao Movimento Esp\u00edrita Brasileiro.<\/strong><\/p>\n<p>Jorge Hessen (\u201cA luz na mente\u201d) \u2013 <em>Numa sociedade mercadol\u00f3gica\/mercantil em que eventos esp\u00edritas \u201cgrandiosos\u201d e pagos em geral se apresentam em n\u00fameros cada vez maiores, qual deve ser a atitude da FEB?<\/em><\/p>\n<p>Jorge Godinho (\u201cPresidente da FEB\u201d) \u2013 \u00a0<strong>A de prud\u00eancia e respeito, sem coniv\u00eancia, mas orientada pelo Evangelho.<\/strong><\/p>\n<p>Jorge Hessen (\u201cA luz na mente\u201d) \u2013<em> Suas palavras finais.<\/em><\/p>\n<p>Jorge Godinho (\u201cPresidente da FEB\u201d<strong>) \u2013 \u00a0Agrade\u00e7o a oportunidade, desejando que estejamos sempre irmanados numa doce alian\u00e7a de fraternidade e paz inabal\u00e1veis sob o amparo de Ismael e de Jesus.<\/strong><\/p>\n<p><strong><em>(*) Nota do entrevistador: a posi\u00e7\u00e3o do atual presidente da FEB no tocante \u00e0 obra de Roustaing, s.m.j., n\u00e3o \u00e9 aprovada pela ampla maioria dos esp\u00edritas brasileiros que a conhece e sequer \u00e9 adotada pelo Conselho Federativo Nacional da FEB e pelo Conselho Nacional de Entidades Especializadas da FEB.<\/em><\/strong><\/p>\n","protected":false},"excerpt":{"rendered":"<p>ENTREVISTA POL\u00caMICA DO PRESIDENTE FEB A Federa\u00e7\u00e3o Esp\u00edrita Brasileira (FEB) elegeu no dia 21 de mar\u00e7o de 2015 o novo presidente, trata-se do companheiro Jorge Godinho Barreto Nery(foto), membro efetivo do Conselho Superior da institui\u00e7\u00e3o. Jorge Godinho presidiu o Centro &hellip; <a href=\"https:\/\/xn--regeneraoplanetria-dsb6a7f.com.br\/index.php\/falsos-profetas\/4-entrevista-polemica-do-presidente-da-feb\/\">Continue lendo <span class=\"meta-nav\">&rarr;<\/span><\/a><\/p>\n","protected":false},"author":1,"featured_media":0,"parent":4206,"menu_order":0,"comment_status":"closed","ping_status":"closed","template":"","meta":{"footnotes":""},"class_list":["post-4217","page","type-page","status-publish","hentry"],"_links":{"self":[{"href":"https:\/\/xn--regeneraoplanetria-dsb6a7f.com.br\/index.php\/wp-json\/wp\/v2\/pages\/4217","targetHints":{"allow":["GET"]}}],"collection":[{"href":"https:\/\/xn--regeneraoplanetria-dsb6a7f.com.br\/index.php\/wp-json\/wp\/v2\/pages"}],"about":[{"href":"https:\/\/xn--regeneraoplanetria-dsb6a7f.com.br\/index.php\/wp-json\/wp\/v2\/types\/page"}],"author":[{"embeddable":true,"href":"https:\/\/xn--regeneraoplanetria-dsb6a7f.com.br\/index.php\/wp-json\/wp\/v2\/users\/1"}],"replies":[{"embeddable":true,"href":"https:\/\/xn--regeneraoplanetria-dsb6a7f.com.br\/index.php\/wp-json\/wp\/v2\/comments?post=4217"}],"version-history":[{"count":1,"href":"https:\/\/xn--regeneraoplanetria-dsb6a7f.com.br\/index.php\/wp-json\/wp\/v2\/pages\/4217\/revisions"}],"predecessor-version":[{"id":4218,"href":"https:\/\/xn--regeneraoplanetria-dsb6a7f.com.br\/index.php\/wp-json\/wp\/v2\/pages\/4217\/revisions\/4218"}],"up":[{"embeddable":true,"href":"https:\/\/xn--regeneraoplanetria-dsb6a7f.com.br\/index.php\/wp-json\/wp\/v2\/pages\/4206"}],"wp:attachment":[{"href":"https:\/\/xn--regeneraoplanetria-dsb6a7f.com.br\/index.php\/wp-json\/wp\/v2\/media?parent=4217"}],"curies":[{"name":"wp","href":"https:\/\/api.w.org\/{rel}","templated":true}]}}