{"id":4231,"date":"2016-06-29T21:32:49","date_gmt":"2016-06-30T00:32:49","guid":{"rendered":"http:\/\/xn--regeneraoplanetria-dsb6a7f.com.br\/?page_id=4231"},"modified":"2016-06-29T21:34:12","modified_gmt":"2016-06-30T00:34:12","slug":"o-livro-dos-espiritos","status":"publish","type":"page","link":"https:\/\/xn--regeneraoplanetria-dsb6a7f.com.br\/index.php\/o-livro-dos-espiritos\/","title":{"rendered":"O Livro dos Esp\u00edritos"},"content":{"rendered":"<p><strong>O Livro dos Esp\u00edritos<\/strong><\/p>\n<p><strong>Filosofia Espiritualista<\/strong><\/p>\n<p>Contendo<\/p>\n<p><strong>Os princ\u00edpios da Doutrina Esp\u00edrita<\/strong><\/p>\n<p>sobre a imortalidade da alma, a natureza dos Esp\u00edritos e suas rela\u00e7\u00f5es com os homens, as leis morais, a vida presente, a vida futura e o porvir da humanidade \u2013 segundo o ensinamento dos Esp\u00edritos superiores, atrav\u00e9s de diversos m\u00e9diuns, recebidos e ordenados por<\/p>\n<p><strong>Allan Kardec<\/strong><\/p>\n<p>Tradu\u00e7\u00e3o de<br \/>\nRenata Barbosa da Silva e<br \/>\nSimone T. Nakamura Bele da Silva<\/p>\n<p>Edi\u00e7\u00e3o Petit Editora<\/p>\n<p>(Anexo a edi\u00e7\u00e3o completa do LE em Word)<\/p>\n","protected":false},"excerpt":{"rendered":"<p>O Livro dos Esp\u00edritos Filosofia Espiritualista Contendo Os princ\u00edpios da Doutrina Esp\u00edrita sobre a imortalidade da alma, a natureza dos Esp\u00edritos e suas rela\u00e7\u00f5es com os homens, as leis morais, a vida presente, a vida futura e o porvir da &hellip; <a href=\"https:\/\/xn--regeneraoplanetria-dsb6a7f.com.br\/index.php\/o-livro-dos-espiritos\/\">Continue lendo <span class=\"meta-nav\">&rarr;<\/span><\/a><\/p>\n","protected":false},"author":1,"featured_media":0,"parent":0,"menu_order":15,"comment_status":"closed","ping_status":"closed","template":"","meta":{"footnotes":""},"class_list":["post-4231","page","type-page","status-publish","hentry"],"_links":{"self":[{"href":"https:\/\/xn--regeneraoplanetria-dsb6a7f.com.br\/index.php\/wp-json\/wp\/v2\/pages\/4231","targetHints":{"allow":["GET"]}}],"collection":[{"href":"https:\/\/xn--regeneraoplanetria-dsb6a7f.com.br\/index.php\/wp-json\/wp\/v2\/pages"}],"about":[{"href":"https:\/\/xn--regeneraoplanetria-dsb6a7f.com.br\/index.php\/wp-json\/wp\/v2\/types\/page"}],"author":[{"embeddable":true,"href":"https:\/\/xn--regeneraoplanetria-dsb6a7f.com.br\/index.php\/wp-json\/wp\/v2\/users\/1"}],"replies":[{"embeddable":true,"href":"https:\/\/xn--regeneraoplanetria-dsb6a7f.com.br\/index.php\/wp-json\/wp\/v2\/comments?post=4231"}],"version-history":[{"count":3,"href":"https:\/\/xn--regeneraoplanetria-dsb6a7f.com.br\/index.php\/wp-json\/wp\/v2\/pages\/4231\/revisions"}],"predecessor-version":[{"id":4234,"href":"https:\/\/xn--regeneraoplanetria-dsb6a7f.com.br\/index.php\/wp-json\/wp\/v2\/pages\/4231\/revisions\/4234"}],"wp:attachment":[{"href":"https:\/\/xn--regeneraoplanetria-dsb6a7f.com.br\/index.php\/wp-json\/wp\/v2\/media?parent=4231"}],"curies":[{"name":"wp","href":"https:\/\/api.w.org\/{rel}","templated":true}]}}