{"id":4270,"date":"2016-06-29T22:01:33","date_gmt":"2016-06-30T01:01:33","guid":{"rendered":"http:\/\/xn--regeneraoplanetria-dsb6a7f.com.br\/?page_id=4270"},"modified":"2016-06-29T22:01:33","modified_gmt":"2016-06-30T01:01:33","slug":"cap-10-558-a-584-ocupacoes-e-missoes-dos-espiritos","status":"publish","type":"page","link":"https:\/\/xn--regeneraoplanetria-dsb6a7f.com.br\/index.php\/o-livro-dos-espiritos\/4-parte-segunda-mundo-espirita-ou-dos-espiritos\/cap-10-558-a-584-ocupacoes-e-missoes-dos-espiritos\/","title":{"rendered":"Cap 10 &#8211; 558 a 584 &#8211; ocupa\u00e7\u00f5es e miss\u00f5es dos esp\u00edritos"},"content":{"rendered":"<p><strong>Parte Segunda \u2013 Cap\u00edtulo 10<\/strong><\/p>\n<p><strong>Ocupa\u00e7\u00f5es e miss\u00f5es dos esp\u00edritos<\/strong><\/p>\n<p><strong>558 Os Esp\u00edritos fazem outra coisa al\u00e9m de se aperfei\u00e7oar individualmente? <\/strong><\/p>\n<p>\u2013 Eles concorrem para a harmonia do universo ao executar os des\u00edgnios de Deus, de quem s\u00e3o os ministros. A vida esp\u00edrita \u00e9 uma ocupa\u00e7\u00e3o cont\u00ednua, mas n\u00e3o \u00e9 sofrida, como na Terra, porque n\u00e3o h\u00e1 o cansa\u00e7o corporal, nem as ang\u00fastias da necessidade.<\/p>\n<p><strong>559 Os Esp\u00edritos inferiores e imperfeitos tamb\u00e9m cumprem um papel \u00fatil no universo?<\/strong><\/p>\n<p>\u2013 Todos t\u00eam deveres a cumprir. O \u00faltimo dos pedreiros n\u00e3o participa na constru\u00e7\u00e3o de um edif\u00edcio tanto quanto um arquiteto? (Veja a quest\u00e3o 540.)<\/p>\n<p><strong>560 Cada um dos Esp\u00edritos tem atribui\u00e7\u00f5es especiais?<\/strong><\/p>\n<p>\u2013 Todos n\u00f3s devemos habitar em todos os lugares e adquirir o conhecimento de todas as coisas ao exercer fun\u00e7\u00f5es sucessivas e em todas as partes do universo. Mas, como est\u00e1 dito no Eclesiastes<a href=\"http:\/\/www.espirito.org.br\/portal\/codificacao\/le\/le-2-10.html#1\"><sup>1<\/sup><\/a>, h\u00e1 um tempo para tudo; assim, um cumpre hoje sua miss\u00e3o neste mundo, outro o cumprir\u00e1 ou cumpriu em uma outra \u00e9poca, na terra, na \u00e1gua, no ar, etc.<\/p>\n<p><strong>561 As fun\u00e7\u00f5es que os Esp\u00edritos realizam na ordem das coisas s\u00e3o permanentes para cada um e est\u00e3o nas atribui\u00e7\u00f5es exclusivas de algumas classes?<\/strong><\/p>\n<p>\u2013 Todos devem percorrer os diferentes graus da escala para se aperfei\u00e7oar. Deus, que \u00e9 justo, n\u00e3o poderia dar a uns a ci\u00eancia sem trabalho enquanto outros a adquirem apenas com esfor\u00e7o.<\/p>\n<p><em>\u263c<\/em> <em>O mesmo ocorre entre os homens: ningu\u00e9m chega ao grau supremo de habilidade numa arte qualquer sem ter adquirido os conhecimentos necess\u00e1rios na pr\u00e1tica dos princ\u00edpios dessa arte. <\/em><\/p>\n<p><strong>562 Os Esp\u00edritos de ordem mais elevada, n\u00e3o tendo mais nada a adquirir, est\u00e3o numa esp\u00e9cie de repouso absoluto ou tamb\u00e9m t\u00eam ocupa\u00e7\u00f5es?<\/strong><\/p>\n<p>\u2013 O que querer\u00edeis que fizessem durante a eternidade? A ociosidade eterna seria um supl\u00edcio eterno.<\/p>\n<p><strong>562 a Qual a natureza de suas ocupa\u00e7\u00f5es?<\/strong><\/p>\n<p>\u2013 Receber diretamente as ordens de Deus, transmiti-las em todo o universo e velar pela sua execu\u00e7\u00e3o.<\/p>\n<p><strong>563 As ocupa\u00e7\u00f5es dos Esp\u00edritos s\u00e3o incessantes?<\/strong><\/p>\n<p>\u2013 Incessantes, sim, entendendo-se que seu pensamento \u00e9 sempre ativo, pois vivem pelo pensamento. Mas \u00e9 preciso n\u00e3o comparar as ocupa\u00e7\u00f5es dos Esp\u00edritos \u00e0s ocupa\u00e7\u00f5es materiais dos homens. A atividade \u00e9 para eles um prazer, pela consci\u00eancia que t\u00eam de serem \u00fateis.<\/p>\n<p><strong>563 a Isso se concebe para os bons Esp\u00edritos; mas ocorre o mesmo com os Esp\u00edritos inferiores?<\/strong><\/p>\n<p>\u2013 Os Esp\u00edritos inferiores t\u00eam ocupa\u00e7\u00f5es apropriadas \u00e0 sua natureza. Acaso confiais ao aprendiz e ao ignorante os trabalhos do homem de intelig\u00eancia?<\/p>\n<p><strong>564 Entre os Esp\u00edritos h\u00e1 os que s\u00e3o ociosos ou que n\u00e3o se ocupam com nenhuma coisa \u00fatil?<\/strong><\/p>\n<p>\u2013 Sim, mas esse estado \u00e9 tempor\u00e1rio e depende do desenvolvimento de sua intelig\u00eancia. Certamente h\u00e1, como entre os homens, os que vivem somente para si mesmos; mas essa ociosidade lhes pesa e cedo ou tarde o desejo de avan\u00e7ar lhes faz sentir que a atividade \u00e9 necess\u00e1ria e ficam felizes em se tornar \u00fateis. Falamos dos Esp\u00edritos que atingiram o ponto de ter consci\u00eancia de si mesmos e de seu livre-arb\u00edtrio. Em sua origem, nesse despertar, s\u00e3o como crian\u00e7as que acabam de nascer e que agem mais por instinto do que por vontade determinada.<\/p>\n<p><strong>565 Os Esp\u00edritos examinam nossos trabalhos de arte e se interessam por eles?<\/strong><\/p>\n<p>\u2013 Examinam o que possa provar a eleva\u00e7\u00e3o dos Esp\u00edritos e seu progresso.<\/p>\n<p><strong>566 Um Esp\u00edrito que teve uma especialidade na Terra, um pintor, um arquiteto, por exemplo, se interessa pelos trabalhos de sua predile\u00e7\u00e3o durante a vida?<\/strong><\/p>\n<p>\u2013 Tudo se confunde num objetivo geral. Sendo bom, se interessa tanto quanto lhe \u00e9 permitido se ocupar em ajudar as almas a se elevarem at\u00e9 Deus. Esqueceis, ali\u00e1s, que um Esp\u00edrito que praticou uma arte na exist\u00eancia em que o conhecestes pode ter praticado uma outra em anterior exist\u00eancia, porque \u00e9 preciso que saiba tudo para ser perfeito. Assim, conforme o grau de seu adiantamento, pode n\u00e3o haver mais especialidade para ele; \u00e9 o que quis dizer, afirmando que tudo se confunde em um objetivo geral. Notai ainda isso: o que \u00e9 sublime para vosso mundo atrasado \u00e9 apenas criancice nos mundos mais avan\u00e7ados. Como quereis que os Esp\u00edritos que habitam esses mundos onde existem artes desconhecidas para v\u00f3s admirem o que para eles \u00e9 somente obra de um estudante? \u00c9 como vos disse: eles se interessam por tudo que pode revelar o progresso.<\/p>\n<p><strong>566 a Concebemos que deve ser assim para os Esp\u00edritos mais avan\u00e7ados; falamos, contudo, dos Esp\u00edritos comuns que ainda n\u00e3o se elevaram acima das id\u00e9ias terrenas.<\/strong><\/p>\n<p>\u2013 Para estes \u00e9 diferente; o ponto de vista sob o qual observam tudo \u00e9 mais limitado e podem admirar o que v\u00f3s mesmos admirais.<\/p>\n<p><strong>567 Os Esp\u00edritos se intrometem, algumas vezes, em nossas ocupa\u00e7\u00f5es e prazeres? <\/strong><\/p>\n<p>\u2013 Os Esp\u00edritos comuns, sim; estes est\u00e3o sem cessar ao vosso redor e algumas vezes tomam parte ativa no que fazeis, conforme sua natureza, e isso \u00e9 necess\u00e1rio para estimular os homens nos diferentes caminhos da vida, excitar ou moderar suas paix\u00f5es.<\/p>\n<p><em>\u263c<\/em> <em>Os Esp\u00edritos se ocupam das coisas deste mundo em raz\u00e3o de sua eleva\u00e7\u00e3o ou inferioridade. Os Esp\u00edritos Superiores t\u00eam, sem d\u00favida, a condi\u00e7\u00e3o para consider\u00e1-las nos menores detalhes, mas fazem isso somente quando for \u00fatil ao progresso; s\u00f3 os Esp\u00edritos inferiores d\u00e3o uma import\u00e2ncia relativa \u00e0s lembran\u00e7as ainda presentes na sua mem\u00f3ria e \u00e0s id\u00e9ias materiais que ainda n\u00e3o est\u00e3o apagadas. <\/em><\/p>\n<p><strong>568 Os Esp\u00edritos que t\u00eam miss\u00f5es as cumprem no estado errante ou encarnados? <\/strong><\/p>\n<p>\u2013 Podem t\u00ea-las em ambos os estados; para alguns Esp\u00edritos errantes \u00e9 uma grande ocupa\u00e7\u00e3o.<\/p>\n<p><strong>569 Em que consistem as miss\u00f5es de que podem estar encarregados os Esp\u00edritos errantes?<\/strong><\/p>\n<p>\u2013 S\u00e3o t\u00e3o variadas que seria imposs\u00edvel descrev\u00ea-las; al\u00e9m do que, n\u00e3o as podeis compreender. Os Esp\u00edritos executam as vontades de Deus e n\u00e3o podeis penetrar nos seus des\u00edgnios.<\/p>\n<p><em>\u263c<\/em> <em>As miss\u00f5es dos Esp\u00edritos sempre t\u00eam por objetivo o bem. Estejam ou n\u00e3o encarnados, eles s\u00e3o encarregados de ajudar no progresso da humanidade, dos povos ou dos indiv\u00edduos, num c\u00edrculo de id\u00e9ias mais ou menos amplas, mais ou menos especiais, de preparar os caminhos para alguns acontecimentos, zelar pelo cumprimento de algumas coisas. Alguns t\u00eam miss\u00f5es mais restritas e de algum modo pessoais ou locais, como assistir aos doentes, agonizantes e aflitos, velar por aqueles de quem se fizeram guias e protetores, dirigi-los com os seus conselhos ou pelos bons pensamentos que lhes sugerem. Pode-se dizer que h\u00e1 tantos g\u00eaneros de miss\u00f5es quantas as esp\u00e9cies de interesses a vigiar, no mundo f\u00edsico ou no moral. O Esp\u00edrito avan\u00e7a de acordo com a maneira com que realiza sua tarefa. <\/em><\/p>\n<p><strong>570 Os Esp\u00edritos sempre t\u00eam consci\u00eancia dos des\u00edgnios que s\u00e3o encarregados de executar?<\/strong><\/p>\n<p>\u2013 N\u00e3o; h\u00e1 os que s\u00e3o instrumentos cegos, mas outros sabem muito bem com que objetivo agem.<\/p>\n<p><strong>571 Somente os Esp\u00edritos elevados cumprem miss\u00f5es?<\/strong><\/p>\n<p>\u2013 A import\u00e2ncia das miss\u00f5es depende da capacidade e eleva\u00e7\u00e3o do Esp\u00edrito. O estafeta<a href=\"http:\/\/www.espirito.org.br\/portal\/codificacao\/le\/le-2-10.html#2\"><sup>2<\/sup><\/a> que leva uma mensagem cumpre tamb\u00e9m uma miss\u00e3o, mas n\u00e3o \u00e9 a mesma do general.<\/p>\n<p><strong>572 A miss\u00e3o \u00e9 imposta a um Esp\u00edrito ou depende de sua vontade?<\/strong><\/p>\n<p>\u2013 Ele a pede e fica feliz por obt\u00ea-la.<\/p>\n<p><strong>572 a A mesma miss\u00e3o pode ser pedida por v\u00e1rios Esp\u00edritos?<\/strong><\/p>\n<p>\u2013 Sim, muitas vezes, h\u00e1 v\u00e1rios candidatos, mas nem todos s\u00e3o aceitos.<\/p>\n<p><strong>573 Em que consiste a miss\u00e3o dos Esp\u00edritos quando encarnados?<\/strong><\/p>\n<p>\u2013 Instruir os homens, ajudar em seu adiantamento, melhorar suas institui\u00e7\u00f5es pelos meios diretos e materiais; mas as miss\u00f5es s\u00e3o mais ou menos gerais e importantes: aquele que cultiva a terra realiza uma miss\u00e3o, como aquele que governa ou que instrui. Tudo se encadeia na Natureza; ao mesmo tempo que o Esp\u00edrito se depura pela encarna\u00e7\u00e3o, concorre, dessa forma, para a realiza\u00e7\u00e3o dos des\u00edgnios da Provid\u00eancia. Cada um tem sua miss\u00e3o na Terra, cada um pode ser \u00fatil para alguma coisa.<\/p>\n<p><strong>574 Qual pode ser a miss\u00e3o das pessoas voluntariamente in\u00fateis na Terra? <\/strong><\/p>\n<p>\u2013 H\u00e1, realmente, pessoas que vivem somente para si mesmas e n\u00e3o sabem se tornar \u00fateis para nada. S\u00e3o pobres seres dignos de compaix\u00e3o, porque expiar\u00e3o cruelmente sua inutilidade volunt\u00e1ria e, muitas vezes, seu castigo come\u00e7a na Terra, pelo t\u00e9dio e desgosto da vida.<\/p>\n<p><strong>574 a Uma vez que fizeram a escolha, por que preferiram uma vida sem nenhum proveito?<\/strong><\/p>\n<p>\u2013 Entre os Esp\u00edritos h\u00e1 tamb\u00e9m pregui\u00e7osos que recuam diante de uma vida de trabalho. Deus lhes permite assim agir. Compreender\u00e3o mais tarde e \u00e0 sua custa os inconvenientes de sua inutilidade e ser\u00e3o os primeiros a pedir para reparar o tempo perdido. Pode ocorrer tamb\u00e9m que tenham escolhido uma vida mais \u00fatil; por\u00e9m, uma vez encarnados, recuam e se deixam levar por Esp\u00edritos que os induzem \u00e0 ociosidade.<\/p>\n<p><strong>575 As ocupa\u00e7\u00f5es comuns mais nos parecem deveres do que miss\u00f5es propriamente ditas. A miss\u00e3o, conforme a id\u00e9ia ligada a essa palavra, tem um car\u00e1ter menos exclusivo e, principalmente, menos pessoal. Sob esse ponto de vista, como reconhecer que um homem tenha uma miss\u00e3o sobre a Terra?<\/strong><\/p>\n<p>\u2013 Pelas grandes coisas que realiza, pelo progresso a que conduz seus semelhantes.<\/p>\n<p><strong>576 Os homens que t\u00eam uma miss\u00e3o importante s\u00e3o predestinados antes de seu nascimento e t\u00eam conhecimento disso?<\/strong><\/p>\n<p>\u2013 Algumas vezes, sim; na maioria das vezes, a ignoram. T\u00eam apenas um objetivo vago ao vir \u00e0 Terra; sua miss\u00e3o se revela ap\u00f3s seu nascimento e de acordo com as circunst\u00e2ncias. Deus os direciona para o caminho onde devem cumprir seus des\u00edgnios.<\/p>\n<p><strong>577 Quando um homem faz algo \u00fatil, \u00e9 sempre por uma miss\u00e3o anterior e predestinada, ou pode receber uma miss\u00e3o n\u00e3o prevista?<\/strong><\/p>\n<p>\u2013 Nem tudo que um homem faz \u00e9 resultado de uma miss\u00e3o predestinada; ele \u00e9, muitas vezes, o instrumento de que um Esp\u00edrito se serve para executar algo \u00fatil. Por exemplo, um Esp\u00edrito julga que seria bom escrever um livro que ele mesmo faria se estivesse encarnado; ent\u00e3o, procura o escritor mais apto a compreender seu pensamento e execut\u00e1-lo e lhe d\u00e1 a id\u00e9ia, dirigindo-o na execu\u00e7\u00e3o. Por\u00e9m, esse homem n\u00e3o veio \u00e0 Terra com a miss\u00e3o de fazer essa obra. Ocorre o mesmo com alguns trabalhos de arte e as descobertas. \u00c9 preciso dizer ainda que, durante o sono do corpo, o Esp\u00edrito encarnado se comunica diretamente com o Esp\u00edrito desencarnado errante e se entendem sobre a execu\u00e7\u00e3o de tarefas.<\/p>\n<p><strong>578 O Esp\u00edrito pode falhar em sua miss\u00e3o por sua pr\u00f3pria culpa?<\/strong><\/p>\n<p>\u2013 Sim, se n\u00e3o \u00e9 um Esp\u00edrito Superior.<\/p>\n<p><strong>578 a Quais s\u00e3o as conseq\u00fc\u00eancias disso?<\/strong><\/p>\n<p>\u2013 Ser\u00e1 preciso refazer sua tarefa: est\u00e1 a\u00ed sua puni\u00e7\u00e3o; tamb\u00e9m sofrer\u00e1 as conseq\u00fc\u00eancias do mal que tiver causado.<\/p>\n<p><strong>579 Uma vez que o Esp\u00edrito recebe sua miss\u00e3o de Deus, como Deus pode confiar uma miss\u00e3o importante e de interesse geral a um Esp\u00edrito que poderia falhar?<\/strong><\/p>\n<p>\u2013 Deus n\u00e3o sabe se seu general ter\u00e1 a vit\u00f3ria ou se ser\u00e1 vencido? Ele o sabe, estejais certos disso, e seus planos, quando s\u00e3o importantes, n\u00e3o s\u00e3o confiados aos que podem abandonar sua obra no meio. Toda a quest\u00e3o est\u00e1 no conhecimento do futuro que Deus possui, mas que n\u00e3o vos \u00e9 dado a conhecer.<\/p>\n<p><strong>580 O Esp\u00edrito que encarna para cumprir uma miss\u00e3o tem a mesma apreens\u00e3o daquele que o faz como prova?<\/strong><\/p>\n<p>\u2013 N\u00e3o, ele j\u00e1 tem a experi\u00eancia.<\/p>\n<p><strong>581 Os homens que s\u00e3o a luz do g\u00eanero humano, que o clareiam por seu g\u00eanio, t\u00eam certamente uma miss\u00e3o; mas entre eles h\u00e1 os que erram e, ao lado das grandes verdades, propagam grandes erros. Como se deve considerar a miss\u00e3o desses homens? <\/strong><\/p>\n<p>\u2013 Como enganados por eles mesmos. Est\u00e3o abaixo da tarefa a que se propuseram. \u00c9 preciso, entretanto, se dar conta das circunst\u00e2ncias; os homens de g\u00eanio devem falar conforme os tempos, e um ensinamento que se considera err\u00f4neo ou infantil para uma \u00e9poca avan\u00e7ada podia ser suficiente para o s\u00e9culo em que foi divulgado.<\/p>\n<p><strong>582 Pode a paternidade ser considerada uma miss\u00e3o?<\/strong><\/p>\n<p>\u2013 \u00c9, sem d\u00favida, uma miss\u00e3o, e \u00e9 ao mesmo tempo um dever muito grande que obriga, mais que o homem pensa, sua responsabilidade diante do futuro. Deus colocou a crian\u00e7a sob a tutela de seus pais para que esses a dirijam no caminho do bem, e facilitou a tarefa, dando \u00e0 crian\u00e7a um organismo fr\u00e1gil e delicado que a torna acess\u00edvel a todas as influ\u00eancias. Mas h\u00e1 os que se ocupam mais em endireitar as \u00e1rvores de seu pomar e as fazer produzir bons frutos do que endireitar o car\u00e1ter de seu filho. Se esse fracassa por erro deles, carregar\u00e3o a pena e os sofrimentos do filho na vida futura, que recair\u00e3o sobre eles, porque n\u00e3o fizeram o que deles dependia para seu adiantamento no caminho do bem.<\/p>\n<p><strong>583 Se uma crian\u00e7a se torna m\u00e1, apesar dos cuidados de seus pais, eles s\u00e3o respons\u00e1veis?<\/strong><\/p>\n<p>\u2013 N\u00e3o; por\u00e9m quanto mais as disposi\u00e7\u00f5es da crian\u00e7a s\u00e3o m\u00e1s, mais a tarefa \u00e9 dif\u00edcil e maior ser\u00e1 o m\u00e9rito se conseguirem desvi\u00e1-la do caminho do mal.<\/p>\n<p><strong>583 a Se uma crian\u00e7a se torna um homem de bem, apesar da neglig\u00eancia ou dos maus exemplos de seus pais, eles se beneficiam de alguma forma disso?<\/strong><\/p>\n<p>\u2013 Deus \u00e9 justo.<\/p>\n<p><strong>584 Qual pode ser a natureza da miss\u00e3o do conquistador, que tem em vista apenas satisfazer sua ambi\u00e7\u00e3o, e para atingir esse objetivo, n\u00e3o recua diante das calamidades que ocasiona?<\/strong><\/p>\n<p>\u2013 \u00c9, na maioria das vezes, apenas um instrumento de que Deus se serve para a realiza\u00e7\u00e3o de seus des\u00edgnios, e essas calamidades s\u00e3o algumas vezes um meio de fazer um povo avan\u00e7ar mais rapidamente.<\/p>\n<p><strong>584 a Aquele que \u00e9 o instrumento dessas calamidades passageiras \u00e9 estranho ao bem que pode resultar disso, uma vez que visava a um objetivo apenas pessoal; apesar disso, se aproveitar\u00e1 desse bem?<\/strong><\/p>\n<p>\u2013 Cada um \u00e9 recompensado de acordo com suas obras, o bem que quis fazer e a retid\u00e3o de suas inten\u00e7\u00f5es.<\/p>\n<p><em>\u263c<\/em> <em>Os Esp\u00edritos encarnados t\u00eam ocupa\u00e7\u00f5es relacionadas \u00e0 sua exist\u00eancia corporal. No estado de erraticidade, quando n\u00e3o est\u00e3o encarnados, essas ocupa\u00e7\u00f5es s\u00e3o proporcionais ao grau de seu adiantamento. Uns percorrem os mundos, se instruem e se preparam para uma nova encarna\u00e7\u00e3o. Outros, mais avan\u00e7ados, se ocupam do progresso ao dirigir os acontecimentos e sugerir pensamentos favor\u00e1veis; assistem os homens de g\u00eanio que concorrem para o adiantamento da humanidade. Outros encarnam com uma miss\u00e3o de progresso. Outros tomam sob sua prote\u00e7\u00e3o os indiv\u00edduos, as fam\u00edlias, as reuni\u00f5es, as cidades e os povos, dos quais s\u00e3o os anjos de guarda, os g\u00eanios protetores e os Esp\u00edritos familiares. Outros, enfim, dirigem os fen\u00f4menos da natureza, de que s\u00e3o os agentes diretos. <\/em><\/p>\n<p><em>Os Esp\u00edritos comuns se misturam \u00e0s nossas ocupa\u00e7\u00f5es e aos nossos divertimentos. <\/em><\/p>\n<p><em>Os Esp\u00edritos imperfeitos permanecem em sofrimentos e ang\u00fastias, at\u00e9 o momento em que Deus permita lhes proporcionar os meios de avan\u00e7ar. Se fazem o mal, \u00e9 por despeito de ainda n\u00e3o poderem desfrutar do bem. <\/em><\/p>\n<ol>\n<li><strong>Eclesiastes<\/strong>: livro do Antigo Testamento escrito por Salom\u00e3o. \u00c9 tamb\u00e9m conhecido como o <em>Livro da Sabedoria<\/em> (N. E.).<\/li>\n<li><strong>Estafeta<\/strong>: entregador de cartas, telegramas, etc. Neste caso, significa aquele que conduz ou realiza determinado trabalho (N. E.).<\/li>\n<\/ol>\n<p>&nbsp;<\/p>\n","protected":false},"excerpt":{"rendered":"<p>Parte Segunda \u2013 Cap\u00edtulo 10 Ocupa\u00e7\u00f5es e miss\u00f5es dos esp\u00edritos 558 Os Esp\u00edritos fazem outra coisa al\u00e9m de se aperfei\u00e7oar individualmente? \u2013 Eles concorrem para a harmonia do universo ao executar os des\u00edgnios de Deus, de quem s\u00e3o os ministros. &hellip; <a href=\"https:\/\/xn--regeneraoplanetria-dsb6a7f.com.br\/index.php\/o-livro-dos-espiritos\/4-parte-segunda-mundo-espirita-ou-dos-espiritos\/cap-10-558-a-584-ocupacoes-e-missoes-dos-espiritos\/\">Continue lendo <span class=\"meta-nav\">&rarr;<\/span><\/a><\/p>\n","protected":false},"author":1,"featured_media":0,"parent":4250,"menu_order":0,"comment_status":"closed","ping_status":"closed","template":"","meta":{"footnotes":""},"class_list":["post-4270","page","type-page","status-publish","hentry"],"_links":{"self":[{"href":"https:\/\/xn--regeneraoplanetria-dsb6a7f.com.br\/index.php\/wp-json\/wp\/v2\/pages\/4270","targetHints":{"allow":["GET"]}}],"collection":[{"href":"https:\/\/xn--regeneraoplanetria-dsb6a7f.com.br\/index.php\/wp-json\/wp\/v2\/pages"}],"about":[{"href":"https:\/\/xn--regeneraoplanetria-dsb6a7f.com.br\/index.php\/wp-json\/wp\/v2\/types\/page"}],"author":[{"embeddable":true,"href":"https:\/\/xn--regeneraoplanetria-dsb6a7f.com.br\/index.php\/wp-json\/wp\/v2\/users\/1"}],"replies":[{"embeddable":true,"href":"https:\/\/xn--regeneraoplanetria-dsb6a7f.com.br\/index.php\/wp-json\/wp\/v2\/comments?post=4270"}],"version-history":[{"count":1,"href":"https:\/\/xn--regeneraoplanetria-dsb6a7f.com.br\/index.php\/wp-json\/wp\/v2\/pages\/4270\/revisions"}],"predecessor-version":[{"id":4271,"href":"https:\/\/xn--regeneraoplanetria-dsb6a7f.com.br\/index.php\/wp-json\/wp\/v2\/pages\/4270\/revisions\/4271"}],"up":[{"embeddable":true,"href":"https:\/\/xn--regeneraoplanetria-dsb6a7f.com.br\/index.php\/wp-json\/wp\/v2\/pages\/4250"}],"wp:attachment":[{"href":"https:\/\/xn--regeneraoplanetria-dsb6a7f.com.br\/index.php\/wp-json\/wp\/v2\/media?parent=4270"}],"curies":[{"name":"wp","href":"https:\/\/api.w.org\/{rel}","templated":true}]}}