{"id":4276,"date":"2016-06-29T22:06:01","date_gmt":"2016-06-30T01:06:01","guid":{"rendered":"http:\/\/xn--regeneraoplanetria-dsb6a7f.com.br\/?page_id=4276"},"modified":"2016-06-29T22:17:08","modified_gmt":"2016-06-30T01:17:08","slug":"cap-1-614-a-648-lei-divina-ou-natural","status":"publish","type":"page","link":"https:\/\/xn--regeneraoplanetria-dsb6a7f.com.br\/index.php\/o-livro-dos-espiritos\/5-parte-terceira-leis-morais\/cap-1-614-a-648-lei-divina-ou-natural\/","title":{"rendered":"Cap 01 &#8211; 614 a 648 &#8211; Lei Divina ou Natural"},"content":{"rendered":"<p><strong>Cap\u00edtulo 1 \u2013 Lei divina ou natural<\/strong><\/p>\n<p>Caracter\u00edsticas da lei natural \u2013 Origem e conhecimento da lei natural \u2013 O bem e o mal \u2013 Divis\u00e3o da lei natural<\/p>\n<p><strong>Caracter\u00edsticas da lei natural<\/strong><\/p>\n<p><strong>614 O que se deve entender por lei natural?<\/strong><\/p>\n<p>\u2013 A lei natural \u00e9 a lei de Deus. \u00c9 a \u00fanica verdadeira para a felicidade do homem; ela lhe indica o que deve ou n\u00e3o fazer, e ele \u00e9 infeliz somente quando se afasta dela.<\/p>\n<p><strong>615 A lei de Deus \u00e9 eterna?<\/strong><\/p>\n<p>\u2013 Eterna e imut\u00e1vel como o pr\u00f3prio Deus.<\/p>\n<p><strong>616 Deus ordenou aos homens, numa \u00e9poca, o que lhes proibiu em outra? <\/strong><\/p>\n<p>\u2013 Deus n\u00e3o pode se enganar; s\u00e3o os homens que s\u00e3o obrigados a mudar suas leis, porque s\u00e3o imperfeitos; mas as leis de Deus s\u00e3o perfeitas. A harmonia que rege o universo material e o universo moral \u00e9 fundada sobre as leis que Deus estabeleceu para toda a eternidade.<\/p>\n<p><strong>617 Que objetivos abrangem as leis divinas? Elas se referem a outra coisa al\u00e9m da conduta moral?<\/strong><\/p>\n<p>\u2013 Todas as leis da natureza s\u00e3o leis divinas, uma vez que Deus \u00e9 o criador de todas as coisas. O s\u00e1bio estuda as leis da mat\u00e9ria, o homem de bem estuda as da alma e as pratica.<\/p>\n<p><strong>617 a \u00c9 permitido ao homem se aprofundar em ambas?<\/strong><\/p>\n<p>\u2013 Sim, mas uma \u00fanica exist\u00eancia n\u00e3o basta.<\/p>\n<p><em>\u263c<\/em> <em>Que s\u00e3o, de fato, alguns anos para adquirir tudo o que constitui o ser perfeito, se considerarmos apenas a dist\u00e2ncia que separa o selvagem do homem civilizado? A mais longa exist\u00eancia poss\u00edvel de imaginar \u00e9 insuficiente e com maior raz\u00e3o quando \u00e9 abreviada, como acontece com muitos. Entre as leis divinas, umas regem o movimento e as rela\u00e7\u00f5es da mat\u00e9ria bruta: s\u00e3o as leis f\u00edsicas, cujo estudo \u00e9 do dom\u00ednio da ci\u00eancia. Outras dizem respeito especialmente ao homem em si mesmo e em suas rela\u00e7\u00f5es com Deus e com seus semelhantes. Elas compreendem as regras da vida do corpo como tamb\u00e9m as da vida da alma: s\u00e3o as leis morais. <\/em><\/p>\n<p><strong>618 As leis divinas s\u00e3o as mesmas para todos os mundos?<\/strong><\/p>\n<p>\u2013 A raz\u00e3o diz que devem ser apropriadas \u00e0 natureza de cada mundo e proporcionais ao grau de adiantamento dos seres que os habitam.<\/p>\n<p><strong>Origem e conhecimento da lei natural<\/strong><\/p>\n<p><strong>619 Deus deu a todos os homens meios de conhecer Sua lei?<\/strong><\/p>\n<p>\u2013 Todos podem conhec\u00ea-la, mas nem todos a compreendem; os que a compreendem melhor s\u00e3o os homens de bem e os que procuram pesquis\u00e1-la; entretanto, todos a compreender\u00e3o um dia, porque \u00e9 preciso que o progresso se realize.<\/p>\n<p><em>\u263c<\/em> <em>A justi\u00e7a das diversas encarna\u00e7\u00f5es do homem \u00e9 uma conseq\u00fc\u00eancia desse princ\u00edpio, uma vez que a cada nova exist\u00eancia sua intelig\u00eancia \u00e9 mais desenvolvida e compreende melhor o bem e o mal. Se tudo devesse se cumprir numa \u00fanica exist\u00eancia, qual seria a sorte de tantos milh\u00f5es de seres que morrem a cada dia no embrutecimento da selvageria ou nas trevas da ignor\u00e2ncia, sem que tivesse dependido deles o esclarecimento?<\/em> (Veja as quest\u00f5es 171 e 222.)<\/p>\n<p><strong>620 A alma, antes de sua uni\u00e3o com o corpo, compreende a lei de Deus melhor que depois de sua encarna\u00e7\u00e3o?<\/strong><\/p>\n<p>\u2013 Compreende-a conforme o grau de perfei\u00e7\u00e3o que atingiu e conserva disso a lembran\u00e7a intuitiva depois de sua uni\u00e3o com o corpo; contudo, os maus instintos do homem o fazem esquecer-se dela.<\/p>\n<p><strong>621 Onde est\u00e1 escrita a lei de Deus?<\/strong><\/p>\n<p>\u2013 Na consci\u00eancia.<\/p>\n<p><strong>621 a Uma vez que o homem traz inscrita na consci\u00eancia a lei de Deus, h\u00e1 necessidade que lhe seja revelada?<\/strong><\/p>\n<p>\u2013 Ele a esqueceu e a menosprezou; Deus quis que ela fosse lembrada.<\/p>\n<p><strong>622 Deus deu a alguns homens a miss\u00e3o de revelar Sua lei?<\/strong><\/p>\n<p>\u2013 Sim, certamente; em todos os tempos houve homens que receberam essa miss\u00e3o. S\u00e3o os Esp\u00edritos Superiores encarnados com o objetivo de fazer a humanidade avan\u00e7ar.<\/p>\n<p><strong>623 Aqueles que pretenderam instruir os homens na lei de Deus n\u00e3o estavam algumas vezes enganados e, freq\u00fcentemente, n\u00e3o fizeram com que se transviassem por meio de falsos princ\u00edpios?<\/strong><\/p>\n<p>\u2013 Aqueles que n\u00e3o s\u00e3o inspirados por Deus e que, levados pela ambi\u00e7\u00e3o, se disseram portadores de uma miss\u00e3o que n\u00e3o tinham, certamente puderam desvi\u00e1-los. Entretanto, como eram de fato homens de g\u00eanio, mesmo no meio dos erros ensinados muitas vezes encontram-se grandes verdades.<\/p>\n<p><strong>624 Qual \u00e9 o car\u00e1ter do verdadeiro profeta?<\/strong><\/p>\n<p>\u2013 \u00c9 um homem de bem, inspirado por Deus. Pode-se reconhec\u00ea-lo por suas palavras e a\u00e7\u00f5es. Deus n\u00e3o se serviria da boca de um mentiroso para ensinar a verdade.<\/p>\n<p><strong>625 Qual \u00e9 o tipo mais perfeito que Deus ofereceu ao homem para lhe servir de guia e modelo?<\/strong><\/p>\n<p>\u2013 Jesus.<\/p>\n<p><em>\u263c<\/em> <em>Jesus \u00e9 para o homem o exemplo da perfei\u00e7\u00e3o moral a que pode pretender a humanidade na Terra. Deus nos oferece Jesus como o mais perfeito modelo, e a doutrina que ensinou \u00e9 a mais pura express\u00e3o de sua lei, porque era o pr\u00f3prio Esp\u00edrito Divino e foi o ser mais puro que apareceu na Terra. <\/em><\/p>\n<p><em>Se alguns daqueles que pretenderam instruir o homem na lei de Deus algumas vezes o desviaram, ensinando-lhe falsos princ\u00edpios, foi por se deixarem dominar por sentimentos muito materiais e por ter confundido as leis que regem as condi\u00e7\u00f5es da vida da alma com as do corpo. Muitos anunciaram como leis divinas o que eram apenas leis humanas criadas para servir \u00e0s paix\u00f5es e dominar os homens. <\/em><\/p>\n<p><strong>626 As leis divinas e naturais s\u00f3 foram reveladas aos homens por Jesus e, antes dele, tinham conhecimento delas apenas pela intui\u00e7\u00e3o?<\/strong><\/p>\n<p>\u2013 N\u00e3o dissemos que elas foram escritas em todos os lugares? Todos os homens que meditaram sobre a sabedoria puderam compreend\u00ea-las e ensin\u00e1-las desde os s\u00e9culos mais remotos. Com os seus ensinamentos, mesmo incompletos, eles prepararam o terreno para receber a semente. Estando as leis divinas escritas no livro da natureza, o homem p\u00f4de conhec\u00ea-las quando as quis procurar. Eis por que os preceitos que consagram foram proclamados em todos os tempos pelos homens de bem e \u00e9 por isso, tamb\u00e9m, que se encontram seus elementos na doutrina moral de todos os povos sa\u00eddos da barb\u00e1rie, embora incompletos ou alterados pela ignor\u00e2ncia e pela supersti\u00e7\u00e3o.<\/p>\n<p><strong>627 Uma vez que Jesus ensinou as verdadeiras leis de Deus, qual \u00e9 a utilidade do ensinamento dado pelos Esp\u00edritos? Ter\u00e3o a nos ensinar alguma coisa a mais? <\/strong><\/p>\n<p>\u2013 A palavra de Jesus era, muitas vezes, aleg\u00f3rica e em par\u00e1bolas, porque falava de acordo com os tempos e os lugares. \u00c9 preciso agora que a verdade seja intelig\u00edvel para todo mundo. \u00c9 preciso tamb\u00e9m explicar e desenvolver essas leis, uma vez que h\u00e1 t\u00e3o poucas pessoas que as compreendem e ainda menos as que as praticam. Nossa miss\u00e3o \u00e9 de abrir os olhos e os ouvidos para confundir os orgulhosos e desmascarar os hip\u00f3critas: aqueles que tomam as apar\u00eancias da virtude e da religi\u00e3o para ocultarem suas baixezas. O ensinamento dos Esp\u00edritos deve ser claro e inequ\u00edvoco, a fim de que ningu\u00e9m possa alegar ignor\u00e2ncia e cada um possa julg\u00e1-lo e apreci\u00e1-lo com a raz\u00e3o. Estamos encarregados de preparar o reino do bem anunciado por Jesus; por isso, n\u00e3o \u00e9 correto que cada um possa interpretar a lei de Deus ao capricho de suas paix\u00f5es nem falsear o sentido de uma lei toda de amor e de caridade.<\/p>\n<p><strong>628 Por que a verdade nem sempre foi colocada ao alcance de todos?<\/strong><\/p>\n<p>\u2013 \u00c9 preciso que cada coisa venha a seu tempo. A verdade \u00e9 como a luz: \u00e9 preciso se habituar a ela pouco a pouco; de outro modo, fica-se deslumbrado.<\/p>\n<p>Nunca ocorreu que Deus permitisse ao homem receber comunica\u00e7\u00f5es t\u00e3o completas e instrutivas como as que lhe \u00e9 dado receber hoje. Havia, como sabeis, na Antiguidade, alguns indiv\u00edduos que estavam em poder do que consideravam uma ci\u00eancia sagrada e da qual faziam mist\u00e9rio aos que, de acordo com o seu julgamento, eram profanos. Deveis compreender, com o que conheceis agora das leis que regem os fen\u00f4menos das comunica\u00e7\u00f5es dos Esp\u00edritos, que esses indiv\u00edduos recebiam apenas algumas verdades esparsas no meio de um conjunto equ\u00edvoco e, a maior parte do tempo, simb\u00f3lico. Entretanto, n\u00e3o h\u00e1 para o homem estudioso nenhum antigo sistema filos\u00f3fico, nenhuma tradi\u00e7\u00e3o, nenhuma religi\u00e3o a negligenciar, pois em tudo h\u00e1 os germes das grandes verdades que, ainda que pare\u00e7am contradit\u00f3rias, esparsas que est\u00e3o em meio a acess\u00f3rios sem fundamento, s\u00e3o muito f\u00e1ceis de entender, gra\u00e7as \u00e0 chave que o Espiritismo d\u00e1 para uma multid\u00e3o de coisas que puderam, at\u00e9 aqui, parecer sem raz\u00e3o e que, hoje, a realidade vos demonstra de uma maneira irrecus\u00e1vel. N\u00e3o deixeis, portanto, de tirar dessas mat\u00e9rias assuntos de estudo; elas s\u00e3o muito ricas e podem contribuir muito para a vossa instru\u00e7\u00e3o.<\/p>\n<p><strong>O bem e o mal<\/strong><\/p>\n<p><strong>629 Que defini\u00e7\u00e3o se pode dar \u00e0 moral?<\/strong><\/p>\n<p>\u2013 A moral \u00e9 a regra do bem proceder, ou seja, a que permite distinguir entre o bem e o mal. Ela \u00e9 fundada sobre o cumprimento da lei de Deus. O homem procede bem quando faz tudo para o bem de todos porque, ent\u00e3o, cumpre a lei de Deus.<\/p>\n<p><strong>630 Como se pode distinguir o bem e o mal?<\/strong><\/p>\n<p>\u2013 O bem \u00e9 tudo o que est\u00e1 conforme a lei de Deus; o mal, tudo o que \u00e9 contr\u00e1rio. Assim, fazer o bem \u00e9 proceder conforme a lei de Deus; fazer o mal \u00e9 infringir essa lei.<\/p>\n<p><strong>631 O homem tem, por si mesmo, meios de distinguir o bem do mal?<\/strong><\/p>\n<p>\u2013 Sim, quando cr\u00ea em Deus e de fato quer saber porque Deus lhe deu a intelig\u00eancia para distinguir um do outro.<\/p>\n<p><strong>632 O homem, sujeito ao erro como est\u00e1, n\u00e3o pode se enganar no julgamento do bem e do mal e acreditar que faz o bem quando, na realidade, faz o mal?<\/strong><\/p>\n<p>\u2013 Jesus disse: \u201co que quereis que os homens vos fa\u00e7am, fazei-o tamb\u00e9m v\u00f3s a eles\u201d. Tudo est\u00e1 a\u00ed resumido. V\u00f3s n\u00e3o vos enganareis.<\/p>\n<p><strong>633 A regra do bem e do mal, que se poderia chamar de reciprocidade ou de solidariedade, n\u00e3o pode se aplicar \u00e0 conduta pessoal do homem para consigo mesmo. Ele encontra na lei natural a regra dessa conduta e um guia seguro?<\/strong><\/p>\n<p>\u2013 Quando comeis em excesso, isso vos faz mal. Pois bem! Deus d\u00e1 a medida daquilo que precisais. Quando a ultrapassais, sois punidos. Ocorre o mesmo com tudo. A lei natural tra\u00e7a para o homem o limite de suas necessidades; quando a ultrapassa, \u00e9 punido pelo sofrimento. Se o homem escutasse, em todas as coisas, a voz que diz basta, evitaria a maior parte dos males de que acusa a natureza.<\/p>\n<p><strong>634 Por que o mal est\u00e1 na natureza das coisas? Eu falo do mal moral. Deus n\u00e3o poderia criar a humanidade em condi\u00e7\u00f5es melhores?<\/strong><\/p>\n<p>\u2013 J\u00e1 vos dissemos: os Esp\u00edritos foram criados simples e ignorantes. (Veja a quest\u00e3o 115.) Deus deixa ao homem a escolha do caminho. Tanto pior se tomar o mau: sua peregrina\u00e7\u00e3o ser\u00e1 maior. Se n\u00e3o houvesse montanhas, o homem n\u00e3o compreenderia que se pode subir e descer, e, se n\u00e3o houvesse rochedos, n\u00e3o compreenderia que h\u00e1 corpos duros. \u00c9 preciso que o Esp\u00edrito adquira experi\u00eancia e para isso \u00e9 necess\u00e1rio que conhe\u00e7a o bem e o mal; \u00e9 por essa raz\u00e3o que h\u00e1 a uni\u00e3o do Esp\u00edrito ao corpo. (Veja a quest\u00e3o 119.)<\/p>\n<p><strong>635 As diferentes posi\u00e7\u00f5es sociais criam necessidades novas que n\u00e3o s\u00e3o as mesmas para todos os homens. A lei natural parece, assim, n\u00e3o ser uma regra uniforme? <\/strong><\/p>\n<p>\u2013 Essas diferentes posi\u00e7\u00f5es est\u00e3o na natureza da vida do homem e de conformidade com a lei do progresso. Isso n\u00e3o invalida a unidade da lei natural que se aplica a tudo.<\/p>\n<p><em>\u263c<\/em> <em>As condi\u00e7\u00f5es de exist\u00eancia do homem mudam de acordo com os tempos e os lugares, o que resulta para ele em necessidades diferentes e posi\u00e7\u00f5es sociais apropriadas a essas necessidades. Por\u00e9m, essa diversidade est\u00e1 na ordem das coisas, est\u00e1 conforme a lei de Deus e \u00e9 <\/em>una<em>, quanto ao seu princ\u00edpio. Cabe \u00e0 raz\u00e3o distinguir as necessidades reais das necessidades artificiais ou convencionais. <\/em><\/p>\n<p><strong>636 O bem e o mal s\u00e3o absolutos para todos os homens?<\/strong><\/p>\n<p>\u2013 A lei de Deus \u00e9 a mesma para todos; mas o mal depende principalmente da vontade que se tem de o praticar. O bem \u00e9 sempre o bem e o mal \u00e9 sempre o mal, qualquer que seja a posi\u00e7\u00e3o do homem; a diferen\u00e7a est\u00e1 no grau de responsabilidade.<\/p>\n<p><strong>637 O selvagem que cede ao instinto e se nutre da carne humana \u00e9 culpado? <\/strong><\/p>\n<p>\u2013 Eu disse que o mal depende da vontade. Pois bem! O homem \u00e9 mais culpado \u00e0 medida que se torna mais consciente daquilo que faz.<\/p>\n<p><em>\u263c<\/em> <em>As circunst\u00e2ncias d\u00e3o ao bem e ao mal uma gravidade relativa. O homem comete muitas faltas que por serem a conseq\u00fc\u00eancia da posi\u00e7\u00e3o em que a sociedade o colocou n\u00e3o s\u00e3o menos repreens\u00edveis; mas a responsabilidade est\u00e1 na raz\u00e3o dos meios que tem de compreender o bem e o mal. \u00c9 assim que o homem esclarecido que comete uma simples injusti\u00e7a \u00e9 mais culpado aos olhos de Deus do que o selvagem ignorante que \u00e9 governado pelos instintos. <\/em><\/p>\n<p><strong>638 O mal parece, algumas vezes, ser conseq\u00fc\u00eancia da for\u00e7a das coisas. Por exemplo, em alguns casos, a necessidade de destrui\u00e7\u00e3o, mesmo dos nossos semelhantes. Pode-se dizer que haja infra\u00e7\u00e3o \u00e0 lei de Deus?<\/strong><\/p>\n<p>\u2013 N\u00e3o deixa de ser o mal, ainda que necess\u00e1rio; por\u00e9m, essa necessidade desaparece \u00e0 medida que a alma se depura, ao passar de uma exist\u00eancia para outra; e ent\u00e3o, o homem se torna mais culpado quando o comete, porque melhor o compreende.<\/p>\n<p><strong>639 O mal que se comete n\u00e3o \u00e9, muitas vezes, o resultado da posi\u00e7\u00e3o em que nos colocaram outros homens? E, nesse caso, quais s\u00e3o os mais culpados?<\/strong><\/p>\n<p>\u2013 O mal recai sobre aquele que o causou. Por\u00e9m, o homem que \u00e9 conduzido ao mal pela posi\u00e7\u00e3o que exerce \u00e9 menos culpado do que aqueles que o causaram; contudo, cada um ser\u00e1 punido, n\u00e3o somente pelo mal que tiver feito, como tamb\u00e9m pelo que tiver provocado.<\/p>\n<p><strong>640 Aquele que n\u00e3o faz o mal, mas que se aproveita do mal feito por um outro, \u00e9 culpado da mesma forma?<\/strong><\/p>\n<p>\u2013 \u00c9 como se o cometesse; ao tirar proveito participa dele. Talvez n\u00e3o pratique a a\u00e7\u00e3o; mas se, ao encontrar tudo feito, faz uso disso, \u00e9 porque a aprova, e ele mesmo o faria se pudesse, ou se ousasse.<\/p>\n<p><strong>641 O desejo do mal \u00e9 t\u00e3o repreens\u00edvel quanto o pr\u00f3prio mal?<\/strong><\/p>\n<p>\u2013 Depende; h\u00e1 virtude em resistir voluntariamente ao mal que se deseja praticar, especialmente quando se tem a possibilidade de satisfazer esse desejo; mas se \u00e9 apenas por falta de ocasi\u00e3o, h\u00e1 culpa.<\/p>\n<p><strong>642 Basta n\u00e3o fazer o mal para ser agrad\u00e1vel a Deus e assegurar um futuro melhor?<\/strong><\/p>\n<p>\u2013 N\u00e3o. \u00c9 preciso fazer o bem no limite de suas for\u00e7as, porque cada um responder\u00e1 por todo o mal que resulte do bem que n\u00e3o tiver feito.<\/p>\n<p><strong>643 H\u00e1 pessoas que, pela sua posi\u00e7\u00e3o, n\u00e3o t\u00eam a possibilidade de fazer o bem?<\/strong><\/p>\n<p>\u2013 N\u00e3o h\u00e1 ningu\u00e9m que n\u00e3o possa fazer o bem; somente o ego\u00edsta nunca encontra ocasi\u00e3o. Bastam as rela\u00e7\u00f5es sociais com outros homens para encontrar ocasi\u00e3o de fazer o bem, e cada dia de vida d\u00e1 a oportunidade a quem n\u00e3o esteja cego pelo ego\u00edsmo; porque fazer o bem n\u00e3o \u00e9 somente ser caridoso, \u00e9 ser \u00fatil na medida de vosso poder todas as vezes que vossa ajuda se fizer necess\u00e1ria.<\/p>\n<p><strong>644 O meio onde alguns homens vivem n\u00e3o \u00e9 para eles a causa primeira de muitos v\u00edcios e crimes?<\/strong><\/p>\n<p>\u2013 Sim, mas isso ainda \u00e9 uma prova escolhida pelo Esp\u00edrito no estado de liberdade. Ele quis se expor \u00e0 tenta\u00e7\u00e3o para ter o m\u00e9rito da resist\u00eancia.<\/p>\n<p><strong>645 Quando o homem est\u00e1, de algum modo, mergulhado na atmosfera do v\u00edcio, o mal n\u00e3o se torna um arrebatamento quase irresist\u00edvel?<\/strong><\/p>\n<p>\u2013 Arrebatamento, sim; irresist\u00edvel, n\u00e3o, porque, em meio \u00e0 atmosfera do v\u00edcio, encontrais, algumas vezes, grandes virtudes. S\u00e3o Esp\u00edritos que tiveram for\u00e7a de resistir e, ao mesmo tempo, a miss\u00e3o de exercer uma boa influ\u00eancia sobre seus semelhantes.<\/p>\n<p><strong>646 O m\u00e9rito do bem depende de algumas condi\u00e7\u00f5es ou h\u00e1 diferentes graus de m\u00e9rito no bem?<\/strong><\/p>\n<p>\u2013 O m\u00e9rito do bem est\u00e1 na dificuldade em pratic\u00e1-lo; n\u00e3o h\u00e1 m\u00e9rito em fazer o bem sem esfor\u00e7o e quando n\u00e3o custa nada. Deus tem mais em conta o pobre que partilha de seu \u00fanico peda\u00e7o de p\u00e3o do que o rico que d\u00e1 apenas o sup\u00e9rfluo. Foi o que Jesus ensinou ao falar da esmola da vi\u00fava.<\/p>\n<p><strong>Divis\u00e3o da lei natural<\/strong><\/p>\n<p><strong>647 Toda a lei de Deus est\u00e1 contida no ensinamento de amor ao pr\u00f3ximo ensinado por Jesus?<\/strong><\/p>\n<p>\u2013 Certamente esse ensinamento cont\u00e9m todos os deveres dos homens entre si; mas \u00e9 preciso vos mostrar sua aplica\u00e7\u00e3o, sen\u00e3o deixareis de o cumprir como fazeis at\u00e9 hoje; ali\u00e1s, a lei natural compreende todas as circunst\u00e2ncias da vida e esse ensinamento \u00e9 apenas uma parte da lei. Os homens necessitam de regras precisas. Os ensinamentos gerais e indefinidos, por serem muito vagos, possibilitam diversas interpreta\u00e7\u00f5es.<\/p>\n<p><strong>648 Que pensais da divis\u00e3o da lei natural em dez partes compreendendo as leis de adora\u00e7\u00e3o, trabalho, reprodu\u00e7\u00e3o, conserva\u00e7\u00e3o, destrui\u00e7\u00e3o, sociedade, progresso, igualdade, liberdade e, por fim, a de justi\u00e7a, amor e caridade?<\/strong><\/p>\n<p>\u2013 Essa divis\u00e3o da lei de Deus em dez partes \u00e9 a de Mois\u00e9s e pode abranger todas as circunst\u00e2ncias da vida, que \u00e9 essencial. Podeis segui-la, embora ela nada tenha de absoluto, como n\u00e3o t\u00eam os outros sistemas de classifica\u00e7\u00e3o que dependem do ponto de vista sob o qual se considere o que quer que seja. A \u00faltima lei \u00e9 a mais importante; \u00e9 por ela que o homem pode avan\u00e7ar mais na vida espiritual, porque resume todas as outras.<\/p>\n","protected":false},"excerpt":{"rendered":"<p>Cap\u00edtulo 1 \u2013 Lei divina ou natural Caracter\u00edsticas da lei natural \u2013 Origem e conhecimento da lei natural \u2013 O bem e o mal \u2013 Divis\u00e3o da lei natural Caracter\u00edsticas da lei natural 614 O que se deve entender por &hellip; <a href=\"https:\/\/xn--regeneraoplanetria-dsb6a7f.com.br\/index.php\/o-livro-dos-espiritos\/5-parte-terceira-leis-morais\/cap-1-614-a-648-lei-divina-ou-natural\/\">Continue lendo <span class=\"meta-nav\">&rarr;<\/span><\/a><\/p>\n","protected":false},"author":1,"featured_media":0,"parent":4274,"menu_order":0,"comment_status":"closed","ping_status":"closed","template":"","meta":{"footnotes":""},"class_list":["post-4276","page","type-page","status-publish","hentry"],"_links":{"self":[{"href":"https:\/\/xn--regeneraoplanetria-dsb6a7f.com.br\/index.php\/wp-json\/wp\/v2\/pages\/4276","targetHints":{"allow":["GET"]}}],"collection":[{"href":"https:\/\/xn--regeneraoplanetria-dsb6a7f.com.br\/index.php\/wp-json\/wp\/v2\/pages"}],"about":[{"href":"https:\/\/xn--regeneraoplanetria-dsb6a7f.com.br\/index.php\/wp-json\/wp\/v2\/types\/page"}],"author":[{"embeddable":true,"href":"https:\/\/xn--regeneraoplanetria-dsb6a7f.com.br\/index.php\/wp-json\/wp\/v2\/users\/1"}],"replies":[{"embeddable":true,"href":"https:\/\/xn--regeneraoplanetria-dsb6a7f.com.br\/index.php\/wp-json\/wp\/v2\/comments?post=4276"}],"version-history":[{"count":2,"href":"https:\/\/xn--regeneraoplanetria-dsb6a7f.com.br\/index.php\/wp-json\/wp\/v2\/pages\/4276\/revisions"}],"predecessor-version":[{"id":4300,"href":"https:\/\/xn--regeneraoplanetria-dsb6a7f.com.br\/index.php\/wp-json\/wp\/v2\/pages\/4276\/revisions\/4300"}],"up":[{"embeddable":true,"href":"https:\/\/xn--regeneraoplanetria-dsb6a7f.com.br\/index.php\/wp-json\/wp\/v2\/pages\/4274"}],"wp:attachment":[{"href":"https:\/\/xn--regeneraoplanetria-dsb6a7f.com.br\/index.php\/wp-json\/wp\/v2\/media?parent=4276"}],"curies":[{"name":"wp","href":"https:\/\/api.w.org\/{rel}","templated":true}]}}