{"id":4282,"date":"2016-06-29T22:09:08","date_gmt":"2016-06-30T01:09:08","guid":{"rendered":"http:\/\/xn--regeneraoplanetria-dsb6a7f.com.br\/?page_id=4282"},"modified":"2016-06-29T22:18:36","modified_gmt":"2016-06-30T01:18:36","slug":"cap-4-686-a-701-lei-de-reproducao","status":"publish","type":"page","link":"https:\/\/xn--regeneraoplanetria-dsb6a7f.com.br\/index.php\/o-livro-dos-espiritos\/5-parte-terceira-leis-morais\/cap-4-686-a-701-lei-de-reproducao\/","title":{"rendered":"Cap 04 &#8211; 686 a 701 &#8211; Lei de Reprodu\u00e7\u00e3o"},"content":{"rendered":"<p><strong>Parte Terceira \u2013 Cap\u00edtulo 4<\/strong><\/p>\n<p><strong>Lei de Reprodu\u00e7\u00e3o<\/strong><\/p>\n<p>Popula\u00e7\u00e3o do globo \u2013 Sucess\u00e3o e aperfei\u00e7oamento das ra\u00e7as \u2013 Obst\u00e1culos \u00e0 reprodu\u00e7\u00e3o \u2013 Casamento e celibato \u2013 Poligamia<\/p>\n<p><strong>Popula\u00e7\u00e3o do globo<\/strong><\/p>\n<p><strong>686 A reprodu\u00e7\u00e3o dos seres vivos \u00e9 uma lei da natureza?<\/strong><\/p>\n<p>\u2013 Isso \u00e9 evidente; sem a reprodu\u00e7\u00e3o, o mundo corporal acabaria.<\/p>\n<p><strong>687 Se a popula\u00e7\u00e3o seguir sempre a progress\u00e3o crescente que vemos, chegar\u00e1 um momento em que ser\u00e1 excessiva na Terra?<\/strong><\/p>\n<p>\u2013 N\u00e3o; Deus a isso prov\u00ea e mant\u00e9m sempre o equil\u00edbrio, n\u00e3o faz nada in\u00fatil; o homem que v\u00ea apenas um canto do quadro da natureza n\u00e3o pode julgar a harmonia do conjunto.<\/p>\n<p><strong>Sucess\u00e3o e aperfei\u00e7oamento das ra\u00e7as<\/strong><\/p>\n<p><strong>688 H\u00e1, presentemente, ra\u00e7as humanas que diminuem; chegar\u00e1 um momento em que desaparecer\u00e3o da face da Terra?<\/strong><\/p>\n<p>\u2013 \u00c9 verdade, mas outras tomaram seu lugar, como outras tomar\u00e3o o da vossa um dia.<\/p>\n<p><strong>689 Os homens atuais s\u00e3o uma cria\u00e7\u00e3o nova ou descendentes aperfei\u00e7oados dos seres primitivos?<\/strong><\/p>\n<p>\u2013 S\u00e3o os mesmos Esp\u00edritos que vieram para se aperfei\u00e7oar em novos corpos, mas que ainda est\u00e3o longe da perfei\u00e7\u00e3o. Assim, a ra\u00e7a humana atual, pelo seu crescimento, tende a expandir-se sobre toda a Terra e substituir as ra\u00e7as que se extinguem, ter\u00e1 seu per\u00edodo de decrescimento e desaparecer\u00e1. Outras ra\u00e7as mais aperfei\u00e7oadas a substituir\u00e3o, descendendo da ra\u00e7a atual, como os homens civilizados de hoje descendem dos seres brutos e selvagens dos tempos primitivos.<\/p>\n<p><strong>690 Do ponto de vista puramente f\u00edsico, os corpos da ra\u00e7a atual s\u00e3o uma cria\u00e7\u00e3o especial ou vieram dos corpos primitivos pelo caminho da reprodu\u00e7\u00e3o?<\/strong><\/p>\n<p>\u2013 A origem das ra\u00e7as se perde no tempo; como todas pertencem \u00e0 grande fam\u00edlia humana, qualquer que seja a fonte primitiva de cada uma, elas puderam se juntar entre si e produzir tipos novos.<\/p>\n<p><strong>691 Qual \u00e9, do ponto de vista f\u00edsico, a caracter\u00edstica distintiva e dominante das ra\u00e7as primitivas?<\/strong><\/p>\n<p>\u2013 Desenvolvimento da for\u00e7a bruta em vez da intelectual. Atualmente ocorre o contr\u00e1rio: o homem faz mais pela intelig\u00eancia do que pela for\u00e7a do corpo e, entretanto, faz cem vezes mais, porque soube aproveitar as for\u00e7as da natureza, o que os animais n\u00e3o conseguem fazer.<\/p>\n<p><strong>692 O aperfei\u00e7oamento gen\u00e9tico das ra\u00e7as animais e dos vegetais, pela ci\u00eancia, \u00e9 contr\u00e1ria \u00e0 lei natural? Estaria mais conforme com essa lei deixar as coisas seguirem seu curso normal?<\/strong><\/p>\n<p>\u2013 Deve-se fazer tudo para chegar \u00e0 perfei\u00e7\u00e3o, e o pr\u00f3prio homem \u00e9 um instrumento nas m\u00e3os de Deus, do qual Ele se serve para que tudo \u00e0 sua volta atinja os objetivos aos quais se destina. A perfei\u00e7\u00e3o, sendo o objetivo para o qual tende a natureza, \u00e9 de Deus favorecer essa perfei\u00e7\u00e3o.<\/p>\n<p><strong>692 a Mas o homem somente se esfor\u00e7a para o melhoramento dessas ra\u00e7as por interesse pessoal e, raramente, tem outro objetivo sen\u00e3o o aumento de seus prazeres; isso n\u00e3o diminui seu m\u00e9rito?<\/strong><\/p>\n<p>\u2013 Que importa que seu m\u00e9rito seja nulo, contanto que o progresso se fa\u00e7a? Cabe a ele tornar seu trabalho merit\u00f3rio pela inten\u00e7\u00e3o. Ali\u00e1s, por meio desse trabalho, exerce e desenvolve sua intelig\u00eancia e \u00e9 sob esse aspecto que obt\u00e9m maior proveito.<\/p>\n<p><strong>Obst\u00e1culos \u00e0 reprodu\u00e7\u00e3o<\/strong><\/p>\n<p><strong>693 As leis e costumes humanos que criam obst\u00e1culos \u00e0 reprodu\u00e7\u00e3o s\u00e3o contr\u00e1rios \u00e0 lei da natureza?<\/strong><\/p>\n<p>\u2013 Tudo o que dificulte a marcha da natureza \u00e9 contr\u00e1rio \u00e0 lei geral.<\/p>\n<p><strong>693 a Entretanto, h\u00e1 esp\u00e9cies de seres vivos, animais e plantas cuja reprodu\u00e7\u00e3o indefinida seria prejudicial a outras esp\u00e9cies e o pr\u00f3prio homem se tornaria uma v\u00edtima; comete ele um ato repreens\u00edvel ao impedir essa reprodu\u00e7\u00e3o?<\/strong><\/p>\n<p>\u2013 Deus deu ao homem, sobre todos os seres vivos, um poder que deve usar para o bem, mas do qual n\u00e3o deve abusar. Pode-se regular a reprodu\u00e7\u00e3o conforme as necessidades, mas do qual n\u00e3o deve dificult\u00e1-la sem raz\u00e3o. A a\u00e7\u00e3o inteligente do homem \u00e9 um contrapeso estabelecido por Deus para equilibrar as for\u00e7as da natureza, e \u00e9 isso ainda que o distingue dos animais, porque o faz com conhecimento de causa. Mas os pr\u00f3prios animais tamb\u00e9m concorrem para esse equil\u00edbrio, porque o instinto de destrui\u00e7\u00e3o que lhes foi dado faz com que, ao terem de prover sua pr\u00f3pria conserva\u00e7\u00e3o, detenham o desenvolvimento excessivo e talvez perigoso das esp\u00e9cies animais e vegetais de que se nutrem.<\/p>\n<p><strong>694 Que pensar do controle da natalidade para impedir a reprodu\u00e7\u00e3o e satisfazer a sensualidade?<\/strong><\/p>\n<p>\u2013 Isso prova a predomin\u00e2ncia do corpo sobre a alma e quanto o homem est\u00e1 materializado.<\/p>\n<p><strong>Casamento<\/strong><strong> e celibato<\/strong><a href=\"http:\/\/www.espirito.org.br\/portal\/codificacao\/le\/le-3-04.html#1\"><strong><sup>1<\/sup><\/strong><\/a><\/p>\n<p><strong>695 O casamento, ou a uni\u00e3o permanente de dois seres, \u00e9 contr\u00e1ria \u00e0 lei natural?<\/strong><\/p>\n<p>\u2013 \u00c9 um progresso na marcha da humanidade.<\/p>\n<p><strong>696 Qual seria o efeito da aboli\u00e7\u00e3o do casamento para a sociedade humana?<\/strong><\/p>\n<p>\u2013 O retorno \u00e0 vida animal.<\/p>\n<p><em>\u263c<\/em> <em>A uni\u00e3o livre e casual dos sexos \u00e9 um estado natural. O casamento \u00e9 um dos primeiros atos de progresso nas sociedades humanas, porque estabelece a solidariedade fraterna e aparece entre todos os povos, ainda que em condi\u00e7\u00f5es diversas. A aboli\u00e7\u00e3o do casamento seria o retorno \u00e0 inf\u00e2ncia da humanidade e colocaria o homem at\u00e9 mesmo abaixo de alguns animais que d\u00e3o exemplo de uni\u00f5es constantes. <\/em><\/p>\n<p><strong>697 A id\u00e9ia de que o casamento n\u00e3o pode ser absolutamente dissolvido est\u00e1 na lei natural ou apenas na lei humana?<\/strong><\/p>\n<p>\u2013 \u00c9 uma lei humana muito contr\u00e1ria \u00e0 lei natural. Mas os homens podem mudar suas leis; as da natureza s\u00e3o as \u00fanicas imut\u00e1veis.<\/p>\n<p><strong>698 O celibato volunt\u00e1rio \u00e9 merit\u00f3rio aos olhos de Deus?<\/strong><\/p>\n<p>\u2013 N\u00e3o, e os que vivem assim por ego\u00edsmo desagradam a Deus e enganam a todos.<\/p>\n<p><strong>699 O celibato n\u00e3o \u00e9 para algumas pessoas um sacrif\u00edcio com a finalidade de se devotar mais inteiramente ao servi\u00e7o da humanidade?<\/strong><\/p>\n<p>\u2013 Isso \u00e9 bem diferente; eu disse: por ego\u00edsmo. Todo sacrif\u00edcio pessoal \u00e9 merit\u00f3rio quando \u00e9 para o bem; quanto maior o sacrif\u00edcio, maior o m\u00e9rito.<\/p>\n<p><em>\u263c<\/em> <em>Deus n\u00e3o pode se contradizer nem achar mau o que fez. N\u00e3o pode haver m\u00e9rito na viola\u00e7\u00e3o de Sua lei; mas se o celibato, por si mesmo, n\u00e3o \u00e9 merit\u00f3rio, n\u00e3o ocorre o mesmo quando \u00e9 pela ren\u00fancia \u00e0s alegrias da fam\u00edlia, um sacrif\u00edcio decidido em favor da humanidade. Todo sacrif\u00edcio pessoal para o bem e <\/em>sem o disfarce do ego\u00edsmo<em> eleva o homem acima de sua condi\u00e7\u00e3o material. <\/em><\/p>\n<p><strong>Poligamia<\/strong><\/p>\n<p><strong>700 A igualdade num\u00e9rica aproximada que existe entre homens e mulheres \u00e9 um ind\u00edcio da propor\u00e7\u00e3o em que se devam unir?<\/strong><\/p>\n<p>\u2013 Sim, porque tudo tem uma finalidade na natureza.<\/p>\n<p><strong>701 Qual das duas, a poligamia ou a monogamia, est\u00e1 mais de acordo com a lei natural?<\/strong><\/p>\n<p>\u2013 A poligamia \u00e9 uma lei humana cuja aboli\u00e7\u00e3o marca um progresso social. O casamento, conforme os des\u00edgnios de Deus, deve estar fundado na afei\u00e7\u00e3o dos seres que se unem. Com a poligamia n\u00e3o h\u00e1 afei\u00e7\u00e3o real: h\u00e1 apenas sensualidade.<\/p>\n<p><em>\u263c<\/em> <em>Se a poligamia estivesse de acordo com a lei natural, deveria ser universal, o que seria materialmente imposs\u00edvel por causa da igualdade num\u00e9rica dos sexos. <\/em><\/p>\n<p><em>A poligamia deve ser considerada como um uso particular ou uma legisla\u00e7\u00e3o especial, apropriada a alguns costumes, e que o aperfei\u00e7oamento social faz pouco a pouco desaparecer. <\/em><\/p>\n<ol>\n<li><strong>Celibato<\/strong>: estado de uma pessoa que se mant\u00e9m solteira (N. E.).<\/li>\n<\/ol>\n<p>&nbsp;<\/p>\n","protected":false},"excerpt":{"rendered":"<p>Parte Terceira \u2013 Cap\u00edtulo 4 Lei de Reprodu\u00e7\u00e3o Popula\u00e7\u00e3o do globo \u2013 Sucess\u00e3o e aperfei\u00e7oamento das ra\u00e7as \u2013 Obst\u00e1culos \u00e0 reprodu\u00e7\u00e3o \u2013 Casamento e celibato \u2013 Poligamia Popula\u00e7\u00e3o do globo 686 A reprodu\u00e7\u00e3o dos seres vivos \u00e9 uma lei da &hellip; <a href=\"https:\/\/xn--regeneraoplanetria-dsb6a7f.com.br\/index.php\/o-livro-dos-espiritos\/5-parte-terceira-leis-morais\/cap-4-686-a-701-lei-de-reproducao\/\">Continue lendo <span class=\"meta-nav\">&rarr;<\/span><\/a><\/p>\n","protected":false},"author":1,"featured_media":0,"parent":4274,"menu_order":0,"comment_status":"closed","ping_status":"closed","template":"","meta":{"footnotes":""},"class_list":["post-4282","page","type-page","status-publish","hentry"],"_links":{"self":[{"href":"https:\/\/xn--regeneraoplanetria-dsb6a7f.com.br\/index.php\/wp-json\/wp\/v2\/pages\/4282","targetHints":{"allow":["GET"]}}],"collection":[{"href":"https:\/\/xn--regeneraoplanetria-dsb6a7f.com.br\/index.php\/wp-json\/wp\/v2\/pages"}],"about":[{"href":"https:\/\/xn--regeneraoplanetria-dsb6a7f.com.br\/index.php\/wp-json\/wp\/v2\/types\/page"}],"author":[{"embeddable":true,"href":"https:\/\/xn--regeneraoplanetria-dsb6a7f.com.br\/index.php\/wp-json\/wp\/v2\/users\/1"}],"replies":[{"embeddable":true,"href":"https:\/\/xn--regeneraoplanetria-dsb6a7f.com.br\/index.php\/wp-json\/wp\/v2\/comments?post=4282"}],"version-history":[{"count":2,"href":"https:\/\/xn--regeneraoplanetria-dsb6a7f.com.br\/index.php\/wp-json\/wp\/v2\/pages\/4282\/revisions"}],"predecessor-version":[{"id":4303,"href":"https:\/\/xn--regeneraoplanetria-dsb6a7f.com.br\/index.php\/wp-json\/wp\/v2\/pages\/4282\/revisions\/4303"}],"up":[{"embeddable":true,"href":"https:\/\/xn--regeneraoplanetria-dsb6a7f.com.br\/index.php\/wp-json\/wp\/v2\/pages\/4274"}],"wp:attachment":[{"href":"https:\/\/xn--regeneraoplanetria-dsb6a7f.com.br\/index.php\/wp-json\/wp\/v2\/media?parent=4282"}],"curies":[{"name":"wp","href":"https:\/\/api.w.org\/{rel}","templated":true}]}}