{"id":4321,"date":"2016-06-29T22:31:55","date_gmt":"2016-06-30T01:31:55","guid":{"rendered":"http:\/\/xn--regeneraoplanetria-dsb6a7f.com.br\/?page_id=4321"},"modified":"2016-06-29T22:31:55","modified_gmt":"2016-06-30T01:31:55","slug":"8-glossario","status":"publish","type":"page","link":"https:\/\/xn--regeneraoplanetria-dsb6a7f.com.br\/index.php\/o-livro-dos-espiritos\/8-glossario\/","title":{"rendered":"8 &#8211; Gloss\u00e1rio"},"content":{"rendered":"<p><strong>O Livro dos Esp\u00edritos<\/strong><\/p>\n<p><strong>Gloss\u00e1rio<\/strong><\/p>\n<p><strong>Alma:<\/strong> dizemos do esp\u00edrito quando est\u00e1 no corpo, encarnado.<\/p>\n<p><strong>Anatomista:<\/strong> profissional que estuda a forma e a estrutura dos \u00f3rg\u00e3os do corpo humano.<\/p>\n<p><strong>Atributo:<\/strong> qualidade de um ser, aquilo que lhe \u00e9 pr\u00f3prio.<\/p>\n<p><strong>Axioma:<\/strong> princ\u00edpio evidente que \u00e9 aceito como universalmente verdadeiro, sem exig\u00eancia de demonstra\u00e7\u00e3o.<\/p>\n<p><strong>Cataclismo:<\/strong> transforma\u00e7\u00e3o brusca da Terra, abrangendo grande \u00e1rea da crosta; dil\u00favio, inunda\u00e7\u00e3o.<\/p>\n<p><strong>Catalepsia:<\/strong> estado caracterizado pela rigidez dos m\u00fasculos e imobilidade; pode ser provocado por afec\u00e7\u00f5es nervosas ou induzidas, como, por exemplo, pelo hipnotismo.<\/p>\n<p><strong>Celibato:<\/strong> estado de uma pessoa que se mant\u00e9m solteira.<\/p>\n<p><strong>Centelha an\u00edmica:<\/strong> princ\u00edpio da vida espiritual; corpo espiritual; o Esp\u00edrito.<\/p>\n<p><strong>C\u00e9tico:<\/strong> que duvida de tudo, descrente.<\/p>\n<p><strong>Cris\u00e1lida:<\/strong> estado intermedi\u00e1rio entre lagarta e borboleta. No contexto, significa a transforma\u00e7\u00e3o, o vir a ser.<\/p>\n<p><strong>Dion\u00e9ia:<\/strong> planta carn\u00edvora pr\u00f3pria de lugares \u00famidos.<\/p>\n<p><strong>Dogma:<\/strong> essa palavra adquiriu de forma gen\u00e9rica o significado de um princ\u00edpio, um ponto de doutrina infal\u00edvel e indiscut\u00edvel. Por\u00e9m, o seu verdadeiro sentido n\u00e3o \u00e9 esse. A Doutrina Esp\u00edrita n\u00e3o \u00e9 dogm\u00e1tica no sentido que se conhece em alguns credos religiosos que adotam o princ\u00edpio de filosofia (fide\u00edsmo) em que a f\u00e9 se sobrep\u00f5e \u00e0 raz\u00e3o para acomodar e justificar suas posi\u00e7\u00f5es de cren\u00e7a.<\/p>\n<p>A palavra dogma est\u00e1 aqui com o seu significado, isto \u00e9, a uni\u00e3o de um fundamento, um princ\u00edpio divino, com a experi\u00eancia humana. Allan Kardec a emprega aqui e nas demais obras da Codifica\u00e7\u00e3o Esp\u00edrita com esse sentido, e igualmente os Esp\u00edritos se referiram ao dogma da reencarna\u00e7\u00e3o com essa significa\u00e7\u00e3o.<\/p>\n<p><strong>Eletricidade: <\/strong>o tel\u00e9grafo, o telefone, etc. A resposta dos Esp\u00edritos se refere ao tel\u00e9grafo, mas se aplica hoje ao telefone e \u00e0s telecomunica\u00e7\u00f5es em geral.<\/p>\n<p><strong>Estado latente: <\/strong>per\u00edodo entre um est\u00edmulo e a rea\u00e7\u00e3o por ele provocada, em que h\u00e1 falta de atividade. Esp\u00e9cie de dorm\u00eancia dos elementos.<\/p>\n<p><strong>Expia\u00e7\u00e3o:<\/strong> nova oportunidade de reparar as faltas e os erros de vidas passadas. Pela expia\u00e7\u00e3o geralmente passamos pelas mesmas situa\u00e7\u00f5es, dores, sofrimentos, etc, que impusemos aos outros. \u00c9 a Lei de Causa e Efeito.<\/p>\n<p><strong>Faculdade:<\/strong> dom, capacidade, aptid\u00e3o.<\/p>\n<p><strong>Fisiologista:<\/strong> profissional que estuda o funcionamento das atividades vitais do corpo humano: crescimento, respira\u00e7\u00e3o, pensamento, etc.<\/p>\n<p><strong>Gravidade:<\/strong> lei da F\u00edsica, atra\u00e7\u00e3o que os planetas e os corpos celestes exercem uns sobre os outros.<\/p>\n<p><strong>Hotentote:<\/strong> natural ou habitante da Hotent\u00f3tia, \u00c1frica; ra\u00e7a negra, primitiva.<\/p>\n<p><strong>Letargia:<\/strong> estado caracterizado por sono profundo e demorado, causado por dist\u00farbios cerebrais ou por perda moment\u00e2nea do controle cerebral.<\/p>\n<p><strong>Lineu, Jussieu e Tournefort:<\/strong> naturalistas e bot\u00e2nicos, sendo o primeiro sueco e os outros dois franceses.<\/p>\n<p><strong>Materialismo:<\/strong> doutrina que nega a exist\u00eancia de Deus e da alma. \u00c9 a oposi\u00e7\u00e3o ao espiritualismo.<\/p>\n<p><strong>Metaf\u00edsica:<\/strong> \u00e9 parte da filosofia, \u00e9 um conjunto de conhecimentos racionais (e n\u00e3o de conhecimentos revelados) em que se procura determinar as regras fundamentais do pensamento, e que nos d\u00e1 a chave do conhecimento do real em oposi\u00e7\u00e3o \u00e0 apar\u00eancia.<\/p>\n<p><strong>Metempsicose:<\/strong> doutrina segundo a qual a mesma alma pode animar, em vidas sucessivas, corpos diversos: vegetais, animais ou homens.<\/p>\n<p><strong>Mol\u00e9culas:<\/strong> agrupamento de um ou mais \u00e1tomos que forma uma subst\u00e2ncia; a menor quantidade de mat\u00e9ria.<\/p>\n<p><strong>Moral (a):<\/strong> o conjunto das virtudes; a vergonha; o brio.<\/p>\n<p><strong>Moral (o): <\/strong>estado de \u00e2nimo.<\/p>\n<p><strong>Obsess\u00e3o:<\/strong> influ\u00eancia de um esp\u00edrito desencarnado, mal\u00e9volo, sobre um encarnado. Pode haver obsess\u00e3o tamb\u00e9m entre: encarnado para encarnado, encarnado para desencarnado e desencarnado para encarnado. (Veja <em>Livro dos M\u00e9diuns<\/em>, Cap. 23, Obsess\u00f5es.)<\/p>\n<p><strong>Pante\u00edsmo:<\/strong> doutrina filos\u00f3fica segundo a qual s\u00f3 Deus \u00e9 real. Tudo o que existe \u00e9 a manifesta\u00e7\u00e3o de Deus, que por sua vez \u00e9 a soma de tudo o que existe.<\/p>\n<p><strong>Pena de tali\u00e3o:<\/strong> puni\u00e7\u00e3o imposta na Antiguidade, pela qual se vingava o delito infligindo ao delinq\u00fcente o mesmo dano ou mal que ele praticara.<\/p>\n<p><strong>Perisperma:<\/strong> revestimento fino que envolve a parte da semente da qual se formar\u00e1 a planta.<\/p>\n<p><strong>Proteu:<\/strong> aquele que muda constantemente de opini\u00e3o ou de sistema.<\/p>\n<p><strong>Quarta classe:<\/strong> a do homem; a terceira \u00e9 a dos animais irracionais.<\/p>\n<p><strong>Robert Fulton:<\/strong> mec\u00e2nico norte-americano que inventou a propuls\u00e3o, o motor a vapor.<\/p>\n<p><strong>Sensitiva:<\/strong> planta tamb\u00e9m conhecida como dormideira, que se fecha ao contato com a m\u00e3o.<\/p>\n<p><strong>Sofisma:<\/strong> argumento falso, enganoso, feito de prop\u00f3sito para induzir ao erro.<\/p>\n<p><strong>Suscet\u00edvel:<\/strong> sujeito a receber impress\u00f5es, modifica\u00e7\u00f5es ou adquirir qualidades.<\/p>\n<p><strong>T\u00e1rtaro:<\/strong> na mitologia, o lugar mais profundo dos infernos, onde eram jogados os maiores pecadores.<\/p>\n<p><strong>Teologia:<\/strong> estudo das quest\u00f5es referentes ao conhecimento da divindade e suas rela\u00e7\u00f5es com os homens; estudo dos dogmas e dos textos sagrados.<\/p>\n<p><strong>Transmigra\u00e7\u00e3o:<\/strong> passagem da alma de um corpo para outro.<\/p>\n<p>&nbsp;<\/p>\n<p>&nbsp;<\/p>\n","protected":false},"excerpt":{"rendered":"<p>O Livro dos Esp\u00edritos Gloss\u00e1rio Alma: dizemos do esp\u00edrito quando est\u00e1 no corpo, encarnado. Anatomista: profissional que estuda a forma e a estrutura dos \u00f3rg\u00e3os do corpo humano. Atributo: qualidade de um ser, aquilo que lhe \u00e9 pr\u00f3prio. Axioma: princ\u00edpio &hellip; <a href=\"https:\/\/xn--regeneraoplanetria-dsb6a7f.com.br\/index.php\/o-livro-dos-espiritos\/8-glossario\/\">Continue lendo <span class=\"meta-nav\">&rarr;<\/span><\/a><\/p>\n","protected":false},"author":1,"featured_media":0,"parent":4231,"menu_order":0,"comment_status":"closed","ping_status":"closed","template":"","meta":{"footnotes":""},"class_list":["post-4321","page","type-page","status-publish","hentry"],"_links":{"self":[{"href":"https:\/\/xn--regeneraoplanetria-dsb6a7f.com.br\/index.php\/wp-json\/wp\/v2\/pages\/4321","targetHints":{"allow":["GET"]}}],"collection":[{"href":"https:\/\/xn--regeneraoplanetria-dsb6a7f.com.br\/index.php\/wp-json\/wp\/v2\/pages"}],"about":[{"href":"https:\/\/xn--regeneraoplanetria-dsb6a7f.com.br\/index.php\/wp-json\/wp\/v2\/types\/page"}],"author":[{"embeddable":true,"href":"https:\/\/xn--regeneraoplanetria-dsb6a7f.com.br\/index.php\/wp-json\/wp\/v2\/users\/1"}],"replies":[{"embeddable":true,"href":"https:\/\/xn--regeneraoplanetria-dsb6a7f.com.br\/index.php\/wp-json\/wp\/v2\/comments?post=4321"}],"version-history":[{"count":1,"href":"https:\/\/xn--regeneraoplanetria-dsb6a7f.com.br\/index.php\/wp-json\/wp\/v2\/pages\/4321\/revisions"}],"predecessor-version":[{"id":4322,"href":"https:\/\/xn--regeneraoplanetria-dsb6a7f.com.br\/index.php\/wp-json\/wp\/v2\/pages\/4321\/revisions\/4322"}],"up":[{"embeddable":true,"href":"https:\/\/xn--regeneraoplanetria-dsb6a7f.com.br\/index.php\/wp-json\/wp\/v2\/pages\/4231"}],"wp:attachment":[{"href":"https:\/\/xn--regeneraoplanetria-dsb6a7f.com.br\/index.php\/wp-json\/wp\/v2\/media?parent=4321"}],"curies":[{"name":"wp","href":"https:\/\/api.w.org\/{rel}","templated":true}]}}