{"id":4610,"date":"2016-10-19T08:33:29","date_gmt":"2016-10-19T10:33:29","guid":{"rendered":"http:\/\/xn--regeneraoplanetria-dsb6a7f.com.br\/?page_id=4610"},"modified":"2016-10-19T08:33:29","modified_gmt":"2016-10-19T10:33:29","slug":"o-furacao-matthew","status":"publish","type":"page","link":"https:\/\/xn--regeneraoplanetria-dsb6a7f.com.br\/index.php\/ciencia\/o-furacao-matthew\/","title":{"rendered":"O furac\u00e3o Matthew"},"content":{"rendered":"<div class=\"xg_headline xg_headline-img xg_headline-2l\">\n<div class=\"tb\">\n<h1 class=\"nolink\">O furac\u00e3o Matthew<a href=\"http:\/\/api.ning.com\/files\/FO0yl-aGNNLApFEm-wDD0g1AMvlgSxGSokAu02IWoG*HmKuUuTK9ibvSPhgj9anEp01jAT54ek-QPvEDY7-Af5y24B3QRMDu\/furacaomatthew.jpg\" target=\"_self\"><img loading=\"lazy\" decoding=\"async\" class=\"align-center alignright\" src=\"http:\/\/api.ning.com\/files\/FO0yl-aGNNLApFEm-wDD0g1AMvlgSxGSokAu02IWoG*HmKuUuTK9ibvSPhgj9anEp01jAT54ek-QPvEDY7-Af5y24B3QRMDu\/furacaomatthew.jpg?width=750\" width=\"255\" height=\"168\" \/><\/a><\/h1>\n<\/div>\n<\/div>\n<div class=\"xg_module_body\">\n<div class=\"discussion\" data-category-id=\"\">\n<div class=\"description\">\n<div class=\"xg_user_generated\">\n<p><span class=\"font-size-2\">Temos acompanhado as not\u00edcias sobre novo furac\u00e3o que se formou e vem atingindo o Caribe e os Estados Unidos. Batizado com o nome Matthew, j\u00e1 produziu mais de novecentas mortes e devasta\u00e7\u00e3o f\u00edsica incalcul\u00e1vel.<\/span><\/p>\n<p><span class=\"font-size-2\">\u201cPara entender como esses fen\u00f4menos ocorrem, \u00e9 necess\u00e1rio compreender a origem das chuvas, que se d\u00e1 em dois est\u00e1gios: primeiro, a vaporiza\u00e7\u00e3o das \u00e1guas; depois, a condensa\u00e7\u00e3o desse vapor, caindo novamente em forma de \u00e1gua. Quando isso ocorre nas \u00e1guas quentes do oceano, com temperatura acima dos 27\u00baC, furac\u00f5es podem ser formados.<\/span><\/p>\n<p><span class=\"font-size-2\">Em geral, esse aquecimento das \u00e1guas acontece em zonas tropicais, isto \u00e9, entre os Tr\u00f3picos de C\u00e2ncer e Capric\u00f3rnio, por isso, o fen\u00f4meno \u00e9 classificado como ciclone tropical. Nessas latitudes, a \u00e1gua transforma-se em vapor e sobe aquecida do oceano para as nuvens, deixando a regi\u00e3o atmosf\u00e9rica, pr\u00f3xima \u00e0 superf\u00edcie do mar, com uma press\u00e3o menor. Isso faz com que o ar frio, que possui uma press\u00e3o maior, invada o espa\u00e7o desocupado pelo vapor que subiu. Com isso, o ar frio tamb\u00e9m se aquece e sobe em movimentos circulares.<\/span><\/p>\n<p><span class=\"font-size-2\">J\u00e1 na alta atmosfera, o ar quente esfria-se e transforma-se em nuvem, formando um sistema de nuvens e ar em movimento. O calor do oceano e da \u00e1gua que evapora faz com que os ventos acelerem-se cada vez mais, formando uma corrente de ar que se desloca em um movimento circular, dando a apar\u00eancia de cone para o furac\u00e3o.\u201d (1)<\/span><\/p>\n<p><span class=\"font-size-2\">Trata-se, portanto, de efeito natural relativo \u00e0s condi\u00e7\u00f5es f\u00edsicas do planeta, que s\u00e3o subordinadas \u00e0 Lei Natural, que por sua vez \u00e9 a Lei de Deus. (2)<\/span><\/p>\n<p><span class=\"font-size-2\">A prop\u00f3sito da destrui\u00e7\u00e3o causada, consequ\u00eancia natural do fen\u00f4meno, A Doutrina Esp\u00edrita nos esclarece:<\/span><\/p>\n<p><span class=\"font-size-2\">\u201cA destrui\u00e7\u00e3o \u00e9 uma lei natural?<\/span><br \/>\n<span class=\"font-size-2\">\u2013 \u00c9 preciso que tudo se destrua para renascer e se regenerar. O que chamais destrui\u00e7\u00e3o \u00e9 apenas transforma\u00e7\u00e3o que tem por objetivo a renova\u00e7\u00e3o e o melhoramento dos seres vivos. (3)<\/span><\/p>\n<p><span class=\"font-size-2\">Por que, ao lado dos meios de conserva\u00e7\u00e3o, a natureza colocou ao mesmo tempo os agentes destruidores?<\/span><\/p>\n<p><span class=\"font-size-2\">\u2013 O rem\u00e9dio ao lado do mal, j\u00e1 dissemos, \u00e9 para manter o equil\u00edbrio e servir de contrapeso. (4)<\/span><\/p>\n<p><span class=\"font-size-2\">Com que objetivo os flagelos destruidores atingem a humanidade?<\/span><\/p>\n<p><span class=\"font-size-2\">\u2013 Para faz\u00ea-la progredir mais depressa. N\u00e3o dissemos que a destrui\u00e7\u00e3o \u00e9 necess\u00e1ria para a regenera\u00e7\u00e3o moral dos Esp\u00edritos, que adquirem em cada nova exist\u00eancia um novo grau de perfei\u00e7\u00e3o? \u00c9 preciso ver o objetivo para apreciar os resultados dele. V\u00f3s os julgais somente do ponto de vista pessoal e os chamais de flagelos por causa do preju\u00edzo que ocasionam; mas esses aborrecimentos s\u00e3o, na maior parte das vezes, necess\u00e1rios para fazer chegar mais rapidamente a uma ordem de coisas melhores e realizar em alguns anos o que exigiria s\u00e9culos. (5)<\/span><\/p>\n<p><span class=\"font-size-2\">H\u00e1 uma ordem natural que induz o Esp\u00edrito ao progresso na conviv\u00eancia com a fenomenologia material, e lhe compete se desenvolver conforme se espera:<\/span><\/p>\n<p><span class=\"font-size-2\">Os flagelos n\u00e3o seriam para o homem tamb\u00e9m provas morais que os submetem \u00e0s mais duras necessidades?<\/span><\/p>\n<p><span class=\"font-size-2\">\u2013 Os flagelos s\u00e3o provas que proporcionam ao homem a ocasi\u00e3o de exercitar sua intelig\u00eancia, mostrar sua paci\u00eancia e sua resigna\u00e7\u00e3o \u00e0 vontade da Provid\u00eancia, e at\u00e9 mesmo multiplicam neles os sentimentos de abnega\u00e7\u00e3o, de desinteresse e de amor ao pr\u00f3ximo, se n\u00e3o \u00e9 dominado pelo ego\u00edsmo. (6)<\/span><\/p>\n<p><span class=\"font-size-2\"><strong>\u00c9 dado ao homem evitar os flagelos que o atormentam?<\/strong><\/span><br \/>\n<span class=\"font-size-2\">\u2013 Sim, em parte, embora n\u00e3o como se pensa geralmente. Muitos dos flagelos s\u00e3o a consequ\u00eancia de sua imprevid\u00eancia; \u00e0 medida que adquire conhecimentos e experi\u00eancia, pode preveni-los se souber procurar suas causas. Por\u00e9m, entre os males que afligem a humanidade, h\u00e1 os de car\u00e1ter geral, que est\u00e3o nos decretos da Provid\u00eancia, e dos quais cada indiv\u00edduo sente mais ou menos a repercuss\u00e3o. Sobre esses males, o homem pode apenas se resignar \u00e0 vontade de Deus; e ainda esses males s\u00e3o, muitas vezes, agravados pela sua neglig\u00eancia. (7)<\/span><\/p>\n<p><span class=\"font-size-2\">J\u00e1 sabemos que a atividade humana impacta diretamente no meio f\u00edsico do planeta, com consequ\u00eancias que j\u00e1 est\u00e3o sendo mapeadas pela intelig\u00eancia humana, e esta tem produzido estudos e teorias a respeito. Uma delas \u00e9 a Hip\u00f3tese Gaia:<\/span><\/p>\n<p><span class=\"font-size-2\">\u201cA hip\u00f3tese Gaia foi elaborada pelo cientista ingl\u00eas James Lovelock no ano de 1979, e fortalecida pelos estudos da bi\u00f3loga norte-americana Lynn Margulis. Essa hip\u00f3tese foi batizada com o nome de Gaia porque, na mitologia grega, Gaia era a deusa da Terra e m\u00e3e de todos os seres vivos.<\/span><\/p>\n<p><span class=\"font-size-2\">Segundo a hip\u00f3tese, o planeta Terra \u00e9 um imenso organismo vivo, capaz de obter energia para seu funcionamento, regular seu clima e temperatura, eliminar seus detritos e combater suas pr\u00f3prias doen\u00e7as, ou seja, assim como os outros seres vivos, um organismo capaz de se autorregular. De acordo com a hip\u00f3tese, os organismos bi\u00f3ticos controlam os organismos abi\u00f3ticos, de forma que a Terra se mant\u00e9m em equil\u00edbrio e em condi\u00e7\u00f5es prop\u00edcias de sustentar a vida.<\/span><\/p>\n<p><span class=\"font-size-2\">A hip\u00f3tese Gaia sugere tamb\u00e9m que os seres vivos s\u00e3o capazes de modificar o ambiente em que vivem, tornando-o mais adequado para sua sobreviv\u00eancia. Dessa forma, a Terra seria um planeta cuja vida controlaria a manuten\u00e7\u00e3o da pr\u00f3pria vida atrav\u00e9s de mecanismos de feedback e de intera\u00e7\u00f5es diversas.<\/span><\/p>\n<p><span class=\"font-size-2\">Um dos argumentos utilizados pelos defensores dessa hip\u00f3tese \u00e9 o fato de que a composi\u00e7\u00e3o da atmosfera hoje parece depender principalmente dos seres vivos. Sem a presen\u00e7a dos seres fotossintetizantes (vegetais) o teor de g\u00e1s carb\u00f4nico (CO2) na atmosfera seria alt\u00edssimo, enquanto que nitrog\u00eanio (N2) e oxig\u00eanio (O2) teriam concentra\u00e7\u00f5es muito baixas. Com a presen\u00e7a dos seres fotossintetizantes, a taxa de CO2 diminuiu, aumentando consideravelmente os n\u00edveis de N2 e O2 dispon\u00edvel na atmosfera. Essa redu\u00e7\u00e3o do CO2 favorece o resfriamento do planeta, j\u00e1 que esse g\u00e1s \u00e9 o principal respons\u00e1vel pelo efeito estufa, influenciando muito na temperatura do planeta. Segundo esse argumento, a pr\u00f3pria vida interferiu na composi\u00e7\u00e3o da atmosfera, tornando-a mais adequada \u00e0 sobreviv\u00eancia dos organismos.<\/span><\/p>\n<p><span class=\"font-size-2\">Embora muitos cientistas concordem com essa hip\u00f3tese, outros n\u00e3o a aceitam, discordando da ideia de que a Terra seja um \u201csuperorganismo\u201d. Um dos argumentos utilizados por esses cientistas \u00e9 que n\u00e3o s\u00f3 os fatores biol\u00f3gicos moldam o planeta, mas tamb\u00e9m fatores geol\u00f3gicos, como erup\u00e7\u00f5es vulc\u00e2nicas, glacia\u00e7\u00f5es, cometas se chocando contra a Terra, que modificaram e ainda modificam profundamente o aspecto do planeta.<\/span><\/p>\n<p><span class=\"font-size-2\">Discordando ou n\u00e3o, a hip\u00f3tese Gaia nos chama a aten\u00e7\u00e3o para as rela\u00e7\u00f5es existentes entre os seres vivos e o meio ambiente, e principalmente para as rela\u00e7\u00f5es existentes entre nossa esp\u00e9cie e os demais seres vivos. Dessa forma, utilizemos essa hip\u00f3tese para refletir sobre os impactos que as nossas atividades est\u00e3o causando no planeta Terra.\u201d (8)<\/span><\/p>\n<p><span class=\"font-size-2\">Com isso, diante das cat\u00e1strofes naturais que ocorrem em nosso planeta, temos dois posicionamentos a tomar, o primeiro, socorrer material e espiritualmente nossos irm\u00e3os vitimados, onde quer que se encontrem, e o segundo, desenvolver a intelig\u00eancia produzindo estudos com consequ\u00eancias pr\u00e1ticas, para que se evite, tanto quanto nos seja poss\u00edvel, novos flagelos destruidores.<\/span><\/p>\n<p><span class=\"font-size-2\">Pensemos nisso.<\/span><\/p>\n<p><span class=\"font-size-2\">Ant\u00f4nio Carlos Navarro<\/span><\/p>\n<p><span class=\"font-size-2\"><strong>Refer\u00eancias:<\/strong><\/span><br \/>\n<span class=\"font-size-2\">(1) <a href=\"http:\/\/brasilescola.uol.com.br\/curiosidades\/como-se-formam-os-furacoes.htm\">http:\/\/brasilescola.uol.com.br\/curiosidades\/como-se-formam-os-furac&#8230;<\/a>;<\/span><br \/>\n<span class=\"font-size-2\">(2) O Livro dos Esp\u00edritos, Allan Kardec, item 614;<\/span><br \/>\n<span class=\"font-size-2\">(3) O Livro dos Esp\u00edritos, Allan Kardec, item 728;<\/span><br \/>\n<span class=\"font-size-2\">(4) O Livro dos Esp\u00edritos, Allan Kardec, item 731;<\/span><br \/>\n<span class=\"font-size-2\">(5) O Livro dos Esp\u00edritos, Allan Kardec, item 737;<\/span><br \/>\n<span class=\"font-size-2\">(6) O Livro dos Esp\u00edritos, Allan Kardec, item 740;<\/span><br \/>\n<span class=\"font-size-2\">(7) O Livro dos Esp\u00edritos, Allan Kardec, item 741;<\/span><br \/>\n<span class=\"font-size-2\">(8) <a href=\"http:\/\/brasilescola.uol.com.br\/biologia\/hipotese-gaia.htm\">http:\/\/brasilescola.uol.com.br\/biologia\/hipotese-gaia.htm<\/a><\/span><\/p>\n<p><strong>Autor: <\/strong><span class=\"font-size-2\"><a href=\"http:\/\/www.redeamigoespirita.com.br\/profile\/AntonioCarlosNavarro?xg_source=profiles_memberList\">Ant\u00f4nio Carlos Navarro<\/a><\/span>\u00a0\u00a0<span class=\"font-size-2\">\u00e9 membro da Rede Amigo Esp\u00edrita, estudioso e palestrante esp\u00edrita. Trabalhador do Centro Esp\u00edrita Francisco C\u00e2ndido Xavier em S\u00e3o Jos\u00e9 do Rio Preto &#8211; SP.<\/span>e-mail:\u00a0<a href=\"http:\/\/antoniocarlosnavarro@gmail.com\/\" target=\"_blank\">antoniocarlosnavarro@gmail.com<\/a><\/p>\n<\/div>\n<\/div>\n<\/div>\n<\/div>\n","protected":false},"excerpt":{"rendered":"<p>O furac\u00e3o Matthew Temos acompanhado as not\u00edcias sobre novo furac\u00e3o que se formou e vem atingindo o Caribe e os Estados Unidos. Batizado com o nome Matthew, j\u00e1 produziu mais de novecentas mortes e devasta\u00e7\u00e3o f\u00edsica incalcul\u00e1vel. \u201cPara entender como &hellip; <a href=\"https:\/\/xn--regeneraoplanetria-dsb6a7f.com.br\/index.php\/ciencia\/o-furacao-matthew\/\">Continue lendo <span class=\"meta-nav\">&rarr;<\/span><\/a><\/p>\n","protected":false},"author":1,"featured_media":0,"parent":1300,"menu_order":0,"comment_status":"closed","ping_status":"closed","template":"","meta":{"footnotes":""},"class_list":["post-4610","page","type-page","status-publish","hentry"],"_links":{"self":[{"href":"https:\/\/xn--regeneraoplanetria-dsb6a7f.com.br\/index.php\/wp-json\/wp\/v2\/pages\/4610","targetHints":{"allow":["GET"]}}],"collection":[{"href":"https:\/\/xn--regeneraoplanetria-dsb6a7f.com.br\/index.php\/wp-json\/wp\/v2\/pages"}],"about":[{"href":"https:\/\/xn--regeneraoplanetria-dsb6a7f.com.br\/index.php\/wp-json\/wp\/v2\/types\/page"}],"author":[{"embeddable":true,"href":"https:\/\/xn--regeneraoplanetria-dsb6a7f.com.br\/index.php\/wp-json\/wp\/v2\/users\/1"}],"replies":[{"embeddable":true,"href":"https:\/\/xn--regeneraoplanetria-dsb6a7f.com.br\/index.php\/wp-json\/wp\/v2\/comments?post=4610"}],"version-history":[{"count":1,"href":"https:\/\/xn--regeneraoplanetria-dsb6a7f.com.br\/index.php\/wp-json\/wp\/v2\/pages\/4610\/revisions"}],"predecessor-version":[{"id":4611,"href":"https:\/\/xn--regeneraoplanetria-dsb6a7f.com.br\/index.php\/wp-json\/wp\/v2\/pages\/4610\/revisions\/4611"}],"up":[{"embeddable":true,"href":"https:\/\/xn--regeneraoplanetria-dsb6a7f.com.br\/index.php\/wp-json\/wp\/v2\/pages\/1300"}],"wp:attachment":[{"href":"https:\/\/xn--regeneraoplanetria-dsb6a7f.com.br\/index.php\/wp-json\/wp\/v2\/media?parent=4610"}],"curies":[{"name":"wp","href":"https:\/\/api.w.org\/{rel}","templated":true}]}}